{"id":4825,"date":"2022-01-27T15:40:35","date_gmt":"2022-01-27T14:40:35","guid":{"rendered":"https:\/\/thrillsyndicate.com\/kontakt\/"},"modified":"2022-08-27T14:59:07","modified_gmt":"2022-08-27T12:59:07","slug":"kontakt","status":"publish","type":"page","link":"https:\/\/thrillsyndicate.com\/de\/kontakt\/","title":{"rendered":"Kontakt"},"content":{"rendered":"\n<div class=\"wp-block-columns alignwide is-layout-flex wp-container-core-columns-is-layout-28f84493 wp-block-columns-is-layout-flex\">\n<div class=\"wp-block-column is-layout-flow wp-block-column-is-layout-flow\">\n<h2 class=\"wp-block-heading\" id=\"h-how-can-we-help\">Wie k\u00f6nnen wir helfen?<\/h2>\n\n\n\n<p>Hast du Fragen? M\u00f6chten Sie ein kompliziertes Projekt besprechen? Dann rufen Sie uns an oder mailen Sie uns! Nutzen Sie unser Expertenwissen zu Adventure-L\u00f6sungen, um die richtigen Entscheidungen zu treffen. <\/p>\n\n\n\n<h2 class=\"wp-block-heading\" id=\"h-thrill-syndicate-b-v\">Thrill Syndicate bv<\/h2>\n\n\n\n<p><strong>Der Branchenexperte f\u00fcr innovative Abenteuerausr\u00fcstung<\/strong><\/p>\n\n\n\n<p>Elleboog 15, 6713 KP Ede, Niederlande<br\/><a href=\"mailto:sales@thrillsyndicate.com\">sales@thrillsyndicate.com<\/a><br\/><a href=\"callto:+31611866330\">+31 611 866 330<\/a><\/p>\n\n\n\n<h2 class=\"wp-block-heading\" id=\"h-opening-hours\">\u00d6ffnungszeiten <\/h2>\n\n\n\n<p>Montag &#8211; Freitag: 8:00 &#8211; 18:00 Uhr<br\/>Samstag &#8211; Sonntag: Nur online<\/p>\n<\/div>\n\n\n\n<div class=\"wp-block-column is-layout-flow wp-block-column-is-layout-flow\">\n\t\t<div class=\"coblocks-form\" id=\"8ec66cf5ce2f0c54e53d9195697f18a12be39115\">\n\n\t\t\t\n\t\t\t<form action=\"https:\/\/thrillsyndicate.com\/de\/kontakt\/#8ec66cf5ce2f0c54e53d9195697f18a12be39115\" method=\"post\">\n\t\t\t\t\n<div class=\"wp-block-coblocks-form\"><label class=\"coblocks-label\">Name<\/label>\n\t\t<input type=\"hidden\" name=\"field-name[label]\" value=\"Name\">\n\n\t\t\t\t<input type=\"hidden\" id=\"name-field-id\" name=\"name-field-id\" class=\"coblocks-name-field-id\" value=\"field-name\" \/>\n\t\t\n\t\t<input type=\"text\" id=\"name\" name=\"field-name[value]\" class=\"coblocks-field coblocks-field--name\"  \/>\n\n\t\t\n\n<label class=\"coblocks-label\">Email <span class=\"required\">&#042;<\/span><\/label>\n\t\t<input type=\"hidden\" name=\"field-email[label]\" value=\"Email\">\n\n\t\t\n\t\t<input type=\"hidden\" id=\"email-field-id\" name=\"email-field-id\" class=\"coblocks-email-field-id\" value=\"field-email\" \/>\n\t\t<input type=\"email\" id=\"email\" aria-label=\"Email\" name=\"field-email[value]\" class=\"coblocks-field coblocks-field--email\" required \/>\n\n\t\t\n\n<label class=\"coblocks-label\">Message <span class=\"required\">&#042;<\/span><\/label>\n\t\t<input type=\"hidden\" name=\"field-message[label]\" value=\"Message\">\n\n\t\t\n\t\t<textarea name=\"field-message[value]\" aria-label=\"Message\" id=\"message\" class=\"coblocks-field coblocks-textarea\" rows=\"20\" required><\/textarea>\n\n\t\t\n\n\n\t\t<div class=\"coblocks-form__submit wp-block-button\">\n\t\t\t<button type=\"submit\" class=\"wp-block-button__link\" style=\"\">Contact<\/button>\n\t\t\t<input type=\"hidden\" id=\"form-submit\" name=\"form-submit\" value=\"717cd78da2\" \/><input type=\"hidden\" name=\"_wp_http_referer\" value=\"\/de\/wp-json\/wp\/v2\/pages\/4825\" \/>\t\t\t<input type=\"hidden\" name=\"action\" value=\"coblocks-form-submit\">\n\n\t\t\t\t\t\t\t<input type=\"hidden\" class=\"g-recaptcha-token\" name=\"g-recaptcha-token\" \/>\n\t\t\t\t\t<\/div>\n\n\t\t<\/div>\n\t\t\t\t<input class=\"coblocks-field verify\" aria-label=\"Enter your email address to verify\" type=\"email\" name=\"coblocks-verify-email\" autocomplete=\"off\" placeholder=\"E-Mail\" tabindex=\"-1\">\n\t\t\t\t<input type=\"hidden\" name=\"form-hash\" value=\"8ec66cf5ce2f0c54e53d9195697f18a12be39115\">\n\n\t\t\t\t\t\t\t<\/form>\n\n\t\t<\/div>\n\n\t\t<\/div>\n<\/div>\n\n<div style=\"min-height:400px\" data-map-attr=\"\/qaddress\/q:\/qElleboog 15, ede\/q||\/qlat\/q:\/qundefined\/q||\/qlng\/q:\/qundefined\/q||\/qskin\/q:\/qstandard\/q||\/qzoom\/q:\/q8\/q||\/qiconSize\/q:\/q36\/q||\/qmapTypeControl\/q:\/qtrue\/q||\/qzoomControl\/q:\/qtrue\/q||\/qstreetViewControl\/q:\/qtrue\/q||\/qfullscreenControl\/q:\/qtrue\/q\" class=\"wp-block-coblocks-map alignwide\"><iframe title=\"Google Map\" frameborder=\"0\" style=\"width:100%;min-height:400px\" src=\"https:\/\/www.google.com\/maps?q=Elleboog%2015%2C%20ede&amp;output=embed&amp;hl=en-US&amp;z=8\"><\/iframe><\/div>\n","protected":false},"excerpt":{"rendered":"<p>Wie k\u00f6nnen wir helfen? Hast du Fragen? M\u00f6chten Sie ein kompliziertes Projekt besprechen? Dann rufen Sie uns an oder mailen Sie uns! Nutzen Sie unser Expertenwissen zu Adventure-L\u00f6sungen, um die richtigen Entscheidungen zu treffen. Thrill Syndicate bv Der Branchenexperte f\u00fcr innovative Abenteuerausr\u00fcstung Elleboog 15, 6713 KP Ede, Niederlandesales@thrillsyndicate.com+31 611 866 330 \u00d6ffnungszeiten Montag &#8211; Freitag: [&hellip;]<\/p>\n","protected":false},"author":64,"featured_media":0,"parent":0,"menu_order":0,"comment_status":"closed","ping_status":"closed","template":"","meta":{"_coblocks_attr":"","_coblocks_dimensions":"","_coblocks_responsive_height":"","_coblocks_accordion_ie_support":"","footnotes":""},"class_list":["post-4825","page","type-page","status-publish","hentry"],"_links":{"self":[{"href":"https:\/\/thrillsyndicate.com\/de\/wp-json\/wp\/v2\/pages\/4825","targetHints":{"allow":["GET"]}}],"collection":[{"href":"https:\/\/thrillsyndicate.com\/de\/wp-json\/wp\/v2\/pages"}],"about":[{"href":"https:\/\/thrillsyndicate.com\/de\/wp-json\/wp\/v2\/types\/page"}],"author":[{"embeddable":true,"href":"https:\/\/thrillsyndicate.com\/de\/wp-json\/wp\/v2\/users\/64"}],"replies":[{"embeddable":true,"href":"https:\/\/thrillsyndicate.com\/de\/wp-json\/wp\/v2\/comments?post=4825"}],"version-history":[{"count":0,"href":"https:\/\/thrillsyndicate.com\/de\/wp-json\/wp\/v2\/pages\/4825\/revisions"}],"wp:attachment":[{"href":"https:\/\/thrillsyndicate.com\/de\/wp-json\/wp\/v2\/media?parent=4825"}],"curies":[{"name":"wp","href":"https:\/\/api.w.org\/{rel}","templated":true}]}}