{"id":4831,"date":"2022-01-27T15:40:35","date_gmt":"2022-01-27T14:40:35","guid":{"rendered":"https:\/\/thrillsyndicate.com\/professionelle-sicherheits-und-sicherungsloesungen\/"},"modified":"2022-08-20T16:22:02","modified_gmt":"2022-08-20T14:22:02","slug":"home","status":"publish","type":"page","link":"https:\/\/thrillsyndicate.com\/de\/","title":{"rendered":"Professionelle Abenteuer Ausr\u00fcstung"},"content":{"rendered":"\n<h2 class=\"wp-block-heading\">Weltweite Lieferung von branchen\u00fcblichen L\u00f6sungen f\u00fcr die Abenteuer- und Freizeitindustrie. <\/h2>\n\n<p>Kaufen Sie die besten Adventure-Marken wie Saferoller, Edelrid, Headrush, Speedrunner und LockD. Quelle Edelrid Smart Belay, QuickFlight-Freifallger\u00e4te, ZipSTOP-Zipline-Bremssysteme, Saferoller, Speedrunner Continuous Belay und Sicherheitsausr\u00fcstung f\u00fcr Ziplines und Hochseilg\u00e4rten. <\/p>\n\n<p>Thrill Syndicate ist Ihre Quelle f\u00fcr fortschrittliche Technologie, um innovative Abenteuerausr\u00fcstung f\u00fcr die Outdoor-, Vergn\u00fcgungs- und Erholungsindustrie zu installieren.<\/p>\n\n<div class=\"wp-block-cover alignwide is-light has-parallax is-style-default\" style=\"background-image:url(https:\/\/thrillsyndicate.com\/wp-content\/uploads\/2022\/03\/crop-0-0-2560-1277-0-Flightline-banner-fp-scaled.jpg);min-height:500px;aspect-ratio:unset;\"><span aria-hidden=\"true\" class=\"wp-block-cover__background has-background-dim-0 has-background-dim\"><\/span><div class=\"wp-block-cover__inner-container is-layout-flow wp-block-cover-is-layout-flow\">\n<h2 class=\"has-text-align-center has-secondary-color has-text-color wp-block-heading\">Professionelle Sicherheit <\/h2>\n\n\n\n<p class=\"has-text-align-center\">Thrill Syndicate entwickelt und vertreibt Epic Adventure-L\u00f6sungen weltweit. Wir liefern hochmoderne Produkte und Dienstleistungen f\u00fcr Nervenkitzel und Sicherheit an professionelle Betreiber auf der ganzen Welt.<\/p>\n\n\n\n<p class=\"has-text-align-center\">Egal, ob sie unsere Selbstsicherungen f\u00fcr ein aufregendes neues Kletterelement verwenden, unsere magnetischen Seilrutschenbremsen, um die l\u00e4ngste Seilrutsche der Welt zu bauen, oder eines unserer Jump-Produkte, um Ihren Kunden, Thrill Syndicate, ein aufregendes Freifallerlebnis zu bieten setzt wirklich die Kraft der Vorstellungskraft ein.<\/p>\n\n\n\n<div class=\"wp-block-buttons is-horizontal is-content-justification-left is-layout-flex wp-container-core-buttons-is-layout-20be11b6 wp-block-buttons-is-layout-flex\">\n<div class=\"wp-block-button has-custom-width wp-block-button__width-100 is-style-fill\"><a class=\"wp-block-button__link\" href=\"https:\/\/thrillsyndicate.com\/de\/shop-de\/\" style=\"border-radius:5px\">Jetzt einkaufen<\/a><\/div>\n<\/div>\n<\/div><\/div>\n\n<hr class=\"wp-block-separator has-css-opacity is-style-default\"\/>\n\n<p><\/p>\n","protected":false},"excerpt":{"rendered":"<p>Weltweite Lieferung von branchen\u00fcblichen L\u00f6sungen f\u00fcr die Abenteuer- und Freizeitindustrie. Kaufen Sie die besten Adventure-Marken wie Saferoller, Edelrid, Headrush, Speedrunner und LockD. Quelle Edelrid Smart Belay, QuickFlight-Freifallger\u00e4te, ZipSTOP-Zipline-Bremssysteme, Saferoller, Speedrunner Continuous Belay und Sicherheitsausr\u00fcstung f\u00fcr Ziplines und Hochseilg\u00e4rten. Thrill Syndicate ist Ihre Quelle f\u00fcr fortschrittliche Technologie, um innovative Abenteuerausr\u00fcstung f\u00fcr die Outdoor-, Vergn\u00fcgungs- und Erholungsindustrie [&hellip;]<\/p>\n","protected":false},"author":64,"featured_media":0,"parent":0,"menu_order":0,"comment_status":"closed","ping_status":"closed","template":"template-homepage.php","meta":{"_coblocks_attr":"","_coblocks_dimensions":"","_coblocks_responsive_height":"","_coblocks_accordion_ie_support":"","footnotes":""},"class_list":["post-4831","page","type-page","status-publish","hentry"],"_links":{"self":[{"href":"https:\/\/thrillsyndicate.com\/de\/wp-json\/wp\/v2\/pages\/4831","targetHints":{"allow":["GET"]}}],"collection":[{"href":"https:\/\/thrillsyndicate.com\/de\/wp-json\/wp\/v2\/pages"}],"about":[{"href":"https:\/\/thrillsyndicate.com\/de\/wp-json\/wp\/v2\/types\/page"}],"author":[{"embeddable":true,"href":"https:\/\/thrillsyndicate.com\/de\/wp-json\/wp\/v2\/users\/64"}],"replies":[{"embeddable":true,"href":"https:\/\/thrillsyndicate.com\/de\/wp-json\/wp\/v2\/comments?post=4831"}],"version-history":[{"count":0,"href":"https:\/\/thrillsyndicate.com\/de\/wp-json\/wp\/v2\/pages\/4831\/revisions"}],"wp:attachment":[{"href":"https:\/\/thrillsyndicate.com\/de\/wp-json\/wp\/v2\/media?parent=4831"}],"curies":[{"name":"wp","href":"https:\/\/api.w.org\/{rel}","templated":true}]}}