{"id":4844,"date":"2022-03-25T08:54:54","date_gmt":"2022-03-25T07:54:54","guid":{"rendered":"https:\/\/thrillsyndicate.com\/freizeitberatung\/"},"modified":"2025-06-08T08:26:12","modified_gmt":"2025-06-08T06:26:12","slug":"leisure-consultancy","status":"publish","type":"page","link":"https:\/\/thrillsyndicate.com\/de\/dienstleistungen\/leisure-consultancy\/","title":{"rendered":"Freizeitberatung"},"content":{"rendered":"\n<p>Thrill Syndicate bietet hochmoderne Expertenberatungsdienste f\u00fcr das Management und den Betrieb von Abenteuerparks. Wir bieten unsere Dienstleistungen neuen und bestehenden Freizeit- und Gastgewerbeunternehmen an.<\/p>\n\n<h2 class=\"wp-block-heading\">Outdoor Leisure &amp; Recreation Fortgeschrittene Beratung<\/h2>\n\n<p>Die heutigen M\u00e4rkte sind ziemlich volatil. Das Verbraucherverhalten \u00e4ndert sich st\u00e4ndig, die Kundenerwartungen und -zufriedenheit steigen von Tag zu Tag. Unternehmen sind in der Lage, Produkte zu entwickeln, die nicht nur ein gutes Preis-Leistungs-Verh\u00e4ltnis bieten, sondern den Kunden auch ein unvergessliches Erlebnis bieten.<\/p>\n\n<p>Gleichzeitig sind Kostenreduzierung und Risikomanagement wichtiger denn je in jeder Unternehmensstrategie, um Gewinnpotenziale zu maximieren. In dieser Situation entscheiden sich viele Unternehmen daf\u00fcr, sich auf ihr Hauptgesch\u00e4ft zu konzentrieren und die weniger wichtigen Aspekte ihres Betriebs auszulagern.<\/p>\n\n<p>Thrill Syndicate bietet hochmoderne Expertenberatungsdienste f\u00fcr das Management und den Betrieb von Abenteuerparks. Wir bieten unsere Dienstleistungen neuen und bestehenden Freizeit- und Gastgewerbeunternehmen an.<\/p>\n\n<div class=\"wp-block-image\"><figure class=\"aligncenter size-full\"><img loading=\"lazy\" decoding=\"async\" width=\"1200\" height=\"628\" src=\"https:\/\/thrillsyndicate.com\/wp-content\/uploads\/2022\/03\/tower-ultimate-adventure-wide.jpg\" alt=\"Der ultimative Abenteuerturm\" class=\"wp-image-1116\" srcset=\"https:\/\/thrillsyndicate.com\/wp-content\/uploads\/2022\/03\/tower-ultimate-adventure-wide.jpg 1200w, https:\/\/thrillsyndicate.com\/wp-content\/uploads\/2022\/03\/tower-ultimate-adventure-wide-458x240.jpg 458w, https:\/\/thrillsyndicate.com\/wp-content\/uploads\/2022\/03\/tower-ultimate-adventure-wide-300x157.jpg 300w, https:\/\/thrillsyndicate.com\/wp-content\/uploads\/2022\/03\/tower-ultimate-adventure-wide-1024x536.jpg 1024w, https:\/\/thrillsyndicate.com\/wp-content\/uploads\/2022\/03\/tower-ultimate-adventure-wide-768x402.jpg 768w, https:\/\/thrillsyndicate.com\/wp-content\/uploads\/2022\/03\/tower-ultimate-adventure-wide-100x52.jpg 100w\" sizes=\"auto, (max-width: 1200px) 100vw, 1200px\" \/><\/figure><\/div>\n\n<h2 class=\"wp-block-heading\" id=\"h-consultancy-that-delivers\">Beratung, die \u00fcberzeugt<\/h2>\n\n<p>Thrill Syndicate blickt auf eine lange Geschichte erfinderischer und phantasievoller Designs zur\u00fcck und bleibt immer auf dem Laufenden \u00fcber die neuesten Trends und Fortschritte in der Freizeit- und Erholungsbranche. Daher k\u00f6nnen wir Unternehmen eine breite Palette von Beratungsdiensten anbieten, darunter:<\/p>\n\n<ul class=\"wp-block-list\"><li>Innovations- und Restrukturierungsstrategien<\/li><li>Konzeptentwicklung<\/li><li>Marketing, PR und Vertrieb<\/li><li>Gesch\u00e4ftsplanentwicklung<\/li><li>Projekt- und Programmmanagement<\/li><li>Betriebssicherheit und Risikomanagement<\/li><\/ul>\n","protected":false},"excerpt":{"rendered":"<p>Thrill Syndicate bietet hochmoderne Expertenberatungsdienste f\u00fcr das Management und den Betrieb von Abenteuerparks. Wir bieten unsere Dienstleistungen neuen und bestehenden Freizeit- und Gastgewerbeunternehmen an. Outdoor Leisure &amp; Recreation Fortgeschrittene Beratung Die heutigen M\u00e4rkte sind ziemlich volatil. Das Verbraucherverhalten \u00e4ndert sich st\u00e4ndig, die Kundenerwartungen und -zufriedenheit steigen von Tag zu Tag. Unternehmen sind in der Lage, [&hellip;]<\/p>\n","protected":false},"author":64,"featured_media":0,"parent":4849,"menu_order":0,"comment_status":"closed","ping_status":"closed","template":"","meta":{"_coblocks_attr":"","_coblocks_dimensions":"","_coblocks_responsive_height":"","_coblocks_accordion_ie_support":"","footnotes":""},"class_list":["post-4844","page","type-page","status-publish","hentry"],"_links":{"self":[{"href":"https:\/\/thrillsyndicate.com\/de\/wp-json\/wp\/v2\/pages\/4844","targetHints":{"allow":["GET"]}}],"collection":[{"href":"https:\/\/thrillsyndicate.com\/de\/wp-json\/wp\/v2\/pages"}],"about":[{"href":"https:\/\/thrillsyndicate.com\/de\/wp-json\/wp\/v2\/types\/page"}],"author":[{"embeddable":true,"href":"https:\/\/thrillsyndicate.com\/de\/wp-json\/wp\/v2\/users\/64"}],"replies":[{"embeddable":true,"href":"https:\/\/thrillsyndicate.com\/de\/wp-json\/wp\/v2\/comments?post=4844"}],"version-history":[{"count":0,"href":"https:\/\/thrillsyndicate.com\/de\/wp-json\/wp\/v2\/pages\/4844\/revisions"}],"up":[{"embeddable":true,"href":"https:\/\/thrillsyndicate.com\/de\/wp-json\/wp\/v2\/pages\/4849"}],"wp:attachment":[{"href":"https:\/\/thrillsyndicate.com\/de\/wp-json\/wp\/v2\/media?parent=4844"}],"curies":[{"name":"wp","href":"https:\/\/api.w.org\/{rel}","templated":true}]}}