{"id":4849,"date":"2022-03-25T08:54:01","date_gmt":"2022-03-25T07:54:01","guid":{"rendered":"https:\/\/thrillsyndicate.com\/dienstleistungen\/"},"modified":"2025-06-08T08:24:33","modified_gmt":"2025-06-08T06:24:33","slug":"dienstleistungen","status":"publish","type":"page","link":"https:\/\/thrillsyndicate.com\/de\/dienstleistungen\/","title":{"rendered":"Dienstleistungen"},"content":{"rendered":"\n<p>Thrill Syndicate entwickelt und vertreibt Epic Adventure-L\u00f6sungen weltweit. Wir liefern hochmoderne Produkte und Dienstleistungen f\u00fcr Nervenkitzel und Sicherheit an professionelle Betreiber auf der ganzen Welt.<\/p>\n\n<p>Thrill Syndicate setzt die Kraft der Vorstellungskraft wirklich ein, egal ob sie unsere Selbstsicherungen f\u00fcr ein aufregendes neues Kletterelement verwenden, unsere magnetischen Zip-Line-Bremsen verwenden, um die l\u00e4ngste Zip-Line der Welt zu bauen, oder eines unserer Produkte aus unserer Jump-Produktfamilie, um sie zu verschenken Kunden ein aufregendes Freifallerlebnis.<\/p>\n<div class=\"wp-block-image\">\n<figure class=\"alignleft size-full\"><img loading=\"lazy\" decoding=\"async\" width=\"1200\" height=\"629\" src=\"https:\/\/thrillsyndicate.com\/wp-content\/uploads\/2022\/03\/ropes-course-girl-smart-belay3-wide.jpg\" alt=\"\" class=\"wp-image-1398\" srcset=\"https:\/\/thrillsyndicate.com\/wp-content\/uploads\/2022\/03\/ropes-course-girl-smart-belay3-wide.jpg 1200w, https:\/\/thrillsyndicate.com\/wp-content\/uploads\/2022\/03\/ropes-course-girl-smart-belay3-wide-458x240.jpg 458w, https:\/\/thrillsyndicate.com\/wp-content\/uploads\/2022\/03\/ropes-course-girl-smart-belay3-wide-300x157.jpg 300w, https:\/\/thrillsyndicate.com\/wp-content\/uploads\/2022\/03\/ropes-course-girl-smart-belay3-wide-1024x537.jpg 1024w, https:\/\/thrillsyndicate.com\/wp-content\/uploads\/2022\/03\/ropes-course-girl-smart-belay3-wide-768x403.jpg 768w, https:\/\/thrillsyndicate.com\/wp-content\/uploads\/2022\/03\/ropes-course-girl-smart-belay3-wide-100x52.jpg 100w\" sizes=\"auto, (max-width: 1200px) 100vw, 1200px\" \/><\/figure>\n<\/div>\n<h2 class=\"wp-block-heading\" id=\"h-knowledge-know-how-experience\">Wissen. Fachwissen. Erfahrung.<\/h2>\n\n<p>Die Erwartungen der Kunden an Outdoor-Abenteueraktivit\u00e4ten steigen st\u00e4ndig. Heutzutage suchen Kunden nach mehr als nur Unterhaltung von au\u00dfen; Sie wollen ein Erlebnis. Wir wissen das, weil wir schon lange in der Branche t\u00e4tig sind. Um Ihren Kunden ein Erlebnis zu bieten, ist ein detailliertes Verst\u00e4ndnis der Branche und der genauen W\u00fcnsche Ihrer Kunden erforderlich. Und genau hier k\u00f6nnen wir Ihnen auf vielf\u00e4ltige Weise behilflich sein.<\/p>\n\n<p>Wir bieten ein umfangreiches Portfolio an schl\u00fcsselfertigen L\u00f6sungen, die an deine Ideen und Spezifikationen angepasst sind. Dabei st\u00fctzen wir uns auf unsere mehr als zehnj\u00e4hrige Erfahrung als Designer und Hersteller von Abenteuerparks, Hochseilgarten und Naturspielpl\u00e4tzen sowie auf ein tiefgreifendes Verst\u00e4ndnis des globalen Marktes. Wir k\u00f6nnen Kunden in allen technischen und anderen baubezogenen Angelegenheiten sowie in den besten lokalen und regionalen Marketing- und PR-Strategien in diesem Bereich unterst\u00fctzen.<\/p>\n\n<p>Wir arbeiten auch mit einer Vielzahl von Experten in den Bereichen Bauwesen und Ingenieurwesen, Landschaftsgestaltung, Baumpflege, Gesundheit und Sicherheit sowie Pr\u00fcfung und Zertifizierung zusammen, was es uns erm\u00f6glicht, ein voll funktionsf\u00e4higes &#8222;schl\u00fcsselfertiges&#8220; Produkt zu liefern, das nicht nur auf dem neuesten Stand der Technik ist, sondern auch auch perfekt auf all Ihre Anforderungen und W\u00fcnsche abgestimmt. Dar\u00fcber hinaus entsprechen alle unsere Produkte den neuesten europ\u00e4ischen Qualit\u00e4tsnormen.<\/p>\n\n<h2 class=\"wp-block-heading\">Engagement f\u00fcr das, was wir entwerfen und entwickeln<\/h2>\n\n<p>Die meisten Abenteuerparks, die Thrill Syndicate <a href=\"https:\/\/thrillsyndicate.com\/de\/dienstleistungen\/design-engineering\/\">entwirft und entwickelt,<\/a> sind hochvolumige Freizeitkurse. Bei diesen Entw\u00fcrfen ist die Logistik ein Schl\u00fcsselfaktor f\u00fcr die Rentabilit\u00e4t des Parks. Ein schlecht gestalteter Park und eine schlecht gestaltete Logistik werden die finanziellen Budgets in Bezug auf (Personal-\/Betriebs-)Kosten aufzehren und dazu f\u00fchren, dass die Ziele und Gesch\u00e4ftsziele nicht erreicht werden k\u00f6nnen. <\/p>\n\n<p>In unserem Designprozess liefern wir Durchsatz- und Kapazit\u00e4tsmodelle f\u00fcr das von uns gelieferte Design und verpflichten uns zu diesen.<\/p>\n<div class=\"wp-block-image\">\n<figure class=\"alignleft size-full\"><img loading=\"lazy\" decoding=\"async\" width=\"1200\" height=\"628\" src=\"https:\/\/thrillsyndicate.com\/wp-content\/uploads\/2022\/03\/ropes-course-forest-kid10-wide.jpg\" alt=\"\" class=\"wp-image-1378\" srcset=\"https:\/\/thrillsyndicate.com\/wp-content\/uploads\/2022\/03\/ropes-course-forest-kid10-wide.jpg 1200w, https:\/\/thrillsyndicate.com\/wp-content\/uploads\/2022\/03\/ropes-course-forest-kid10-wide-458x240.jpg 458w, https:\/\/thrillsyndicate.com\/wp-content\/uploads\/2022\/03\/ropes-course-forest-kid10-wide-300x157.jpg 300w, https:\/\/thrillsyndicate.com\/wp-content\/uploads\/2022\/03\/ropes-course-forest-kid10-wide-1024x536.jpg 1024w, https:\/\/thrillsyndicate.com\/wp-content\/uploads\/2022\/03\/ropes-course-forest-kid10-wide-768x402.jpg 768w, https:\/\/thrillsyndicate.com\/wp-content\/uploads\/2022\/03\/ropes-course-forest-kid10-wide-100x52.jpg 100w\" sizes=\"auto, (max-width: 1200px) 100vw, 1200px\" \/><\/figure>\n<\/div>\n<h2 class=\"wp-block-heading\">Leistungsangebot<\/h2>\n\n<p>Die Mehrheit der von Thrill Syndicate entworfenen Abenteuerparks sind hochvolumige Freizeitkurse. In diesen Pl\u00e4nen ist die Logistik ein wichtiger Faktor f\u00fcr die Rentabilit\u00e4t des Parks. Ein schlecht gestalteter Park und eine schlecht gestaltete Logistik k\u00f6nnen die Finanzbudgets in Bezug auf (Personal-\/Betriebs-)Ausgaben aufbrauchen und das Unternehmen daran hindern, seine Ziele zu erreichen.<\/p>\n\n<p>Wir erstellen Durchsatz- und Kapazit\u00e4tsmodelle f\u00fcr die von uns gelieferten Designs und verpflichten uns zu diesen als Teil unseres Designprozesses.<\/p>\n\n<ul class=\"wp-block-list\"><li>Themen- und Konzeptentwicklung<\/li><li>Konzeptionelles Design<\/li><li>Kreatives Design<\/li><li>Innovation und Unternehmensumstrukturierung<\/li><li>Entwicklung von Gesch\u00e4ftspl\u00e4nen<\/li><li>Marketing-, PR- und Vertriebsstrategien<\/li><li>Projekt- und Programmmanagement<\/li><li>Personalwesen und Rekrutierung<\/li><li>Betriebssicherheit und Risikomanagement<\/li><li>Inspektionen &amp; Wartung<\/li><\/ul>\n\n<p><\/p>\n","protected":false},"excerpt":{"rendered":"<p>Thrill Syndicate entwickelt und vertreibt Epic Adventure-L\u00f6sungen weltweit. Wir liefern hochmoderne Produkte und Dienstleistungen f\u00fcr Nervenkitzel und Sicherheit an professionelle Betreiber auf der ganzen Welt. Thrill Syndicate setzt die Kraft der Vorstellungskraft wirklich ein, egal ob sie unsere Selbstsicherungen f\u00fcr ein aufregendes neues Kletterelement verwenden, unsere magnetischen Zip-Line-Bremsen verwenden, um die l\u00e4ngste Zip-Line der Welt [&hellip;]<\/p>\n","protected":false},"author":64,"featured_media":0,"parent":0,"menu_order":0,"comment_status":"closed","ping_status":"closed","template":"","meta":{"_coblocks_attr":"","_coblocks_dimensions":"","_coblocks_responsive_height":"","_coblocks_accordion_ie_support":"","footnotes":""},"class_list":["post-4849","page","type-page","status-publish","hentry"],"_links":{"self":[{"href":"https:\/\/thrillsyndicate.com\/de\/wp-json\/wp\/v2\/pages\/4849","targetHints":{"allow":["GET"]}}],"collection":[{"href":"https:\/\/thrillsyndicate.com\/de\/wp-json\/wp\/v2\/pages"}],"about":[{"href":"https:\/\/thrillsyndicate.com\/de\/wp-json\/wp\/v2\/types\/page"}],"author":[{"embeddable":true,"href":"https:\/\/thrillsyndicate.com\/de\/wp-json\/wp\/v2\/users\/64"}],"replies":[{"embeddable":true,"href":"https:\/\/thrillsyndicate.com\/de\/wp-json\/wp\/v2\/comments?post=4849"}],"version-history":[{"count":0,"href":"https:\/\/thrillsyndicate.com\/de\/wp-json\/wp\/v2\/pages\/4849\/revisions"}],"wp:attachment":[{"href":"https:\/\/thrillsyndicate.com\/de\/wp-json\/wp\/v2\/media?parent=4849"}],"curies":[{"name":"wp","href":"https:\/\/api.w.org\/{rel}","templated":true}]}}