{"id":4870,"date":"2022-03-25T09:02:03","date_gmt":"2022-03-25T08:02:03","guid":{"rendered":"https:\/\/thrillsyndicate.com\/dienstleistungen\/lebenszyklusverwaltung\/"},"modified":"2025-06-08T08:26:22","modified_gmt":"2025-06-08T06:26:22","slug":"lebenszyklusverwaltung","status":"publish","type":"page","link":"https:\/\/thrillsyndicate.com\/de\/dienstleistungen\/lebenszyklusverwaltung\/","title":{"rendered":"Lebenszyklusverwaltung"},"content":{"rendered":"\n<h2 class=\"wp-block-heading\" id=\"h-make-ensuring-the-safety-of-your-customers-a-top-priority\">Machen Sie die Sicherheit Ihrer Kunden zur obersten Priorit\u00e4t!<\/h2>\n\n<p>Egal, ob ein komplettes Element oder ein kleiner Teil deines Parcours ausgetauscht werden muss, die regelm\u00e4\u00dfige Wartung ist ein wichtiger Bestandteil des Besitzes und Betriebs eines Hochseilgarten. Thrill Syndicate bietet ein umfassendes Inspektions- und Wartungspaket an, das nicht nur sicherstellt, dass Ihr Kletterpark, Ihre Hochseilg\u00e4rten und Waldspielpl\u00e4tze alle erforderlichen Sicherheitsstandards erf\u00fcllen, sondern auch, dass Verschlei\u00df und mechanische Erm\u00fcdung, die durch kontinuierliches Arbeiten unvermeidlich sind, gew\u00e4hrleistet sind Betrieb, wird erkannt und das betroffene Ger\u00e4t wird ersetzt.<\/p>\n\n<p>Aufgrund der starken Publikumsattraktivit\u00e4t unserer Kletterparks und Aktivparcours sowie der daraus resultierenden hohen Besucherzahlen ist ein gut strukturierter Inspektions- und Wartungsplan erforderlich. Unsere Pl\u00e4ne umfassen die Erstellung eines umfassenden Benutzerhandbuchs, das die von Thrill Syndicate und seinen Lieferanten empfohlene Inspektionsh\u00e4ufigkeit sowie die erforderlichen Wartungsanweisungen f\u00fcr alle unsere Aktivit\u00e4tskurse enth\u00e4lt.<\/p>\n<div class=\"wp-block-image\">\n<figure class=\"alignleft size-full\"><img loading=\"lazy\" decoding=\"async\" width=\"1200\" height=\"628\" src=\"https:\/\/thrillsyndicate.com\/wp-content\/uploads\/2022\/03\/inspection-maintenance3-wide.jpg\" alt=\"\" class=\"wp-image-1566\" srcset=\"https:\/\/thrillsyndicate.com\/wp-content\/uploads\/2022\/03\/inspection-maintenance3-wide.jpg 1200w, https:\/\/thrillsyndicate.com\/wp-content\/uploads\/2022\/03\/inspection-maintenance3-wide-458x240.jpg 458w, https:\/\/thrillsyndicate.com\/wp-content\/uploads\/2022\/03\/inspection-maintenance3-wide-300x157.jpg 300w, https:\/\/thrillsyndicate.com\/wp-content\/uploads\/2022\/03\/inspection-maintenance3-wide-1024x536.jpg 1024w, https:\/\/thrillsyndicate.com\/wp-content\/uploads\/2022\/03\/inspection-maintenance3-wide-768x402.jpg 768w, https:\/\/thrillsyndicate.com\/wp-content\/uploads\/2022\/03\/inspection-maintenance3-wide-100x52.jpg 100w\" sizes=\"auto, (max-width: 1200px) 100vw, 1200px\" \/><\/figure>\n<\/div>\n<h2 class=\"wp-block-heading\" id=\"h-regular-site-inspections\">Regelm\u00e4\u00dfige Standortbegehungen<\/h2>\n\n<p>Inspektionen vom Typ C (EN ISO\/IEC 17020) sind ebenfalls in unserem Wartungsangebot auf zweiw\u00f6chentlicher und j\u00e4hrlicher Basis enthalten. Diese \u00dcberpr\u00fcfungen werden von zertifizierten Mitarbeitern von Thrill Syndicate durchgef\u00fchrt, die daf\u00fcr umfassend qualifiziert sind.<\/p>\n\n<p>Regelm\u00e4\u00dfige Sichtpr\u00fcfungen sowie laufende betriebliche und wiederkehrende Pr\u00fcfungen sind erforderlich. Wir bieten einen unvoreingenommenen Inspektionsservice f\u00fcr Hochseilgarten und Abenteuerparks und sind stolz auf unser umfangreiches Fachwissen und unsere Branchenkenntnisse. Wir haben das erfahrene und sympathische Personal, das dich durch den Prozess f\u00fchrt, egal ob es sich um die j\u00e4hrliche Inspektion eines bestehenden Parcours handelt oder um die erste Inspektion eines neu gebauten Hochseilgarten.<\/p>\n\n<p>Folgende Punkte geh\u00f6ren zum j\u00e4hrlichen Hauptuntersuchungszyklus:<\/p>\n\n<ol class=\"wp-block-list\" type=\"1\"><li>Vollst\u00e4ndige Inspektion des gesamten Kurslayouts<\/li><li>Pr\u00fcfung der strukturellen Integrit\u00e4t und Materialfestigkeit der Konstruktion<\/li><li>Alle wichtigen Wartungsarbeiten erforderlich<\/li><li>Pr\u00fcfung von Personal, Betriebsverfahren und \u00dcberpr\u00fcfung von Logb\u00fcchern<\/li><li>Thrill Syndicate-Inspektor in Begleitung eines Mitglieds einer akkreditierten unabh\u00e4ngigen Pr\u00fcf- und Zertifizierungsstelle (z. B. T\u00dcV, ERCA oder andere)<\/li><li>K\u00fcmmern Sie sich um den Papierkram, der mit diesen Prozessen verbunden ist<\/li><li>Diskussion m\u00f6glicher Verbesserungen der Betriebsabl\u00e4ufe (falls zutreffend)<\/li><\/ol>\n<div class=\"wp-block-image\">\n<figure class=\"aligncenter size-full\"><img loading=\"lazy\" decoding=\"async\" width=\"1600\" height=\"600\" src=\"https:\/\/thrillsyndicate.com\/wp-content\/uploads\/2022\/03\/High-Ropes-Course-Inspection.jpg\" alt=\"Inspektion und Wartung von Hochseilg&#xE4;rten\" class=\"wp-image-1265\" srcset=\"https:\/\/thrillsyndicate.com\/wp-content\/uploads\/2022\/03\/High-Ropes-Course-Inspection.jpg 1600w, https:\/\/thrillsyndicate.com\/wp-content\/uploads\/2022\/03\/High-Ropes-Course-Inspection-458x172.jpg 458w, https:\/\/thrillsyndicate.com\/wp-content\/uploads\/2022\/03\/High-Ropes-Course-Inspection-300x113.jpg 300w, https:\/\/thrillsyndicate.com\/wp-content\/uploads\/2022\/03\/High-Ropes-Course-Inspection-1024x384.jpg 1024w, https:\/\/thrillsyndicate.com\/wp-content\/uploads\/2022\/03\/High-Ropes-Course-Inspection-768x288.jpg 768w, https:\/\/thrillsyndicate.com\/wp-content\/uploads\/2022\/03\/High-Ropes-Course-Inspection-1536x576.jpg 1536w, https:\/\/thrillsyndicate.com\/wp-content\/uploads\/2022\/03\/High-Ropes-Course-Inspection-100x38.jpg 100w\" sizes=\"auto, (max-width: 1600px) 100vw, 1600px\" \/><figcaption>Sobald der Bau abgeschlossen ist, liefern wir Ihnen einen empfohlenen Zeitplan f\u00fcr zuk\u00fcnftige Inspektionen und Wartungsarbeiten, um die Sicherheit, Integrit\u00e4t und Zuverl\u00e4ssigkeit Ihrer Anlagen zu gew\u00e4hrleisten.<\/figcaption><\/figure>\n<\/div>\n<h2 class=\"wp-block-heading\" id=\"h-ppe-inspections\">PSA-Inspektionen<\/h2>\n\n<p>PSA (Pers\u00f6nliche Schutzausr\u00fcstung) ist ein wesentlicher Bestandteil unserer Branche, daher m\u00fcssen Sie sicherstellen, dass Ihre Ausr\u00fcstung f\u00fcr alle Ihre Kunden und Benutzer sicher ist.<\/p>\n\n<p>Gem\u00e4\u00df den Anforderungen der EN 15567 und der europ\u00e4ischen PSA-Verordnung muss die gesamte in Ihrem Kurs verwendete Ausr\u00fcstung j\u00e4hrlich von einer sachkundigen Person \u00fcberpr\u00fcft werden.<\/p>\n<div class=\"wp-block-image\">\n<figure class=\"aligncenter size-full\"><img loading=\"lazy\" decoding=\"async\" width=\"1600\" height=\"600\" src=\"https:\/\/thrillsyndicate.com\/wp-content\/uploads\/2022\/03\/ppe-inspection.jpg\" alt=\"PSA-Inspektionen\" class=\"wp-image-1264\" srcset=\"https:\/\/thrillsyndicate.com\/wp-content\/uploads\/2022\/03\/ppe-inspection.jpg 1600w, https:\/\/thrillsyndicate.com\/wp-content\/uploads\/2022\/03\/ppe-inspection-458x172.jpg 458w, https:\/\/thrillsyndicate.com\/wp-content\/uploads\/2022\/03\/ppe-inspection-300x113.jpg 300w, https:\/\/thrillsyndicate.com\/wp-content\/uploads\/2022\/03\/ppe-inspection-1024x384.jpg 1024w, https:\/\/thrillsyndicate.com\/wp-content\/uploads\/2022\/03\/ppe-inspection-768x288.jpg 768w, https:\/\/thrillsyndicate.com\/wp-content\/uploads\/2022\/03\/ppe-inspection-1536x576.jpg 1536w, https:\/\/thrillsyndicate.com\/wp-content\/uploads\/2022\/03\/ppe-inspection-100x38.jpg 100w\" sizes=\"auto, (max-width: 1600px) 100vw, 1600px\" \/><figcaption>PSA-Inspektion f\u00fcr die Hochseilgarten und Abenteuerparkbranche<\/figcaption><\/figure>\n<\/div>\n<h2 class=\"wp-block-heading\" id=\"h-maintenance\">Wartung<\/h2>\n\n<p>Inspektion und Wartung sind untrennbar miteinander verbunden. Dar\u00fcber hinaus ist dies die kosteng\u00fcnstigste L\u00f6sung, um die Benutzersicherheit Ihres Kletterparks zu gew\u00e4hrleisten. Kleinere M\u00e4ngel, wie der Austausch von Karabinern, Klemmen, Gelenken und Verbindungsst\u00fccken sowie Leinen und Seilen, werden bei zweimonatlichen Inspektionen behoben. W\u00e4hrend der j\u00e4hrlichen Inspektionen werden umfangreichere Wartungsarbeiten an Plattformen, Masten und anderen Strukturteilen durchgef\u00fchrt.<\/p>\n\n<p>Unser Team aus qualifizierten Inspektions- und Wartungsfachleuten bereist die ganze Welt und bietet detaillierte Bewertungen des Zustands Ihrer Ausr\u00fcstung im Vergleich zu den aktuellen Sicherheitsvorschriften.<\/p>\n","protected":false},"excerpt":{"rendered":"<p>Machen Sie die Sicherheit Ihrer Kunden zur obersten Priorit\u00e4t! Egal, ob ein komplettes Element oder ein kleiner Teil deines Parcours ausgetauscht werden muss, die regelm\u00e4\u00dfige Wartung ist ein wichtiger Bestandteil des Besitzes und Betriebs eines Hochseilgarten. Thrill Syndicate bietet ein umfassendes Inspektions- und Wartungspaket an, das nicht nur sicherstellt, dass Ihr Kletterpark, Ihre Hochseilg\u00e4rten und [&hellip;]<\/p>\n","protected":false},"author":64,"featured_media":0,"parent":4849,"menu_order":0,"comment_status":"closed","ping_status":"closed","template":"","meta":{"_coblocks_attr":"","_coblocks_dimensions":"","_coblocks_responsive_height":"","_coblocks_accordion_ie_support":"","footnotes":""},"class_list":["post-4870","page","type-page","status-publish","hentry"],"_links":{"self":[{"href":"https:\/\/thrillsyndicate.com\/de\/wp-json\/wp\/v2\/pages\/4870","targetHints":{"allow":["GET"]}}],"collection":[{"href":"https:\/\/thrillsyndicate.com\/de\/wp-json\/wp\/v2\/pages"}],"about":[{"href":"https:\/\/thrillsyndicate.com\/de\/wp-json\/wp\/v2\/types\/page"}],"author":[{"embeddable":true,"href":"https:\/\/thrillsyndicate.com\/de\/wp-json\/wp\/v2\/users\/64"}],"replies":[{"embeddable":true,"href":"https:\/\/thrillsyndicate.com\/de\/wp-json\/wp\/v2\/comments?post=4870"}],"version-history":[{"count":0,"href":"https:\/\/thrillsyndicate.com\/de\/wp-json\/wp\/v2\/pages\/4870\/revisions"}],"up":[{"embeddable":true,"href":"https:\/\/thrillsyndicate.com\/de\/wp-json\/wp\/v2\/pages\/4849"}],"wp:attachment":[{"href":"https:\/\/thrillsyndicate.com\/de\/wp-json\/wp\/v2\/media?parent=4870"}],"curies":[{"name":"wp","href":"https:\/\/api.w.org\/{rel}","templated":true}]}}