{"id":4871,"date":"2022-03-25T08:58:41","date_gmt":"2022-03-25T07:58:41","guid":{"rendered":"https:\/\/thrillsyndicate.com\/dienstleistungen\/design-ingenieur\/"},"modified":"2025-06-24T13:24:49","modified_gmt":"2025-06-24T11:24:49","slug":"design-engineering","status":"publish","type":"page","link":"https:\/\/thrillsyndicate.com\/de\/dienstleistungen\/design-engineering\/","title":{"rendered":"Design &amp; Engineering"},"content":{"rendered":"&#13;\n<p >Die Mehrheit der von Thrill Syndicate geschaffenen Parks sind hochvolumige Freizeitaktivit\u00e4ten. In diesen Pl\u00e4nen spielt die Logistik eine wichtige Rolle f\u00fcr die Rentabilit\u00e4t des Parks. Ein schlecht gestalteter Park und eine schlecht gestaltete Logistik ersch\u00f6pfen die finanziellen Budgets in Bezug auf (Personal-) Ausgaben sowie die Unf\u00e4higkeit, Unternehmensziele und -vorgaben zu erreichen. <\/p>&#13;\n&#13;\n<p >Wir erstellen Durchsatz- und Kapazit\u00e4tsmodelle f\u00fcr die von uns gelieferten Designs und verpflichten uns zu diesen als Teil unseres Designprozesses.<\/p>&#13;\n&#13;\n<p >Unsere Engineering-Abteilung f\u00fcr Seilrutschen und Hochseilg\u00e4rten hat sich als weltweit f\u00fchrendes Unternehmen im Abenteuergesch\u00e4ft immer wieder mit un\u00fcbertroffener Qualit\u00e4t, Zuverl\u00e4ssigkeit und Wertigkeit gezeigt. Weil Erfahrung z\u00e4hlt, bieten wir die allgemeinsten Engineering-L\u00f6sungen. Wir verstehen, dass jede Adventure-Anwendung einzigartig ist und die technischen Probleme sehr unterschiedlich sind.<\/p>&#13;\n&#13;\n<p >Ziplines und Abenteuerparks bieten ein faszinierendes Erlebnis und eine spannende Herausforderung. Wenn es um die Sicherheit Ihrer Besucher geht, machen wir keine Kompromisse oder Abstriche: Wir halten uns strikt an die Bau- und Sicherheitsanforderungen der europ\u00e4ischen Gesetzgeber, nationalen Industrieaufsichtsbeh\u00f6rden und Handelsverb\u00e4nde.<\/p>&#13;\n&#13;\n<h2 class=\"wp-block-heading\" >Das beinhaltet:<\/h2>&#13;\n&#13;\n<ul class=\"wp-block-list\">&#13;\n<li >Design, Engineering, Konstruktion und Installation entsprechen den EU-Vorschriften NEN EN 15567-01, NEN EN 12572 und NEN EN 12572;<\/li>&#13;\n<li >Wir erf\u00fcllen die Richtlinien der NEN EN-Normen, der European Ropes Course Association (ERCA) und der International Adventure Park Association (IAPA);<\/li>&#13;\n<li >Vollst\u00e4ndige Einhaltung aller von regionalen oder kommunalen Beh\u00f6rden erlassenen Bauvorschriften;<\/li>&#13;\n<li >Vollst\u00e4ndige technische Dokumentation, einschlie\u00dflich Benutzerhandb\u00fccher, Gesundheits- und Sicherheits- und Betriebsrichtlinien sowie kursspezifische Risikobewertungen;<\/li>&#13;\n<li >Wir bieten Aus- und Weiterbildung f\u00fcr Ihr Management- und Betriebspersonal (gem\u00e4\u00df EN 15567-02 und ERCA-Standards);<\/li>&#13;\n<li >Standortabnahmetests durch eine akkreditierte unabh\u00e4ngige Pr\u00fcf- und Zertifizierungsstelle vor der Er\u00f6ffnung;<\/li>&#13;\n<li >J\u00e4hrliche Inspektion und Wartung, On- und Offsite-Support und Auffrischungskurse f\u00fcr das Betriebspersonal.<\/li>&#13;\n<\/ul>&#13;\n&#13;\n<div class=\"wp-block-image is-style-default\">&#13;\n<figure class=\"alignleft size-full\"><img loading=\"lazy\" decoding=\"async\" width=\"1200\" height=\"629\" class=\"wp-image-1556\" src=\"https:\/\/thrillsyndicate.com\/wp-content\/uploads\/2022\/03\/design2-wide.jpg\" alt=\"\" srcset=\"https:\/\/thrillsyndicate.com\/wp-content\/uploads\/2022\/03\/design2-wide.jpg 1200w, https:\/\/thrillsyndicate.com\/wp-content\/uploads\/2022\/03\/design2-wide-458x240.jpg 458w, https:\/\/thrillsyndicate.com\/wp-content\/uploads\/2022\/03\/design2-wide-300x157.jpg 300w, https:\/\/thrillsyndicate.com\/wp-content\/uploads\/2022\/03\/design2-wide-1024x537.jpg 1024w, https:\/\/thrillsyndicate.com\/wp-content\/uploads\/2022\/03\/design2-wide-768x403.jpg 768w, https:\/\/thrillsyndicate.com\/wp-content\/uploads\/2022\/03\/design2-wide-100x52.jpg 100w\" sizes=\"auto, (max-width: 1200px) 100vw, 1200px\" \/><\/figure>&#13;\n<\/div>&#13;\n&#13;\n<h2 class=\"wp-block-heading\" id=\"h-designing-and-engineering-of-an-adventure-park-stages\" >Design und Engineering eines Abenteuerparks inszeniert:<\/h2>&#13;\n&#13;\n<ol class=\"wp-block-list\" type=\"1\">&#13;\n<li >Besichtigung und Bewertung des vorgeschlagenen Standorts;<\/li>&#13;\n<li >Ausf\u00fchrliche Diskussion \u00fcber die geplante Arbeitsweise, Zielgruppe und Gr\u00f6\u00dfe des Parks;<\/li>&#13;\n<li >Technisches Design und 3D-Modellierung des Parks durch unsere Experten;<\/li>&#13;\n<li >Bereitstellung eines Konstruktionsbuchs \/ technischen Dossiers mit den endg\u00fcltigen Entw\u00fcrfen einschlie\u00dflich Festigkeitsberechnungen und einem Nettoangebot;<\/li>&#13;\n<li >Begutachtung der Verengungspl\u00e4ne und der gesamten technischen Dokumentation durch eine akkreditierte unabh\u00e4ngige Pr\u00fcf- und Zertifizierungsstelle (T\u00dcV oder gleichwertig);<\/li>&#13;\n<li >Bau der Struktur vor Ort;<\/li>&#13;\n<li >Schulung Ihres operativen Personals gem\u00e4\u00df Verordnung\/Gesetzgebung und zugrundeliegendem Gesch\u00e4ftsmodell;<\/li>&#13;\n<li >Standortabnahme und Zertifizierung durch eine akkreditierte unabh\u00e4ngige T&amp;C-Stelle (T\u00dcV oder gleichwertig) vor dem erstmaligen Betrieb;<\/li>&#13;\n<li >Projektabschluss und Eigentums\u00fcbertragung des Parks auf den Kunden;<\/li>&#13;\n<li >Er\u00f6ffnung des Parks f\u00fcr die \u00d6ffentlichkeit und Beginn des Kundendienstes vor Ort.<\/li>&#13;\n<\/ol>&#13;\n&#13;\n<div class=\"wp-block-image\">&#13;\n<figure class=\"alignleft size-full\"><img loading=\"lazy\" decoding=\"async\" width=\"1200\" height=\"628\" class=\"wp-image-1557\" src=\"https:\/\/thrillsyndicate.com\/wp-content\/uploads\/2022\/03\/design3-wide.jpg\" alt=\"\" srcset=\"https:\/\/thrillsyndicate.com\/wp-content\/uploads\/2022\/03\/design3-wide.jpg 1200w, https:\/\/thrillsyndicate.com\/wp-content\/uploads\/2022\/03\/design3-wide-458x240.jpg 458w, https:\/\/thrillsyndicate.com\/wp-content\/uploads\/2022\/03\/design3-wide-300x157.jpg 300w, https:\/\/thrillsyndicate.com\/wp-content\/uploads\/2022\/03\/design3-wide-1024x536.jpg 1024w, https:\/\/thrillsyndicate.com\/wp-content\/uploads\/2022\/03\/design3-wide-768x402.jpg 768w, https:\/\/thrillsyndicate.com\/wp-content\/uploads\/2022\/03\/design3-wide-100x52.jpg 100w\" sizes=\"auto, (max-width: 1200px) 100vw, 1200px\" \/><\/figure>&#13;\n<\/div>&#13;\n&#13;\n<h3 class=\"wp-block-heading\" >Zu den allgemeinen Faktoren, die sich auf die Budgetprognose\/Projektkosten auswirken, geh\u00f6ren:<\/h3>&#13;\n&#13;\n<ol class=\"wp-block-list\" type=\"1\">&#13;\n<li >L\u00e4nderspezifische Bauvorschriften\/Gesetze;<\/li>&#13;\n<li >Zug\u00e4nglichkeit der Baustelle;<\/li>&#13;\n<li >Gr\u00f6\u00dfe des Kletterparks;<\/li>&#13;\n<li >Wer liefert das Baumaterial (lokal vs. international);<\/li>&#13;\n<li >Art und Qualit\u00e4t des verwendeten Baumaterials;<\/li>&#13;\n<li >Das gew\u00e4hlte Klettersicherungssystem und die Kletterausr\u00fcstung;<\/li>&#13;\n<li >Die erforderlichen Schwierigkeitsgrade des Kurses;<\/li>&#13;\n<li >Einholung der erforderlichen Bau- und Betriebsgenehmigungen;<\/li>&#13;\n<li >Etc&#8230; <\/li>&#13;\n<\/ol>&#13;\n\r\n<figure class=\"wp-block-embed is-type-video is-provider-youtube wp-block-embed-youtube wp-embed-aspect-16-9 wp-has-aspect-ratio\">\r\n<div class=\"wp-block-embed__wrapper\">https:\/\/youtu.be\/0ZrPf5PiEQM<\/div>\r\n<figcaption>Thrill Syndicate utilizes advanced 3D design tools to conceptualize, design, and engineer indoor courses. All obstacles are devised to ensure maximum strength, product life, and safety. Once your course is designed, our professional craftsmen fabricate each piece out of high quality materials, through both traditional and computer-numeric-controlled manufacturing methods.<\/figcaption>\r\n<\/figure>\r\n","protected":false},"excerpt":{"rendered":"<p>&#13; Die Mehrheit der von Thrill Syndicate geschaffenen Parks sind hochvolumige Freizeitaktivit\u00e4ten. In diesen Pl\u00e4nen spielt die Logistik eine wichtige Rolle f\u00fcr die Rentabilit\u00e4t des Parks. Ein schlecht gestalteter Park und eine schlecht gestaltete Logistik ersch\u00f6pfen die finanziellen Budgets in Bezug auf (Personal-) Ausgaben sowie die Unf\u00e4higkeit, Unternehmensziele und -vorgaben zu erreichen. &#13; &#13; Wir [&hellip;]<\/p>\n","protected":false},"author":64,"featured_media":0,"parent":4849,"menu_order":0,"comment_status":"closed","ping_status":"closed","template":"","meta":{"_coblocks_attr":"","_coblocks_dimensions":"","_coblocks_responsive_height":"","_coblocks_accordion_ie_support":"","footnotes":""},"class_list":["post-4871","page","type-page","status-publish","hentry"],"_links":{"self":[{"href":"https:\/\/thrillsyndicate.com\/de\/wp-json\/wp\/v2\/pages\/4871","targetHints":{"allow":["GET"]}}],"collection":[{"href":"https:\/\/thrillsyndicate.com\/de\/wp-json\/wp\/v2\/pages"}],"about":[{"href":"https:\/\/thrillsyndicate.com\/de\/wp-json\/wp\/v2\/types\/page"}],"author":[{"embeddable":true,"href":"https:\/\/thrillsyndicate.com\/de\/wp-json\/wp\/v2\/users\/64"}],"replies":[{"embeddable":true,"href":"https:\/\/thrillsyndicate.com\/de\/wp-json\/wp\/v2\/comments?post=4871"}],"version-history":[{"count":0,"href":"https:\/\/thrillsyndicate.com\/de\/wp-json\/wp\/v2\/pages\/4871\/revisions"}],"up":[{"embeddable":true,"href":"https:\/\/thrillsyndicate.com\/de\/wp-json\/wp\/v2\/pages\/4849"}],"wp:attachment":[{"href":"https:\/\/thrillsyndicate.com\/de\/wp-json\/wp\/v2\/media?parent=4871"}],"curies":[{"name":"wp","href":"https:\/\/api.w.org\/{rel}","templated":true}]}}