{"id":4886,"date":"2022-02-20T17:23:04","date_gmt":"2022-02-20T16:23:04","guid":{"rendered":"https:\/\/thrillsyndicate.com\/fordern-sie-ein-angebot-an\/"},"modified":"2024-12-27T13:50:19","modified_gmt":"2024-12-27T12:50:19","slug":"fordern-sie-ein-angebot-an","status":"publish","type":"page","link":"https:\/\/thrillsyndicate.com\/de\/fordern-sie-ein-angebot-an\/","title":{"rendered":"Fordern Sie ein Angebot an"},"content":{"rendered":"&#13;\n<p>Bitte stellen Sie sicher, dass Sie die eingeben <strong>Kontaktdaten inkl. Postleitzahl<\/strong> korrekt. Wir werden so schnell wie m\u00f6glich mit a antworten <strong>Schlussangebot inkl. Transport<\/strong>.<\/p>&#13;\n\n<div class=\"woocommerce ywraq-wrapper ywraq-empty\">\n\t\t\t<div id=\"yith-ywraq-message\"><div class=\"ywraq-question-message\">\n\t<\/div>\n<\/div>\n\t\t\n\t\t\t\t<div class=\"ywraq-form-table-wrapper vertical\">\n\t\t\t<div class=\"ywraq-before-form\">\n\t<p class=\"ywraq_list_empty_message\">Deine Liste ist leer. Bitte f\u00fcge der Liste ein oder mehrere Produkte hinzu um ein Angebot einzuholen<p><p class=\"return-to-shop\"><a class=\"button wc-backward\" href=\"https:\/\/thrillsyndicate.com\/de\/shop\/\">Zur\u00fcck zum Shop<\/a><\/p><\/div>\n\t\t\t\t\t<\/div>\n\t<\/div>\n\n&#13;\n<ul class=\"wp-block-list\">&#13;\n<li>Wir verlangen einen <strong>Mindestbestellwert von \u20ac500,00<\/strong>, f\u00fcr Bestellungen unter \u20ac1.000,00 kann eine Bearbeitungsgeb\u00fchr anfallen. <\/li>&#13;\n<li><strong>Wir versenden weltweit<\/strong>: Die Transportkosten werden nach Auftragsvolumen, Gewicht und Lieferadresse berechnet.<\/li>&#13;\n<li>Mehrwertsteuer\/Z\u00f6lle:\n\n<ul>&#13;\n<li>F\u00fcr <strong>EU-Kunden mit einer g\u00fcltigen Umsatzsteuer-Identifikationsnummer<\/strong> (au\u00dferhalb der Niederlande) liefern wir unsere Waren zu 0% MwSt. (Option MwSt.-Reverse-Charge).<\/li>&#13;\n<li>F\u00fcr <strong>Nicht-EU-Kunden liefern wir Waren DAP<\/strong> &#8211; Delivered at Place, excl. Mehrwertsteuer und Z\u00f6lle.<\/li>&#13;\n<li>Alle unsere Preise verstehen sich <strong>exklusive Mehrwertsteuer, Z\u00f6lle und Transportkosten<\/strong>.<\/li>&#13;\n<\/ul><\/li>&#13;\n<li>Wir akzeptieren nur Vorauszahlung per Bank\u00fcberweisung. Anweisungen zur \u00dcberweisung erhalten Sie nach Abschluss Ihrer Bestellung. Wir bieten auch andere Zahlungsm\u00f6glichkeiten an (PayPal, Stipe, Wise), aber es kann ein prozentualer Aufschlag aufgrund der Kosten f\u00fcr den Zahlungsanbieter anfallen.  <\/li>&#13;\n<\/ul>&#13;\n","protected":false},"excerpt":{"rendered":"<p>&#13; Bitte stellen Sie sicher, dass Sie die eingeben Kontaktdaten inkl. Postleitzahl korrekt. Wir werden so schnell wie m\u00f6glich mit a antworten Schlussangebot inkl. Transport. &#13; &#13; &#13; Wir verlangen einen Mindestbestellwert von \u20ac500,00, f\u00fcr Bestellungen unter \u20ac1.000,00 kann eine Bearbeitungsgeb\u00fchr anfallen. &#13; Wir versenden weltweit: Die Transportkosten werden nach Auftragsvolumen, Gewicht und Lieferadresse berechnet. [&hellip;]<\/p>\n","protected":false},"author":64,"featured_media":0,"parent":0,"menu_order":0,"comment_status":"closed","ping_status":"closed","template":"","meta":{"_coblocks_attr":"","_coblocks_dimensions":"","_coblocks_responsive_height":"","_coblocks_accordion_ie_support":"","footnotes":""},"class_list":["post-4886","page","type-page","status-publish","hentry"],"_links":{"self":[{"href":"https:\/\/thrillsyndicate.com\/de\/wp-json\/wp\/v2\/pages\/4886","targetHints":{"allow":["GET"]}}],"collection":[{"href":"https:\/\/thrillsyndicate.com\/de\/wp-json\/wp\/v2\/pages"}],"about":[{"href":"https:\/\/thrillsyndicate.com\/de\/wp-json\/wp\/v2\/types\/page"}],"author":[{"embeddable":true,"href":"https:\/\/thrillsyndicate.com\/de\/wp-json\/wp\/v2\/users\/64"}],"replies":[{"embeddable":true,"href":"https:\/\/thrillsyndicate.com\/de\/wp-json\/wp\/v2\/comments?post=4886"}],"version-history":[{"count":0,"href":"https:\/\/thrillsyndicate.com\/de\/wp-json\/wp\/v2\/pages\/4886\/revisions"}],"wp:attachment":[{"href":"https:\/\/thrillsyndicate.com\/de\/wp-json\/wp\/v2\/media?parent=4886"}],"curies":[{"name":"wp","href":"https:\/\/api.w.org\/{rel}","templated":true}]}}