{"id":4889,"date":"2022-01-27T15:37:17","date_gmt":"2022-01-27T14:37:17","guid":{"rendered":"https:\/\/thrillsyndicate.com\/datenschutz-bestimmungen\/"},"modified":"2022-05-02T11:33:06","modified_gmt":"2022-05-02T09:33:06","slug":"datenschutz-bestimmungen","status":"publish","type":"page","link":"https:\/\/thrillsyndicate.com\/de\/datenschutz-bestimmungen\/","title":{"rendered":"Datenschutz-Bestimmungen"},"content":{"rendered":"\n<h1 class=\"wp-block-heading\">Datenschutz-Bestimmungen<\/h1>\n\n<p>Datum des Inkrafttretens: Januar 2018<\/p>\n\n<p>Thrill Syndicate bv (\u201euns\u201c, \u201ewir\u201c oder \u201eunser\u201c) betreibt die Website www.thrillsyndicate.com (der \u201eService\u201c).<\/p>\n\n<p>Diese Seite informiert Sie \u00fcber unsere Richtlinien bez\u00fcglich der Erfassung, Verwendung und Offenlegung personenbezogener Daten, wenn Sie unseren Service nutzen, und \u00fcber die Wahlm\u00f6glichkeiten, die Sie mit diesen Daten verbunden haben. <\/p>\n\n<p>Wir verwenden Ihre Daten, um den Service bereitzustellen und zu verbessern. Durch die Nutzung des Dienstes stimmen Sie der Erfassung und Verwendung von Informationen gem\u00e4\u00df dieser Richtlinie zu. Sofern in dieser Datenschutzrichtlinie nicht anders definiert, haben die in dieser Datenschutzrichtlinie verwendeten Begriffe die gleiche Bedeutung wie in unseren Allgemeinen Gesch\u00e4ftsbedingungen, die \u00fcber www.thrillsyndicate.com zug\u00e4nglich sind<\/p>\n\n<h2 class=\"wp-block-heading\">Erfassung und Verwendung von Informationen<\/h2>\n\n<p>Wir sammeln verschiedene Arten von Informationen f\u00fcr verschiedene Zwecke, um unseren Service f\u00fcr Sie bereitzustellen und zu verbessern.<\/p>\n\n<h3 class=\"wp-block-heading\">Arten der erfassten Daten<\/h3>\n\n<h4 class=\"wp-block-heading\">Pers\u00f6nliche Daten<\/h4>\n\n<p>W\u00e4hrend der Nutzung unseres Dienstes k\u00f6nnen wir Sie bitten, uns bestimmte personenbezogene Daten zur Verf\u00fcgung zu stellen, die verwendet werden k\u00f6nnen, um Sie zu kontaktieren oder zu identifizieren (\u201epersonenbezogene Daten\u201c). Pers\u00f6nlich identifizierbare Informationen k\u00f6nnen umfassen, sind aber nicht beschr\u00e4nkt auf:<\/p>\n\n<ul class=\"wp-block-list\"><li>E-Mail-Addresse<\/li><li>Vorname und Nachname<\/li><li>Telefonnummer<\/li><li>Adresse, Staat, Provinz, Postleitzahl, Stadt<\/li><li>Cookies und Nutzungsdaten<\/li><\/ul>\n\n<h4 class=\"wp-block-heading\">Nutzungsdaten<\/h4>\n\n<p>Wir k\u00f6nnen auch Informationen dar\u00fcber sammeln, wie auf den Dienst zugegriffen wird und wie er verwendet wird (\u201eNutzungsdaten\u201c). Diese Nutzungsdaten k\u00f6nnen Informationen wie die Internetprotokolladresse Ihres Computers (z. B. IP-Adresse), Browsertyp, Browserversion, die Seiten unseres Dienstes, die Sie besuchen, die Uhrzeit und das Datum Ihres Besuchs, die auf diesen Seiten verbrachte Zeit, eindeutig enthalten Ger\u00e4tekennungen und andere Diagnosedaten.<\/p>\n\n<h4 class=\"wp-block-heading\">Tracking- und Cookie-Daten<\/h4>\n\n<p>Wir verwenden Cookies und \u00e4hnliche Tracking-Technologien, um die Aktivit\u00e4ten auf unserem Service zu verfolgen und bestimmte Informationen zu speichern.<\/p>\n\n<p>Cookies sind Dateien mit kleinen Datenmengen, die eine anonyme eindeutige Kennung enthalten k\u00f6nnen. Cookies werden von einer Website an Ihren Browser gesendet und auf Ihrem Ger\u00e4t gespeichert. Tracking-Technologien, die ebenfalls verwendet werden, sind Beacons, Tags und Skripte, um Informationen zu sammeln und zu verfolgen und unseren Service zu verbessern und zu analysieren.<\/p>\n\n<p>Sie k\u00f6nnen Ihren Browser anweisen, alle Cookies abzulehnen oder anzuzeigen, wenn ein Cookie gesendet wird. Wenn Sie jedoch keine Cookies akzeptieren, k\u00f6nnen Sie m\u00f6glicherweise einige Teile unseres Dienstes nicht nutzen.<\/p>\n\n<p>Beispiele f\u00fcr Cookies, die wir verwenden:<\/p>\n\n<ul class=\"wp-block-list\"><li><strong>Sitzungscookies.<\/strong> Wir verwenden Sitzungscookies, um unseren Dienst zu betreiben.<\/li><li><strong>Pr\u00e4ferenz-Cookies.<\/strong> Wir verwenden Pr\u00e4ferenz-Cookies, um Ihre Pr\u00e4ferenzen und verschiedene Einstellungen zu speichern.<\/li><li><strong>Sicherheits-Cookies.<\/strong> Wir verwenden Sicherheits-Cookies zu Sicherheitszwecken.<\/li><\/ul>\n\n<h2 class=\"wp-block-heading\">Verwendung von Daten<\/h2>\n\n<p>Thrill Syndicate bv verwendet die gesammelten Daten f\u00fcr verschiedene Zwecke:<\/p>\n\n<ul class=\"wp-block-list\"><li>Zur Bereitstellung und Wartung des Dienstes<\/li><li>Um Sie \u00fcber \u00c4nderungen an unserem Service zu informieren<\/li><li>Um Ihnen die Teilnahme an interaktiven Funktionen unseres Dienstes zu erm\u00f6glichen, wenn Sie dies w\u00fcnschen<\/li><li>Zur Bereitstellung von Kundenbetreuung und -unterst\u00fctzung<\/li><li>Um Analysen oder wertvolle Informationen bereitzustellen, damit wir den Service verbessern k\u00f6nnen<\/li><li>Um die Nutzung des Dienstes zu \u00fcberwachen<\/li><li>Um technische Probleme zu erkennen, zu verhindern und zu beheben<\/li><\/ul>\n\n<h2 class=\"wp-block-heading\">\u00dcbertragung von Daten<\/h2>\n\n<p>Ihre Informationen, einschlie\u00dflich personenbezogener Daten, k\u00f6nnen auf Computer au\u00dferhalb Ihres Staates, Ihrer Provinz, Ihres Landes oder einer anderen staatlichen Gerichtsbarkeit \u00fcbertragen und dort gespeichert werden, wo die Datenschutzgesetze von denen Ihrer Gerichtsbarkeit abweichen k\u00f6nnen.<\/p>\n\n<p>Wenn Sie sich au\u00dferhalb der Niederlande befinden und uns Informationen zur Verf\u00fcgung stellen m\u00f6chten, beachten Sie bitte, dass wir die Daten, einschlie\u00dflich personenbezogener Daten, in die Niederlande \u00fcbertragen und dort verarbeiten.<\/p>\n\n<p>Ihre Zustimmung zu dieser Datenschutzrichtlinie, gefolgt von Ihrer \u00dcbermittlung solcher Informationen, stellt Ihre Zustimmung zu dieser \u00dcbertragung dar.<\/p>\n\n<p>Thrill Syndicate bv wird alle vern\u00fcnftigerweise notwendigen Schritte unternehmen, um sicherzustellen, dass Ihre Daten sicher und in \u00dcbereinstimmung mit dieser Datenschutzrichtlinie behandelt werden, und es findet keine \u00dcbertragung Ihrer personenbezogenen Daten an eine Organisation oder ein Land statt, es sei denn, es gibt angemessene Kontrollen, einschlie\u00dflich der Sicherheit Ihrer Daten und anderer pers\u00f6nlicher Informationen.<\/p>\n\n<h2 class=\"wp-block-heading\">Offenlegung von Daten<\/h2>\n\n<h3 class=\"wp-block-heading\">Rechtliche Anforderungen<\/h3>\n\n<p>Thrill Syndicate bv kann Ihre personenbezogenen Daten in gutem Glauben offenlegen, dass eine solche Ma\u00dfnahme erforderlich ist, um:<\/p>\n\n<ul class=\"wp-block-list\"><li>Um einer gesetzlichen Verpflichtung nachzukommen<\/li><li>Zum Schutz und zur Verteidigung der Rechte oder des Eigentums von Thrill Syndicate bv<\/li><li>Um m\u00f6gliches Fehlverhalten im Zusammenhang mit dem Dienst zu verhindern oder zu untersuchen<\/li><li>Um die pers\u00f6nliche Sicherheit der Benutzer des Dienstes oder der \u00d6ffentlichkeit zu sch\u00fctzen<\/li><li>Zum Schutz vor gesetzlicher Haftung<\/li><\/ul>\n\n<h2 class=\"wp-block-heading\">Sicherheit der Daten<\/h2>\n\n<p>Die Sicherheit Ihrer Daten ist uns wichtig, aber denken Sie daran, dass keine \u00dcbertragungsmethode \u00fcber das Internet oder elektronische Speichermethode 100 % sicher ist. Obwohl wir uns bem\u00fchen, wirtschaftlich akzeptable Mittel zum Schutz Ihrer personenbezogenen Daten einzusetzen, k\u00f6nnen wir deren absolute Sicherheit nicht garantieren.<\/p>\n\n<h2 class=\"wp-block-heading\">Dienstleister<\/h2>\n\n<p>Wir k\u00f6nnen Drittunternehmen und Einzelpersonen beauftragen, unseren Dienst zu erleichtern (\u201eDienstleister\u201c), den Dienst in unserem Namen bereitzustellen, dienstbezogene Dienstleistungen zu erbringen oder uns bei der Analyse der Nutzung unseres Dienstes zu unterst\u00fctzen.<\/p>\n\n<p>Diese Drittparteien haben nur Zugriff auf Ihre personenbezogenen Daten, um diese Aufgaben in unserem Namen auszuf\u00fchren, und sind verpflichtet, sie nicht weiterzugeben oder f\u00fcr andere Zwecke zu verwenden.<\/p>\n\n<h3 class=\"wp-block-heading\">Analytik<\/h3>\n\n<p>Wir k\u00f6nnen externe Dienstleister einsetzen, um die Nutzung unseres Dienstes zu \u00fcberwachen und zu analysieren.<\/p>\n\n<ul class=\"wp-block-list\"><li><strong>Google Analytics<\/strong><br\/><br\/>Google Analytics ist ein von Google angebotener Webanalysedienst, der den Website-Verkehr verfolgt und meldet. Google verwendet die gesammelten Daten, um die Nutzung unseres Dienstes zu verfolgen und zu \u00fcberwachen. Diese Daten werden mit anderen Google-Diensten geteilt. Google kann die gesammelten Daten verwenden, um die Anzeigen seines eigenen Werbenetzwerks zu kontextualisieren und zu personalisieren. Sie k\u00f6nnen sich dagegen entscheiden, Ihre Aktivit\u00e4ten auf dem Dienst Google Analytics zur Verf\u00fcgung zu stellen, indem Sie das Browser-Add-on zur Deaktivierung von Google Analytics installieren. Das Add-on verhindert, dass das Google Analytics-JavaScript (ga.js, analytics.js und dc.js) Informationen \u00fcber Besuchsaktivit\u00e4ten mit Google Analytics teilt. Weitere Informationen zu den Datenschutzpraktiken von Google finden Sie in den Datenschutzbestimmungen von Google Webseite: <a href=\"https:\/\/policies.google.com\/privacy?hl=en\">https:\/\/policies.google.com\/privacy?hl=de<\/a><\/li><\/ul>\n\n<h2 class=\"wp-block-heading\">Links zu anderen Websites<\/h2>\n\n<p>Unser Service kann Links zu anderen Websites enthalten, die nicht von uns betrieben werden. Wenn Sie auf einen Link eines Drittanbieters klicken, werden Sie auf die Website dieses Drittanbieters weitergeleitet. Wir empfehlen Ihnen dringend, die Datenschutzrichtlinie jeder von Ihnen besuchten Website zu lesen.<\/p>\n\n<p>Wir haben keine Kontrolle \u00fcber und \u00fcbernehmen keine Verantwortung f\u00fcr die Inhalte, Datenschutzrichtlinien oder Praktiken von Websites oder Diensten Dritter.<\/p>\n\n<h2 class=\"wp-block-heading\">Datenschutz von Kindern<\/h2>\n\n<p>Unser Service richtet sich nicht an Personen unter 18 Jahren (\u201eKinder\u201c).<\/p>\n\n<p>Wir erfassen wissentlich keine personenbezogenen Daten von Personen unter 18 Jahren. Wenn Sie ein Elternteil oder Erziehungsberechtigter sind und wissen, dass Ihre Kinder uns personenbezogene Daten zur Verf\u00fcgung gestellt haben, kontaktieren Sie uns bitte. Wenn uns bekannt wird, dass wir personenbezogene Daten von Kindern ohne \u00dcberpr\u00fcfung der elterlichen Zustimmung gesammelt haben, ergreifen wir Ma\u00dfnahmen, um diese Informationen von unseren Servern zu entfernen.<\/p>\n\n<h2 class=\"wp-block-heading\">\u00c4nderungen an dieser Datenschutzrichtlinie<\/h2>\n\n<p>Wir k\u00f6nnen unsere Datenschutzrichtlinie von Zeit zu Zeit aktualisieren. Wir werden Sie \u00fcber alle \u00c4nderungen informieren, indem wir die neue Datenschutzrichtlinie auf dieser Seite ver\u00f6ffentlichen.<\/p>\n\n<p>Wir werden Sie per E-Mail und\/oder durch einen auff\u00e4lligen Hinweis auf unserem Service informieren, bevor die \u00c4nderung in Kraft tritt, und das \u201eDatum des Inkrafttretens\u201c oben in dieser Datenschutzrichtlinie aktualisieren.<\/p>\n\n<p>Es wird empfohlen, diese Datenschutzrichtlinie regelm\u00e4\u00dfig auf \u00c4nderungen zu \u00fcberpr\u00fcfen. \u00c4nderungen an dieser Datenschutzrichtlinie treten in Kraft, wenn sie auf dieser Seite ver\u00f6ffentlicht werden.<\/p>\n\n<h2 class=\"wp-block-heading\">Kontaktiere uns<\/h2>\n\n<p>Wenn Sie Fragen zu dieser Datenschutzrichtlinie haben, kontaktieren Sie uns bitte: info@thrillsyndicate.com <\/p>\n","protected":false},"excerpt":{"rendered":"<p>Datenschutz-Bestimmungen Datum des Inkrafttretens: Januar 2018 Thrill Syndicate bv (\u201euns\u201c, \u201ewir\u201c oder \u201eunser\u201c) betreibt die Website www.thrillsyndicate.com (der \u201eService\u201c). Diese Seite informiert Sie \u00fcber unsere Richtlinien bez\u00fcglich der Erfassung, Verwendung und Offenlegung personenbezogener Daten, wenn Sie unseren Service nutzen, und \u00fcber die Wahlm\u00f6glichkeiten, die Sie mit diesen Daten verbunden haben. Wir verwenden Ihre Daten, um [&hellip;]<\/p>\n","protected":false},"author":64,"featured_media":0,"parent":0,"menu_order":0,"comment_status":"closed","ping_status":"closed","template":"","meta":{"_coblocks_attr":"","_coblocks_dimensions":"","_coblocks_responsive_height":"","_coblocks_accordion_ie_support":"","footnotes":""},"class_list":["post-4889","page","type-page","status-publish","hentry"],"_links":{"self":[{"href":"https:\/\/thrillsyndicate.com\/de\/wp-json\/wp\/v2\/pages\/4889","targetHints":{"allow":["GET"]}}],"collection":[{"href":"https:\/\/thrillsyndicate.com\/de\/wp-json\/wp\/v2\/pages"}],"about":[{"href":"https:\/\/thrillsyndicate.com\/de\/wp-json\/wp\/v2\/types\/page"}],"author":[{"embeddable":true,"href":"https:\/\/thrillsyndicate.com\/de\/wp-json\/wp\/v2\/users\/64"}],"replies":[{"embeddable":true,"href":"https:\/\/thrillsyndicate.com\/de\/wp-json\/wp\/v2\/comments?post=4889"}],"version-history":[{"count":0,"href":"https:\/\/thrillsyndicate.com\/de\/wp-json\/wp\/v2\/pages\/4889\/revisions"}],"wp:attachment":[{"href":"https:\/\/thrillsyndicate.com\/de\/wp-json\/wp\/v2\/media?parent=4889"}],"curies":[{"name":"wp","href":"https:\/\/api.w.org\/{rel}","templated":true}]}}