{"id":4904,"date":"2022-03-30T16:36:31","date_gmt":"2022-03-30T14:36:31","guid":{"rendered":"https:\/\/thrillsyndicate.com\/haftungsausschluss\/"},"modified":"2022-05-02T11:37:52","modified_gmt":"2022-05-02T09:37:52","slug":"haftungsausschluss","status":"publish","type":"page","link":"https:\/\/thrillsyndicate.com\/de\/haftungsausschluss\/","title":{"rendered":"Haftungsausschluss"},"content":{"rendered":"\n<p>Alle Rechte an den Inhalten dieser Internetseite mit den Domainnamen thrillsyndicate.com liegen bei Thrill Syndicate bv, soweit diese Rechte nicht Dritten zustehen, deren Material auf thrillsyndicate.com zur Verf\u00fcgung gestellt wurde.<\/p>\n\n<p>Der Nutzer anerkennt die (geistigen) Eigentumsrechte von Thrill Syndicate und seinen Lieferanten an den Inhalten von www.thrillsyndicate.com, ganz oder teilweise, oder die in Informationen enthalten sind, die nachweislich darauf basieren und\/oder davon abgeleitet sind, unabh\u00e4ngig davon, ob die darauf basierenden Informationen und\/oder davon auf diese Weise abgeleitet, ist (teilweise) das Produkt einer Anpassung, Verbesserung oder Errungenschaft von jemand anderem als Thrill Syndicate und\/oder seinen Lieferanten.<\/p>\n\n<p>Der Benutzer darf die Inhalte von www.thrillsyndicate.com nur f\u00fcr den pers\u00f6nlichen Gebrauch konsultieren und nutzen.<\/p>\n\n<p>Dem Nutzer ist es nicht gestattet, die von www.thrillsyndicate.com erlangten Informationen au\u00dfer gelegentlich in irgendeiner Form zu ver\u00f6ffentlichen, zu vervielf\u00e4ltigen oder zu verkaufen, einschlie\u00dflich der Einbindung in Netzwerke, der Anzeige auf mehreren Monitoren oder der anderweitigen Ver\u00f6ffentlichung, mit oder ohne Bearbeitung.<\/p>\n\n<p>Die Verarbeitung der Daten auf Thrillsyndicate.com und die Realisierung von Thrillsyndicate.com erfolgt nach bestem Wissen und mit gr\u00f6\u00dfter Sorgfalt. Weder Thrill Syndicate noch seine Lieferanten garantieren jedoch die Richtigkeit und Vollst\u00e4ndigkeit der auf www.thrillsyndicate.com enthaltenen Informationen und haften daher nicht f\u00fcr Sch\u00e4den, die durch die Unrichtigkeit, Unvollst\u00e4ndigkeit oder Falschheit des Inhalts der auf www.thrillsyndicate.com angebotenen Informationen verursacht werden, ungeachtet des Vorsatzes oder grobe Fahrl\u00e4ssigkeit von Thrill Syndicate oder seinen Lieferanten. Die Richtigkeit von Informationen, die f\u00fcr den Benutzer von wesentlicher Bedeutung sind, sollte immer vom Benutzer \u00fcberpr\u00fcft werden. Thrill Syndicate kann nicht haftbar gemacht werden, falls Thrill Syndicate als Folge einer Fehlfunktion f\u00fcr den Benutzer nicht zug\u00e4nglich oder nicht verf\u00fcgbar ist.<\/p>\n\n<p><strong><a href=\"https:\/\/thrillsyndicate.com\/de\/?page_id=4889\">Datenschutz-Bestimmungen<\/a><\/strong><br\/> Unsere Datenschutzrichtlinie legt die Datenschutzpraktiken f\u00fcr (thrillsyndicate.com) offen. Diese Datenschutzrichtlinie gilt ausschlie\u00dflich f\u00fcr Informationen, die von dieser Website gesammelt werden. Es wird Sie \u00fcber Folgendes informieren:<\/p>\n\n<ol class=\"wp-block-list\"><li>Welche personenbezogenen Daten von Ihnen \u00fcber die Website gesammelt werden, wie sie verwendet werden und mit wem sie geteilt werden k\u00f6nnen.<\/li><li>Welche Wahlm\u00f6glichkeiten stehen Ihnen bez\u00fcglich der Verwendung Ihrer Daten zur Verf\u00fcgung.<\/li><li>Die vorhandenen Sicherheitsverfahren zum Schutz vor Missbrauch Ihrer Daten.<\/li><li>Wie Sie eventuelle Ungenauigkeiten in den Informationen korrigieren k\u00f6nnen.<\/li><\/ol>\n\n<p><strong>Erfassung, Verwendung und Weitergabe von Informationen<\/strong><br\/> Wir sind die alleinigen Eigent\u00fcmer der auf dieser Website gesammelten Informationen. Wir haben nur Zugriff auf\/erfassen Informationen, die Sie uns freiwillig per E-Mail oder anderen direkten Kontakten von Ihnen zur Verf\u00fcgung stellen. Wir werden diese Informationen an niemanden verkaufen oder vermieten.<\/p>\n\n<p>Wir werden Ihre Informationen verwenden, um Ihnen bez\u00fcglich des Grundes, aus dem Sie uns kontaktiert haben, zu antworten. Wir geben Ihre Informationen nicht an Dritte au\u00dferhalb unserer Organisation weiter, au\u00dfer wenn dies zur Erf\u00fcllung Ihrer Anfrage erforderlich ist, z. B. zum Versand einer Bestellung.<\/p>\n\n<p>Sofern Sie uns nicht darum bitten, k\u00f6nnen wir Sie in Zukunft per E-Mail kontaktieren, um Sie \u00fcber Sonderangebote, neue Produkte oder Dienstleistungen oder \u00c4nderungen dieser Datenschutzrichtlinie zu informieren.<\/p>\n\n<p><strong>Ihr Zugriff auf und Ihre Kontrolle \u00fcber Informationen<\/strong><br\/>Sie k\u00f6nnen sich jederzeit von zuk\u00fcnftigen Kontakten durch uns abmelden. Sie k\u00f6nnen jederzeit Folgendes tun, indem Sie uns \u00fcber die auf unserer Website angegebene E-Mail-Adresse oder Telefonnummer kontaktieren:<\/p>\n\n<ul class=\"wp-block-list\"><li>Sehen Sie, welche Daten wir \u00fcber Sie haben, falls vorhanden.<\/li><li>\u00c4ndern\/korrigieren Sie alle Daten, die wir \u00fcber Sie haben.<\/li><li>Lassen Sie uns alle Daten l\u00f6schen, die wir \u00fcber Sie haben.<\/li><li>\u00c4u\u00dfern Sie alle Bedenken, die Sie bez\u00fcglich unserer Verwendung Ihrer Daten haben.<\/li><\/ul>\n\n<p><strong>Sicherheit<\/strong><br\/>Wir treffen Vorkehrungen, um Ihre Informationen zu sch\u00fctzen. Wenn Sie vertrauliche Informationen \u00fcber die Website \u00fcbermitteln, sind Ihre Informationen sowohl online als auch offline gesch\u00fctzt.<\/p>\n\n<p>\u00dcberall dort, wo wir sensible Informationen (z. B. Kreditkartendaten) sammeln, werden diese Informationen verschl\u00fcsselt und auf sichere Weise an uns \u00fcbertragen. Sie k\u00f6nnen dies \u00fcberpr\u00fcfen, indem Sie unten in Ihrem Webbrowser nach einem geschlossenen Schlosssymbol suchen oder am Anfang der Adresse der Webseite nach \u201ehttps\u201c suchen.<\/p>\n\n<p>W\u00e4hrend wir Verschl\u00fcsselung verwenden, um vertrauliche Informationen zu sch\u00fctzen, die online \u00fcbertragen werden, sch\u00fctzen wir Ihre Informationen auch offline. Nur Mitarbeiter, die die Informationen ben\u00f6tigen, um eine bestimmte Aufgabe auszuf\u00fchren (z. B. Rechnungsstellung oder Kundendienst), erhalten Zugriff auf personenbezogene Daten. Die Computer\/Server, auf denen wir personenbezogene Daten speichern, werden in einer sicheren Umgebung aufbewahrt.<\/p>\n\n<p><strong>Newsletter-Opt-Out-Richtlinie<\/strong><br\/>Wir senden Ihnen nur E-Mails, die aufgrund Ihrer E-Mail-Abonnementkriterien f\u00fcr Sie relevant sind.<\/p>\n\n<p>Unser Newsletter bietet Ihnen die M\u00f6glichkeit, Ihr E-Mail-Abonnement zu beenden, wodurch das System angewiesen wird, Sie aus unserer Newsletter-Verteilerliste zu entfernen. Unsere Newsletter enthalten einen Opt-out-Hinweis und einen Link zum Abbestellen in der Fu\u00dfzeile der Nachricht.<\/p>\n\n<p><strong>Aktualisierung<\/strong><br\/> Unsere Datenschutzrichtlinie kann sich von Zeit zu Zeit \u00e4ndern und alle Aktualisierungen werden auf dieser Seite ver\u00f6ffentlicht.<\/p>\n\n<p>Wenn Sie der Meinung sind, dass wir diese Datenschutzrichtlinie nicht einhalten, sollten Sie uns umgehend \u00fcber <a href=\"mailto:sales@thrillsyndicate.com\">sales@thrillsyndicate.com kontaktieren<\/a> <\/p>\n","protected":false},"excerpt":{"rendered":"<p>Alle Rechte an den Inhalten dieser Internetseite mit den Domainnamen thrillsyndicate.com liegen bei Thrill Syndicate bv, soweit diese Rechte nicht Dritten zustehen, deren Material auf thrillsyndicate.com zur Verf\u00fcgung gestellt wurde. Der Nutzer anerkennt die (geistigen) Eigentumsrechte von Thrill Syndicate und seinen Lieferanten an den Inhalten von www.thrillsyndicate.com, ganz oder teilweise, oder die in Informationen enthalten [&hellip;]<\/p>\n","protected":false},"author":64,"featured_media":0,"parent":0,"menu_order":0,"comment_status":"closed","ping_status":"closed","template":"","meta":{"_coblocks_attr":"","_coblocks_dimensions":"","_coblocks_responsive_height":"","_coblocks_accordion_ie_support":"","footnotes":""},"class_list":["post-4904","page","type-page","status-publish","hentry"],"_links":{"self":[{"href":"https:\/\/thrillsyndicate.com\/de\/wp-json\/wp\/v2\/pages\/4904","targetHints":{"allow":["GET"]}}],"collection":[{"href":"https:\/\/thrillsyndicate.com\/de\/wp-json\/wp\/v2\/pages"}],"about":[{"href":"https:\/\/thrillsyndicate.com\/de\/wp-json\/wp\/v2\/types\/page"}],"author":[{"embeddable":true,"href":"https:\/\/thrillsyndicate.com\/de\/wp-json\/wp\/v2\/users\/64"}],"replies":[{"embeddable":true,"href":"https:\/\/thrillsyndicate.com\/de\/wp-json\/wp\/v2\/comments?post=4904"}],"version-history":[{"count":0,"href":"https:\/\/thrillsyndicate.com\/de\/wp-json\/wp\/v2\/pages\/4904\/revisions"}],"wp:attachment":[{"href":"https:\/\/thrillsyndicate.com\/de\/wp-json\/wp\/v2\/media?parent=4904"}],"curies":[{"name":"wp","href":"https:\/\/api.w.org\/{rel}","templated":true}]}}