{"id":4925,"date":"2022-03-25T12:50:55","date_gmt":"2022-03-25T11:50:55","guid":{"rendered":"https:\/\/thrillsyndicate.com\/ueber-thrill-syndicate\/"},"modified":"2025-06-08T08:27:21","modified_gmt":"2025-06-08T06:27:21","slug":"ueber-thrill-syndicate","status":"publish","type":"page","link":"https:\/\/thrillsyndicate.com\/de\/ueber-thrill-syndicate\/","title":{"rendered":"\u00dcber Thrill Syndicate"},"content":{"rendered":"\n<h2 class=\"wp-block-heading\" id=\"h-worldwide-delivery-of-industry-standard-solutions-for-the-adventure-and-leisure-industry\">Weltweite Lieferung von branchen\u00fcblichen L\u00f6sungen f\u00fcr die Abenteuer- und Freizeitindustrie<\/h2>\n\n<p><\/p>\n\n<div class=\"wp-block-image is-style-default\"><figure class=\"aligncenter size-full\"><img loading=\"lazy\" decoding=\"async\" width=\"1200\" height=\"628\" src=\"https:\/\/thrillsyndicate.com\/wp-content\/uploads\/2022\/03\/zipline-girl-5-wide-1.jpg\" alt=\"\" class=\"wp-image-1494\" srcset=\"https:\/\/thrillsyndicate.com\/wp-content\/uploads\/2022\/03\/zipline-girl-5-wide-1.jpg 1200w, https:\/\/thrillsyndicate.com\/wp-content\/uploads\/2022\/03\/zipline-girl-5-wide-1-458x240.jpg 458w, https:\/\/thrillsyndicate.com\/wp-content\/uploads\/2022\/03\/zipline-girl-5-wide-1-300x157.jpg 300w, https:\/\/thrillsyndicate.com\/wp-content\/uploads\/2022\/03\/zipline-girl-5-wide-1-1024x536.jpg 1024w, https:\/\/thrillsyndicate.com\/wp-content\/uploads\/2022\/03\/zipline-girl-5-wide-1-768x402.jpg 768w, https:\/\/thrillsyndicate.com\/wp-content\/uploads\/2022\/03\/zipline-girl-5-wide-1-100x52.jpg 100w\" sizes=\"auto, (max-width: 1200px) 100vw, 1200px\" \/><\/figure><\/div>\n\n<p>Der Branchenexperte f\u00fcr innovative Abenteuerausr\u00fcstung: Thrill Syndicate entwickelt und vertreibt Epic Adventure-L\u00f6sungen weltweit. Wir liefern hochmoderne Produkte und Dienstleistungen f\u00fcr Nervenkitzel und Sicherheit an professionelle Betreiber auf der ganzen Welt.<\/p>\n\n<h2 class=\"wp-block-heading\">Marken, die wir vertreten<\/h2>\n\n<p>Thrill Syndicate repr\u00e4sentiert die Top-Marken in der Abenteuerbranche. Wir kombinieren diese Marken mit Expertenwissen \u00fcber Design und Technik der epischsten Abenteuer der Welt. Unsere Produkte erm\u00f6glichen es Kunden auf der ganzen Welt, ihre Fantasie zum Leben zu erwecken.<\/p>\n\n<hr class=\"wp-block-coblocks-dynamic-separator is-style-line\" style=\"height:50px\">\n\n<div class=\"wp-block-image\"><figure class=\"alignleft size-large is-resized\"><a href=\"https:\/\/thrillsyndicate.com\/de\/Marke\/head-rush-technologies-de\/\"><img loading=\"lazy\" decoding=\"async\" src=\"https:\/\/thrillsyndicate.com\/wp-content\/uploads\/2022\/03\/head-rush-technologies-logo-large-1024x298.png\" alt=\"\" class=\"wp-image-1273\" width=\"512\" height=\"149\" srcset=\"https:\/\/thrillsyndicate.com\/wp-content\/uploads\/2022\/03\/head-rush-technologies-logo-large-1024x298.png 1024w, https:\/\/thrillsyndicate.com\/wp-content\/uploads\/2022\/03\/head-rush-technologies-logo-large-458x133.png 458w, https:\/\/thrillsyndicate.com\/wp-content\/uploads\/2022\/03\/head-rush-technologies-logo-large-300x87.png 300w, https:\/\/thrillsyndicate.com\/wp-content\/uploads\/2022\/03\/head-rush-technologies-logo-large-768x223.png 768w, https:\/\/thrillsyndicate.com\/wp-content\/uploads\/2022\/03\/head-rush-technologies-logo-large-1536x447.png 1536w, https:\/\/thrillsyndicate.com\/wp-content\/uploads\/2022\/03\/head-rush-technologies-logo-large-2048x596.png 2048w, https:\/\/thrillsyndicate.com\/wp-content\/uploads\/2022\/03\/head-rush-technologies-logo-large-100x29.png 100w\" sizes=\"auto, (max-width: 512px) 100vw, 512px\" \/><\/a><figcaption>Klicken Sie hier f\u00fcr eine Headrush-Produkt\u00fcbersicht<\/figcaption><\/figure><\/div>\n\n<div style=\"height:10px\" aria-hidden=\"true\" class=\"wp-block-spacer\"><\/div>\n\n<p>Head Rush Technologies ist der Branchenexperte f\u00fcr innovative Abenteuerausr\u00fcstung. Am besten bekannt f\u00fcr unsere Anwendung der Wirbelstrombremstechnologie in unseren Produkten, einschlie\u00dflich des preisgekr\u00f6nten TRUBLUE-Selbstsicherungsger\u00e4ts, der zipSTOP Seilrutschenbremse, der QuickFlight- und FlightLine-Freifallger\u00e4te und mehr!<\/p>\n\n<p>Sie alle beginnen mit der Suche nach einer M\u00f6glichkeit, unsere patentierte Technologie und unser technisches Know-how zu nutzen, um Abenteuererlebnisse f\u00fcr Benutzer zu verbessern und gleichzeitig den Betreibern von Einrichtungen zu helfen, ihr Gesch\u00e4ft zu verbessern. Alles, was wir entwerfen und herstellen, ist auf diese beiden Ziele ausgerichtet.<\/p>\n\n<p>Als jedes Produkt erfolgreich war, stellten wir fest, dass wir uns konsequent verzweigten, um unseren Kunden bei zus\u00e4tzlichen Problemen zu helfen, auf die sie in ihren Unternehmen stie\u00dfen, was uns dazu veranlasste, andere fortschrittliche Produkte zu entwickeln, um diese Probleme zu l\u00f6sen. Das war die Geburtsstunde des Impact Trolley, des Gorilla Rope und sogar des Arboreal Tree Climbing System, die alle als erstklassige L\u00f6sungen (und bessere Produkte) f\u00fcr unsere Kunden auf den Markt kamen.<\/p>\n\n<hr class=\"wp-block-coblocks-dynamic-separator is-style-line\" style=\"height:50px\">\n\n<div class=\"wp-block-image\"><figure class=\"alignleft size-large is-resized\"><a href=\"https:\/\/thrillsyndicate.com\/de\/Marke\/edelrid-de\/\"><img loading=\"lazy\" decoding=\"async\" src=\"https:\/\/thrillsyndicate.com\/wp-content\/uploads\/2022\/03\/Edelrid_Logo_2013.svg_-1024x305.png\" alt=\"\" class=\"wp-image-1274\" width=\"512\" height=\"153\" srcset=\"https:\/\/thrillsyndicate.com\/wp-content\/uploads\/2022\/03\/Edelrid_Logo_2013.svg_-1024x305.png 1024w, https:\/\/thrillsyndicate.com\/wp-content\/uploads\/2022\/03\/Edelrid_Logo_2013.svg_-458x137.png 458w, https:\/\/thrillsyndicate.com\/wp-content\/uploads\/2022\/03\/Edelrid_Logo_2013.svg_-300x90.png 300w, https:\/\/thrillsyndicate.com\/wp-content\/uploads\/2022\/03\/Edelrid_Logo_2013.svg_-768x229.png 768w, https:\/\/thrillsyndicate.com\/wp-content\/uploads\/2022\/03\/Edelrid_Logo_2013.svg_-100x30.png 100w, https:\/\/thrillsyndicate.com\/wp-content\/uploads\/2022\/03\/Edelrid_Logo_2013.svg_.png 1200w\" sizes=\"auto, (max-width: 512px) 100vw, 512px\" \/><\/a><figcaption>Klicken Sie hier f\u00fcr eine Edelrid Produkt\u00fcbersicht<\/figcaption><\/figure><\/div>\n\n<div style=\"height:10px\" aria-hidden=\"true\" class=\"wp-block-spacer\"><\/div>\n\n<p>Edelrid ist ein Pionier in der Entwicklung hochwertiger Produkte f\u00fcr Abenteuerparks. Ob Betreibergesellschaft, Guide oder Bauherr, wir sorgen daf\u00fcr, dass Sie alles aus einer Hand bekommen.<\/p>\n\n<p>Deshalb entwickeln wir unsere Produkte und L\u00f6sungen st\u00e4ndig weiter, von der Kletterausr\u00fcstung im Berg- und Hallensport bis hin zur Pers\u00f6nlichen Schutzausr\u00fcstung (PSA) f\u00fcr den gewerblichen Einsatz.<br\/><br\/>Als im Allg\u00e4u verwurzelter Hersteller produzieren wir unser komplettes Portfolio an Bergsportseilen, Statikseilen, Einscherseilen sowie Leinen f\u00fcr Gleitschirme und viele weitere industrielle Anwendungen in unserer eigenen Seilfabrik.<\/p>\n\n<hr class=\"wp-block-coblocks-dynamic-separator is-style-line\" style=\"height:50px\">\n\n<div class=\"wp-block-image\"><figure class=\"alignleft size-full is-resized\"><a href=\"https:\/\/thrillsyndicate.com\/de\/Marke\/saferoller-de\/\"><img loading=\"lazy\" decoding=\"async\" src=\"https:\/\/thrillsyndicate.com\/wp-content\/uploads\/2022\/03\/Saferoller-logo.jpg\" alt=\"Saferoller Dauersicherungssystem\" class=\"wp-image-707\" width=\"512\" height=\"153\" srcset=\"https:\/\/thrillsyndicate.com\/wp-content\/uploads\/2022\/03\/Saferoller-logo.jpg 246w, https:\/\/thrillsyndicate.com\/wp-content\/uploads\/2022\/03\/Saferoller-logo-100x30.jpg 100w\" sizes=\"auto, (max-width: 512px) 100vw, 512px\" \/><\/a><figcaption>Klicken Sie hier f\u00fcr eine Saferoller-Produkt\u00fcbersicht<\/figcaption><\/figure><\/div>\n\n<div style=\"height:10px\" aria-hidden=\"true\" class=\"wp-block-spacer\"><\/div>\n\n<p>Saferoller ist das weltweit ERSTE rollende kontinuierliche Sicherungssystem und bleibt das einzige System, das f\u00fcr maximalen Adrenalinschub mit Sicherheitsleine au\u00dferhalb der Reichweite installiert werden kann (2 m &#8211; 2,3 m \u00fcber Plattformh\u00f6he).<\/p>\n\n<p><strong>Saferoller, schnelles, durchgehendes Rollen:<\/strong> Einfach aufstecken und rollen. Schnelles, kontinuierliches End-to-End-Rollen und beispiellose freih\u00e4ndige Bewegung schaffen ein adrenalingeladenes Abenteuer.<\/p>\n\n<p><strong>Saferoller, entwickelt f\u00fcr Sicherheitsleine au\u00dfer Reichweite:<\/strong> Das einzige System, das mit Sicherheitsleine au\u00dfer Reichweite (2 m &#8211; 2,3 m \u00fcber Plattformh\u00f6he) installiert werden kann, f\u00fcr maximalen Adrenalinschub und das ultimative Erlebnis.<\/p>\n\n<p><strong>Maximierung der Kapitalrendite:<\/strong> Professionelles Design und Konstruktion erh\u00f6hen den Benutzerdurchsatz und reduzieren den Personalbedarf. Verbessern Sie das Benutzererlebnis, indem Sie die Positionierung von Start- und Endplattformen, Abbiegungen, Auf- und Abstiegen optimieren.<\/p>\n\n<p><strong>Reduzierung der j\u00e4hrlichen Betriebskosten um 25\u201335 %:<\/strong> Das rollende Endlossicherungssystem von Saferoller erfordert nur minimale \u00dcberwachung und weniger Personal. Erh\u00f6hen Sie den Kundendurchsatz um bis zu 20 %.<\/p>\n\n<p><strong>Wartungsgeb\u00fchren minimieren:<\/strong> Die niedrigsten Wartungsanforderungen auf dem Markt und austauschbare Teile machen Saferoller\u00ae zum Branchenf\u00fchrer. Die Einweisung dauert nur 60 Sekunden. Minimale \u00dcberwachung und weniger Personal erforderlich.<\/p>\n\n<p><strong>T\u00dcV S\u00fcd Zertifiziert:<\/strong> Saferoller Teile werden nach strengen Qualit\u00e4tsstandards hergestellt: (KATEGORIE \u201eE\u201c, RfU CNB\/P\/11.104, EN 795 B, EN 15567-1, EN 15567-2, EN 12278) und nach ACCT Standards ( VEREINIGTE STAATEN VON AMERIKA).<\/p>\n\n<hr class=\"wp-block-coblocks-dynamic-separator is-style-line\" style=\"height:50px\">\n\n<div class=\"wp-block-image\"><figure class=\"alignleft size-full is-resized\"><a href=\"https:\/\/thrillsyndicate.com\/de\/Marke\/speedrunner-de\/\"><img loading=\"lazy\" decoding=\"async\" src=\"https:\/\/thrillsyndicate.com\/wp-content\/uploads\/2022\/03\/speedrunner-logo.jpg\" alt=\"Speedrunner Dauersicherungssystem\" class=\"wp-image-708\" width=\"512\" height=\"153\" srcset=\"https:\/\/thrillsyndicate.com\/wp-content\/uploads\/2022\/03\/speedrunner-logo.jpg 246w, https:\/\/thrillsyndicate.com\/wp-content\/uploads\/2022\/03\/speedrunner-logo-100x30.jpg 100w\" sizes=\"auto, (max-width: 512px) 100vw, 512px\" \/><\/a><figcaption>Klicken Sie hier f\u00fcr eine Speedrunner-Produkt\u00fcbersicht<\/figcaption><\/figure><\/div>\n\n<div style=\"height:10px\" aria-hidden=\"true\" class=\"wp-block-spacer\"><\/div>\n\n<p>Speedrunner ist die freilaufende L\u00f6sung f\u00fcr Ihren Hochseilgarten. Mit der Sicherheitsleine auf halber H\u00f6he l\u00e4sst es sich schnell f\u00fcr viele Situationen anpassen. Das zertifizierte mobile Verbindungsger\u00e4t (PSA) Kanhook ist ein hakenbasiertes System mit dem branchenweit ersten selbstschlie\u00dfenden L\u00fcckenmechanismus. Es ist unser wirtschaftlichstes und am einfachsten zu installierendes System. Entwickelt, um Verschlei\u00df zu widerstehen. Robust, langlebig und zuverl\u00e4ssig. Einfach einhaken und loslegen.<\/p>\n\n<p>Das Speedrunner Dauersicherungssystem basiert auf einem Haken. Der Kanhook (PSA) gleitet sanft und ger\u00e4uschlos auf der Sicherheitsleine und folgt Ihnen, wohin Sie auch gehen. Sie sind durchgehend gesichert. Die Sicherheitsleine wird auf halber H\u00f6he (1,4m -1,6m) installiert, um eine manuelle Manipulation zu erm\u00f6glichen.<\/p>\n\n<p><strong>T\u00dcV S\u00fcd Zertifiziert:<\/strong> Speedrunner Teile werden nach strengen Qualit\u00e4tsstandards hergestellt: T\u00dcV S\u00fcd Zertifiziert KATEGORIE \u201eE\u201c EN 795 B EN 795 C EN 15567 EN 17109 RfU CNB\/P\/11.104 ACCT Standards (USA).<\/p>\n\n<hr class=\"wp-block-coblocks-dynamic-separator is-style-line\" style=\"height:50px\">\n\n<div class=\"wp-block-image\"><figure class=\"alignleft size-large is-resized\"><a href=\"https:\/\/thrillsyndicate.com\/de\/Marke\/lockd-clips-de\/\"><img loading=\"lazy\" decoding=\"async\" src=\"https:\/\/thrillsyndicate.com\/wp-content\/uploads\/2022\/03\/2021_LockD_lowercase-logo-blackgold-1024x207.png\" alt=\"\" class=\"wp-image-1275\" width=\"512\" height=\"104\" srcset=\"https:\/\/thrillsyndicate.com\/wp-content\/uploads\/2022\/03\/2021_LockD_lowercase-logo-blackgold-1024x207.png 1024w, https:\/\/thrillsyndicate.com\/wp-content\/uploads\/2022\/03\/2021_LockD_lowercase-logo-blackgold-458x93.png 458w, https:\/\/thrillsyndicate.com\/wp-content\/uploads\/2022\/03\/2021_LockD_lowercase-logo-blackgold-300x61.png 300w, https:\/\/thrillsyndicate.com\/wp-content\/uploads\/2022\/03\/2021_LockD_lowercase-logo-blackgold-768x155.png 768w, https:\/\/thrillsyndicate.com\/wp-content\/uploads\/2022\/03\/2021_LockD_lowercase-logo-blackgold-1536x311.png 1536w, https:\/\/thrillsyndicate.com\/wp-content\/uploads\/2022\/03\/2021_LockD_lowercase-logo-blackgold-2048x414.png 2048w, https:\/\/thrillsyndicate.com\/wp-content\/uploads\/2022\/03\/2021_LockD_lowercase-logo-blackgold-100x20.png 100w\" sizes=\"auto, (max-width: 512px) 100vw, 512px\" \/><\/a><figcaption>Klicken Sie hier f\u00fcr eine LockD Clips Produkt\u00fcbersicht<\/figcaption><\/figure><\/div>\n\n<div style=\"height:10px\" aria-hidden=\"true\" class=\"wp-block-spacer\"><\/div>\n\n<p>Auf der Grundlage des Feedbacks aus der Abenteuer-Freizeitindustrie wurde das optimierte, innovative \u201eAlways-Locked\u201c-Design von LockD Clips speziell f\u00fcr die Bed\u00fcrfnisse von Betreibern und Teilnehmern von Abenteuer-Freizeitaktivit\u00e4ten entwickelt.<\/p>\n\n<p><strong>Unser intelligentes Sicherungssystem ist einfach, unkompliziert und sicher.<\/strong> <\/p>\n\n<p>Intelligente Sicherungssysteme f\u00fcr Abenteuerparks, wie LockD Clips, erm\u00f6glichen es dem Kletterer auch, verschiedene Pfade zu w\u00e4hlen, langsamere Kletterer zu \u00fcberholen und sich sowohl mit vertikalen als auch horizontalen Elementen zu besch\u00e4ftigen, was eine gr\u00f6\u00dfere Kontrolle und Flexibilit\u00e4t bei der Aktivit\u00e4t bietet. Mit unserem einfachen \u201eAlways-Locked\u201c-Design \u00fcbergeben LockD Clips die Seile und Z\u00fcgel sicher wieder an den Kletterer f\u00fcr ein autonomes, aber vertrauensw\u00fcrdiges Erlebnis.<\/p>\n\n<p>Der \u201eSchl\u00fcssel\u201c zum Sperren und Entsperren des intelligenten Sicherungssystems LockD Clips ist der Tweezle Key. Wenn ein LockD-Clip auf einen Tweezle-Schl\u00fcssel (an einer Rettungsleine montiert) gesteckt wird, wird er verriegelt, w\u00e4hrend der andere Clip entriegelt wird.<\/p>\n\n<hr class=\"wp-block-coblocks-dynamic-separator is-style-line\" style=\"height:50px\">\n\n<div class=\"wp-block-image\"><figure class=\"alignleft size-full is-resized\"><a href=\"https:\/\/thrillsyndicate.com\/de\/Marke\/isc-de\/\"><img decoding=\"async\" src=\"https:\/\/thrillsyndicate.com\/wp-content\/uploads\/2022\/04\/logoISCGrey.png\" alt=\"Internationale Sicherheitskomponenten (ISC)\" class=\"wp-image-1814\" height=\"130\" srcset=\"https:\/\/thrillsyndicate.com\/wp-content\/uploads\/2022\/04\/logoISCGrey.png 400w, https:\/\/thrillsyndicate.com\/wp-content\/uploads\/2022\/04\/logoISCGrey-300x127.png 300w, https:\/\/thrillsyndicate.com\/wp-content\/uploads\/2022\/04\/logoISCGrey-100x42.png 100w\" sizes=\"(max-width: 400px) 100vw, 400px\" \/><\/a><figcaption>Klicken Sie hier f\u00fcr eine ISC-Produkt\u00fcbersicht<\/figcaption><\/figure><\/div>\n\n<div style=\"height:10px\" aria-hidden=\"true\" class=\"wp-block-spacer\"><\/div>\n\n<p>International Safety Components (ISC) ist ein weltweit f\u00fchrender Anbieter von H\u00f6hensicherungsausr\u00fcstung. Wir entwickeln und fertigen Ausr\u00fcstung f\u00fcr eine Vielzahl von Branchen, darunter Baumpflege, Seilzugang, Seilrettung und Abenteuerparks.<\/p>\n\n<p>ISC Challenge Course, Adventure Park und Zip-Line-Produkte sind so konzipiert, dass sie den Benutzern ein sicheres und angenehmes Erlebnis bieten und gleichzeitig den Kursbetreibern optimalen Komfort und Durchsatz bieten. In den meisten F\u00e4llen k\u00f6nnen ISC-Produkte an bestehenden Kursen nachger\u00fcstet werden, ohne dass \u00c4nderungen an den Linien erforderlich sind. Alle Produkte sind auf optimale Leistung und Haltbarkeit ausgelegt. In Zusammenarbeit mit f\u00fchrenden Branchenexperten haben unsere Ingenieure eine Reihe von Zip-Trolleys entwickelt, die optimale Leistung und Lebensdauer bieten.<\/p>\n\n<p>Das ISC ZipSpeed Trolley-Sortiment eignet sich f\u00fcr alle Arten von Seilrutschen, von leichten Clip&#8217;n&#8217;Zip-Trolleys f\u00fcr Zip-Parks bis hin zu Hochgeschwindigkeits-Performance-Trolleys f\u00fcr superschnelle Linien! Unser ZipSpeed-Trolley-Sortiment wird durch eine gro\u00dfe Auswahl an Zubeh\u00f6roptionen erg\u00e4nzt, darunter Gurte im Fallschirm- und Superman-Stil und die neue Anti-Rollback Cam (ARC), die den Durchsatz optimieren soll, indem verhindert wird, dass Benutzer auf der Leine r\u00fcckw\u00e4rts rollen.<\/p>\n\n<hr class=\"wp-block-coblocks-dynamic-separator is-style-line\" style=\"height:50px\">\n\n<div class=\"wp-block-image\"><figure class=\"alignleft size-large is-resized\"><a href=\"https:\/\/thrillsyndicate.com\/de\/Marke\/thrill-syndicate-de\/\"><img decoding=\"async\" src=\"https:\/\/thrillsyndicate.com\/wp-content\/uploads\/2022\/03\/ts-wide-large-1024x196.png\" alt=\"\" class=\"wp-image-1546\" width=\"512\" srcset=\"https:\/\/thrillsyndicate.com\/wp-content\/uploads\/2022\/03\/ts-wide-large-1024x196.png 1024w, https:\/\/thrillsyndicate.com\/wp-content\/uploads\/2022\/03\/ts-wide-large-458x88.png 458w, https:\/\/thrillsyndicate.com\/wp-content\/uploads\/2022\/03\/ts-wide-large-300x57.png 300w, https:\/\/thrillsyndicate.com\/wp-content\/uploads\/2022\/03\/ts-wide-large-768x147.png 768w, https:\/\/thrillsyndicate.com\/wp-content\/uploads\/2022\/03\/ts-wide-large-1536x293.png 1536w, https:\/\/thrillsyndicate.com\/wp-content\/uploads\/2022\/03\/ts-wide-large-2048x391.png 2048w, https:\/\/thrillsyndicate.com\/wp-content\/uploads\/2022\/03\/ts-wide-large-100x19.png 100w\" sizes=\"(max-width: 1024px) 100vw, 1024px\" \/><\/a><figcaption>Klicken Sie hier f\u00fcr eine Produkt\u00fcbersicht von Thrill Syndicate<\/figcaption><\/figure><\/div>\n\n<div style=\"height:10px\" aria-hidden=\"true\" class=\"wp-block-spacer\"><\/div>\n\n<p>Thrill Syndicate entwickelt und vertreibt Epic Adventure-L\u00f6sungen weltweit. Wir liefern hochmoderne Produkte und Dienstleistungen f\u00fcr Nervenkitzel und Sicherheit an professionelle Betreiber auf der ganzen Welt.<\/p>\n\n<p>Egal, ob sie unsere Selbstsicherungen f\u00fcr ein aufregendes neues Kletterelement verwenden, unsere magnetischen Seilrutschenbremsen, um die l\u00e4ngste Seilrutsche der Welt zu bauen, oder eines unserer Jump-Produkte, um Ihren Kunden, Thrill Syndicate, ein aufregendes Freifallerlebnis zu bieten setzt wirklich die Kraft der Vorstellungskraft ein.<\/p>\n\n<p>Wir verwenden die <a href=\"https:\/\/thrillsyndicate.com\/blog\/the-science-of-eddy-current-magnetic-braking\/\">magnetische Wirbelstrombremstechnologie<\/a> in Kletter-, Freifall- und Seilrutschenger\u00e4ten. Unsere Wirbelstrombremstechnologie ist \u00e4u\u00dferst zuverl\u00e4ssig, leichtg\u00e4ngig und wartungsarm. Die Bremsung erfolgt reibungsfrei ohne sich ber\u00fchrende Teile.<\/p>\n\n<p><\/p>\n","protected":false},"excerpt":{"rendered":"<p>Weltweite Lieferung von branchen\u00fcblichen L\u00f6sungen f\u00fcr die Abenteuer- und Freizeitindustrie Der Branchenexperte f\u00fcr innovative Abenteuerausr\u00fcstung: Thrill Syndicate entwickelt und vertreibt Epic Adventure-L\u00f6sungen weltweit. Wir liefern hochmoderne Produkte und Dienstleistungen f\u00fcr Nervenkitzel und Sicherheit an professionelle Betreiber auf der ganzen Welt. Marken, die wir vertreten Thrill Syndicate repr\u00e4sentiert die Top-Marken in der Abenteuerbranche. Wir kombinieren diese [&hellip;]<\/p>\n","protected":false},"author":64,"featured_media":0,"parent":0,"menu_order":0,"comment_status":"closed","ping_status":"closed","template":"","meta":{"_coblocks_attr":"","_coblocks_dimensions":"","_coblocks_responsive_height":"","_coblocks_accordion_ie_support":"","footnotes":""},"class_list":["post-4925","page","type-page","status-publish","hentry"],"_links":{"self":[{"href":"https:\/\/thrillsyndicate.com\/de\/wp-json\/wp\/v2\/pages\/4925","targetHints":{"allow":["GET"]}}],"collection":[{"href":"https:\/\/thrillsyndicate.com\/de\/wp-json\/wp\/v2\/pages"}],"about":[{"href":"https:\/\/thrillsyndicate.com\/de\/wp-json\/wp\/v2\/types\/page"}],"author":[{"embeddable":true,"href":"https:\/\/thrillsyndicate.com\/de\/wp-json\/wp\/v2\/users\/64"}],"replies":[{"embeddable":true,"href":"https:\/\/thrillsyndicate.com\/de\/wp-json\/wp\/v2\/comments?post=4925"}],"version-history":[{"count":0,"href":"https:\/\/thrillsyndicate.com\/de\/wp-json\/wp\/v2\/pages\/4925\/revisions"}],"wp:attachment":[{"href":"https:\/\/thrillsyndicate.com\/de\/wp-json\/wp\/v2\/media?parent=4925"}],"curies":[{"name":"wp","href":"https:\/\/api.w.org\/{rel}","templated":true}]}}