{"id":10348,"date":"2023-05-16T18:27:39","date_gmt":"2023-05-16T16:27:39","guid":{"rendered":"https:\/\/thrillsyndicate.com\/shop\/edelrid-switch-adjust-adjustable-lanyard\/"},"modified":"2025-08-26T08:42:06","modified_gmt":"2025-08-26T06:42:06","slug":"edelrid-switch-adjust-adjustable-lanyard","status":"publish","type":"product","link":"https:\/\/thrillsyndicate.com\/de\/product\/edelrid-switch-adjust-adjustable-lanyard\/","title":{"rendered":"Edelrid Switch Adjust &#8211; Verstellbares Verbindungsmittel"},"content":{"rendered":"<p>Wir pr\u00e4sentieren Ihnen das Edelrid Switch Adjust &#8211; Verstellbare Verbindungsmittel, unsere Antwort auf das ultimative verstellbare Verbindungsmittel. Er ist fachm\u00e4nnisch gefertigt und sorgf\u00e4ltig entworfen und bietet unvergleichliche Funktionalit\u00e4t und \u00fcberlegene Leistung. Der Switch Adjust ist aus energieabsorbierendem dynamischem Seil gefertigt und verf\u00fcgt \u00fcber eine einzigartige SWIFT 48 Pro Dry 8,9 mm Konstruktion, die sowohl Robustheit als auch Flexibilit\u00e4t gew\u00e4hrleistet.<\/p>\n<p>Seine dynamische Seilkonstruktion bietet einen deutlichen Vorteil bei der Energieabsorption. Diese Eigenschaft sorgt f\u00fcr eine erhebliche Kraftreduzierung bei einem Sturz und bietet so zus\u00e4tzliche Sicherheit im Vergleich zu herk\u00f6mmlichen statischen Verbindungsmittel.<\/p>\n<h2>Schnelle und einfache Anpassungen, auch unter Last<\/h2>\n<p>Das Edelrid Switch Adjust &#8211; Adjustable Verbindungsmittel zeichnet sich dadurch aus, dass es schnell und einfach mit einer Seilklemme verstellt werden kann, auch unter Last. Diese Funktion bietet Kletterern ein hohes Ma\u00df an Anpassungsf\u00e4higkeit und Komfort w\u00e4hrend ihrer Klettertouren. Egal, ob du den Abstand zum Anschlagpunkt anpasst oder deine Kletterrichtung \u00e4nderst, der Switch Adjust sorgt f\u00fcr einen nahtlosen und effizienten Prozess.<\/p>\n<p>Die verstellbare L\u00e4nge reicht von 15 cm bis zu gro\u00dfz\u00fcgigen 120 cm und bietet so ein breites Spektrum an Flexibilit\u00e4t f\u00fcr verschiedene Kletterszenarien. Mit dem Switch Adjust hast du die Freiheit, dich an deine Umgebung anzupassen, nicht umgekehrt.<\/p>\n<h2>Einbindung des KIWI SCREW Karabiners<\/h2>\n<p>Das Edelrid Switch Adjust &#8211; Adjustable Verbindungsmittel besticht nicht nur durch sein dynamisches Seil und seine Verstellbarkeit. Es geht auch um sichere Verbindungen. Dieses Verbindungsmittel wird mit einem integrierten KIWI SCREW Karabiner f\u00fcr eine sichere Befestigung am Anschlagpunkt geliefert. Der KIWI SCREW Karabiner ist bekannt f\u00fcr seine hochwertige Konstruktion und \u00fcberragende Festigkeit. Er ist ein zuverl\u00e4ssiger Partner, der deine Sicherheit w\u00e4hrend deiner Klettertour gew\u00e4hrleistet.<\/p>\n<h2>Robuste Kernmantelkonstruktion im Fokus<\/h2>\n<p>Der Switch Adjust zeichnet sich durch eine \u00e4u\u00dferst robuste Kernmantelkonstruktion aus. Kernmantelseile sind f\u00fcr ihre hohe Zugfestigkeit und au\u00dfergew\u00f6hnliche Langlebigkeit bekannt. Das verdanken sie ihrer speziellen Konstruktion aus einem gesch\u00fctzten Kern (Kern) in einem gewebten Au\u00dfenmantel (Mantel). Diese Konstruktion erh\u00f6ht nicht nur die Lebensdauer des Lanyards, sondern sorgt auch f\u00fcr eine gleichbleibende Leistung bei verschiedenen Wetterbedingungen und in rauen Umgebungen.<\/p>\n<h2>Die Einfachheit der Gurtbefestigung nutzen<\/h2>\n<p>Das Edelrid Switch Adjust &#8211; Adjustable Verbindungsmittel ist f\u00fcr die einfache und sichere Befestigung an Ihrem Gurt mit Hilfe eines Gurtzeugs konzipiert. Diese Funktion sorgt daf\u00fcr, dass das Verbindungsmittel fest mit deinem Gurt verbunden bleibt und dir beim Klettern optimale Sicherheit und Stabilit\u00e4t bietet.<\/p>\n<h2>Spezifikationen<\/h2>\n<ul>\n<li>L\u00e4nge auch unter Last einstellbar<\/li>\n<li>Integrierter KIWI SCREW Karabiner zur Befestigung am Anschlagpunkt<\/li>\n<li>\u00c4u\u00dferst robuste Kernmantelkonstruktion<\/li>\n<li>L\u00e4nge einstellbar von 15 bis 120 cm<\/li>\n<li>Zertifizierung: EN 12275<\/li>\n<\/ul>\n<p><iframe loading=\"lazy\" title=\"How To Use: SWITCH (DOUBLE) ADJUST | EDELRID\" width=\"980\" height=\"551\" src=\"https:\/\/www.youtube.com\/embed\/U0CiunpFZQk?feature=oembed\" frameborder=\"0\" allow=\"accelerometer; autoplay; clipboard-write; encrypted-media; gyroscope; picture-in-picture; web-share\" referrerpolicy=\"strict-origin-when-cross-origin\" allowfullscreen><\/iframe><\/p>\n<h3 class=\"western\">\ud83d\udc49 Sie suchen einen bestimmten Edelrid-Artikel, der nicht im Shop gelistet ist? Wir vertreiben das komplette Portfolio f\u00fcr Abenteuer, Sport und Sicherheit. Bitte <strong><a href=\"https:\/\/thrillsyndicate.com\/de\/kontakt\/\">senden Sie<\/a><\/strong> uns eine E-Mail oder sehen Sie sich die vollst\u00e4ndige <strong><a href=\"https:\/\/thrillsyndicate.com\/edelrid-safety-price-list-2025\/\">Sicherheitspreisliste hier<\/a><\/strong>. \ud83d\udc48<\/h3>\n","protected":false},"excerpt":{"rendered":"<p>Das Edelrid Switch Adjust ist ein verstellbares, selbstsicherndes Verbindungsmittel, das aus einem energieabsorbierenden dynamischen Seil, dem SWIFT 48 Pro Dry 8,9 mm, hergestellt wird. Dieses Verbindungsmittel zeichnet sich dadurch aus, dass es sich mit einer Seilklemme schnell und m\u00fchelos verstellen l\u00e4sst, selbst wenn es belastet wird. Au\u00dferdem verf\u00fcgt er \u00fcber eine gro\u00dfz\u00fcgig bemessene Schlaufe f\u00fcr eine einfache und sichere Befestigung am Gurt \u00fcber eine Gurtanbindung.<\/p>\n","protected":false},"featured_media":10330,"template":"","meta":{"_coblocks_attr":"","_coblocks_dimensions":"","_coblocks_responsive_height":"","_coblocks_accordion_ie_support":"","wds_primary_product_brand":0,"wds_primary_product_cat":0},"product_brand":[62],"product_cat":[65],"product_tag":[57,67,176,807],"class_list":{"0":"post-10348","1":"product","2":"type-product","3":"status-publish","4":"has-post-thumbnail","6":"product_brand-edelrid","7":"product_cat-connecting","8":"product_tag-lanyard","9":"product_tag-ppe","10":"product_tag-connecting","11":"product_tag-adjustable-lanyard","13":"first","14":"instock","15":"taxable","16":"shipping-taxable","17":"purchasable","18":"product-type-simple"},"_links":{"self":[{"href":"https:\/\/thrillsyndicate.com\/de\/wp-json\/wp\/v2\/product\/10348","targetHints":{"allow":["GET"]}}],"collection":[{"href":"https:\/\/thrillsyndicate.com\/de\/wp-json\/wp\/v2\/product"}],"about":[{"href":"https:\/\/thrillsyndicate.com\/de\/wp-json\/wp\/v2\/types\/product"}],"wp:featuredmedia":[{"embeddable":true,"href":"https:\/\/thrillsyndicate.com\/de\/wp-json\/wp\/v2\/media\/10330"}],"wp:attachment":[{"href":"https:\/\/thrillsyndicate.com\/de\/wp-json\/wp\/v2\/media?parent=10348"}],"wp:term":[{"taxonomy":"product_brand","embeddable":true,"href":"https:\/\/thrillsyndicate.com\/de\/wp-json\/wp\/v2\/product_brand?post=10348"},{"taxonomy":"product_cat","embeddable":true,"href":"https:\/\/thrillsyndicate.com\/de\/wp-json\/wp\/v2\/product_cat?post=10348"},{"taxonomy":"product_tag","embeddable":true,"href":"https:\/\/thrillsyndicate.com\/de\/wp-json\/wp\/v2\/product_tag?post=10348"}],"curies":[{"name":"wp","href":"https:\/\/api.w.org\/{rel}","templated":true}]}}