{"id":10517,"date":"2023-05-24T15:09:17","date_gmt":"2023-05-24T13:09:17","guid":{"rendered":"https:\/\/thrillsyndicate.com\/shop\/edelrid-pes-schlinge-16-mm\/"},"modified":"2025-08-26T08:41:51","modified_gmt":"2025-08-26T06:41:51","slug":"edelrid-pes-schlinge-16-mm","status":"publish","type":"product","link":"https:\/\/thrillsyndicate.com\/de\/product\/edelrid-pes-schlinge-16-mm\/","title":{"rendered":"Edelrid PES Hebegurt 16 mm"},"content":{"rendered":"<p>Die robuste Edelrid PES-Schlinge 16mm ist dein zuverl\u00e4ssiger Kletterbegleiter. Mit seiner eingebauten Verschlei\u00dfanzeige sorgt er jederzeit f\u00fcr deine Sicherheit.<\/p>\n<h2>Spezifikationen<\/h2>\n<ul>\n<li>Interner Verschlei\u00dfindikator aus rotem Polyester<\/li>\n<li>Gen\u00e4htes Etikett mit Erkl\u00e4rung der Sichtpr\u00fcfung<\/li>\n<li>Gurtband aus robustem, langlebigem Polyester<\/li>\n<li>Breite: 16 mm<\/li>\n<li>Mindestbruchkraft: 23 kN<\/li>\n<li>Zertifizierung : EN 354<\/li>\n<li>Zertifizierung : EN 566<\/li>\n<li>Zertifizierung : EN 795 Typ B<\/li>\n<li>Material : Polyester<\/li>\n<\/ul>\n<h3 class=\"western\">\ud83d\udc49 Sie suchen einen bestimmten Edelrid-Artikel, der nicht im Shop gelistet ist? Wir vertreiben das komplette Portfolio f\u00fcr Abenteuer, Sport und Sicherheit. Bitte <strong><a href=\"https:\/\/thrillsyndicate.com\/de\/kontakt\/\">senden Sie<\/a><\/strong> uns eine E-Mail oder sehen Sie sich die vollst\u00e4ndige <strong><a href=\"https:\/\/thrillsyndicate.com\/edelrid-safety-price-list-2025\/\">Sicherheitspreisliste hier<\/a><\/strong>. \ud83d\udc48<\/h3>\n","protected":false},"excerpt":{"rendered":"<p>16-mm-Schlinge aus robustem und abriebfestem Polyester mit integrierter Verschlei\u00dfanzeige. Rote Fasern im Inneren der Schlinge werden an jeder kritischen Abriebstelle sichtbar und signalisieren, dass sie ausgetauscht werden muss.<\/p>\n","protected":false},"featured_media":10479,"template":"","meta":{"_coblocks_attr":"","_coblocks_dimensions":"","_coblocks_responsive_height":"","_coblocks_accordion_ie_support":"","wds_primary_product_brand":0,"wds_primary_product_cat":0},"product_brand":[62],"product_cat":[65,847],"product_tag":[67,806,848,176],"class_list":{"0":"post-10517","1":"product","2":"type-product","3":"status-publish","4":"has-post-thumbnail","6":"product_brand-edelrid","7":"product_cat-connecting","8":"product_cat-anchors","9":"product_tag-ppe","10":"product_tag-sling","11":"product_tag-anchor","12":"product_tag-connecting","14":"first","15":"instock","16":"taxable","17":"shipping-taxable","18":"purchasable","19":"product-type-variable","20":"has-default-attributes"},"_links":{"self":[{"href":"https:\/\/thrillsyndicate.com\/de\/wp-json\/wp\/v2\/product\/10517","targetHints":{"allow":["GET"]}}],"collection":[{"href":"https:\/\/thrillsyndicate.com\/de\/wp-json\/wp\/v2\/product"}],"about":[{"href":"https:\/\/thrillsyndicate.com\/de\/wp-json\/wp\/v2\/types\/product"}],"wp:featuredmedia":[{"embeddable":true,"href":"https:\/\/thrillsyndicate.com\/de\/wp-json\/wp\/v2\/media\/10479"}],"wp:attachment":[{"href":"https:\/\/thrillsyndicate.com\/de\/wp-json\/wp\/v2\/media?parent=10517"}],"wp:term":[{"taxonomy":"product_brand","embeddable":true,"href":"https:\/\/thrillsyndicate.com\/de\/wp-json\/wp\/v2\/product_brand?post=10517"},{"taxonomy":"product_cat","embeddable":true,"href":"https:\/\/thrillsyndicate.com\/de\/wp-json\/wp\/v2\/product_cat?post=10517"},{"taxonomy":"product_tag","embeddable":true,"href":"https:\/\/thrillsyndicate.com\/de\/wp-json\/wp\/v2\/product_tag?post=10517"}],"curies":[{"name":"wp","href":"https:\/\/api.w.org\/{rel}","templated":true}]}}