{"id":10532,"date":"2023-05-24T15:59:38","date_gmt":"2023-05-24T13:59:38","guid":{"rendered":"https:\/\/thrillsyndicate.com\/shop\/edelrid-anti-twist-16mm\/"},"modified":"2025-08-26T08:41:25","modified_gmt":"2025-08-26T06:41:25","slug":"edelrid-anti-twist-16mm","status":"publish","type":"product","link":"https:\/\/thrillsyndicate.com\/de\/product\/edelrid-anti-twist-16mm\/","title":{"rendered":"Edelrid Anti-Twist 16mm (10St\u00fcck)"},"content":{"rendered":"<p>Der Antitwist ist die Kombination aus Karabiner und Verbindungsmittel. Er fixiert den Karabiner optimal, so dass verdrehte Karabiner der Vergangenheit angeh\u00f6ren. Der ANTITWIST h\u00e4lt den Karabiner in Position und sch\u00fctzt das Gurtband vor vorzeitigem Abrieb.  <\/p>\n<p>Erh\u00e4ltlich f\u00fcr Gurtb\u00e4nder mit einer Breite von 16 mm. <strong>Verpackt pro 10 St\u00fcck<\/strong>.<\/p>\n<h3 class=\"western\">\ud83d\udc49 Sie suchen einen bestimmten Edelrid-Artikel, der nicht im Shop gelistet ist? Wir vertreiben das komplette Portfolio f\u00fcr Abenteuer, Sport und Sicherheit. Bitte <strong><a href=\"https:\/\/thrillsyndicate.com\/de\/kontakt\/\">senden Sie<\/a><\/strong> uns eine E-Mail oder sehen Sie sich die vollst\u00e4ndige <strong><a href=\"https:\/\/thrillsyndicate.com\/edelrid-safety-price-list-2025\/\">Sicherheitspreisliste hier<\/a><\/strong>. \ud83d\udc48<\/h3>\n","protected":false},"excerpt":{"rendered":"<p>Der ANTITWIST fixiert den Karabiner und die Schlinge und verhindert eine ungewollte Drehung w\u00e4hrend der Benutzung. Erh\u00e4ltlich f\u00fcr Gurtb\u00e4nder mit einer Breite von 16 mm.<\/p>\n","protected":false},"featured_media":10497,"template":"","meta":{"_coblocks_attr":"","_coblocks_dimensions":"","_coblocks_responsive_height":"","_coblocks_accordion_ie_support":"","wds_primary_product_brand":0,"wds_primary_product_cat":0},"product_brand":[62],"product_cat":[813,65,847,843],"product_tag":[57,67,176],"class_list":{"0":"post-10532","1":"product","2":"type-product","3":"status-publish","4":"has-post-thumbnail","6":"product_brand-edelrid","7":"product_cat-carabiners","8":"product_cat-connecting","9":"product_cat-anchors","10":"product_cat-connectors","11":"product_tag-lanyard","12":"product_tag-ppe","13":"product_tag-connecting","15":"first","16":"instock","17":"taxable","18":"shipping-taxable","19":"purchasable","20":"product-type-simple"},"_links":{"self":[{"href":"https:\/\/thrillsyndicate.com\/de\/wp-json\/wp\/v2\/product\/10532","targetHints":{"allow":["GET"]}}],"collection":[{"href":"https:\/\/thrillsyndicate.com\/de\/wp-json\/wp\/v2\/product"}],"about":[{"href":"https:\/\/thrillsyndicate.com\/de\/wp-json\/wp\/v2\/types\/product"}],"wp:featuredmedia":[{"embeddable":true,"href":"https:\/\/thrillsyndicate.com\/de\/wp-json\/wp\/v2\/media\/10497"}],"wp:attachment":[{"href":"https:\/\/thrillsyndicate.com\/de\/wp-json\/wp\/v2\/media?parent=10532"}],"wp:term":[{"taxonomy":"product_brand","embeddable":true,"href":"https:\/\/thrillsyndicate.com\/de\/wp-json\/wp\/v2\/product_brand?post=10532"},{"taxonomy":"product_cat","embeddable":true,"href":"https:\/\/thrillsyndicate.com\/de\/wp-json\/wp\/v2\/product_cat?post=10532"},{"taxonomy":"product_tag","embeddable":true,"href":"https:\/\/thrillsyndicate.com\/de\/wp-json\/wp\/v2\/product_tag?post=10532"}],"curies":[{"name":"wp","href":"https:\/\/api.w.org\/{rel}","templated":true}]}}