{"id":10867,"date":"2023-06-14T15:46:39","date_gmt":"2023-06-14T13:46:39","guid":{"rendered":"https:\/\/thrillsyndicate.com\/shop\/quickflight-freie-fall-device-annual-service\/"},"modified":"2025-08-25T17:36:55","modified_gmt":"2025-08-25T15:36:55","slug":"quickflight-freie-fall-device-annual-service","status":"publish","type":"product","link":"https:\/\/thrillsyndicate.com\/de\/product\/quickflight-freie-fall-device-annual-service\/","title":{"rendered":"QuickFlight Freifallger\u00e4t &#8211; J\u00e4hrlicher Service"},"content":{"rendered":"<p>Bleib sicher mit dem <a href=\"https:\/\/thrillsyndicate.com\/de\/shop\/quickflight-freifallgeraet\/\">QuickFlight<\/a> Annual Service. Dieser Service wurde f\u00fcr Profis in der Outdoor-, Freizeit- und Abenteuerbranche entwickelt und ist ein Muss f\u00fcr die Wartung deines QuickFlight-Freifallger\u00e4ts. Dadurch wird nicht nur sichergestellt, dass dein Ger\u00e4t den Sicherheitsstandards entspricht, sondern auch, dass deine Garantie erhalten bleibt und deine Ausr\u00fcstung immer f\u00fcr dein n\u00e4chstes Abenteuer bereit ist.<\/p>\n<h2>Serviceverfahren<\/h2>\n<ol>\n<li>Lege den Artikel in deinen Warenkorb. Hinweis: <strong>Die Menge in deinem Warenkorb muss mit der Anzahl der Einheiten \u00fcbereinstimmen, die du gewartet haben m\u00f6chtest<\/strong>.<\/li>\n<li>F\u00fcge alle zus\u00e4tzlichen Artikel zu deinem Warenkorb hinzu. Du kannst z. B. im Voraus f\u00fcr das Gurtband bezahlen oder die Versp\u00e4tungsgeb\u00fchr zahlen, wenn dein Ger\u00e4t mehr als 30 Tage nach dem F\u00e4lligkeitsdatum (das auf deinem Ger\u00e4t aufgedruckt ist) in Betrieb ist.<\/li>\n<li>Schlie\u00dfe den Checkout-Prozess ab.<\/li>\n<li>Nach der Bestellung schicken wir dir Etiketten f\u00fcr den Versand.<\/li>\n<li>Die Versandkosten sowie besch\u00e4digte oder ersetzte Artikel werden nach Beendigung der Dienstleistung separat in Rechnung gestellt.<\/li>\n<\/ol>\n<p><strong>Erhalte den Garantieanspruch auf<\/strong>recht: Um die Garantie deines Ger\u00e4ts aufrechtzuerhalten, ist es wichtig, dass du deinen j\u00e4hrlichen QuickFlight-Service einh\u00e4ltst. Mit einem j\u00e4hrlichen Service kannst du sicherstellen, dass dein QuickFlight-Freifallger\u00e4t weiterhin durch die Garantie abgedeckt und gesch\u00fctzt ist, sodass du bei jedem Abenteuer beruhigt sein kannst.<\/p>\n<p><strong>Einhaltung der Sicherheitsvorschriften<\/strong>: Die Einhaltung von Sicherheitsstandards ist in der Abenteuer- und Outdoor-Branche das A und O. Der QuickFlight-Jahresservice garantiert, dass dein Ger\u00e4t diese Standards erf\u00fcllt und ist damit ein wichtiger Bestandteil deiner Sicherheitsroutine.<\/p>\n<p><strong>Problemloser Prozess<\/strong>: Unser QuickFlight Annual Service wurde so konzipiert, dass er so unkompliziert wie m\u00f6glich ist. Mit einem vorausbezahlten Versandetikett f\u00fcr den Versand von deinem Standort zu uns und einem einfachen Bestellvorgang haben wir die Wartung deines Ger\u00e4ts unkompliziert und einfach gemacht.<\/p>\n<p><strong>Bequeme Versandoptionen<\/strong>: Eines der wichtigsten Merkmale unseres QuickFlight Annual Service ist die Bequemlichkeit unserer Versandoptionen. Mit dem vorausbezahlten Versandetikett kannst du dein Ger\u00e4t ganz einfach von deinem Standort aus an uns schicken.<\/p>\n<p><strong>Detaillierte Serviceanweisungen<\/strong>: Um einen reibungslosen Service zu gew\u00e4hrleisten, stellen wir detaillierte Anweisungen f\u00fcr Kunden in den USA und eine Liste der weltweiten Servicezentren f\u00fcr internationale Kunden zur Verf\u00fcgung. Mit diesen Ressourcen ist es ein Kinderspiel, dein Ger\u00e4t zu reparieren.<\/p>\n<p><strong>Flexible Mengenwartung<\/strong>: Egal, ob du ein oder mehrere Ger\u00e4te hast, unser QuickFlight-Jahresservice ist auf deine Bed\u00fcrfnisse zugeschnitten. Die Menge in deinem Einkaufswagen entspricht der Anzahl der Einheiten, die du gewartet haben m\u00f6chtest, und bietet somit Flexibilit\u00e4t f\u00fcr Unternehmen jeder Gr\u00f6\u00dfe.<\/p>\n<p><strong>Optionale Add-Ons<\/strong>: Unser QuickFlight-Jahresdienst bietet zus\u00e4tzliche Leistungen f\u00fcr deinen Komfort. Du kannst im Voraus f\u00fcr das <a href=\"https:\/\/thrillsyndicate.com\/de\/kategorie\/freifallgerate\/freifall-ersatzgurtband\/\">Gurtband<\/a> bezahlen oder die Versp\u00e4tungsgeb\u00fchr zahlen, wenn dein Ger\u00e4t \u00fcberf\u00e4llig ist, was es zu einem umfassenden Servicepaket macht.<\/p>\n<p><strong>Ma\u00dfnahmen zur Schadensverh\u00fctung<\/strong>: Um dein Ger\u00e4t beim Versand zu sch\u00fctzen, empfehlen wir dir, es im Originalkarton zu verpacken und alle Karabinerhaken, Befestigungsketten und Stifte zu entfernen. So wird sichergestellt, dass dein QuickFlight-Freifallger\u00e4t im bestm\u00f6glichen Zustand bei uns ankommt, um gewartet zu werden.<\/p>\n","protected":false},"excerpt":{"rendered":"<p>Der QuickFlight-Jahresservice stellt sicher, dass deine Abenteuerausr\u00fcstung den Vorschriften entspricht und unter die Garantie f\u00e4llt. F\u00fcr Fachleute aus der Outdoor- und Freizeitbranche.<\/p>\n","protected":false},"featured_media":10847,"template":"","meta":{"_coblocks_attr":"","_coblocks_dimensions":"","_coblocks_responsive_height":"","_coblocks_accordion_ie_support":"","wds_primary_product_brand":0,"wds_primary_product_cat":0},"product_brand":[70],"product_cat":[773],"product_tag":[],"class_list":{"0":"post-10867","1":"product","2":"type-product","3":"status-publish","4":"has-post-thumbnail","6":"product_brand-thrill-syndicate","7":"product_cat-maintenance","9":"first","10":"instock","11":"taxable","12":"shipping-taxable","13":"purchasable","14":"product-type-variable"},"_links":{"self":[{"href":"https:\/\/thrillsyndicate.com\/de\/wp-json\/wp\/v2\/product\/10867","targetHints":{"allow":["GET"]}}],"collection":[{"href":"https:\/\/thrillsyndicate.com\/de\/wp-json\/wp\/v2\/product"}],"about":[{"href":"https:\/\/thrillsyndicate.com\/de\/wp-json\/wp\/v2\/types\/product"}],"wp:featuredmedia":[{"embeddable":true,"href":"https:\/\/thrillsyndicate.com\/de\/wp-json\/wp\/v2\/media\/10847"}],"wp:attachment":[{"href":"https:\/\/thrillsyndicate.com\/de\/wp-json\/wp\/v2\/media?parent=10867"}],"wp:term":[{"taxonomy":"product_brand","embeddable":true,"href":"https:\/\/thrillsyndicate.com\/de\/wp-json\/wp\/v2\/product_brand?post=10867"},{"taxonomy":"product_cat","embeddable":true,"href":"https:\/\/thrillsyndicate.com\/de\/wp-json\/wp\/v2\/product_cat?post=10867"},{"taxonomy":"product_tag","embeddable":true,"href":"https:\/\/thrillsyndicate.com\/de\/wp-json\/wp\/v2\/product_tag?post=10867"}],"curies":[{"name":"wp","href":"https:\/\/api.w.org\/{rel}","templated":true}]}}