{"id":10870,"date":"2023-06-14T16:26:34","date_gmt":"2023-06-14T14:26:34","guid":{"rendered":"https:\/\/thrillsyndicate.com\/shop\/trublue-speed-auto-belay-annual-service\/"},"modified":"2025-08-25T17:36:18","modified_gmt":"2025-08-25T15:36:18","slug":"trublue-speed-auto-belay-annual-service","status":"publish","type":"product","link":"https:\/\/thrillsyndicate.com\/de\/product\/trublue-speed-auto-belay-annual-service\/","title":{"rendered":"Trublue SPEED Auto Belay &#8211; J\u00e4hrlicher Service"},"content":{"rendered":"<p>Entfessle das wahre Potenzial deiner Kletterausr\u00fcstung mit unserem <a href=\"https:\/\/thrillsyndicate.com\/de\/shop\/trublue-speed-auto-belay\/\">TRUBLUE Speed<\/a> Annual Service. Um die Haltbarkeit und Sicherheit deiner Ausr\u00fcstung zu gew\u00e4hrleisten, wurde dieser Service entwickelt, um die strengen Sicherheitsstandards der Abenteuer-, Outdoor-, Vergn\u00fcgungs- und Freizeitindustrie zu erf\u00fcllen. Es geht nicht nur um die Aufrechterhaltung deiner Garantie &#8211; es geht um die Sicherheit bei jedem Abenteuer.<\/p>\n<h2>Serviceverfahren<\/h2>\n<ol>\n<li>Lege den Artikel in deinen Warenkorb. Hinweis: <strong>Die Menge in deinem Warenkorb muss mit der Anzahl der Einheiten \u00fcbereinstimmen, die du gewartet haben m\u00f6chtest<\/strong>.<\/li>\n<li>F\u00fcge alle zus\u00e4tzlichen Artikel zu deinem Warenkorb hinzu. Du kannst z. B. im Voraus f\u00fcr das Gurtband bezahlen oder die Versp\u00e4tungsgeb\u00fchr zahlen, wenn dein Ger\u00e4t mehr als 30 Tage nach dem F\u00e4lligkeitsdatum (das auf deinem Ger\u00e4t aufgedruckt ist) in Betrieb ist.<\/li>\n<li>Schlie\u00dfe den Checkout-Prozess ab.<\/li>\n<li>Nach der Bestellung schicken wir dir Etiketten f\u00fcr den Versand.<\/li>\n<li>Die Versandkosten sowie besch\u00e4digte oder ersetzte Artikel werden nach Beendigung der Dienstleistung separat in Rechnung gestellt.<\/li>\n<\/ol>\n<p><strong>Aufrechterhaltung der Garantie und der Sicherheitsstandards<\/strong>: Unser TRUBLUE Speed Annual Service stellt sicher, dass deine Ger\u00e4te nicht nur funktionst\u00fcchtig sind, sondern auch den h\u00f6chsten Sicherheitsstandards entsprechen und deine Garantie erhalten bleibt.<\/p>\n<p><strong>Bequemlichkeit vor deiner Haust\u00fcr<\/strong>: Mit einem vorausbezahlten Versandetikett f\u00fcr den Versand von deinem Standort zu Head Rush unterbricht der j\u00e4hrliche Service dein Abenteuer nicht. Der R\u00fcckversand wird separat berechnet, um einen reibungslosen Service zu gew\u00e4hrleisten.<\/p>\n<p><strong>Vorausbezahlte Ersatzgurte<\/strong>: Entscheide dich f\u00fcr ein vorausbezahltes <a href=\"https:\/\/thrillsyndicate.com\/de\/shop\/trublue-speed-ersatzgurtband\/\">Gurtband<\/a>, um den Service zu beschleunigen. Wir ersetzen das Gurtband unabh\u00e4ngig von seinem Zustand und sorgen daf\u00fcr, dass deine Ausr\u00fcstung immer in Topform ist.<\/p>\n<p><strong>J\u00e4hrlicher obligatorischer Service<\/strong>: Um deine TRUBLUE SPEED-Garantie und die Sicherheitsstandards aufrechtzuerhalten, ist eine j\u00e4hrliche Wartung obligatorisch. So ist sichergestellt, dass deine Ger\u00e4te immer in einem erstklassigen Zustand und bereit f\u00fcr Abenteuer sind.<\/p>\n<p><strong>M\u00fchelose Lieferung<\/strong>: Mit unserem vorausbezahlten Versandetikett kannst du deinen TRUBLUE SPEED ganz bequem zum j\u00e4hrlichen Service schicken.<\/p>\n<p><strong>Sorgf\u00e4ltig verpacken<\/strong>: Um Sch\u00e4den beim Versand zu vermeiden, wird empfohlen, die Ger\u00e4te in ihrem Originalkarton zu verpacken. Das zeigt unsere Liebe zum Detail und unser Engagement f\u00fcr die Sicherheit deines Ger\u00e4ts.<\/p>\n<p><strong>Automatischer Gurtband-Ersatz<\/strong>: Wenn du kein Prepaid-Gurtband ausgew\u00e4hlt hast, belasten wir deine Karte automatisch, um das Gurtband aufgrund von Verschlei\u00df zu ersetzen. Das beschleunigt den Serviceprozess und sorgt daf\u00fcr, dass dein Ger\u00e4t so schnell wie m\u00f6glich einsatzbereit ist.<\/p>\n<p><strong>Vertrauensw\u00fcrdiger Anbieter<\/strong>: Als dein zuverl\u00e4ssiger Partner f\u00fcr Abenteuerausr\u00fcstung entwickeln und produzieren wir erstklassige Kletter-, Seilbahn- und Freifall-Ausr\u00fcstung. Unser Service ist ein Beweis f\u00fcr unser Engagement in der Outdoor-, Freizeit- und Erholungsbranche.<\/p>\n","protected":false},"excerpt":{"rendered":"<p>Der TRUBLUE Speed Annual Service ist deine Eintrittskarte ins sichere Abenteuer. So bleibt die Garantie deines Ger\u00e4ts erhalten und die Einhaltung aller Sicherheitsstandards wird gew\u00e4hrleistet.<\/p>\n","protected":false},"featured_media":10835,"template":"","meta":{"_coblocks_attr":"","_coblocks_dimensions":"","_coblocks_responsive_height":"","_coblocks_accordion_ie_support":"","wds_primary_product_brand":0,"wds_primary_product_cat":0},"product_brand":[70],"product_cat":[773],"product_tag":[24],"class_list":{"0":"post-10870","1":"product","2":"type-product","3":"status-publish","4":"has-post-thumbnail","6":"product_brand-thrill-syndicate","7":"product_cat-maintenance","8":"product_tag-trublue","10":"first","11":"instock","12":"taxable","13":"shipping-taxable","14":"purchasable","15":"product-type-variable"},"_links":{"self":[{"href":"https:\/\/thrillsyndicate.com\/de\/wp-json\/wp\/v2\/product\/10870","targetHints":{"allow":["GET"]}}],"collection":[{"href":"https:\/\/thrillsyndicate.com\/de\/wp-json\/wp\/v2\/product"}],"about":[{"href":"https:\/\/thrillsyndicate.com\/de\/wp-json\/wp\/v2\/types\/product"}],"wp:featuredmedia":[{"embeddable":true,"href":"https:\/\/thrillsyndicate.com\/de\/wp-json\/wp\/v2\/media\/10835"}],"wp:attachment":[{"href":"https:\/\/thrillsyndicate.com\/de\/wp-json\/wp\/v2\/media?parent=10870"}],"wp:term":[{"taxonomy":"product_brand","embeddable":true,"href":"https:\/\/thrillsyndicate.com\/de\/wp-json\/wp\/v2\/product_brand?post=10870"},{"taxonomy":"product_cat","embeddable":true,"href":"https:\/\/thrillsyndicate.com\/de\/wp-json\/wp\/v2\/product_cat?post=10870"},{"taxonomy":"product_tag","embeddable":true,"href":"https:\/\/thrillsyndicate.com\/de\/wp-json\/wp\/v2\/product_tag?post=10870"}],"curies":[{"name":"wp","href":"https:\/\/api.w.org\/{rel}","templated":true}]}}