{"id":10873,"date":"2023-06-14T18:38:39","date_gmt":"2023-06-14T16:38:39","guid":{"rendered":"https:\/\/thrillsyndicate.com\/shop\/trublue-auto-belay-annual-service\/"},"modified":"2025-08-25T17:36:08","modified_gmt":"2025-08-25T15:36:08","slug":"trublue-auto-belay-annual-service","status":"publish","type":"product","link":"https:\/\/thrillsyndicate.com\/de\/product\/trublue-auto-belay-annual-service\/","title":{"rendered":"Trublue 2 Auto Belay &#8211; J\u00e4hrlicher Service"},"content":{"rendered":"<p>Der j\u00e4hrliche <a href=\"https:\/\/thrillsyndicate.com\/de\/kategorie\/vertikale-selbstsicherungssysteme\/\">Trublue<\/a> 2 Service ist ein wichtiger Bestandteil der Instandhaltung deines TRUBLUE Selbstsicherungsger\u00e4ts. Dieser Service hilft nicht nur dabei, die Garantie deines Ger\u00e4ts aufrechtzuerhalten, sondern sorgt auch daf\u00fcr, dass es den Sicherheitsstandards entspricht. Um es unseren Kunden so einfach wie m\u00f6glich zu machen, bieten wir einen vorausbezahlten Versandaufkleber an, mit dem du dein Ger\u00e4t zur Wartung an uns schicken kannst.<\/p>\n<h2>Serviceverfahren<\/h2>\n<ol>\n<li>Lege den Artikel in deinen Warenkorb. Hinweis: <strong>Die Menge in deinem Warenkorb muss mit der Anzahl der Einheiten \u00fcbereinstimmen, die du gewartet haben m\u00f6chtest<\/strong>.<\/li>\n<li>F\u00fcge alle zus\u00e4tzlichen Artikel zu deinem Warenkorb hinzu. Du kannst z. B. im Voraus f\u00fcr das Gurtband bezahlen oder die Versp\u00e4tungsgeb\u00fchr zahlen, wenn dein Ger\u00e4t mehr als 30 Tage nach dem F\u00e4lligkeitsdatum (das auf deinem Ger\u00e4t aufgedruckt ist) in Betrieb ist.<\/li>\n<li>Schlie\u00dfe den Checkout-Prozess ab.<\/li>\n<li>Nach der Bestellung schicken wir dir Etiketten f\u00fcr den Versand.<\/li>\n<li>Die Versandkosten sowie besch\u00e4digte oder ersetzte Artikel werden nach Beendigung der Dienstleistung separat in Rechnung gestellt.<\/li>\n<\/ol>\n<p><strong>Garantiewartung<\/strong>: Der j\u00e4hrliche Trublue 2 Service ist entscheidend f\u00fcr die Aufrechterhaltung der Garantie deines TRUBLUE Selbstsicherungsger\u00e4ts. Eine regelm\u00e4\u00dfige Wartung tr\u00e4gt dazu bei, dass deine Ausr\u00fcstung innerhalb der Garantiezeit bleibt und in einem optimalen Betriebszustand ist.<\/p>\n<p><strong>Sicherheitskonformit\u00e4t<\/strong>: Alle TRUBLUE 2 Ger\u00e4te m\u00fcssen j\u00e4hrlich gewartet werden, um die Einhaltung der Sicherheitsstandards zu gew\u00e4hrleisten. Unser j\u00e4hrlicher Service gibt dir die Gewissheit, dass deine Ausr\u00fcstung die Sicherheitsstandards der Branche erf\u00fcllt und ordnungsgem\u00e4\u00df funktioniert.<\/p>\n<p><strong>Bequemlichkeit<\/strong>: Unser Serviceprozess ist auf deine Bequemlichkeit ausgerichtet. Von einem vorausbezahlten Versandetikett bis hin zur M\u00f6glichkeit, den Austausch von Gurtb\u00e4ndern im Voraus zu bezahlen, wollen wir den Serviceprozess so nahtlos und unkompliziert wie m\u00f6glich gestalten.<\/p>\n<p><strong>Erschwinglich<\/strong>: Mit Preisen ab 319 \u20ac ist der Trublue 2 Annual Service eine erschwingliche L\u00f6sung, um die Langlebigkeit und Sicherheit Ihres TRUBLUE Selbstsicherungsger\u00e4ts zu erhalten.<\/p>\n<p><strong>Vorausbezahlter Versand<\/strong>: Um den Prozess f\u00fcr unsere Kunden zu vereinfachen, stellen wir ein vorausbezahltes Versandetikett zur Verf\u00fcgung, mit dem du dein Ger\u00e4t an uns schicken kannst. Der R\u00fcckversand wird auf der Kassenseite separat berechnet.<\/p>\n<p><strong>Gurtband-Ersatz<\/strong>: Wenn du dich f\u00fcr die vorausbezahlte <a href=\"https:\/\/thrillsyndicate.com\/de\/shop\/trublue-ersatzband\/\">Gurtbandoption<\/a> entscheidest, ersetzen wir das Gurtband unabh\u00e4ngig von seinem Zustand. Dies gew\u00e4hrleistet ein H\u00f6chstma\u00df an Sicherheit f\u00fcr dein Ger\u00e4t.<\/p>\n<p><strong>Einfacher Checkout-Prozess<\/strong>: Unser Checkout-Prozess ist einfach und benutzerfreundlich. Dort kannst du den Service in deinen Warenkorb legen, zus\u00e4tzliche Artikel wie vorausbezahlte Gurtb\u00e4nder ausw\u00e4hlen und deine R\u00fccksende- oder Lieferadresse angeben.<\/p>\n<p><strong>Sichere Verpackung<\/strong>: Um Sch\u00e4den beim Versand zu vermeiden, empfehlen wir dir, dein Ger\u00e4t im Originalkarton zu verpacken. Achte darauf, dass du alle Karabiner, Befestigungsketten und Stifte von deinem Ger\u00e4t entfernst, bevor du es an uns schickst.<\/p>\n","protected":false},"excerpt":{"rendered":"<p>Der Trublue-Jahresservice, der bereits ab 319 \u20ac erh\u00e4ltlich ist, ist f\u00fcr die Wartung Ihres TRUBLUE-Selbstsicherungsger\u00e4ts unerl\u00e4sslich. Es stellt sicher, dass die Garantiebestimmungen eingehalten werden und bietet ein nahtloses Serviceerlebnis.<\/p>\n","protected":false},"featured_media":10843,"template":"","meta":{"_coblocks_attr":"","_coblocks_dimensions":"","_coblocks_responsive_height":"","_coblocks_accordion_ie_support":"","wds_primary_product_brand":0,"wds_primary_product_cat":0},"product_brand":[70],"product_cat":[773],"product_tag":[774,24,775],"class_list":{"0":"post-10873","1":"product","2":"type-product","3":"status-publish","4":"has-post-thumbnail","6":"product_brand-thrill-syndicate","7":"product_cat-maintenance","8":"product_tag-annual-service","9":"product_tag-trublue","10":"product_tag-maintenance","12":"first","13":"instock","14":"taxable","15":"shipping-taxable","16":"purchasable","17":"product-type-variable","18":"has-default-attributes"},"_links":{"self":[{"href":"https:\/\/thrillsyndicate.com\/de\/wp-json\/wp\/v2\/product\/10873","targetHints":{"allow":["GET"]}}],"collection":[{"href":"https:\/\/thrillsyndicate.com\/de\/wp-json\/wp\/v2\/product"}],"about":[{"href":"https:\/\/thrillsyndicate.com\/de\/wp-json\/wp\/v2\/types\/product"}],"wp:featuredmedia":[{"embeddable":true,"href":"https:\/\/thrillsyndicate.com\/de\/wp-json\/wp\/v2\/media\/10843"}],"wp:attachment":[{"href":"https:\/\/thrillsyndicate.com\/de\/wp-json\/wp\/v2\/media?parent=10873"}],"wp:term":[{"taxonomy":"product_brand","embeddable":true,"href":"https:\/\/thrillsyndicate.com\/de\/wp-json\/wp\/v2\/product_brand?post=10873"},{"taxonomy":"product_cat","embeddable":true,"href":"https:\/\/thrillsyndicate.com\/de\/wp-json\/wp\/v2\/product_cat?post=10873"},{"taxonomy":"product_tag","embeddable":true,"href":"https:\/\/thrillsyndicate.com\/de\/wp-json\/wp\/v2\/product_tag?post=10873"}],"curies":[{"name":"wp","href":"https:\/\/api.w.org\/{rel}","templated":true}]}}