{"id":10876,"date":"2023-06-14T20:18:17","date_gmt":"2023-06-14T18:18:17","guid":{"rendered":"https:\/\/thrillsyndicate.com\/shop\/trublue-iq-auto-belay-annual-service\/"},"modified":"2025-08-25T17:36:00","modified_gmt":"2025-08-25T15:36:00","slug":"trublue-iq-auto-belay-annual-service","status":"publish","type":"product","link":"https:\/\/thrillsyndicate.com\/de\/product\/trublue-iq-auto-belay-annual-service\/","title":{"rendered":"Trublue iQ Auto Belay &#8211; J\u00e4hrlicher Service"},"content":{"rendered":"<p>Der j\u00e4hrliche <a href=\"https:\/\/thrillsyndicate.com\/de\/shop\/trublue-iq-plus\/\">Trublue iQ<\/a> Service ist ein wesentlicher Bestandteil der Wartung deines Trublue iQ Auto Belay Systems. So wird die optimale Leistung des Ger\u00e4ts sichergestellt, seine Lebensdauer verl\u00e4ngert und die Einhaltung der Sicherheitsstandards gew\u00e4hrleistet. Dieser Service ist nicht nur eine Voraussetzung f\u00fcr die Aufrechterhaltung der Garantie, sondern auch eine entscheidende Ma\u00dfnahme zur Gew\u00e4hrleistung der Sicherheit deiner Nutzer.<\/p>\n<h2>Serviceverfahren<\/h2>\n<ol>\n<li>Lege den Artikel in deinen Warenkorb. Hinweis: <strong>Die Menge in deinem Warenkorb muss mit der Anzahl der Einheiten \u00fcbereinstimmen, die du gewartet haben m\u00f6chtest<\/strong>.<\/li>\n<li>F\u00fcge alle zus\u00e4tzlichen Artikel zu deinem Warenkorb hinzu. Du kannst z. B. im Voraus f\u00fcr das Gurtband bezahlen oder die Versp\u00e4tungsgeb\u00fchr zahlen, wenn dein Ger\u00e4t mehr als 30 Tage nach dem F\u00e4lligkeitsdatum (das auf deinem Ger\u00e4t aufgedruckt ist) in Betrieb ist.<\/li>\n<li>Schlie\u00dfe den Checkout-Prozess ab.<\/li>\n<li>Nach der Bestellung schicken wir dir Etiketten f\u00fcr den Versand.<\/li>\n<li>Die Versandkosten sowie besch\u00e4digte oder ersetzte Artikel werden nach Beendigung der Dienstleistung separat in Rechnung gestellt.<\/li>\n<\/ol>\n<p><strong>Einhaltung der Garantie<\/strong>: Mit dem j\u00e4hrlichen Trublue iQ Service bleibt die Garantie deines TRUBLUE iQ Auto Belay intakt. Lass deine Garantie nicht verfallen &#8211; halte dein Ger\u00e4t gewartet und gesichert.<\/p>\n<p><strong>Einhaltung von Sicherheitsstandards<\/strong>: Mit unserem j\u00e4hrlichen Service bleibt dein TRUBLUE iQ Auto Belay System konform mit den Sicherheitsstandards. Deine Sicherheit hat f\u00fcr uns Priorit\u00e4t, damit dein Ger\u00e4t immer auf dem neuesten Stand ist.<\/p>\n<p><strong>Problemloser Versand<\/strong>: Vergiss die komplizierten Versandverfahren. Unser Service beinhaltet ein vorausbezahltes Versandetikett von Ihrem Standort zum Service-Center. Du kannst dich auf deine Abenteuer konzentrieren &#8211; wir k\u00fcmmern uns um den Rest.<\/p>\n<p><strong>Vorausbezahltes Ersatzgurtband<\/strong>: Wir wissen um den Verschlei\u00df, dem die Abenteuerausr\u00fcstung ausgesetzt ist. Deshalb beinhaltet unser Service eine Option f\u00fcr den vorausbezahlten Austausch von <a href=\"https:\/\/thrillsyndicate.com\/de\/shop\/trublue-iq-ersatzband\/\">Gurtb\u00e4ndern<\/a>, unabh\u00e4ngig vom Zustand deines aktuellen Gurtes.<\/p>\n<p><strong>Globale Servicezentren<\/strong>: Wo auch immer du auf der Welt bist, wir sind f\u00fcr dich da. Unsere weltweiten Servicezentren stehen bereit, um die notwendigen Serviceleistungen f\u00fcr dein Ger\u00e4t zu erbringen.<\/p>\n<p><strong>Anpassbarer Service<\/strong>: Die Anzahl der Einheiten, f\u00fcr die du einen Service ben\u00f6tigst, zus\u00e4tzliche Artikel &#8211; passe deinen Serviceauftrag an deine Bed\u00fcrfnisse an.<\/p>\n<p><strong>Sichere Verpackung<\/strong>: Wir sorgen f\u00fcr einen sicheren Transport deines Ger\u00e4ts. Du kannst dein Ger\u00e4t in der Originalverpackung einschicken oder eine Ersatzverpackung kaufen.<\/p>\n<p><strong>Effizienter Checkout-Prozess<\/strong>: Mit unserem benutzerfreundlichen Prozess ist der Checkout ein Kinderspiel. Vervollst\u00e4ndige deine R\u00fccksendeadresse oder deine Versandinformationen, und schon bist du fertig.<\/p>\n","protected":false},"excerpt":{"rendered":"<p>Der j\u00e4hrliche Trublue iQ Service ist ein Muss, um die Garantie und die Sicherheit deines Trublue iQ Auto Belay Systems aufrechtzuerhalten. Es ist eine Investition in die Sicherheit und Langlebigkeit deines Abenteuerunternehmens.<\/p>\n","protected":false},"featured_media":10839,"template":"","meta":{"_coblocks_attr":"","_coblocks_dimensions":"","_coblocks_responsive_height":"","_coblocks_accordion_ie_support":"","wds_primary_product_brand":0,"wds_primary_product_cat":0},"product_brand":[70],"product_cat":[773],"product_tag":[774,24,775],"class_list":{"0":"post-10876","1":"product","2":"type-product","3":"status-publish","4":"has-post-thumbnail","6":"product_brand-thrill-syndicate","7":"product_cat-maintenance","8":"product_tag-annual-service","9":"product_tag-trublue","10":"product_tag-maintenance","12":"first","13":"instock","14":"taxable","15":"shipping-taxable","16":"purchasable","17":"product-type-variable"},"_links":{"self":[{"href":"https:\/\/thrillsyndicate.com\/de\/wp-json\/wp\/v2\/product\/10876","targetHints":{"allow":["GET"]}}],"collection":[{"href":"https:\/\/thrillsyndicate.com\/de\/wp-json\/wp\/v2\/product"}],"about":[{"href":"https:\/\/thrillsyndicate.com\/de\/wp-json\/wp\/v2\/types\/product"}],"wp:featuredmedia":[{"embeddable":true,"href":"https:\/\/thrillsyndicate.com\/de\/wp-json\/wp\/v2\/media\/10839"}],"wp:attachment":[{"href":"https:\/\/thrillsyndicate.com\/de\/wp-json\/wp\/v2\/media?parent=10876"}],"wp:term":[{"taxonomy":"product_brand","embeddable":true,"href":"https:\/\/thrillsyndicate.com\/de\/wp-json\/wp\/v2\/product_brand?post=10876"},{"taxonomy":"product_cat","embeddable":true,"href":"https:\/\/thrillsyndicate.com\/de\/wp-json\/wp\/v2\/product_cat?post=10876"},{"taxonomy":"product_tag","embeddable":true,"href":"https:\/\/thrillsyndicate.com\/de\/wp-json\/wp\/v2\/product_tag?post=10876"}],"curies":[{"name":"wp","href":"https:\/\/api.w.org\/{rel}","templated":true}]}}