{"id":10879,"date":"2023-06-14T20:49:26","date_gmt":"2023-06-14T18:49:26","guid":{"rendered":"https:\/\/thrillsyndicate.com\/shop\/zipstop-zip-line-brake-annual-service\/"},"modified":"2025-08-25T17:21:57","modified_gmt":"2025-08-25T15:21:57","slug":"zipstop-zip-line-brake-annual-service","status":"publish","type":"product","link":"https:\/\/thrillsyndicate.com\/de\/product\/zipstop-zip-line-brake-annual-service\/","title":{"rendered":"zipSTOP Seilbahnbremse &#8211; J\u00e4hrliche Wartung"},"content":{"rendered":"<p>Mit unserem <a href=\"https:\/\/thrillsyndicate.com\/de\/kategorie\/zipline-sicherheitslosungen\/zipwire-bremssysteme\/\">zipSTOP-Jahresservice<\/a> kannst du dich beruhigt auf deine aufregenden Outdoor-Abenteuer einlassen. Um die Garantie und die Sicherheitsstandards deiner ZipSTOP-Zipline-Bremse aufrechtzuerhalten, sorgt unser j\u00e4hrlicher Service daf\u00fcr, dass sich deine Ausr\u00fcstung immer in einem erstklassigen Zustand befindet und bereit ist, unvergessliche Erlebnisse zu schaffen.<\/p>\n<h2>Serviceverfahren<\/h2>\n<ol>\n<li>Lege den Artikel in deinen Warenkorb. Hinweis: <strong>Die Menge in deinem Warenkorb muss mit der Anzahl der Einheiten \u00fcbereinstimmen, die du gewartet haben m\u00f6chtest<\/strong>.<\/li>\n<li>F\u00fcge alle zus\u00e4tzlichen Artikel zu deinem Warenkorb hinzu. Du kannst z. B. im Voraus f\u00fcr das Gurtband bezahlen oder die Versp\u00e4tungsgeb\u00fchr zahlen, wenn dein Ger\u00e4t mehr als 30 Tage nach dem F\u00e4lligkeitsdatum (das auf deinem Ger\u00e4t aufgedruckt ist) in Betrieb ist.<\/li>\n<li>Schlie\u00dfe den Checkout-Prozess ab.<\/li>\n<li>Nach der Bestellung schicken wir dir Etiketten f\u00fcr den Versand.<\/li>\n<li>Die Versandkosten sowie besch\u00e4digte oder ersetzte Artikel werden nach Beendigung der Dienstleistung separat in Rechnung gestellt.<\/li>\n<\/ol>\n<p><strong>Kompromisslose Sicherheit<\/strong>: Mit unserem zipSTOP-Jahresservice stellen wir deine Sicherheit in den Vordergrund. Die Einhaltung der strengen Sicherheitsstandards ist keine Option, sondern eine Garantie.<\/p>\n<p><strong>Garantieabsicherung<\/strong>: Erhalte deine zipSTOP Zip Line Brake-Garantie mit unserem j\u00e4hrlichen Service, der speziell daf\u00fcr entwickelt wurde, die Einhaltung der Garantie zu gew\u00e4hrleisten.<\/p>\n<p><strong>Problemlose Erfahrung<\/strong>: Wir bieten vorausbezahlte Versandoptionen und einfach zu befolgende Anweisungen f\u00fcr einen reibungslosen, stressfreien Serviceprozess.<\/p>\n<p><strong>Effizienter Serviceprozess<\/strong>: Unser optimierter Serviceprozess erm\u00f6glicht es dir, dein Ger\u00e4t ganz einfach f\u00fcr die notwendige j\u00e4hrliche Wartung zur\u00fcckzuschicken und sorgt so f\u00fcr minimale Ausfallzeiten.<\/p>\n<p><strong>Vorausbezahlter Versand<\/strong>: Wir bieten ein vorausbezahltes Versandetikett f\u00fcr einen problemlosen Versand von deinem Standort zu uns.<\/p>\n<p><strong>Umfassende Instandhaltung<\/strong>: Von der \u00dcberpr\u00fcfung auf Verschlei\u00df bis zum Austausch des Gurtbandes, wenn n\u00f6tig, deckt unser Service alle Aspekte deines zipSTOP-Ger\u00e4ts ab.<\/p>\n<p><strong>Flexible Versandoptionen<\/strong>: Du hast die M\u00f6glichkeit, das <a href=\"https:\/\/thrillsyndicate.com\/de\/kategorie\/zipline-sicherheitslosungen\/zipwire-bremssysteme\/zipstop-ersatzgurtband\/\">Gurtband<\/a> im Voraus zu bezahlen oder eine Versp\u00e4tungsgeb\u00fchr zu zahlen, wenn dein Ger\u00e4t \u00fcberf\u00e4llig ist. Wir gehen auf deine individuellen Bed\u00fcrfnisse ein.<\/p>\n<p><strong>Vertrauensvoller Partner<\/strong>: Als dein zuverl\u00e4ssiger Partner f\u00fcr Abenteuerausr\u00fcstung bieten wir dir einen erstklassigen Service f\u00fcr deine zipSTOP Zip Line Brake.<\/p>\n","protected":false},"excerpt":{"rendered":"<p>Lass deine zipSTOP Zip Line Bremse j\u00e4hrlich professionell warten. Gew\u00e4hrleiste Sicherheit, Langlebigkeit und Garantieeinhaltung mit unserem zipSTOP-Jahresservice.<\/p>\n","protected":false},"featured_media":10831,"template":"","meta":{"_coblocks_attr":"","_coblocks_dimensions":"","_coblocks_responsive_height":"","_coblocks_accordion_ie_support":"","wds_primary_product_brand":0,"wds_primary_product_cat":0},"product_brand":[70],"product_cat":[773],"product_tag":[779,780,434],"class_list":{"0":"post-10879","1":"product","2":"type-product","3":"status-publish","4":"has-post-thumbnail","6":"product_brand-thrill-syndicate","7":"product_cat-maintenance","8":"product_tag-jahrlicher-service","9":"product_tag-wartung","10":"product_tag-zipstop-de","12":"first","13":"instock","14":"taxable","15":"shipping-taxable","16":"purchasable","17":"product-type-variable"},"_links":{"self":[{"href":"https:\/\/thrillsyndicate.com\/de\/wp-json\/wp\/v2\/product\/10879","targetHints":{"allow":["GET"]}}],"collection":[{"href":"https:\/\/thrillsyndicate.com\/de\/wp-json\/wp\/v2\/product"}],"about":[{"href":"https:\/\/thrillsyndicate.com\/de\/wp-json\/wp\/v2\/types\/product"}],"wp:featuredmedia":[{"embeddable":true,"href":"https:\/\/thrillsyndicate.com\/de\/wp-json\/wp\/v2\/media\/10831"}],"wp:attachment":[{"href":"https:\/\/thrillsyndicate.com\/de\/wp-json\/wp\/v2\/media?parent=10879"}],"wp:term":[{"taxonomy":"product_brand","embeddable":true,"href":"https:\/\/thrillsyndicate.com\/de\/wp-json\/wp\/v2\/product_brand?post=10879"},{"taxonomy":"product_cat","embeddable":true,"href":"https:\/\/thrillsyndicate.com\/de\/wp-json\/wp\/v2\/product_cat?post=10879"},{"taxonomy":"product_tag","embeddable":true,"href":"https:\/\/thrillsyndicate.com\/de\/wp-json\/wp\/v2\/product_tag?post=10879"}],"curies":[{"name":"wp","href":"https:\/\/api.w.org\/{rel}","templated":true}]}}