{"id":11766,"date":"2023-12-07T10:06:58","date_gmt":"2023-12-07T09:06:58","guid":{"rendered":"https:\/\/thrillsyndicate.com\/shop\/edelrid-radialis-air-komplettgurt\/"},"modified":"2025-12-01T10:37:26","modified_gmt":"2025-12-01T09:37:26","slug":"edelrid-radialis-air-komplettgurt","status":"publish","type":"product","link":"https:\/\/thrillsyndicate.com\/de\/product\/edelrid-radialis-air-komplettgurt\/","title":{"rendered":"Edelrid Radialis Air &#8211; Komplettgurt"},"content":{"rendered":"<h3>Fr\u00fchlingsaktion: <strong>Kaufen Sie mindestens 10 St\u00fcck und erhalten Sie 20 \u20ac Rabatt auf jedes St\u00fcck<\/strong><\/h3>\n<p>Leicht verstellbarer und vielseitiger Ganzk\u00f6rpergurt f\u00fcr den Einsatz in Hochseilg\u00e4rten. Die unterschiedlichen Farben der Schulter-, H\u00fcft- und Beingurte machen das Anlegen des Gurtes intuitiv und erm\u00f6glichen es dem Trainer, den Gurt schnell und zuverl\u00e4ssig zu kontrollieren. Mit den acht Slide Block-Schnallen l\u00e4sst sich die Passform des Gurtes f\u00fcr eine Vielzahl von Benutzergr\u00f6\u00dfen und -h\u00f6hen optimal einstellen. Dank der nach EN 361 zertifizierten R\u00fccken\u00f6se bietet der RADIALIS AIR einen zus\u00e4tzlichen Befestigungspunkt, z.B. f\u00fcr die Verwendung von Pamper pole oder Freifall elementen. Mit dem Beschriftungsfeld und dem integrierten RFID-Transponder l\u00e4sst sich das Gurtzeug personalisieren und die Dokumentation des Einsatzes deutlich erleichtern.<\/p>\n<h2>Merkmale<\/h2>\n<ul>\n<li>Gen\u00e4hte Gurtenden, die so gestaltet sind, dass die Gurte nicht vollst\u00e4ndig ausgef\u00e4delt werden k\u00f6nnen<\/li>\n<li>Zentraler D-Ring zum Anbringen eines Lanyards<\/li>\n<li>Integrierter RFID-Transponder<\/li>\n<li>Abriebfeste Polyesterriemen mit Indikatorf\u00e4den<\/li>\n<li>Farbcodierte Unterscheidung der Kabelbaumteile<\/li>\n<li>Zus\u00e4tzliche, dorsale \u00d6se zur Verwendung mit Pamper pole oder Freifall elementen<\/li>\n<li>Komfortable Polsterelemente an R\u00fccken und H\u00fcfte<\/li>\n<\/ul>\n<h2>Technische Informationen<\/h2>\n<ul>\n<li>Zertifizierung: EN 12277<\/li>\n<li>Material: Polyester \/ Polyamid<\/li>\n<\/ul>\n<h3>Radialis Air Erwachsene Spezifikationen<\/h3>\n<ul>\n<li>max. Umfang der Beinschlaufe: 85 cm<\/li>\n<li>Mindestumfang der Beinschlaufe: 25 cm<\/li>\n<li>max. Bundweite: 150 cm<\/li>\n<li>Mindestumfang der Taille: 45 cm<\/li>\n<\/ul>\n<h3>Radialis Air Junior Spezifikationen<\/h3>\n<ul>\n<li>max. Umfang der Beinschlaufe: 65 cm<\/li>\n<li>Mindestumfang der Beinschlaufe: 25 cm<\/li>\n<li>max. Bundweite: 110 cm<\/li>\n<li>Mindestumfang der Taille: 45 cm<\/li>\n<\/ul>\n<h3 class=\"western\">\ud83d\udc49 Sie suchen einen bestimmten Edelrid-Artikel, der nicht im Shop gelistet ist? Wir vertreiben das komplette Portfolio f\u00fcr Abenteuer, Sport und Sicherheit. Bitte <strong><a href=\"https:\/\/thrillsyndicate.com\/de\/kontakt\/\">senden Sie<\/a><\/strong> uns eine E-Mail oder sehen Sie sich die vollst\u00e4ndige <strong><a href=\"https:\/\/thrillsyndicate.com\/edelrid-safety-price-list-2025\/\">Sicherheitspreisliste hier<\/a><\/strong>. \ud83d\udc48<\/h3>\n","protected":false},"excerpt":{"rendered":"<p>Der RADIALIS AIR Komplettgurt (Erwachsene\/Junioren) bietet eine einfache Verstellbarkeit und intuitiv bedienbare, farbcodierte Gurte f\u00fcr ein sicheres und schnelles Anlegen der Ausr\u00fcstung in Hochseilg\u00e4rten. Sie verf\u00fcgt \u00fcber acht Slide-Block-Schnallen f\u00fcr eine perfekte Passform, eine R\u00fccken\u00f6se zur zus\u00e4tzlichen Befestigung und ein integriertes RFID f\u00fcr eine effiziente Nachverfolgung und Personalisierung.<\/p>\n","protected":false},"featured_media":11751,"template":"","meta":{"_coblocks_attr":"","_coblocks_dimensions":"","_coblocks_responsive_height":"","_coblocks_accordion_ie_support":"","wds_primary_product_brand":0,"wds_primary_product_cat":0},"product_brand":[62],"product_cat":[60,803],"product_tag":[571,427,575,568],"class_list":{"0":"post-11766","1":"product","2":"type-product","3":"status-publish","4":"has-post-thumbnail","6":"product_brand-edelrid","7":"product_cat-ropes-course-harnesses","8":"product_cat-adventure-harnesses","9":"product_tag-gurte","10":"product_tag-hochseilgarten","11":"product_tag-komplettgurt","12":"product_tag-psa","14":"first","15":"instock","16":"taxable","17":"shipping-taxable","18":"purchasable","19":"product-type-variable","20":"has-default-attributes"},"_links":{"self":[{"href":"https:\/\/thrillsyndicate.com\/de\/wp-json\/wp\/v2\/product\/11766","targetHints":{"allow":["GET"]}}],"collection":[{"href":"https:\/\/thrillsyndicate.com\/de\/wp-json\/wp\/v2\/product"}],"about":[{"href":"https:\/\/thrillsyndicate.com\/de\/wp-json\/wp\/v2\/types\/product"}],"wp:featuredmedia":[{"embeddable":true,"href":"https:\/\/thrillsyndicate.com\/de\/wp-json\/wp\/v2\/media\/11751"}],"wp:attachment":[{"href":"https:\/\/thrillsyndicate.com\/de\/wp-json\/wp\/v2\/media?parent=11766"}],"wp:term":[{"taxonomy":"product_brand","embeddable":true,"href":"https:\/\/thrillsyndicate.com\/de\/wp-json\/wp\/v2\/product_brand?post=11766"},{"taxonomy":"product_cat","embeddable":true,"href":"https:\/\/thrillsyndicate.com\/de\/wp-json\/wp\/v2\/product_cat?post=11766"},{"taxonomy":"product_tag","embeddable":true,"href":"https:\/\/thrillsyndicate.com\/de\/wp-json\/wp\/v2\/product_tag?post=11766"}],"curies":[{"name":"wp","href":"https:\/\/api.w.org\/{rel}","templated":true}]}}