{"id":16136,"date":"2024-04-10T17:34:31","date_gmt":"2024-04-10T15:34:31","guid":{"rendered":"https:\/\/thrillsyndicate.com\/shop\/edelrid-steel-strong-triple-carabiner\/"},"modified":"2025-08-25T10:49:46","modified_gmt":"2025-08-25T08:49:46","slug":"edelrid-steel-strong-triple-carabiner","status":"publish","type":"product","link":"https:\/\/thrillsyndicate.com\/de\/product\/edelrid-steel-strong-triple-carabiner\/","title":{"rendered":"Edelrid STEEL STRONG TRIPLE Karabiner"},"content":{"rendered":"<p data-sourcepos=\"17:1-17:412\">Der Edelrid Steel Strong Triple Karabiner bietet professionellen Kletterern, Rettungskr\u00e4ften und allen, die sich in anspruchsvollen Situationen bewegen, unvergleichliche St\u00e4rke und Sicherheit. Dieser robuste Karabiner verf\u00fcgt \u00fcber einen Triple-Lock-Verschluss f\u00fcr eine manipulationssichere Verriegelung, eine au\u00dfergew\u00f6hnliche Bruchfestigkeit, um schwere Lasten zu bew\u00e4ltigen, und eine versetzte D-Form f\u00fcr eine optimale Handhabung des Seils, was ihn zu einer zuverl\u00e4ssigen Wahl f\u00fcr kritische Anwendungen macht.<\/p>\n<h2 data-sourcepos=\"19:1-19:70\">Unerreichte St\u00e4rke, unersch\u00fctterliche Sicherheit:<\/h2>\n<ul data-sourcepos=\"21:1-24:0\">\n<li data-sourcepos=\"21:1-21:204\"><strong>Au\u00dfergew\u00f6hnliche Bruchfestigkeit:<\/strong> Dieser aus hochfestem Stahl gefertigte Karabiner bietet eine \u00fcberragende Bruchfestigkeit (50 kN Hauptachse, 15 kN Nebenachse), um anspruchsvolle Situationen sicher zu meistern.<\/li>\n<li data-sourcepos=\"22:1-22:209\"><strong>Triple-Lock-Verschluss f\u00fcr maximale Sicherheit:<\/strong> Der Triple-Lock-Verschluss bietet das ultimative Ma\u00df an Sicherheit beim Sichern, Abseilen und Retten und minimiert das Risiko eines versehentlichen \u00d6ffnens des Tors.<\/li>\n<li data-sourcepos=\"23:1-24:0\"><strong>Optimale Seilhandhabung mit versetzter D-Form:<\/strong> Die versetzte D-Form erm\u00f6glicht eine reibungslose Handhabung des Seils und ein effizientes Ein- und Ausklinken, selbst wenn Sie mit mehreren Seilen arbeiten.<\/li>\n<\/ul>\n<h2 data-sourcepos=\"25:1-25:79\">Eigenschaften Entwickelt f\u00fcr Spitzenleistungen:<\/h2>\n<ul data-sourcepos=\"27:1-31:0\">\n<li data-sourcepos=\"27:1-27:112\"><strong>Stahlkonstruktion:<\/strong> Die robuste Stahlkonstruktion garantiert eine lange Lebensdauer und au\u00dfergew\u00f6hnliche St\u00e4rke.<\/li>\n<li data-sourcepos=\"28:1-28:110\"><strong>Gro\u00dfe Tor\u00f6ffnung:<\/strong> Die 24 mm gro\u00dfe Tor\u00f6ffnung erm\u00f6glicht ein einfaches Einh\u00e4ngen und Aush\u00e4ngen von Seilen und Schlingen.<\/li>\n<li data-sourcepos=\"29:1-29:117\"><strong>Dreifach-Verschluss:<\/strong> Der Dreifach-Verschlussmechanismus bietet ein H\u00f6chstma\u00df an Sicherheit f\u00fcr kritische Anwendungen.<\/li>\n<li data-sourcepos=\"30:1-31:0\"><strong>Versetzte D-Form:<\/strong> Die versetzte D-Form erm\u00f6glicht eine optimale Handhabung der Seile und effiziente Takelkonfigurationen.<\/li>\n<\/ul>\n<h2 data-sourcepos=\"32:1-32:101\">Edelrid Steel Strong Dreifach-Karabiner &#8211; Technische Details:<\/h2>\n<ul data-sourcepos=\"34:1-44:23\">\n<li data-sourcepos=\"34:1-34:15\">Gewicht: 267 g<\/li>\n<li data-sourcepos=\"35:1-35:17\">Material: Stahl<\/li>\n<li data-sourcepos=\"36:1-36:17\">Verschluss: Dreifach<\/li>\n<li data-sourcepos=\"37:1-37:27\">Karabiner Form: Offset D<\/li>\n<li data-sourcepos=\"38:1-38:14\">Breite: 77 mm<\/li>\n<li data-sourcepos=\"39:1-39:16\">L\u00e4nge: 118 mm<\/li>\n<li data-sourcepos=\"40:1-40:21\">Tor\u00f6ffnung: 24 mm<\/li>\n<li data-sourcepos=\"41:1-41:25\">Fmax. Hauptachse: 50 kN<\/li>\n<li data-sourcepos=\"42:1-42:25\">Fmax. Nebenachse: 15 kN<\/li>\n<li data-sourcepos=\"43:1-43:19\">Fmax. offen: 20 kN<\/li>\n<li data-sourcepos=\"44:1-44:23\">Zertifizierung: EN 362<\/li>\n<\/ul>\n<h3 class=\"western\">\ud83d\udc49 Sie suchen einen bestimmten Edelrid-Artikel, der nicht im Shop gelistet ist? Wir vertreiben das komplette Portfolio f\u00fcr Abenteuer, Sport und Sicherheit. Bitte <strong><a href=\"https:\/\/thrillsyndicate.com\/de\/kontakt\/\">senden Sie<\/a><\/strong> uns eine E-Mail oder sehen Sie sich die vollst\u00e4ndige <strong><a href=\"https:\/\/thrillsyndicate.com\/edelrid-safety-price-list-2025\/\">Sicherheitspreisliste hier<\/a><\/strong>. \ud83d\udc48<\/h3>\n","protected":false},"excerpt":{"rendered":"<p>Der Edelrid Steel Strong Triple Karabiner ist ein <strong>au\u00dfergew\u00f6hnlich starker<\/strong> Stahlkarabiner mit einem <strong>Dreifach-Verschluss<\/strong> f\u00fcr maximale Sicherheit. Dieser Karabiner verf\u00fcgt \u00fcber eine au\u00dfergew\u00f6hnliche Bruchfestigkeit und eine <strong>versetzte D-Form<\/strong> f\u00fcr eine optimale Handhabung des Seils, wodurch er ideal zum Sichern, Abseilen, f\u00fcr Rettungsszenarien und den Einsatz in rauen Umgebungen geeignet ist.<\/p>\n","protected":false},"featured_media":14829,"template":"","meta":{"_coblocks_attr":"","_coblocks_dimensions":"","_coblocks_responsive_height":"","_coblocks_accordion_ie_support":"","wds_primary_product_brand":0,"wds_primary_product_cat":0},"product_brand":[62],"product_cat":[813,843],"product_tag":[175,870,176,831],"class_list":{"0":"post-16136","1":"product","2":"type-product","3":"status-publish","4":"has-post-thumbnail","6":"product_brand-edelrid","7":"product_cat-carabiners","8":"product_cat-connectors","9":"product_tag-carabiner","10":"product_tag-triple-lock-carabiner","11":"product_tag-connecting","12":"product_tag-locking-carabiner","14":"first","15":"instock","16":"taxable","17":"shipping-taxable","18":"purchasable","19":"product-type-simple"},"_links":{"self":[{"href":"https:\/\/thrillsyndicate.com\/de\/wp-json\/wp\/v2\/product\/16136","targetHints":{"allow":["GET"]}}],"collection":[{"href":"https:\/\/thrillsyndicate.com\/de\/wp-json\/wp\/v2\/product"}],"about":[{"href":"https:\/\/thrillsyndicate.com\/de\/wp-json\/wp\/v2\/types\/product"}],"wp:featuredmedia":[{"embeddable":true,"href":"https:\/\/thrillsyndicate.com\/de\/wp-json\/wp\/v2\/media\/14829"}],"wp:attachment":[{"href":"https:\/\/thrillsyndicate.com\/de\/wp-json\/wp\/v2\/media?parent=16136"}],"wp:term":[{"taxonomy":"product_brand","embeddable":true,"href":"https:\/\/thrillsyndicate.com\/de\/wp-json\/wp\/v2\/product_brand?post=16136"},{"taxonomy":"product_cat","embeddable":true,"href":"https:\/\/thrillsyndicate.com\/de\/wp-json\/wp\/v2\/product_cat?post=16136"},{"taxonomy":"product_tag","embeddable":true,"href":"https:\/\/thrillsyndicate.com\/de\/wp-json\/wp\/v2\/product_tag?post=16136"}],"curies":[{"name":"wp","href":"https:\/\/api.w.org\/{rel}","templated":true}]}}