{"id":17070,"date":"2024-10-08T13:10:54","date_gmt":"2024-10-08T11:10:54","guid":{"rendered":"https:\/\/thrillsyndicate.com\/?post_type=product&#038;p=17070"},"modified":"2025-08-25T10:05:59","modified_gmt":"2025-08-25T08:05:59","slug":"lockd-clips-rocks-continuous-self-belay","status":"publish","type":"product","link":"https:\/\/thrillsyndicate.com\/de\/product\/lockd-clips-rocks-continuous-self-belay\/","title":{"rendered":"LockD Clips Rocks | Continuous Self-Belay"},"content":{"rendered":"<p><strong>LockD Clips ROCKS<\/strong> ist die n\u00e4chste Generation von intelligenten Sicherungssystemen, die speziell f\u00fcr die anspruchsvollen Anforderungen von Klettersteigen entwickelt wurden. Mit seinem innovativen &#8222;always locked&#8220;-Design und dem eingebauten Falld\u00e4mpfer gew\u00e4hrleistet LockD Clips ROCKS maximale Sicherheit f\u00fcr Kletterer jeden Alters und jeder K\u00f6nnensstufe. Betreiber von Abenteuerparks k\u00f6nnen sich auf die Langlebigkeit, die einfache Integration und die kosteneffiziente Wartung verlassen, was sie zur idealen Wahl f\u00fcr alle Klettersteige und Hochseilg\u00e4rten macht.  <\/p>\n<h2>Warum LockD Clips ROCKS die perfekte Wahl f\u00fcr Ihre Klettersteige ist<\/h2>\n<h3>Intuitives Design f\u00fcr nahtloses Klettern<\/h3>\n<p>Das LockD Clips ROCKS System verf\u00fcgt \u00fcber eine einfache, intuitive Tweezle Taste, mit der die Kletterer leicht erkennen k\u00f6nnen, wo sie ihre Karabiner einh\u00e4ngen m\u00fcssen. Das macht die Kursnavigation f\u00fcr alle Teilnehmer, vom Anf\u00e4nger bis zum erfahrenen Kletterer, einfach. Das stromlinienf\u00f6rmige Design des Clips ist leicht und einfach zu handhaben und passt sowohl in kleine als auch in gro\u00dfe H\u00e4nde.  <\/p>\n<h3>Unerreichte Sicherheit f\u00fcr alle Altersgruppen<\/h3>\n<p>Die Sicherheit ist das Herzst\u00fcck des LockD Clips ROCKS-Systems. Sein &#8222;immer verschlossenes&#8220; Design sorgt daf\u00fcr, dass die Kletterer w\u00e4hrend des gesamten Parcours sicher am Sicherungsseil h\u00e4ngen bleiben, so dass kein Risiko besteht, dass sie sich ausklinken. Sogar Kinder k\u00f6nnen Klettersteige sicher begehen, da sie der Norm EN 958 entsprechen. Das gibt den Betreibern die Freiheit, die Altersgrenzen zu erweitern, ohne die Sicherheit zu beeintr\u00e4chtigen.  <\/p>\n<h3>Kosteneffiziente, langlebige Ausr\u00fcstung<\/h3>\n<p>LockD Clips ROCKS wurde mit Blick auf den Betreiber entwickelt und bietet reduzierte j\u00e4hrliche Inspektionskosten und minimalen Verschlei\u00df von Teilen. Mit einer dreij\u00e4hrigen Garantie auf verschlei\u00dffreie Komponenten und der M\u00f6glichkeit, Reparaturen vor Ort durchzuf\u00fchren, k\u00f6nnen die Betreiber von geringeren Ausfallzeiten und einer l\u00e4ngeren Lebensdauer der Ger\u00e4te profitieren, wodurch sie Geld sparen und ihre Kurse reibungslos laufen lassen k\u00f6nnen. <\/p>\n<p><iframe loading=\"lazy\" title=\"LockD Clips - The Most Advanced Smart Belay System in the Adventure Recreation Industry\" width=\"980\" height=\"551\" src=\"https:\/\/www.youtube.com\/embed\/s29RnH1cFPI?feature=oembed\" frameborder=\"0\" allow=\"accelerometer; autoplay; clipboard-write; encrypted-media; gyroscope; picture-in-picture; web-share\" referrerpolicy=\"strict-origin-when-cross-origin\" allowfullscreen><\/iframe><\/p>\n<h2>Erweiterte Spezifikationen, die LockD Clips ROCKS auszeichnen<\/h2>\n<h3>Eingebauter Falld\u00e4mpfer f\u00fcr zus\u00e4tzlichen Schutz<\/h3>\n<p>Eines der herausragenden Merkmale von LockD Clips ROCKS ist der eingebaute Falld\u00e4mpfer, der im Falle eines unerwarteten Sturzes zus\u00e4tzlichen Schutz bietet. Diese innovative Funktion sorgt daf\u00fcr, dass Kletterer bei pl\u00f6tzlichen St\u00fcrzen abgefedert werden, was die Sicherheit des Systems weiter erh\u00f6ht. <\/p>\n<h3>Doppel-Lanyard System f\u00fcr kontinuierliche Sicherheit<\/h3>\n<p>Das Doppel-Lanyard Design sorgt daf\u00fcr, dass ein Clip immer verschlossen ist, w\u00e4hrend der andere offen ist, so dass der Kletterer st\u00e4ndig mit dem Sicherungsseil verbunden ist. Dank dieser Konstruktion eignet sich das System sowohl f\u00fcr horizontale als auch f\u00fcr vertikale Herausforderungen auf dem Parcours und bietet Flexibilit\u00e4t und Kontrolle, ohne Kompromisse bei der Sicherheit einzugehen. <\/p>\n<h3>Einfache Integration in bestehende Kurse<\/h3>\n<p>Ganz gleich, ob Sie einen bestehenden Parcours aufr\u00fcsten oder einen neuen bauen, LockD Clips ROCKS l\u00e4sst sich nahtlos in Ihre Anlage integrieren. Das System ist mit den meisten Standard-Klettersteigen kompatibel und kann schrittweise oder auf einmal eingef\u00fchrt werden, so dass der \u00dcbergang f\u00fcr die Betreiber kosteng\u00fcnstig und problemlos ist. <\/p>\n<h2>Vollst\u00e4ndige Spezifikationen f\u00fcr LockD Clips ROCKS<\/h2>\n<ul>\n<li><strong>Systemtyp:<\/strong> Intelligentes Sicherungssystem mit Doppel-Lanyard, immer verriegelter Mechanismus<\/li>\n<li><strong>Falld\u00e4mpfer:<\/strong> Integrierter Falld\u00e4mpfer zur Absturzsicherung<\/li>\n<li><strong>Altersvoraussetzung:<\/strong> Geeignet f\u00fcr Kinder und Erwachsene (erf\u00fcllt EN 958)<\/li>\n<li><strong>Schl\u00fcssel-Mechanismus:<\/strong> Tweezle Schl\u00fcssel f\u00fcr intuitive Verriegelung\/Entriegelung<\/li>\n<li><strong>Konformit\u00e4t:<\/strong> Erf\u00fcllt die Sicherheitsnormen EN 958 f\u00fcr Klettersteigsysteme<\/li>\n<li><strong>Karabiner Design:<\/strong> Leicht, ergonomisch und passend f\u00fcr kleine bis gro\u00dfe H\u00e4nde<\/li>\n<li><strong>Garantie:<\/strong> 3 Jahre Garantie auf Nicht verschlei\u00dfende Teile<\/li>\n<li><strong>Wartung:<\/strong> J\u00e4hrliche Inspektion vor Ort und einfache Reparaturen<\/li>\n<li><strong>Integration:<\/strong> Nahtlose Kompatibilit\u00e4t mit bestehenden Klettersteigkursen<\/li>\n<li><strong>Sicherheitsmerkmal:<\/strong> Dual-Lanyard-System sorgt f\u00fcr eine kontinuierliche Befestigung an der Rettungsleine<\/li>\n<\/ul>\n<p><strong>LockD Clips ROCKS<\/strong> bietet \u00fcberragende Sicherheit, Zuverl\u00e4ssigkeit und Benutzerfreundlichkeit f\u00fcr Teilnehmer und Betreiber und ist damit das ultimative Sicherungssystem f\u00fcr Klettersteige und Hochseilg\u00e4rten.<\/p>\n<p><iframe loading=\"lazy\" title=\"LockD Clips - How they work\" width=\"980\" height=\"551\" src=\"https:\/\/www.youtube.com\/embed\/_MC5FSHDRj0?feature=oembed\" frameborder=\"0\" allow=\"accelerometer; autoplay; clipboard-write; encrypted-media; gyroscope; picture-in-picture; web-share\" referrerpolicy=\"strict-origin-when-cross-origin\" allowfullscreen><\/iframe><\/p>\n","protected":false},"excerpt":{"rendered":"<p><strong>LockD Clips ROCKS<\/strong> ist ein revolution\u00e4res, intelligentes Sicherungssystem, das f\u00fcr Klettersteige entwickelt wurde. Es sorgt daf\u00fcr, dass die Kletterer dank eines eingebauten Sto\u00dfd\u00e4mpfers sicher angeschnallt bleiben. Optimieren Sie die Sicherheit Ihres Parcours mit unserem fortschrittlichen, einfach zu bedienenden Karabiner-System. <\/p>\n","protected":false},"featured_media":17079,"template":"","meta":{"_coblocks_attr":"","_coblocks_dimensions":"","_coblocks_responsive_height":"","_coblocks_accordion_ie_support":"","wds_primary_product_brand":0,"wds_primary_product_cat":0},"product_brand":[674],"product_cat":[558,651],"product_tag":[55,54,8],"class_list":{"0":"post-17070","1":"product","2":"type-product","3":"status-publish","4":"has-post-thumbnail","6":"product_brand-lockd-clips-de","7":"product_cat-lockd-kontinuierliches-selbstsicherungssystem","8":"product_cat-seilgarten-sicherungssysteme","9":"product_tag-ropes-course","10":"product_tag-continuous-belay","11":"product_tag-belay-systems","13":"first","14":"instock","15":"taxable","16":"shipping-taxable","17":"purchasable","18":"product-type-simple"},"_links":{"self":[{"href":"https:\/\/thrillsyndicate.com\/de\/wp-json\/wp\/v2\/product\/17070","targetHints":{"allow":["GET"]}}],"collection":[{"href":"https:\/\/thrillsyndicate.com\/de\/wp-json\/wp\/v2\/product"}],"about":[{"href":"https:\/\/thrillsyndicate.com\/de\/wp-json\/wp\/v2\/types\/product"}],"wp:featuredmedia":[{"embeddable":true,"href":"https:\/\/thrillsyndicate.com\/de\/wp-json\/wp\/v2\/media\/17079"}],"wp:attachment":[{"href":"https:\/\/thrillsyndicate.com\/de\/wp-json\/wp\/v2\/media?parent=17070"}],"wp:term":[{"taxonomy":"product_brand","embeddable":true,"href":"https:\/\/thrillsyndicate.com\/de\/wp-json\/wp\/v2\/product_brand?post=17070"},{"taxonomy":"product_cat","embeddable":true,"href":"https:\/\/thrillsyndicate.com\/de\/wp-json\/wp\/v2\/product_cat?post=17070"},{"taxonomy":"product_tag","embeddable":true,"href":"https:\/\/thrillsyndicate.com\/de\/wp-json\/wp\/v2\/product_tag?post=17070"}],"curies":[{"name":"wp","href":"https:\/\/api.w.org\/{rel}","templated":true}]}}