{"id":17125,"date":"2023-06-13T13:40:49","date_gmt":"2023-06-13T11:40:49","guid":{"rendered":"https:\/\/thrillsyndicate.com\/shop\/edelrid-steel-hms-triple-karabiner\/"},"modified":"2025-08-25T17:36:43","modified_gmt":"2025-08-25T15:36:43","slug":"edelrid-steel-hms-triple-karabiner","status":"publish","type":"product","link":"https:\/\/thrillsyndicate.com\/de\/product\/edelrid-steel-hms-triple-karabiner\/","title":{"rendered":"Edelrid STEEL HMS TRIPLE Karabiner"},"content":{"rendered":"<p>In einer Branche, in der Leistung und Sicherheit nicht nur unverzichtbar, sondern unantastbar sind, ist der STEEL HMS TRIPLE der ultimative Besch\u00fctzer und Erleichterer f\u00fcr alle, die in den Bereichen Abenteuer, Outdoor, Vergn\u00fcgen und Freizeit t\u00e4tig sind. Mit seinem dreifachen Verriegelungsmechanismus und seiner praktisch unzerst\u00f6rbaren Konstruktion ist dieser Stahlkarabiner f\u00fcr alle gedacht, die bei Qualit\u00e4t und Sicherheit keine Kompromisse eingehen. <\/p>\n<h2>Gebaut f\u00fcr die unnachgiebigen Anforderungen in der freien Natur H3: Ein W\u00e4chter gegen das Unerwartete<\/h2>\n<p>Der STEEL HMS TRIPLE ist nicht einfach nur ein Karabiner, er ist eine Investition in den Seelenfrieden. Mit seinem schl\u00fcssellosen Design und dem dreifach wirkenden Verschluss verhindert er ein versehentliches \u00d6ffnen und sorgt daf\u00fcr, dass Sie auch in den unvorhersehbarsten Situationen sicher sind. <\/p>\n<h3>Die Kraft des Stahls f\u00fcr k\u00fchne Taten<\/h3>\n<p>Dieser Karabiner wird aus hochwertigem Stahl gefertigt und ist unempfindlich gegen Abnutzung und Verschlei\u00df. Seine robuste Konstruktion garantiert eine au\u00dfergew\u00f6hnliche Langlebigkeit und unvergleichliche Leistung und macht ihn zu einem unsch\u00e4tzbaren Wert in rauen Umgebungen. <\/p>\n<h3>Handhabung m\u00fchelos gemacht<\/h3>\n<p>Die ergonomische Form des STEEL HMS TRIPLE sorgt daf\u00fcr, dass er nicht nur robust, sondern auch unglaublich einfach zu handhaben ist. Die gro\u00dfe Tor\u00f6ffnung bietet Platz f\u00fcr eine Vielzahl von Takelageoptionen und sorgt f\u00fcr einen reibungslosen und effizienten Betrieb. <\/p>\n<h2>Meisterhaft konstruierte Spezifikationen H3: Ein Koloss an Belastbarkeit<\/h2>\n<p>Der STEEL HMS TRIPLE kann eine erstaunliche Last von 40 kN entlang seiner Hauptachse schultern. Diese gewaltige Kapazit\u00e4t sorgt daf\u00fcr, dass er auch die anspruchsvollsten Aufgaben mit unersch\u00fctterlicher Zuverl\u00e4ssigkeit bew\u00e4ltigt. <\/p>\n<h3>Auto-Locking f\u00fcr den Sieg<\/h3>\n<p>Ein wesentliches Merkmal dieses Stahlkarabiners ist sein dreifacher Selbstverriegelungsmechanismus. Diese wichtige Eigenschaft sorgt daf\u00fcr, dass der Karabiner, wenn er einmal verriegelt ist, fest verschlossen bleibt, wodurch jedes Risiko eines versehentlichen \u00d6ffnens ausgeschlossen wird. <\/p>\n<h3>Unglaublich widerstandsf\u00e4hig gegen Querbelastungen<\/h3>\n<p>Mit einer beeindruckenden Festigkeit der Nebenachse von 16 kN ist der STEEL HMS TRIPLE robust gegen Querbelastungen. Diese Eigenschaft macht ihn \u00e4u\u00dferst zuverl\u00e4ssig, insbesondere bei komplexen Takelarbeiten. <\/p>\n<h3>Das breiteste Tor zur Effizienz<\/h3>\n<p>Mit einer Schnapper\u00f6ffnung von 27 mm erm\u00f6glicht dieser Karabiner das schnelle und einfache Einh\u00e4ngen von Seilen und Gurtb\u00e4ndern. Zusammen mit seinem ergonomischen Design sorgt dies f\u00fcr ein reibungsloses Arbeiten. <\/p>\n<h3>Compliance, die Vertrauen weckt<\/h3>\n<p>Der STEEL HMS TRIPLE entspricht den Normen EN 362 und EN 12275, die f\u00fcr seine hohe Qualit\u00e4t und Zuverl\u00e4ssigkeit b\u00fcrgen. Wenn Sie sich f\u00fcr diesen Karabiner entscheiden, w\u00e4hlen Sie nicht einfach nur ein Produkt, sondern Sie entscheiden sich f\u00fcr Exzellenz. <\/p>\n<h2>Spezifikationen<\/h2>\n<ul>\n<li>Breite: 74 mm<\/li>\n<li>Tor\u00f6ffnung: 23 mm<\/li>\n<li>Fmax. Hauptachse: 40 kN<\/li>\n<li>Fmax. Nebenachse : 15 kN<\/li>\n<li>Fmax. offen : 15 kN<\/li>\n<li>Zertifizierung: EN 362<\/li>\n<li>Material : Stahl<\/li>\n<li>Verschluss : Dreifach<\/li>\n<li>Karabiner Form : HMS<\/li>\n<\/ul>\n<h3 class=\"western\">\ud83d\udc49 Sie suchen einen bestimmten Edelrid-Artikel, der nicht im Shop gelistet ist? Wir vertreiben das komplette Portfolio f\u00fcr Abenteuer, Sport und Sicherheit. Bitte <strong><a href=\"https:\/\/thrillsyndicate.com\/de\/kontakt\/\">senden Sie<\/a><\/strong> uns eine E-Mail oder sehen Sie sich die vollst\u00e4ndige <strong><a href=\"https:\/\/thrillsyndicate.com\/edelrid-safety-price-list-2025\/\">Sicherheitspreisliste hier<\/a><\/strong>. \ud83d\udc48<\/h3>\n","protected":false},"excerpt":{"rendered":"<p>Der Edelrid STEEL HMS TRIPLE ist ein ultrarobuster Stahlkarabiner, der sich perfekt f\u00fcr professionelle Abenteurer und Outdoor-Aktivisten eignet. Sein tadelloses Design sorgt f\u00fcr Sicherheit und Leichtigkeit in der Handhabung. <\/p>\n","protected":false},"featured_media":10745,"template":"","meta":{"_coblocks_attr":"","_coblocks_dimensions":"","_coblocks_responsive_height":"","_coblocks_accordion_ie_support":"","wds_primary_product_brand":0,"wds_primary_product_cat":0},"product_brand":[659],"product_cat":[893,618,894],"product_tag":[948,638,896,548,895],"class_list":{"0":"post-17125","1":"product","2":"type-product","3":"status-publish","4":"has-post-thumbnail","6":"product_brand-edelrid-de","7":"product_cat-karabiner","8":"product_cat-seile-karabiner","9":"product_cat-verbindungselemente","10":"product_tag-hms-de","11":"product_tag-karabiner","12":"product_tag-triple-lock-karabiner","13":"product_tag-verbinden","14":"product_tag-verriegelbarer-karabinerhaken","16":"first","17":"instock","18":"taxable","19":"shipping-taxable","20":"purchasable","21":"product-type-simple"},"_links":{"self":[{"href":"https:\/\/thrillsyndicate.com\/de\/wp-json\/wp\/v2\/product\/17125","targetHints":{"allow":["GET"]}}],"collection":[{"href":"https:\/\/thrillsyndicate.com\/de\/wp-json\/wp\/v2\/product"}],"about":[{"href":"https:\/\/thrillsyndicate.com\/de\/wp-json\/wp\/v2\/types\/product"}],"wp:featuredmedia":[{"embeddable":true,"href":"https:\/\/thrillsyndicate.com\/de\/wp-json\/wp\/v2\/media\/10745"}],"wp:attachment":[{"href":"https:\/\/thrillsyndicate.com\/de\/wp-json\/wp\/v2\/media?parent=17125"}],"wp:term":[{"taxonomy":"product_brand","embeddable":true,"href":"https:\/\/thrillsyndicate.com\/de\/wp-json\/wp\/v2\/product_brand?post=17125"},{"taxonomy":"product_cat","embeddable":true,"href":"https:\/\/thrillsyndicate.com\/de\/wp-json\/wp\/v2\/product_cat?post=17125"},{"taxonomy":"product_tag","embeddable":true,"href":"https:\/\/thrillsyndicate.com\/de\/wp-json\/wp\/v2\/product_tag?post=17125"}],"curies":[{"name":"wp","href":"https:\/\/api.w.org\/{rel}","templated":true}]}}