{"id":17131,"date":"2024-02-18T18:57:57","date_gmt":"2024-02-18T17:57:57","guid":{"rendered":"https:\/\/thrillsyndicate.com\/shop\/edelrid-pinch-vielseitiges-sicherungsgerat\/"},"modified":"2025-08-25T17:21:35","modified_gmt":"2025-08-25T15:21:35","slug":"edelrid-pinch-vielseitiges-sicherungsgerat","status":"publish","type":"product","link":"https:\/\/thrillsyndicate.com\/de\/product\/edelrid-pinch-vielseitiges-sicherungsgerat\/","title":{"rendered":"Edelrid Pinch | Vielseitiges Sicherungsger\u00e4t"},"content":{"rendered":"<p data-sourcepos=\"7:1-7:654\">Das Edelrid PINCH ist ein Novum in der Welt der automatischen Sicherungsger\u00e4te. Das PINCH wurde speziell f\u00fcr professionelle Anwender in der Abenteuer-, Outdoor-, Unterhaltungs- und Freizeitindustrie entwickelt und bietet un\u00fcbertroffene Sicherheit und Benutzerfreundlichkeit. Die unterst\u00fctzte Bremstechnologie bietet sowohl Anf\u00e4ngern als auch erfahrenen Kletterern ein sanftes, kontrolliertes Abseilen, w\u00e4hrend der automatische Verriegelungsmechanismus f\u00fcr eine sofortige Absturzsicherung sorgt und so f\u00fcr zus\u00e4tzliche Sicherheit sorgt. Ganz gleich, ob Sie einen Hochseilgarten betreiben, eine Kletterhalle leiten oder eine Seilbahn betreiben, die PINCH erh\u00f6ht die Sicherheitsstandards und rationalisiert Ihren Betrieb.   <\/p>\n<h2>Unerreichte Sicherheit mit automatischer Verriegelung:<\/h2>\n<p>Der PINCH verriegelt sich im Falle eines Sturzes automatisch, f\u00e4ngt den Benutzer sofort auf und eliminiert das Risiko menschlicher Fehler. Diese Funktion garantiert maximale Sicherheit f\u00fcr Kletterer aller K\u00f6nnensstufen und sorgt f\u00fcr ein beruhigendes Gef\u00fchl bei Betreibern und Teilnehmern gleicherma\u00dfen. <\/p>\n<h3>M\u00fcheloses Absenken f\u00fcr ein reibungsloses Erlebnis:<\/h3>\n<p>Das innovative Bremssystem des PINCH erm\u00f6glicht ein sanftes, kontrolliertes Ablassen, unabh\u00e4ngig vom Gewicht des Benutzers oder der Abstiegsgeschwindigkeit. Das macht das Sichern f\u00fcr den Anwender m\u00fchelos, selbst bei schweren Kletterern oder bei l\u00e4ngeren Abfahrten. <\/p>\n<h3>Effiziente Abl\u00e4ufe f\u00fcr mehr Durchsatz:<\/h3>\n<p>Das intuitive Design der PINCH erm\u00f6glicht eine schnelle und einfache Handhabung, minimiert die Sicherungszeit und maximiert den Benutzerdurchsatz. Dies f\u00fchrt zu mehr Effizienz und Rentabilit\u00e4t f\u00fcr Ihr Unternehmen. <\/p>\n<p><iframe loading=\"lazy\" title=\"Elevate Your Climbing Experience with Edelrid PINCH: Where Safety Meets Innovation\" width=\"980\" height=\"551\" src=\"https:\/\/www.youtube.com\/embed\/nbPH4eyDhKE?feature=oembed\" frameborder=\"0\" allow=\"accelerometer; autoplay; clipboard-write; encrypted-media; gyroscope; picture-in-picture; web-share\" referrerpolicy=\"strict-origin-when-cross-origin\" allowfullscreen><\/iframe><\/p>\n<h2>Strapazierf\u00e4hige Konstruktion f\u00fcr lang anhaltende Leistung:<\/h2>\n<p>Die PINCH wurde aus hochwertigen Materialien und einem robusten Design gefertigt, um den harten Anforderungen des professionellen Einsatzes gerecht zu werden. Die wetterfeste Konstruktion sorgt f\u00fcr zuverl\u00e4ssige Leistung unter allen Bedingungen. <\/p>\n<h3>Vielseitige Kompatibilit\u00e4t f\u00fcr unterschiedliche Anwendungen:<\/h3>\n<p>Der PINCH ist mit einer breiten Palette von Seilen kompatibel und eignet sich daher f\u00fcr verschiedene Anwendungen, von Kletterw\u00e4nden und Seilbahnen bis hin zu Hochseilg\u00e4rten und kontrollierten Abfahrten.<\/p>\n<h3>Benutzerfreundliches Design f\u00fcr optimierte Abl\u00e4ufe:<\/h3>\n<p>Der PINCH zeichnet sich durch ein einfaches Design mit klaren visuellen Anzeigen und ergonomischen Bedienelementen aus, so dass er von Anwendern aller Qualifikationsstufen sicher und effizient bedient werden kann.<\/p>\n<ul>\n<li><strong>Direkte Befestigung am Klettergurt<\/strong>: Das erste Sicherungsger\u00e4t auf dem Markt, das sowohl direkt am zentralen Ring des Klettergurts als auch mit einem Sicherungskarabiner befestigt werden kann.<\/li>\n<li><strong>Linearer Seilverlauf<\/strong>: Volle Kontrolle beim Absenken und Abseilen &#8211; weniger Kranhaken im Seil.<\/li>\n<li><strong>Deaktivierbare Antipanikfunktion<\/strong>: Die Antipanikfunktion l\u00e4sst sich mit einer in der Verpackung enthaltenen Schraube dauerhaft deaktivieren. Perfekt f\u00fcr Profis oder Seilzugangstechniken an dicken Seilen. <\/li>\n<li><strong>Integrierte zweite Bremseinheit<\/strong>: Wenn die Anti-Panik-Funktion aufgrund zu hoher Seilreibung zu oft aktiviert wird, k\u00f6nnen Sie sich auch bei sehr geringen Lasten problemlos abseilen oder ablassen, indem Sie den Ausl\u00f6sehebel weiter ziehen.<\/li>\n<li><strong>Vielseitig einsetzbar<\/strong>: Vorstiegsklettern, Sichern einer zweiten Person, Anseilen, Ablassen und Abseilen &#8211; ein und dasselbe Ger\u00e4t f\u00fcr Sportklettern, Mehrseill\u00e4ngenrouten und Seilzugangstechniken.<\/li>\n<li>Direkteres Feedback durch die k\u00f6rpernahe Position beim Sichern.<\/li>\n<li>20 &#8211; 30 cm mehr Seil f\u00fcr jede Seilausgabe.<\/li>\n<\/ul>\n<h2>Spezifikationen<\/h2>\n<ul>\n<li>UIAA<\/li>\n<li>Zugelassener Seildurchmesser: 8,5 &#8211; 10,5 mm<\/li>\n<li>Zertifizierung : EN 15151-1<\/li>\n<li>Material : Stahl\/ALU<\/li>\n<li>Mechanisch<\/li>\n<li>Unterst\u00fctztes Bremssicherungsger\u00e4t f\u00fcr den vielseitigen Einsatz beim Sportklettern, Mehrseill\u00e4ngenklettern und Seilzugangstechniken<\/li>\n<li>Die k\u00f6rpernahe Position durch die direkte Gurtverbindung erh\u00f6ht die Kontrolle \u00fcber das Bremsseil und verbessert die Benutzerfreundlichkeit<\/li>\n<li>Durch die direkte Verbindung mit dem Klettergurt wird das Risiko einer Querbelastung des Karabiners vermieden.<\/li>\n<li>Die Anti-Panik-Funktion kann zur Erh\u00f6hung der Sicherheit deaktiviert werden, indem das Ger\u00e4t automatisch gesperrt wird, wenn der Ausl\u00f6sehebel zu weit nach hinten gezogen wird.<\/li>\n<li>Zweite Bremsstufe, wenn die Anti-Panik-Funktion aufgrund von zu geringer Last und\/oder zu hoher Seilreibung zu h\u00e4ufig aktiviert wird<\/li>\n<li>Frontale Stahlbremsrillen erm\u00f6glichen einen geradlinigen Lauf des Seils und sorgen daf\u00fcr, dass sich das Seil weniger verheddert, die Haltbarkeit erh\u00f6ht und unansehnliche Verf\u00e4rbungen verhindert werden, die entstehen, wenn das Seil an Aluminium reibt<\/li>\n<li>Befestigung am Stativ in vier verschiedenen Richtungen in 90\u00b0-Schritten<\/li>\n<li>Gleiche Bedienung f\u00fcr Rechts- und Linksh\u00e4nder<\/li>\n<li>Geeignet f\u00fcr statische Seile von 10,0 bis 10,5 mm Durchmesser (120 kg max. Benutzergewicht)<\/li>\n<li>Geeignet f\u00fcr dynamische Seile von 8,5 bis 10,5 mm Durchmesser<\/li>\n<\/ul>\n<h3 class=\"western\">\ud83d\udc49 Sie suchen einen bestimmten Edelrid-Artikel, der nicht im Shop gelistet ist? Wir vertreiben das komplette Portfolio f\u00fcr Abenteuer, Sport und Sicherheit. Bitte <strong><a href=\"https:\/\/thrillsyndicate.com\/de\/kontakt\/\">senden Sie<\/a><\/strong> uns eine E-Mail oder sehen Sie sich die vollst\u00e4ndige <strong><a href=\"https:\/\/thrillsyndicate.com\/edelrid-safety-price-list-2025\/\">Sicherheitspreisliste hier<\/a><\/strong>. \ud83d\udc48<\/h3>\n","protected":false},"excerpt":{"rendered":"<p>Das Edelrid PINCH ist ein automatisches Sicherungsger\u00e4t der n\u00e4chsten Generation, das unvergleichliche Sicherheit und Benutzerfreundlichkeit f\u00fcr Profis bietet. Sein innovatives Design sorgt f\u00fcr ein sanftes Abseilen und ein automatisches Auffangen im Falle eines Sturzes. Damit ist es ideal f\u00fcr Abenteuerparks, Kletterhallen und Vergn\u00fcgungseinrichtungen. <\/p>\n","protected":false},"featured_media":12243,"template":"","meta":{"_coblocks_attr":"","_coblocks_dimensions":"","_coblocks_responsive_height":"","_coblocks_accordion_ie_support":"","wds_primary_product_brand":0,"wds_primary_product_cat":0},"product_brand":[62],"product_cat":[92,840],"product_tag":[811,93,67,8],"class_list":{"0":"post-17131","1":"product","2":"type-product","3":"status-publish","4":"has-post-thumbnail","6":"product_brand-edelrid","7":"product_cat-descent-rescue-devices","8":"product_cat-descenders","9":"product_tag-descender","10":"product_tag-descent-rescue","11":"product_tag-ppe","12":"product_tag-belay-systems","14":"first","15":"instock","16":"taxable","17":"shipping-taxable","18":"purchasable","19":"product-type-simple"},"_links":{"self":[{"href":"https:\/\/thrillsyndicate.com\/de\/wp-json\/wp\/v2\/product\/17131","targetHints":{"allow":["GET"]}}],"collection":[{"href":"https:\/\/thrillsyndicate.com\/de\/wp-json\/wp\/v2\/product"}],"about":[{"href":"https:\/\/thrillsyndicate.com\/de\/wp-json\/wp\/v2\/types\/product"}],"wp:featuredmedia":[{"embeddable":true,"href":"https:\/\/thrillsyndicate.com\/de\/wp-json\/wp\/v2\/media\/12243"}],"wp:attachment":[{"href":"https:\/\/thrillsyndicate.com\/de\/wp-json\/wp\/v2\/media?parent=17131"}],"wp:term":[{"taxonomy":"product_brand","embeddable":true,"href":"https:\/\/thrillsyndicate.com\/de\/wp-json\/wp\/v2\/product_brand?post=17131"},{"taxonomy":"product_cat","embeddable":true,"href":"https:\/\/thrillsyndicate.com\/de\/wp-json\/wp\/v2\/product_cat?post=17131"},{"taxonomy":"product_tag","embeddable":true,"href":"https:\/\/thrillsyndicate.com\/de\/wp-json\/wp\/v2\/product_tag?post=17131"}],"curies":[{"name":"wp","href":"https:\/\/api.w.org\/{rel}","templated":true}]}}