{"id":17149,"date":"2024-03-14T10:12:32","date_gmt":"2024-03-14T09:12:32","guid":{"rendered":"https:\/\/thrillsyndicate.com\/shop\/edelrid-switch-double-y-lanyard\/"},"modified":"2025-08-25T15:52:55","modified_gmt":"2025-08-25T13:52:55","slug":"edelrid-switch-double-y-lanyard","status":"publish","type":"product","link":"https:\/\/thrillsyndicate.com\/de\/product\/edelrid-switch-double-y-lanyard\/","title":{"rendered":"Edelrid Switch Double | Y-Lanyard"},"content":{"rendered":"<p data-sourcepos=\"11:1-11:234\">F\u00fcr Profikletterer, Abenteurer und Mitarbeiter in der Outdoor-Branche z\u00e4hlt jedes Qu\u00e4ntchen. Das Edelrid Switch Double Lanyard verk\u00f6rpert diese Philosophie und bietet eine dynamische Selbstsicherungsl\u00f6sung, bei der sowohl Sicherheit als auch Effizienz im Vordergrund stehen. <\/p>\n<h2 data-sourcepos=\"13:1-13:49\">Bew\u00e4ltigen Sie Herausforderungen mit un\u00fcbertroffener Vielseitigkeit:<\/h2>\n<ul data-sourcepos=\"15:1-20:0\">\n<li data-sourcepos=\"15:1-16:0\">\n<p data-sourcepos=\"15:3-15:244\"><strong>Die doppelte Funktionalit\u00e4t:<\/strong> Mit seinem asymmetrischen Design mit Armen von 75 cm und 40 cm passt sich das Switch Double an verschiedene Kletterszenarien an. Verwenden Sie den l\u00e4ngeren Arm zum Selbstsichern und den k\u00fcrzeren zum Abseilen oder zum Anbringen eines Abseilger\u00e4ts. <\/p>\n<\/li>\n<li data-sourcepos=\"17:1-18:0\">\n<p data-sourcepos=\"17:3-17:191\"><strong>Dynamische Sicherheit:<\/strong> Das Switch Double ist aus energieabsorbierendem SWIFT 48 PRO DRY 8,9 mm Seil gefertigt. Es federt St\u00fcrze ab und minimiert Aufprallkr\u00e4fte, so dass Sie beim Abseilen und bei Man\u00f6vern sicher bleiben.<\/p>\n<\/li>\n<li data-sourcepos=\"19:1-20:0\">\n<p data-sourcepos=\"19:3-19:241\"><strong>Bewegungsfreiheit:<\/strong> Das leichte Design und das kleine Packma\u00df sorgen daf\u00fcr, dass der Switch Double Sie nicht beschwert. Genie\u00dfen Sie mehr Bewegungsfreiheit und konzentrieren Sie sich auf die anstehende Aufgabe, egal ob Sie einen anspruchsvollen Aufstieg bezwingen oder Kunden betreuen. <\/p>\n<\/li>\n<\/ul>\n<h2 data-sourcepos=\"21:1-21:44\">Gebaut um zu \u00fcberleben: Zuversicht in jeder Bewegung<\/h2>\n<ul data-sourcepos=\"23:1-28:0\">\n<li data-sourcepos=\"23:1-24:0\">\n<p data-sourcepos=\"23:3-23:217\"><strong>Kompromisslose St\u00e4rke:<\/strong> Das Switch Double verf\u00fcgt \u00fcber eine Mindestbruchlast von 15kN und \u00fcbertrifft damit die Sicherheitszertifizierungen der UIAA und EN. Klettern Sie mit Zuversicht, denn Sie wissen, dass Ihre Ausr\u00fcstung auch anspruchsvollen Situationen gewachsen ist. <\/p>\n<\/li>\n<li data-sourcepos=\"25:1-26:0\">\n<p data-sourcepos=\"25:3-25:250\"><strong>Umweltbewusste Konstruktion:<\/strong> Edelrid verwendet f\u00fcr die Konstruktion des Switch Double bluesign\u00ae-zertifizierte Materialien. Das bedeutet einen geringeren \u00f6kologischen Fu\u00dfabdruck und erm\u00f6glicht es Ihnen, nachhaltige Entscheidungen zu treffen, ohne Kompromisse bei der Leistung einzugehen. <\/p>\n<\/li>\n<li data-sourcepos=\"27:1-28:0\">\n<p data-sourcepos=\"27:3-27:226\"><strong>Langlebigkeit, der Sie vertrauen k\u00f6nnen:<\/strong> Die robuste Kernmantelkonstruktion sorgt daf\u00fcr, dass der Switch Double der Abnutzung durch h\u00e4ufigen Gebrauch standh\u00e4lt. Klettern Sie Saison f\u00fcr Saison mit der Gewissheit, dass die Ausr\u00fcstung lange h\u00e4lt. <\/p>\n<\/li>\n<\/ul>\n<h2>Merkmale &amp; Specs<\/h2>\n<ul>\n<li>Kleines Packma\u00df und geringes Gewicht<\/li>\n<li>\u00c4u\u00dferst robuste Kernmantelkonstruktion<\/li>\n<li>SWIFT 48: hergestellt aus bluesign\u00ae-zertifizierten Materialien<\/li>\n<li>Bitte beachten Sie: darf nicht als Klettersteigset verwendet werden<\/li>\n<li>UIAA<\/li>\n<li>Mindestbruchkraft: 15 kN<\/li>\n<li>Zertifizierung : UIAA 109<\/li>\n<li>Zertifizierung : EN 17520<\/li>\n<li>Material : Polyamid<\/li>\n<\/ul>\n<p><iframe loading=\"lazy\" title=\"How to Use: SWITCH (DOUBLE) | EDELRID\" width=\"980\" height=\"551\" src=\"https:\/\/www.youtube.com\/embed\/4Qlv3jLs7bw?feature=oembed\" frameborder=\"0\" allow=\"accelerometer; autoplay; clipboard-write; encrypted-media; gyroscope; picture-in-picture; web-share\" referrerpolicy=\"strict-origin-when-cross-origin\" allowfullscreen><\/iframe><\/p>\n<h3 class=\"western\">\ud83d\udc49 Sie suchen einen bestimmten Edelrid-Artikel, der nicht im Shop gelistet ist? Wir vertreiben das komplette Portfolio f\u00fcr Abenteuer, Sport und Sicherheit. Bitte <strong><a href=\"https:\/\/thrillsyndicate.com\/de\/kontakt\/\">senden Sie<\/a><\/strong> uns eine E-Mail oder sehen Sie sich die vollst\u00e4ndige <strong><a href=\"https:\/\/thrillsyndicate.com\/edelrid-safety-price-list-2025\/\">Sicherheitspreisliste hier<\/a><\/strong>. \ud83d\udc48<\/h3>\n","protected":false},"excerpt":{"rendered":"<p>Das Edelrid Switch Double ist ein dynamisches, selbstsicherndes Verbindungsmittel, das auf Effizienz ausgelegt ist. Die asymmetrischen Arme und die leichte Konstruktion machen es perfekt f\u00fcr professionelle Kletterer, Abenteurer und Mitarbeiter der Outdoor-Industrie. <\/p>\n","protected":false},"featured_media":12645,"template":"","meta":{"_coblocks_attr":"","_coblocks_dimensions":"","_coblocks_responsive_height":"","_coblocks_accordion_ie_support":"","wds_primary_product_brand":0,"wds_primary_product_cat":0},"product_brand":[659],"product_cat":[955,546],"product_tag":[568,548,1030],"class_list":{"0":"post-17149","1":"product","2":"type-product","3":"status-publish","4":"has-post-thumbnail","6":"product_brand-edelrid-de","7":"product_cat-canyoning-de-professionelle-ausruestung","8":"product_cat-verbindungsmittel-lanyards-wirbel","9":"product_tag-psa","10":"product_tag-verbinden","11":"product_tag-y-verbindungsmittel","13":"first","14":"instock","15":"taxable","16":"shipping-taxable","17":"purchasable","18":"product-type-simple"},"_links":{"self":[{"href":"https:\/\/thrillsyndicate.com\/de\/wp-json\/wp\/v2\/product\/17149","targetHints":{"allow":["GET"]}}],"collection":[{"href":"https:\/\/thrillsyndicate.com\/de\/wp-json\/wp\/v2\/product"}],"about":[{"href":"https:\/\/thrillsyndicate.com\/de\/wp-json\/wp\/v2\/types\/product"}],"wp:featuredmedia":[{"embeddable":true,"href":"https:\/\/thrillsyndicate.com\/de\/wp-json\/wp\/v2\/media\/12645"}],"wp:attachment":[{"href":"https:\/\/thrillsyndicate.com\/de\/wp-json\/wp\/v2\/media?parent=17149"}],"wp:term":[{"taxonomy":"product_brand","embeddable":true,"href":"https:\/\/thrillsyndicate.com\/de\/wp-json\/wp\/v2\/product_brand?post=17149"},{"taxonomy":"product_cat","embeddable":true,"href":"https:\/\/thrillsyndicate.com\/de\/wp-json\/wp\/v2\/product_cat?post=17149"},{"taxonomy":"product_tag","embeddable":true,"href":"https:\/\/thrillsyndicate.com\/de\/wp-json\/wp\/v2\/product_tag?post=17149"}],"curies":[{"name":"wp","href":"https:\/\/api.w.org\/{rel}","templated":true}]}}