{"id":17152,"date":"2024-03-07T15:07:18","date_gmt":"2024-03-07T14:07:18","guid":{"rendered":"https:\/\/thrillsyndicate.com\/shop\/jahrliche-seilbahn-inspektionen\/"},"modified":"2025-08-25T15:52:50","modified_gmt":"2025-08-25T13:52:50","slug":"jahrliche-seilbahn-inspektionen","status":"publish","type":"product","link":"https:\/\/thrillsyndicate.com\/de\/product\/jahrliche-seilbahn-inspektionen\/","title":{"rendered":"J\u00e4hrliche Inspektionen der Seilbahnen"},"content":{"rendered":"<p>In der Welt des Abenteuers und der Outdoor-Freizeitgestaltung ist Sicherheit das Wichtigste. Unsere j\u00e4hrlichen Inspektionen von Seilbahnen bieten unabh\u00e4ngige und objektive \u00dcberpr\u00fcfungen, die die Einhaltung von Industriestandards und gesetzlichen Vorschriften gew\u00e4hrleisten. Unsere Inspektionen, bei denen Sicherheit und Effektivit\u00e4t im Vordergrund stehen, geben Betreibern und Fahrern ein beruhigendes Gef\u00fchl.  <\/p>\n<p>Gehen Sie bei der Sicherheit keine Kompromisse ein. Vereinbaren Sie noch heute einen Termin f\u00fcr Ihre j\u00e4hrliche Inspektion der Seilbahnen. Bitte f\u00fcllen Sie dieses Formular aus, um ein Angebot zu erhalten  <\/p>\n<h2>Umfassende Inspektionen<\/h2>\n<p>Unsere qualifizierten Inspektoren pr\u00fcfen jedes Element des Kurses vor Ort und stellen sicher, dass die Industriestandards eingehalten werden. Von der Dokumentation bis zur Ausr\u00fcstung lassen wir nichts unversucht, um die Sicherheit und Effektivit\u00e4t Ihres Seilbahnsystems zu gew\u00e4hrleisten. <\/p>\n<h2>Zuverl\u00e4ssige Bewertung der Ausr\u00fcstung<\/h2>\n<p>Mit unseren Inspektionsdiensten k\u00f6nnen Betreiber sicher sein, dass jedes einzelne Ger\u00e4t gr\u00fcndlich gepr\u00fcft wird. Von der Bestandsaufnahme der Sicherheitsausr\u00fcstung bis hin zur \u00dcberpr\u00fcfung der Dokumentation liefern wir detaillierte Berichte, um den Wartungsbedarf zu ermitteln und eine optimale Leistung zu gew\u00e4hrleisten. <\/p>\n<h2>Seelenfriedensgarantie<\/h2>\n<p>Wenn Sie die Inspektion Ihrer Seilbahnen unseren zertifizierten Inspektoren anvertrauen, haben Sie die Gewissheit, dass Sicherheit f\u00fcr uns oberste Priorit\u00e4t hat. Unsere umfassenden Bewertungen und gr\u00fcndlichen Dokumentationen gew\u00e4hrleisten die Einhaltung der Vorschriften und minimieren die Risiken f\u00fcr Betreiber und Fahrer gleicherma\u00dfen. <\/p>\n<h2>Magnetische Seilpr\u00fcfung (MRT)<\/h2>\n<p>Unser fortschrittliches Magnetic Rope Testing (MRT) gew\u00e4hrleistet die Haltbarkeit und Sicherheit von Seilbahnseilen. Durch regelm\u00e4\u00dfige MRT-Inspektionen k\u00f6nnen Betreiber potenzielle Probleme fr\u00fchzeitig erkennen und die Integrit\u00e4t ihrer Seilbahnsysteme aufrechterhalten, um ein sicheres und aufregendes Erlebnis f\u00fcr die Seilbahnfahrer zu gew\u00e4hrleisten. <\/p>\n<h2>Einhaltung von Gesetzen und Sicherheitsstandards<\/h2>\n<p>Regelm\u00e4\u00dfige Inspektionen sind f\u00fcr die Einhaltung von Gesetzen und Sicherheitsstandards unerl\u00e4sslich. Unsere Inspektionen umfassen visuelle, betriebliche und funktionelle Aspekte und stellen sicher, dass alle Komponenten den Spezifikationen des Herstellers entsprechen. Mit unseren gr\u00fcndlichen Bewertungen k\u00f6nnen Betreiber ihre gesetzlichen Verpflichtungen erf\u00fcllen und eine sichere Seilbahnumgebung f\u00fcr alle Benutzer aufrechterhalten.  <\/p>\n<h2>Die Art der Kurse, die wir inspizieren:<\/h2>\n<ul>\n<li>Seilbahnen &amp; Zipwire Kurse<\/li>\n<li>Hochseilg\u00e4rten<\/li>\n<li>Allgemeine Aerial Adventure Konstruktionen<\/li>\n<li>Netz Abenteuerparks<\/li>\n<li>W\u00e4nde klettern<\/li>\n<li>Niedrigseilg\u00e4rten Kurse<\/li>\n<li>Spielpl\u00e4tze<\/li>\n<\/ul>\n<h2>Angebotene Inspektionsdienste:<\/h2>\n<ul>\n<li><strong>\u00dcberpr\u00fcfen Sie Marketingmaterialien, Vorbereitungsmaterialien f\u00fcr die Teilnehmer, Kursbeschilderung und Nachrichten\u00fcbermittlung:<\/strong>\n<ul>\n<li>Sicherstellen der Genauigkeit der Darstellung<\/li>\n<li>Kommunizieren Sie die Anforderungen und Risiken der Teilnehmer effektiv<\/li>\n<\/ul>\n<\/li>\n<li><strong>\u00dcberpr\u00fcfung von Betriebsunterlagen und Handb\u00fcchern:<\/strong>\n<ul>\n<li>Hersteller- und Ger\u00e4tehandb\u00fccher auswerten<\/li>\n<li>Bewertung von Design-Spezifikationen und Richtlinien\/Verfahrenshandb\u00fcchern<\/li>\n<li>\u00dcberpr\u00fcfung von Berichten \u00fcber Zwischenf\u00e4lle und Beinaheunf\u00e4lle, Risikobewertungen und Notfallpl\u00e4ne<\/li>\n<li>\u00dcberpr\u00fcfen Sie Schulungsprogramme, Mitarbeiterqualifikationen und Inspektionsberichte<\/li>\n<li>Pr\u00fcfen Sie Wartungsprotokolle und Teilnehmervereinbarungen<\/li>\n<\/ul>\n<\/li>\n<li><strong>\u00dcberpr\u00fcfung \/ Demonstration von Betriebsabl\u00e4ufen, um die \u00dcbereinstimmung mit der Dokumentation sicherzustellen:<\/strong>\n<ul>\n<li>Bewerten Sie die Verfahren zur Er\u00f6ffnung von Kursen und vor der Nutzung<\/li>\n<li>Bewerten Sie die Aufnahme, das Screening und die Erwartungen der Teilnehmer<\/li>\n<li>\u00dcberpr\u00fcfung der Teilnehmerschulung und der allgemeinen Betriebsabl\u00e4ufe<\/li>\n<li>Adressprotokolle f\u00fcr ungew\u00f6hnliche Bedingungen oder Unterbrechungen<\/li>\n<li>Stellen Sie sicher, dass Notfallpl\u00e4ne und Rettungsma\u00dfnahmen vorhanden sind.<\/li>\n<li>Validieren Sie Inspektions- und Wartungspraktiken<\/li>\n<li>Best\u00e4tigen Sie die ordnungsgem\u00e4\u00dfe Verwendung der pers\u00f6nlichen Sicherheitsausr\u00fcstung und der Arbeitsverfahren in der H\u00f6he<\/li>\n<\/ul>\n<\/li>\n<li><strong>Zus\u00e4tzliche Inspektionsdienste:<\/strong>\n<ul>\n<li>Pr\u00fcfung der betrieblichen Dokumentation gem\u00e4\u00df EN15567-2<\/li>\n<li>Planung f\u00fcr zuk\u00fcnftigen Wartungsbedarf<\/li>\n<li>Verwendung der vom Hersteller zur Verf\u00fcgung gestellten Checklisten<\/li>\n<\/ul>\n<\/li>\n<\/ul>\n","protected":false},"excerpt":{"rendered":"<p>Sorgen Sie mit j\u00e4hrlichen Inspektionen der Seilbahnen f\u00fcr Sicherheit und Einhaltung der Vorschriften. Zertifizierte Inspektoren pr\u00fcfen jedes Element und sorgen so f\u00fcr die Sicherheit von Betreibern und Fahrern. J\u00e4hrliche Inspektionen von Seilbahnen garantieren Sicherheit und die Einhaltung von Industriestandards. Unsere zertifizierten Inspektoren f\u00fchren gr\u00fcndliche praktische Pr\u00fcfungen durch, um eine optimale Leistung zu gew\u00e4hrleisten.   <\/p>\n","protected":false},"featured_media":12535,"template":"","meta":{"_coblocks_attr":"","_coblocks_dimensions":"","_coblocks_responsive_height":"","_coblocks_accordion_ie_support":"","wds_primary_product_brand":0,"wds_primary_product_cat":0},"product_brand":[],"product_cat":[776,799],"product_tag":[58,794,774,795],"class_list":{"0":"post-17152","1":"product","2":"type-product","3":"status-publish","4":"has-post-thumbnail","6":"product_cat-services","7":"product_cat-inspections","8":"product_tag-service","9":"product_tag-inspections","10":"product_tag-annual-service","11":"product_tag-on-site-service","13":"first","14":"instock","15":"taxable","16":"shipping-taxable","17":"product-type-simple"},"_links":{"self":[{"href":"https:\/\/thrillsyndicate.com\/de\/wp-json\/wp\/v2\/product\/17152","targetHints":{"allow":["GET"]}}],"collection":[{"href":"https:\/\/thrillsyndicate.com\/de\/wp-json\/wp\/v2\/product"}],"about":[{"href":"https:\/\/thrillsyndicate.com\/de\/wp-json\/wp\/v2\/types\/product"}],"wp:featuredmedia":[{"embeddable":true,"href":"https:\/\/thrillsyndicate.com\/de\/wp-json\/wp\/v2\/media\/12535"}],"wp:attachment":[{"href":"https:\/\/thrillsyndicate.com\/de\/wp-json\/wp\/v2\/media?parent=17152"}],"wp:term":[{"taxonomy":"product_brand","embeddable":true,"href":"https:\/\/thrillsyndicate.com\/de\/wp-json\/wp\/v2\/product_brand?post=17152"},{"taxonomy":"product_cat","embeddable":true,"href":"https:\/\/thrillsyndicate.com\/de\/wp-json\/wp\/v2\/product_cat?post=17152"},{"taxonomy":"product_tag","embeddable":true,"href":"https:\/\/thrillsyndicate.com\/de\/wp-json\/wp\/v2\/product_tag?post=17152"}],"curies":[{"name":"wp","href":"https:\/\/api.w.org\/{rel}","templated":true}]}}