{"id":17206,"date":"2024-02-29T16:32:15","date_gmt":"2024-02-29T15:32:15","guid":{"rendered":"https:\/\/thrillsyndicate.com\/shop\/edelrid-performance-statikseil-90-120-mm\/"},"modified":"2025-08-25T17:21:26","modified_gmt":"2025-08-25T15:21:26","slug":"edelrid-performance-statikseil-90-120-mm","status":"publish","type":"product","link":"https:\/\/thrillsyndicate.com\/de\/product\/edelrid-performance-statikseil-90-120-mm\/","title":{"rendered":"Edelrid Performance Statikseil | 9,0 &#8211; 12,0 mm"},"content":{"rendered":"<p>Halbstatisches Kernmantelseil, das durch h\u00f6here Abriebfestigkeit, geringere Dehnung und ausgewogenes Handling besticht.<\/p>\n<p>Kernmantelseile mit geringer Dehnung werden gem\u00e4\u00df EN 1891 gepr\u00fcft, die zwischen zwei Anforderungsprofilen unterscheidet: Typ A und Typ B. Seile des Typs A sind statische Seile, die f\u00fcr Anwendungen konzipiert sind, bei denen die Benutzer durch ein Seil gesichert werden, einschlie\u00dflich aller Arten von Arbeitspositionierung und R\u00fcckhaltung. Dazu geh\u00f6ren auch seilunterst\u00fctzte Arbeiten im Rahmen von Rettungen oder H\u00f6hlenerkundungen. Seile des Typs B sind statische Seile, die geringere Leistungsmerkmale als Seile des Typs A aufweisen (geringeres Gewicht, kleinerer Durchmesser und geringere Festigkeit) und daher mit \u00e4u\u00dferster Sorgfalt verwendet werden m\u00fcssen. Sie werden vor allem f\u00fcr Rettungseins\u00e4tze in Verbindung mit geeigneten Abseilger\u00e4ten (z.B. EN 341) verwendet.   <\/p>\n<h2 class=\"h3 uk-margin-small-bottom uk-margin-medium-top\">EDELRID PERFORMANCE STATISCHES 9,0MM SEIL<\/h2>\n<ul>\n<li>Kernanteil: 60 %<\/li>\n<li>Durchmesser: 9 mm<\/li>\n<li>Knotbarkeit: 0,90<\/li>\n<li>Mantelanteil: 40 %<\/li>\n<li>Schrinkage H20: 3,10 %.<\/li>\n<li>Gewicht pro Meter: 53 g\/m<\/li>\n<li>Mindestbruchkraft: 23 kN<\/li>\n<li>Statische Dehnung: 4,9 %<\/li>\n<li>Mindestbruchkraft im Achterknoten: 12 kN<\/li>\n<li>Zertifizierung : EN 1891 Typ B<\/li>\n<li>Material : Polyamid<\/li>\n<li>Seiltyp : Statisch B<\/li>\n<\/ul>\n<h2 class=\"h3 uk-margin-small-bottom uk-margin-medium-top\">EDELRID PERFORMANCE STATISCHES 10,0MM SEIL<\/h2>\n<ul>\n<li>UIAA<\/li>\n<li>Kernanteil: 63 %<\/li>\n<li>Durchmesser: 10 mm<\/li>\n<li>Knotbarkeit: 0,90<\/li>\n<li>Mantelanteil: 37 %<\/li>\n<li>Schrinkage H20: 3,80 %.<\/li>\n<li>Gewicht pro Meter: 66 g\/m<\/li>\n<li>Mindestbruchkraft: 25 kN<\/li>\n<li>Statische Dehnung: 3,7 %<\/li>\n<li>Mindestbruchkraft im Achterknoten: 16 kN<\/li>\n<li>Zertifizierung: EN 1891 Typ A<\/li>\n<li>Material : Polyamid<\/li>\n<li>Seiltyp: Statisch A<\/li>\n<\/ul>\n<h2 class=\"h3 uk-margin-small-bottom uk-margin-medium-top\">EDELRID PERFORMANCE STATISCHES 10,5MM SEIL<\/h2>\n<ul>\n<li>Kernanteil: 64 %<\/li>\n<li>Durchmesser: 10,50 mm<\/li>\n<li>Knotbarkeit: 1<\/li>\n<li>Mantelanteil: 36 %<\/li>\n<li>Schrinkage H20: 3,90 %.<\/li>\n<li>Gewicht pro Meter: 72 g\/m<\/li>\n<li>Mindest-Bruchfestigkeit: 28 kN<\/li>\n<li>Statische Dehnung: 3,7 %<\/li>\n<li>Mindestbruchkraft im Achterknoten: 18 kN<\/li>\n<li>Zertifizierung: EN 1891 Typ A<\/li>\n<li>Material : Polyamid<\/li>\n<li>Seiltyp: Statisch A<\/li>\n<\/ul>\n<h2 class=\"h3 uk-margin-small-bottom uk-margin-medium-top\">EDELRID PERFORMANCE STATISCHES 11,0MM SEIL<\/h2>\n<ul>\n<li>UIAA<\/li>\n<li>Kernanteil: 59 %<\/li>\n<li>Durchmesser: 11 mm<\/li>\n<li>Knotbarkeit: 1<\/li>\n<li>Mantelanteil: 41 %<\/li>\n<li>Schrinkage H20: 4,10 %.<\/li>\n<li>Gewicht pro Meter: 79 g\/m<\/li>\n<li>Mindest-Bruchfestigkeit: 34 kN<\/li>\n<li>Statische Dehnung: 3,4 %<\/li>\n<li>Mindestbruchkraft im Achterknoten: 22 kN<\/li>\n<li>Zertifizierung: EN 1891 Typ A<\/li>\n<li>Material : Polyamid<\/li>\n<li>Seiltyp: Statisch A<\/li>\n<li>Mittlere Markierung<\/li>\n<li>UIAA<\/li>\n<\/ul>\n<h2 class=\"h3 uk-margin-small-bottom uk-margin-medium-top\">EDELRID PERFORMANCE STATISCHES 12,0MM SEIL<\/h2>\n<ul>\n<li>Kernanteil: 62 %<\/li>\n<li>Durchmesser: 12 mm<\/li>\n<li>Knotbarkeit: 1<\/li>\n<li>Mantelanteil: 38 %<\/li>\n<li>Schrinkage H20: 4 %.<\/li>\n<li>Gewicht pro Meter: 93 g\/m<\/li>\n<li>Mindest-Bruchfestigkeit: 38 kN<\/li>\n<li>Statische Dehnung: 3,0 %<\/li>\n<li>Mindestbruchkraft im Achterknoten: 25 kN<\/li>\n<li>Zertifizierung: EN 1891 Typ A<\/li>\n<li>Material : Polyamid<\/li>\n<li>Seiltyp: Statisch A<\/li>\n<\/ul>\n<h3 class=\"western\">\ud83d\udc49 Sie suchen einen bestimmten Edelrid-Artikel, der nicht im Shop gelistet ist? Wir vertreiben das komplette Portfolio f\u00fcr Abenteuer, Sport und Sicherheit. Bitte <strong><a href=\"https:\/\/thrillsyndicate.com\/de\/kontakt\/\">senden Sie<\/a><\/strong> uns eine E-Mail oder sehen Sie sich die vollst\u00e4ndige <strong><a href=\"https:\/\/thrillsyndicate.com\/edelrid-safety-price-list-2025\/\">Sicherheitspreisliste hier<\/a><\/strong>. \ud83d\udc48<\/h3>\n","protected":false},"excerpt":{"rendered":"<p>Edelrid Performance Static Rope kombiniert hervorragende Abriebfestigkeit und geringe Dehnung mit ausgezeichneter Handhabung. Die hochwertige Kernmantelkonstruktion bietet ein ausgezeichnetes Preis-Leistungs-Verh\u00e4ltnis. <\/p>\n","protected":false},"featured_media":12341,"template":"","meta":{"_coblocks_attr":"","_coblocks_dimensions":"","_coblocks_responsive_height":"","_coblocks_accordion_ie_support":"","wds_primary_product_brand":0,"wds_primary_product_cat":0},"product_brand":[660],"product_cat":[951,952],"product_tag":[588,954,985,593],"class_list":{"0":"post-17206","1":"product","2":"type-product","3":"status-publish","4":"has-post-thumbnail","6":"product_brand-edelrid-es","7":"product_cat-cuerdas","8":"product_cat-cuerdas-es","9":"product_tag-descenso-y-rescate","10":"product_tag-cuerdas","11":"product_tag-cuerda-semiestatica","12":"product_tag-cuerda-estatica","14":"first","15":"instock","16":"taxable","17":"shipping-taxable","18":"purchasable","19":"product-type-variable","20":"has-default-attributes"},"_links":{"self":[{"href":"https:\/\/thrillsyndicate.com\/de\/wp-json\/wp\/v2\/product\/17206","targetHints":{"allow":["GET"]}}],"collection":[{"href":"https:\/\/thrillsyndicate.com\/de\/wp-json\/wp\/v2\/product"}],"about":[{"href":"https:\/\/thrillsyndicate.com\/de\/wp-json\/wp\/v2\/types\/product"}],"wp:featuredmedia":[{"embeddable":true,"href":"https:\/\/thrillsyndicate.com\/de\/wp-json\/wp\/v2\/media\/12341"}],"wp:attachment":[{"href":"https:\/\/thrillsyndicate.com\/de\/wp-json\/wp\/v2\/media?parent=17206"}],"wp:term":[{"taxonomy":"product_brand","embeddable":true,"href":"https:\/\/thrillsyndicate.com\/de\/wp-json\/wp\/v2\/product_brand?post=17206"},{"taxonomy":"product_cat","embeddable":true,"href":"https:\/\/thrillsyndicate.com\/de\/wp-json\/wp\/v2\/product_cat?post=17206"},{"taxonomy":"product_tag","embeddable":true,"href":"https:\/\/thrillsyndicate.com\/de\/wp-json\/wp\/v2\/product_tag?post=17206"}],"curies":[{"name":"wp","href":"https:\/\/api.w.org\/{rel}","templated":true}]}}