{"id":17231,"date":"2024-03-07T15:00:26","date_gmt":"2024-03-07T14:00:26","guid":{"rendered":"https:\/\/thrillsyndicate.com\/shop\/jahrliche-abenteuer-kurs-inspektionen\/"},"modified":"2025-08-25T17:21:17","modified_gmt":"2025-08-25T15:21:17","slug":"jahrliche-abenteuer-kurs-inspektionen","status":"publish","type":"product","link":"https:\/\/thrillsyndicate.com\/de\/product\/jahrliche-abenteuer-kurs-inspektionen\/","title":{"rendered":"J\u00e4hrliche Inspektionen von Abenteuerkursen"},"content":{"rendered":"<p>Als Betreiber von Abenteuer-, Outdoor-, Vergn\u00fcgungs- oder Freizeitanlagen ist Sicherheit das A und O. J\u00e4hrliche Inspektionen von Hochseilg\u00e4rten sind nicht nur eine gesetzliche Verpflichtung, sondern ein entscheidender Schritt, um die Sicherheit und das Wohlbefinden Ihrer Besucher zu gew\u00e4hrleisten. Unser umfassender Inspektionsservice garantiert die Einhaltung der Industriestandards und gibt Betreibern und Besuchern gleicherma\u00dfen Sicherheit. Gehen Sie bei der Sicherheit keine Kompromisse ein. Vereinbaren Sie noch heute einen Termin f\u00fcr die j\u00e4hrliche Inspektion Ihres Hochseilgartens.  <\/p>\n<h2>Sicherheitsgarantie<\/h2>\n<p>Unsere j\u00e4hrlichen Inspektionen von Hochseilg\u00e4rten bieten gr\u00fcndliche Bewertungen, um die Sicherheit Ihrer Abenteueranlage zu gew\u00e4hrleisten. Mit Funktionstests, die von erfahrenen Inspektoren in der H\u00f6he durchgef\u00fchrt werden, identifizieren wir potenzielle Gefahren und abgenutzte Komponenten und geben Empfehlungen f\u00fcr Ersatz und Wartung. Unsere sorgf\u00e4ltige Vorgehensweise garantiert die Einhaltung der Branchenvorschriften und sch\u00fctzt Ihren Betrieb vor Unf\u00e4llen und Haftungsanspr\u00fcchen. Unterrubrik: Umfassende Berichterstattung Beschreibung: Wir gehen \u00fcber reine Sichtkontrollen hinaus. Unsere Inspektionen umfassen eine Pr\u00fcfung der Betriebsdokumentation, die Ber\u00fccksichtigung k\u00fcnftiger Wartungsbed\u00fcrfnisse und eine Datenbankverwaltung f\u00fcr die laufende Sicherheits\u00fcberwachung. Durch den Einsatz fortschrittlicher Technologie und App-basierter Berichtssysteme stellen wir umfassende Berichte und Zertifikate in \u00dcbereinstimmung mit den Industriestandards zur Verf\u00fcgung und gew\u00e4hrleisten so Transparenz und Verantwortlichkeit f\u00fcr Ihre Anlage. Unterrubrik: Expertise und Compliance Beschreibung: Dank unserer Expertise und der Einhaltung der EN ISO\/IEC17020-Normen k\u00f6nnen Sie sich auf die Qualit\u00e4t und Zuverl\u00e4ssigkeit unserer Inspektionen verlassen. Unsere Inspektionen werden von zertifizierten Fachleuten durchgef\u00fchrt und decken alle Aspekte von Hochseilg\u00e4rten ab, von Ziplines bis hin zu Kletterw\u00e4nden. Wir stellen sicher, dass die Herstelleranweisungen und Branchenvorschriften wie LOLER eingehalten werden, und bieten unabh\u00e4ngige Beratung bei Wartungsbedarf. Mit unserem j\u00e4hrlichen Inspektionsservice sind Sie den Vorschriften immer einen Schritt voraus und halten die h\u00f6chsten Sicherheitsstandards ein.  <\/p>\n<h2>Gr\u00fcndliche Inspektionen<\/h2>\n<p>Unsere Inspektionen umfassen visuelle, operative und funktionale Aspekte von Hochseilg\u00e4rten. Von der \u00dcberpr\u00fcfung der Herstelleranweisungen bis zur Beurteilung verschlissener Komponenten lassen wir nichts unversucht, um die Sicherheit und Integrit\u00e4t Ihrer Anlage zu gew\u00e4hrleisten. Indem wir potenzielle Probleme fr\u00fchzeitig erkennen, tragen wir dazu bei, Unf\u00e4lle zu vermeiden und die Lebensdauer Ihrer Ausr\u00fcstung zu verl\u00e4ngern, was Ihnen auf lange Sicht Zeit und Geld spart. Unterrubrik: Branchenkonformit\u00e4t Beschreibung: Konformit\u00e4t ist der Schl\u00fcssel in der Abenteuerindustrie. Unsere Inspektionen entsprechen den Normen EN ISO\/IEC17020 und garantieren die Qualit\u00e4t und Zuverl\u00e4ssigkeit unserer Dienstleistung. Wir stellen sicher, dass Ihre Anlage alle beh\u00f6rdlichen Anforderungen erf\u00fcllt, einschlie\u00dflich der LOLER-Vorschriften, und stellen umfassende Berichte und Zertifikate f\u00fcr Dokumentationszwecke zur Verf\u00fcgung. Mit unserem Fachwissen k\u00f6nnen Sie Ihr Engagement f\u00fcr Sicherheit und Konformit\u00e4t gegen\u00fcber Aufsichtsbeh\u00f6rden und Kunden selbstbewusst demonstrieren.  <\/p>\n<h2>Hochmoderne Technologie<\/h2>\n<p>Wir nutzen fortschrittliche Technologie, einschlie\u00dflich Resistograph-Ausr\u00fcstung, um gr\u00fcndliche Inspektionen mit minimalen Auswirkungen auf Ihre Ausr\u00fcstung durchzuf\u00fchren. Unser innovativer Ansatz erm\u00f6glicht es uns, F\u00e4ulnis und strukturelle Schw\u00e4chen in Holzmasten zu erkennen, die Integrit\u00e4t von Verankerungen und Kabeln zu bewerten und potenzielle Sicherheitsrisiken mit Pr\u00e4zision und Genauigkeit zu identifizieren. Durch den Einsatz modernster Werkzeuge und Techniken bieten wir eine un\u00fcbertroffene Zuverl\u00e4ssigkeit und Effizienz in unserem Inspektionsprozess.  <\/p>\n<h2>Einhaltung von Gesetzen und Sicherheitsstandards<\/h2>\n<p>Regelm\u00e4\u00dfige Inspektionen sind f\u00fcr die Einhaltung von Gesetzen und Sicherheitsstandards unerl\u00e4sslich. Unsere Inspektionen umfassen visuelle, betriebliche und funktionelle Aspekte und stellen sicher, dass alle Komponenten den Spezifikationen des Herstellers entsprechen. Mit unseren gr\u00fcndlichen Bewertungen k\u00f6nnen Betreiber ihre gesetzlichen Verpflichtungen erf\u00fcllen und eine sichere Seilbahnumgebung f\u00fcr alle Benutzer aufrechterhalten.  <\/p>\n<h2>Die Art der Kurse, die wir inspizieren:<\/h2>\n<ul>\n<li>Seilbahnen &amp; Zipwire Kurse<\/li>\n<li>Hochseilg\u00e4rten<\/li>\n<li>Allgemeine Aerial Adventure Konstruktionen<\/li>\n<li>Netz Abenteuerparks<\/li>\n<li>W\u00e4nde klettern<\/li>\n<li>Niedrigseilg\u00e4rten Kurse<\/li>\n<li>Spielpl\u00e4tze<\/li>\n<\/ul>\n<h2>Angebotene Inspektionsdienste:<\/h2>\n<ul>\n<li><strong>\u00dcberpr\u00fcfen Sie Marketingmaterialien, Vorbereitungsmaterialien f\u00fcr die Teilnehmer, Kursbeschilderung und Nachrichten\u00fcbermittlung:<\/strong>\n<ul>\n<li>Sicherstellen der Genauigkeit der Darstellung<\/li>\n<li>Kommunizieren Sie die Anforderungen und Risiken der Teilnehmer effektiv<\/li>\n<\/ul>\n<\/li>\n<li><strong>\u00dcberpr\u00fcfung von Betriebsunterlagen und Handb\u00fcchern:<\/strong>\n<ul>\n<li>Hersteller- und Ger\u00e4tehandb\u00fccher auswerten<\/li>\n<li>Bewertung von Design-Spezifikationen und Richtlinien\/Verfahrenshandb\u00fcchern<\/li>\n<li>\u00dcberpr\u00fcfung von Berichten \u00fcber Zwischenf\u00e4lle und Beinaheunf\u00e4lle, Risikobewertungen und Notfallpl\u00e4ne<\/li>\n<li>\u00dcberpr\u00fcfen Sie Schulungsprogramme, Mitarbeiterqualifikationen und Inspektionsberichte<\/li>\n<li>Pr\u00fcfen Sie Wartungsprotokolle und Teilnehmervereinbarungen<\/li>\n<\/ul>\n<\/li>\n<li><strong>\u00dcberpr\u00fcfung \/ Demonstration von Betriebsabl\u00e4ufen, um die \u00dcbereinstimmung mit der Dokumentation sicherzustellen:<\/strong>\n<ul>\n<li>Bewerten Sie die Verfahren zur Er\u00f6ffnung von Kursen und vor der Nutzung<\/li>\n<li>Bewerten Sie die Aufnahme, das Screening und die Erwartungen der Teilnehmer<\/li>\n<li>\u00dcberpr\u00fcfung der Teilnehmerschulung und der allgemeinen Betriebsabl\u00e4ufe<\/li>\n<li>Adressprotokolle f\u00fcr ungew\u00f6hnliche Bedingungen oder Unterbrechungen<\/li>\n<li>Stellen Sie sicher, dass Notfallpl\u00e4ne und Rettungsma\u00dfnahmen vorhanden sind.<\/li>\n<li>Validieren Sie Inspektions- und Wartungspraktiken<\/li>\n<li>Best\u00e4tigen Sie die ordnungsgem\u00e4\u00dfe Verwendung der pers\u00f6nlichen Sicherheitsausr\u00fcstung und der Arbeitsverfahren in der H\u00f6he<\/li>\n<\/ul>\n<\/li>\n<li><strong>Zus\u00e4tzliche Inspektionsdienste:<\/strong>\n<ul>\n<li>Pr\u00fcfung der betrieblichen Dokumentation gem\u00e4\u00df EN15567-2<\/li>\n<li>Planung f\u00fcr zuk\u00fcnftigen Wartungsbedarf<\/li>\n<li>Verwendung der vom Hersteller zur Verf\u00fcgung gestellten Checklisten<\/li>\n<\/ul>\n<\/li>\n<\/ul>\n","protected":false},"excerpt":{"rendered":"<p>J\u00e4hrliche Inspektionen der Hochseilg\u00e4rten durch zertifizierte Fachleute. Sorgen Sie f\u00fcr die Sicherheit und die Einhaltung der Vorschriften f\u00fcr Ihre Abenteuereinrichtung. Sorgen Sie mit j\u00e4hrlichen Inspektionen der Hochseilg\u00e4rten f\u00fcr Sicherheit und Einhaltung der Vorschriften. Fachm\u00e4nnisch durchgef\u00fchrt von Experten aus der Branche. Vereinbaren Sie jetzt Ihren Termin!    <\/p>\n","protected":false},"featured_media":12539,"template":"","meta":{"_coblocks_attr":"","_coblocks_dimensions":"","_coblocks_responsive_height":"","_coblocks_accordion_ie_support":"","wds_primary_product_brand":0,"wds_primary_product_cat":0},"product_brand":[70],"product_cat":[799],"product_tag":[58,794,774,795],"class_list":{"0":"post-17231","1":"product","2":"type-product","3":"status-publish","4":"has-post-thumbnail","6":"product_brand-thrill-syndicate","7":"product_cat-inspections","8":"product_tag-service","9":"product_tag-inspections","10":"product_tag-annual-service","11":"product_tag-on-site-service","13":"first","14":"instock","15":"taxable","16":"shipping-taxable","17":"product-type-simple"},"_links":{"self":[{"href":"https:\/\/thrillsyndicate.com\/de\/wp-json\/wp\/v2\/product\/17231","targetHints":{"allow":["GET"]}}],"collection":[{"href":"https:\/\/thrillsyndicate.com\/de\/wp-json\/wp\/v2\/product"}],"about":[{"href":"https:\/\/thrillsyndicate.com\/de\/wp-json\/wp\/v2\/types\/product"}],"wp:featuredmedia":[{"embeddable":true,"href":"https:\/\/thrillsyndicate.com\/de\/wp-json\/wp\/v2\/media\/12539"}],"wp:attachment":[{"href":"https:\/\/thrillsyndicate.com\/de\/wp-json\/wp\/v2\/media?parent=17231"}],"wp:term":[{"taxonomy":"product_brand","embeddable":true,"href":"https:\/\/thrillsyndicate.com\/de\/wp-json\/wp\/v2\/product_brand?post=17231"},{"taxonomy":"product_cat","embeddable":true,"href":"https:\/\/thrillsyndicate.com\/de\/wp-json\/wp\/v2\/product_cat?post=17231"},{"taxonomy":"product_tag","embeddable":true,"href":"https:\/\/thrillsyndicate.com\/de\/wp-json\/wp\/v2\/product_tag?post=17231"}],"curies":[{"name":"wp","href":"https:\/\/api.w.org\/{rel}","templated":true}]}}