{"id":17233,"date":"2024-03-21T15:51:44","date_gmt":"2024-03-21T14:51:44","guid":{"rendered":"https:\/\/thrillsyndicate.com\/shop\/edelrid-treerex-triple-lock-sit-geschirr\/"},"modified":"2025-08-25T15:29:23","modified_gmt":"2025-08-25T13:29:23","slug":"edelrid-treerex-triple-lock-sit-geschirr","status":"publish","type":"product","link":"https:\/\/thrillsyndicate.com\/de\/product\/edelrid-treerex-triple-lock-sit-geschirr\/","title":{"rendered":"Edelrid TREEREX II | Sitzgurt"},"content":{"rendered":"<p>Bezwingen Sie jede Herausforderung in der Baumkrone mit dem Edelrid TREEREX II Sitzgurt. Un\u00fcbertroffener Komfort, sichere Seilbr\u00fccken-Konfigurationen und \u00fcberlegene Funktionalit\u00e4t f\u00fcr professionelle Baumpfleger. <\/p>\n<h2 data-sourcepos=\"7:1-7:42\">Un\u00fcbertroffener Komfort und Atmungsaktivit\u00e4t:<\/h2>\n<ul data-sourcepos=\"9:1-10:0\">\n<li data-sourcepos=\"9:1-10:0\"><strong>3D Vent Technologie:<\/strong> Erleben Sie au\u00dfergew\u00f6hnlichen Komfort dank der 3D-geformten, breiten, halbstarren Polsterung, die das Gewicht gleichm\u00e4\u00dfig verteilt und die Atmungsaktivit\u00e4t bei l\u00e4ngerem Tragen maximiert.<\/li>\n<\/ul>\n<h2 data-sourcepos=\"11:1-11:46\">Unerreichte Vielseitigkeit und Effizienz:<\/h2>\n<ul data-sourcepos=\"13:1-15:0\">\n<li data-sourcepos=\"13:1-13:180\"><strong>Mehrere Seilbr\u00fccken-Konfigurationen:<\/strong> Die TREEREX erm\u00f6glicht verschiedene Seilbr\u00fccken-Konfigurationen f\u00fcr unterschiedliche Arbeitseins\u00e4tze, zusammen mit einer optionalen SRT-Br\u00fccke f\u00fcr Arbeiten mit einem Seil.<\/li>\n<li data-sourcepos=\"14:1-15:0\"><strong>Optimierter Arbeitsablauf:<\/strong> Vier gro\u00dfe Materialschlaufen, zahlreiche Karabiner und ein Kettens\u00e4gen-Aufh\u00e4ngungssystem sorgen daf\u00fcr, dass Ihre Werkzeuge organisiert und leicht zug\u00e4nglich sind.<\/li>\n<\/ul>\n<h2 data-sourcepos=\"16:1-16:42\">Sicherheit und Langlebigkeit, auf die Sie sich verlassen k\u00f6nnen:<\/h2>\n<ul data-sourcepos=\"18:1-21:0\">\n<li data-sourcepos=\"18:1-18:84\"><strong>Dreifach-Verschluss-Schnallen:<\/strong> Erm\u00f6glichen ein schnelles und einfaches An- und Ablegen des Gurtes.<\/li>\n<li data-sourcepos=\"19:1-19:115\"><strong>Besch\u00e4digungsindikatoren:<\/strong> Rote Fasern, die in die Gurte eingewebt sind, signalisieren Abnutzung und Verschlei\u00df und f\u00f6rdern den sicheren Austausch des Gurtes.<\/li>\n<li data-sourcepos=\"20:1-21:0\"><strong>Zertifizierte Sicherheit:<\/strong> Erf\u00fcllt die Normen EN 358, EN 813, ANSI Z133 und ASTM F887 f\u00fcr den Einsatz in Baumschulen.<\/li>\n<\/ul>\n<h2 data-sourcepos=\"22:1-22:30\">Zus\u00e4tzliche Spezifikationen:<\/h2>\n<ul data-sourcepos=\"24:1-27:0\">\n<li data-sourcepos=\"24:1-24:20\"><strong>Gewicht:<\/strong> 1,5 kg<\/li>\n<li data-sourcepos=\"25:1-25:84\"><strong>Seitliche \u00d6sen:<\/strong> Zur Befestigung von Seilbr\u00fccken oder zur Stabilisierung Ihrer Arbeitsposition.<\/li>\n<li data-sourcepos=\"26:1-27:0\"><strong>Inklusive Erste-Hilfe-Tasche und SRT-Br\u00fccke:<\/strong> Verbessern Sie Ihre Einsatzbereitschaft und Effizienz.<\/li>\n<\/ul>\n<p data-sourcepos=\"28:1-28:164\">Investieren Sie in den TREEREX Sitzgurt von Edelrid und erleben Sie den Gipfel des Komforts, der Vielseitigkeit und der Sicherheit f\u00fcr all Ihre professionellen Baumpflegeanforderungen.<\/p>\n<p><iframe loading=\"lazy\" title=\"The TREEREX II Harness | EDELRID\" width=\"980\" height=\"551\" src=\"https:\/\/www.youtube.com\/embed\/CZTvjWVt8Q8?feature=oembed\" frameborder=\"0\" allow=\"accelerometer; autoplay; clipboard-write; encrypted-media; gyroscope; picture-in-picture; web-share\" referrerpolicy=\"strict-origin-when-cross-origin\" allowfullscreen><\/iframe><\/p>\n<h2>Vollst\u00e4ndige Spezifikationen<\/h2>\n<ul>\n<li>3D Vent Technologie: un\u00fcbertroffener Halt und Komfort durch dreidimensionale Formgebung, umfassende Kraftverteilung und maximale Atmungsaktivit\u00e4t<\/li>\n<li>Alle tragenden Gurte sind mit einem Indikatorband ausgestattet; rote Fasern werden im Falle einer Besch\u00e4digung sichtbar, um den Benutzer darauf hinzuweisen, dass der Gurt ersetzt werden sollte<\/li>\n<li>Double Lock-Schnallen am H\u00fcftgurt und an den Beinschlaufen erm\u00f6glichen ein einfaches An- und Ablegen des Gurtes<\/li>\n<li>Beinschlaufenb\u00e4nder mit textilem Abriebschutz aus Dyneema\u00ae<\/li>\n<li>Seitliche Befestigungs\u00f6sen in den Beinschlaufen zur Montage von bis zu zwei Seilbr\u00fccken oder zur Arbeitsplatzstabilisierung<\/li>\n<li>Der Winkel der seitlichen Befestigungs\u00f6sen kann dank eines intelligenten Verstellmechanismus auch unter Last f\u00fcr eine optimale Arbeitsposition im Baum eingestellt werden<\/li>\n<li>Zwei farbcodierte Seilbr\u00fccken und ein Ankerring f\u00fcr maximale seitliche Bewegungsfreiheit<\/li>\n<li>Inkl. Erste-Hilfe-Tasche und SRT-Br\u00fccke <\/li>\n<li>NFC innen<\/li>\n<li>Im H\u00fcftgurt integriertes Bungee-Tool<\/li>\n<li>Zertifizierung: EN 358<\/li>\n<li>Zertifizierung: EN 813<\/li>\n<li>Zertifizierung: ANSI Z133<\/li>\n<li>Zertifizierung: + Vector Chest X\/Y = EN 361<\/li>\n<li>R\u00fcckhalteschleife<\/li>\n<\/ul>\n<h3>Gr\u00f6\u00dfentabelle: TREEREX II<\/h3>\n<div class=\"ed-blog-content\">\n<p>Hier finden Sie die aktuelle Gr\u00f6\u00dfentabelle.<\/p>\n<\/div>\n<div class=\"uk-margin-medium-top uk-position-relative ed-modal-size-chart-table-container\">\n<table class=\"uk-table ed-table-fixed ed-table-sticky uk-margin-remove-top\">\n<thead>\n<tr>\n<th>Gr\u00f6\u00dfe<\/th>\n<th>H\u00fcftumfang<\/th>\n<th>Umfang Oberschenkel<\/th>\n<\/tr>\n<\/thead>\n<tbody>\n<tr>\n<td>Gr\u00f6\u00dfe 0<\/td>\n<td>58 &#8211; 75 cm<\/td>\n<td>48 &#8211; 63 cm<\/td>\n<\/tr>\n<tr>\n<td>GR\u00d6SSE 1<\/td>\n<td>68 &#8211; 109 cm<\/td>\n<td>50 &#8211; 65 cm<\/td>\n<\/tr>\n<tr>\n<td>GR\u00d6SSE 2<\/td>\n<td>84 &#8211; 121 cm<\/td>\n<td>57 &#8211; 72 cm<\/td>\n<\/tr>\n<\/tbody>\n<\/table>\n<\/div>\n<div class=\"uk-margin-medium-top uk-position-relative ed-modal-size-chart-table-container\">\n<h3 class=\"western\">\ud83d\udc49 Sie suchen einen bestimmten Edelrid-Artikel, der nicht im Shop gelistet ist? Wir vertreiben das komplette Portfolio f\u00fcr Abenteuer, Sport und Sicherheit. Bitte <strong><a href=\"https:\/\/thrillsyndicate.com\/de\/kontakt\/\">senden Sie<\/a><\/strong> uns eine E-Mail oder sehen Sie sich die vollst\u00e4ndige <strong><a href=\"https:\/\/thrillsyndicate.com\/edelrid-safety-price-list-2025\/\">Sicherheitspreisliste hier<\/a><\/strong>. \ud83d\udc48<\/h3>\n<\/div>\n","protected":false},"excerpt":{"rendered":"<p>Edelrid TREEREX II Sitzgurt: Ultimativer Komfort und Vielseitigkeit f\u00fcr Baumpfleger. Der TREEREX Sitzgurt von Edelrid bietet unvergleichlichen Komfort und Vielseitigkeit f\u00fcr professionelle Baumpfleger. Mit innovativen Merkmalen wie der 3D-Ventiltechnik und mehreren Seilbr\u00fcckenkonfigurationen ist er der ultimative Baumpflegegurt.  <\/p>\n","protected":false},"featured_media":12851,"template":"","meta":{"_coblocks_attr":"","_coblocks_dimensions":"","_coblocks_responsive_height":"","_coblocks_accordion_ie_support":"","wds_primary_product_brand":0,"wds_primary_product_cat":0},"product_brand":[659],"product_cat":[854,912,570],"product_tag":[855,997,568,998],"class_list":{"0":"post-17233","1":"product","2":"type-product","3":"status-publish","4":"has-post-thumbnail","6":"product_brand-edelrid-de","7":"product_cat-arbeitsschutzgurte","8":"product_cat-professionelle-gurte","9":"product_cat-seilgartengurte","10":"product_tag-arbeitssicherheit","11":"product_tag-baumpflege","12":"product_tag-psa","13":"product_tag-sitzgurt","15":"first","16":"instock","17":"taxable","18":"shipping-taxable","19":"purchasable","20":"product-type-variable","21":"has-default-attributes"},"_links":{"self":[{"href":"https:\/\/thrillsyndicate.com\/de\/wp-json\/wp\/v2\/product\/17233","targetHints":{"allow":["GET"]}}],"collection":[{"href":"https:\/\/thrillsyndicate.com\/de\/wp-json\/wp\/v2\/product"}],"about":[{"href":"https:\/\/thrillsyndicate.com\/de\/wp-json\/wp\/v2\/types\/product"}],"wp:featuredmedia":[{"embeddable":true,"href":"https:\/\/thrillsyndicate.com\/de\/wp-json\/wp\/v2\/media\/12851"}],"wp:attachment":[{"href":"https:\/\/thrillsyndicate.com\/de\/wp-json\/wp\/v2\/media?parent=17233"}],"wp:term":[{"taxonomy":"product_brand","embeddable":true,"href":"https:\/\/thrillsyndicate.com\/de\/wp-json\/wp\/v2\/product_brand?post=17233"},{"taxonomy":"product_cat","embeddable":true,"href":"https:\/\/thrillsyndicate.com\/de\/wp-json\/wp\/v2\/product_cat?post=17233"},{"taxonomy":"product_tag","embeddable":true,"href":"https:\/\/thrillsyndicate.com\/de\/wp-json\/wp\/v2\/product_tag?post=17233"}],"curies":[{"name":"wp","href":"https:\/\/api.w.org\/{rel}","templated":true}]}}