{"id":17236,"date":"2024-03-21T13:18:14","date_gmt":"2024-03-21T12:18:14","guid":{"rendered":"https:\/\/thrillsyndicate.com\/shop\/edelrid-flex-lite-komplettgurt\/"},"modified":"2025-08-25T15:29:26","modified_gmt":"2025-08-25T13:29:26","slug":"edelrid-flex-lite-komplettgurt","status":"publish","type":"product","link":"https:\/\/thrillsyndicate.com\/de\/product\/edelrid-flex-lite-komplettgurt\/","title":{"rendered":"Edelrid FLEX LITE | Komplettgurt"},"content":{"rendered":"<p data-sourcepos=\"5:1-5:264\">Der Edelrid FLEX LITE Komplettgurt ist der leichteste seiner Serie und bietet au\u00dfergew\u00f6hnlichen Komfort, einfache Verstellbarkeit und wesentliche Sicherheitsmerkmale f\u00fcr den professionellen Einsatz in der Abenteuer-, Outdoor-, Unterhaltungs- und Freizeitindustrie.<\/p>\n<p data-sourcepos=\"9:1-9:302\">Erklimmen Sie neue H\u00f6hen mit dem Edelrid FLEX LITE Komplettgurt. Dieser Meister des Leichtbaus macht keine Kompromisse bei Sicherheit und Komfort. Der FLEX LITE wurde f\u00fcr Profis in der Abenteuer-, Outdoor-, Unterhaltungs- und Freizeitindustrie entwickelt und sorgt daf\u00fcr, dass Sie bei jeder Herausforderung beweglich und sicher bleiben.  <\/p>\n<h2 data-sourcepos=\"11:1-11:25\">Unerreichte Vorteile:<\/h2>\n<ul data-sourcepos=\"13:1-16:0\">\n<li data-sourcepos=\"13:1-13:164\"><strong>Federleichte Freiheit:<\/strong> Mit einem Gewicht von nur 1100 Gramm ist der FLEX LITE der leichteste Gurt in der Edelrid FLEX-Serie, der die Erm\u00fcdung minimiert und die Mobilit\u00e4t maximiert.<\/li>\n<li data-sourcepos=\"14:1-14:196\"><strong>M\u00fchelose Anpassung:<\/strong> Easy Glider-Schnallen an den Schultern und Triple Lock-Schnallen an den Beinen und H\u00fcften sorgen f\u00fcr eine pr\u00e4zise, bequeme Passform, die sich auch mit Handschuhen einfach einstellen l\u00e4sst.<\/li>\n<li data-sourcepos=\"15:1-16:0\"><strong>Sicherheit, der Sie vertrauen k\u00f6nnen:<\/strong> Der FLEX LITE verf\u00fcgt \u00fcber einen Absturzindikator, der visuell best\u00e4tigt, dass ein Absturz aufgefangen wurde, sowie \u00fcber ein Indikatorband an den tragenden Gurten, um m\u00f6gliche Sch\u00e4den zu erkennen.<\/li>\n<\/ul>\n<h2 data-sourcepos=\"17:1-17:53\">Technische Daten &#8211; F\u00fcr Leistung gebaut:<\/h2>\n<ul data-sourcepos=\"19:1-22:0\">\n<li data-sourcepos=\"19:1-19:142\"><strong>Langlebiges Design:<\/strong> Der FLEX LITE wurde nach den Normen EN 361 und ANSI\/ASSE Z359.11-2014 zertifiziert und ist f\u00fcr anspruchsvolle Arbeitsumgebungen ausgelegt.<\/li>\n<li data-sourcepos=\"20:1-20:98\"><strong>Maximales Benutzergewicht:<\/strong> Mit einer Kapazit\u00e4t von 150 kg ist der Gurt f\u00fcr eine Vielzahl von Benutzern geeignet.<\/li>\n<li data-sourcepos=\"21:1-22:0\"><strong>Atmungsaktiver Komfort:<\/strong> Das 3D-Mesh-Futter f\u00f6rdert die Luftzirkulation und verhindert die Ansammlung von Schmutz und Ablagerungen, damit Sie den ganzen Arbeitstag \u00fcber k\u00fchl und bequem bleiben.<\/li>\n<\/ul>\n<h2 data-sourcepos=\"23:1-23:40\">Hauptmerkmale &#8211; Auf jedes Detail kommt es an:<\/h2>\n<ul data-sourcepos=\"25:1-27:136\">\n<li data-sourcepos=\"25:1-25:125\"><strong>Abnehmbare Polsterung:<\/strong> Sowohl die Beinpolsterung als auch der Gurthalter sind abnehmbar, um individuellen Komfort zu gew\u00e4hrleisten und die Aufbewahrung zu vereinfachen.<\/li>\n<li data-sourcepos=\"26:1-26:90\"><strong>RFID-Tasche:<\/strong> In die Schulterpolsterung ist eine RFID-Tasche zur einfachen Identifizierung integriert.<\/li>\n<li data-sourcepos=\"27:1-27:136\"><strong>Mehrere Befestigungspunkte:<\/strong> Textile Absturzsicherungs\u00f6sen auf der Vorderseite, dem R\u00fccken und dem Brustbein erm\u00f6glichen eine vielseitige Befestigung mit Karabinern.<\/li>\n<\/ul>\n<p><iframe loading=\"lazy\" title=\"Edelrid FLEX LITE, FLEX PRO &amp; FLEX PRO PLUS  Harnesses\" width=\"980\" height=\"551\" src=\"https:\/\/www.youtube.com\/embed\/cTBc2P0vtio?feature=oembed\" frameborder=\"0\" allow=\"accelerometer; autoplay; clipboard-write; encrypted-media; gyroscope; picture-in-picture; web-share\" referrerpolicy=\"strict-origin-when-cross-origin\" allowfullscreen><\/iframe><\/p>\n<h2>Alle Spezifikationen<\/h2>\n<ul>\n<li>Sturzindikator in der R\u00fcckenpolsterung; ein rotes Etikett wird im Fenster der R\u00fcckenplatte nach einer Belastung von \u00fcber 6 kN sichtbar<\/li>\n<li>Alle tragenden Gurte sind mit einem Indikatorband ausgestattet; rote Fasern werden im Falle einer Besch\u00e4digung sichtbar<\/li>\n<li>Schulterpolster mit RFID-Tasche, Beschriftungsfeld und Befestigungsm\u00f6glichkeit f\u00fcr das kabellose Ger\u00e4t<\/li>\n<li>Easy Glider-Schnalle an den Schultergurten zum einfachen Einstellen, abnehmbare Gurthalterung zum sauberen Verstauen der Gurte<\/li>\n<li>Abnehmbare Beinpolsterung<\/li>\n<li>3D-Netz mit einer geschlossenen Oberfl\u00e4chenstruktur verhindert das Anhaften von Schmutz und Sp\u00e4nen und erm\u00f6glicht eine gute Luftzirkulation<\/li>\n<li>Triple Lock-Schnallen an den Beinen und H\u00fcften f\u00fcr zus\u00e4tzliche Sicherheit<\/li>\n<li>Maximales Gewicht des Benutzers: 150 kg<\/li>\n<li>Textile Absturzsicherungs\u00f6sen (dorsal und zweiteilig sternal) gem\u00e4\u00df EN 361 bleiben unter Vorspannung offen und erm\u00f6glichen das einfache Anbringen eines weiteren Karabiners<\/li>\n<li>Zertifizierung : EN 361<\/li>\n<li>Zertifizierung : ANSI \/ ASSE Z359.11-2014<\/li>\n<li>Absturzsicherung \u00d6se Front<\/li>\n<li>Absturzsicherung \u00d6se R\u00fccken<\/li>\n<li>Einstellbare Beinschlaufe<\/li>\n<\/ul>\n<h3 class=\"western\">\ud83d\udc49 Sie suchen einen bestimmten Edelrid-Artikel, der nicht im Shop gelistet ist? Wir vertreiben das komplette Portfolio f\u00fcr Abenteuer, Sport und Sicherheit. Bitte <strong><a href=\"https:\/\/thrillsyndicate.com\/de\/kontakt\/\">senden Sie<\/a><\/strong> uns eine E-Mail oder sehen Sie sich die vollst\u00e4ndige <strong><a href=\"https:\/\/thrillsyndicate.com\/edelrid-safety-price-list-2025\/\">Sicherheitspreisliste hier<\/a><\/strong>. \ud83d\udc48<\/h3>\n<p>&nbsp;<\/p>\n","protected":false},"excerpt":{"rendered":"<p>Erh\u00f6hen Sie die Sicherheit mit dem Edelrid Flex Lite Auffanggurt &#8211; EN 361. Ultraleichtes Design mit einfacher Einstellung f\u00fcr h\u00f6chste Benutzerfreundlichkeit. <\/p>\n","protected":false},"featured_media":12824,"template":"","meta":{"_coblocks_attr":"","_coblocks_dimensions":"","_coblocks_responsive_height":"","_coblocks_accordion_ie_support":"","wds_primary_product_brand":0,"wds_primary_product_cat":0},"product_brand":[62],"product_cat":[804,884],"product_tag":[93,800,877,64,67],"class_list":{"0":"post-17236","1":"product","2":"type-product","3":"status-publish","4":"has-post-thumbnail","6":"product_brand-edelrid","7":"product_cat-work-safety-harnesses","8":"product_cat-professional-harnesses","9":"product_tag-descent-rescue","10":"product_tag-work-safety","11":"product_tag-scaffolding","12":"product_tag-full-body-harness","13":"product_tag-ppe","15":"first","16":"instock","17":"taxable","18":"shipping-taxable","19":"purchasable","20":"product-type-variable","21":"has-default-attributes"},"_links":{"self":[{"href":"https:\/\/thrillsyndicate.com\/de\/wp-json\/wp\/v2\/product\/17236","targetHints":{"allow":["GET"]}}],"collection":[{"href":"https:\/\/thrillsyndicate.com\/de\/wp-json\/wp\/v2\/product"}],"about":[{"href":"https:\/\/thrillsyndicate.com\/de\/wp-json\/wp\/v2\/types\/product"}],"wp:featuredmedia":[{"embeddable":true,"href":"https:\/\/thrillsyndicate.com\/de\/wp-json\/wp\/v2\/media\/12824"}],"wp:attachment":[{"href":"https:\/\/thrillsyndicate.com\/de\/wp-json\/wp\/v2\/media?parent=17236"}],"wp:term":[{"taxonomy":"product_brand","embeddable":true,"href":"https:\/\/thrillsyndicate.com\/de\/wp-json\/wp\/v2\/product_brand?post=17236"},{"taxonomy":"product_cat","embeddable":true,"href":"https:\/\/thrillsyndicate.com\/de\/wp-json\/wp\/v2\/product_cat?post=17236"},{"taxonomy":"product_tag","embeddable":true,"href":"https:\/\/thrillsyndicate.com\/de\/wp-json\/wp\/v2\/product_tag?post=17236"}],"curies":[{"name":"wp","href":"https:\/\/api.w.org\/{rel}","templated":true}]}}