{"id":17237,"date":"2024-03-21T12:50:41","date_gmt":"2024-03-21T11:50:41","guid":{"rendered":"https:\/\/thrillsyndicate.com\/shop\/edelrid-flex-pro-ganzkorpergurt\/"},"modified":"2025-08-25T15:53:03","modified_gmt":"2025-08-25T13:53:03","slug":"edelrid-flex-pro-ganzkorpergurt","status":"publish","type":"product","link":"https:\/\/thrillsyndicate.com\/de\/product\/edelrid-flex-pro-ganzkorpergurt\/","title":{"rendered":"Edelrid FLEX PRO | Komplettgurt"},"content":{"rendered":"<p data-sourcepos=\"7:1-7:240\">Der Edelrid FLEX PRO Komplettgurt ist eine erstklassige L\u00f6sung f\u00fcr Profis, die in absturzgef\u00e4hrdeten Bereichen arbeiten. Dieser Auffanggurt bietet Komfort und Verstellbarkeit f\u00fcr ganzt\u00e4giges Tragen und verf\u00fcgt gleichzeitig \u00fcber wichtige Sicherheitsfunktionen, die Sie sch\u00fctzen. <\/p>\n<h2 data-sourcepos=\"9:1-9:44\">Unerreichter Komfort trifft auf unersch\u00fctterliche Sicherheit<\/h2>\n<p data-sourcepos=\"11:1-11:368\"><strong>M\u00fchelose Mobilit\u00e4t:<\/strong> Das Jackensystem des FLEX PRO erm\u00f6glicht eine perfekte Passform f\u00fcr jeden K\u00f6rpertyp und sorgt f\u00fcr Bewegungsfreiheit w\u00e4hrend Ihres gesamten Arbeitstages. <strong>Fortschrittliche Sicherheitsmerkmale:<\/strong> Ihr Wohlbefinden steht bei Edelrid an erster Stelle. Ein Sturzindikator zeigt deutlich an, wenn eine Last von mehr als 6 kN auftritt, w\u00e4hrend das integrierte Inspektionsband m\u00f6gliche Sch\u00e4den am Gurtband aufzeigt. <\/p>\n<h2 data-sourcepos=\"13:1-13:34\">Gebaut, um den Elementen zu widerstehen<\/h2>\n<p data-sourcepos=\"15:1-15:291\"><strong>Langlebige Konstruktion:<\/strong> Edelrid verwendet robuste Materialien und ein 3D-Mesh-Futter mit geschlossener Oberfl\u00e4che, um sicherzustellen, dass der FLEX PRO harten Arbeitsbedingungen standh\u00e4lt. <strong>Funktionelles Design:<\/strong> Vier Materialschlaufen und Befestigungspunkte f\u00fcr Edelrid Tool Bags (bis zu 25 kg) sorgen daf\u00fcr, dass Sie Ihre wichtigsten Utensilien immer griffbereit haben.<\/p>\n<h2 data-sourcepos=\"17:1-17:49\">Edelrid FLEX PRO Spezifikationen: Ein genauerer Blick<\/h2>\n<ul data-sourcepos=\"19:1-25:0\">\n<li data-sourcepos=\"19:1-19:20\"><strong>Gewicht:<\/strong> 1940 g<\/li>\n<li data-sourcepos=\"20:1-20:60\"><strong>Zertifizierungen:<\/strong> EN 361, EN 358, ANSI\/ASSE Z359.11-2014<\/li>\n<li data-sourcepos=\"21:1-21:75\"><strong>\u00d6sen f\u00fcr die Absturzsicherung:<\/strong> Textil (dorsal &amp; sternal), EN 361-konform<\/li>\n<li data-sourcepos=\"22:1-22:72\"><strong>Beinschlaufen:<\/strong> Verstellbar mit Triple Lock-Schnallen, abnehmbare Polsterung<\/li>\n<li data-sourcepos=\"23:1-23:54\"><strong>R\u00fcckenst\u00fctze:<\/strong> Breite Polsterung, abnehmbare R\u00fcckenplatte<\/li>\n<li data-sourcepos=\"24:1-25:0\"><strong>Zus\u00e4tzliche Merkmale:<\/strong> Easy Glider-Schnallen, RFID-Tasche, Kontrollgurtband<\/li>\n<\/ul>\n<p data-sourcepos=\"26:1-26:95\"><strong>Bleiben Sie sicher und komfortabel in der H\u00f6he. Entscheiden Sie sich noch heute f\u00fcr den Edelrid FLEX PRO Komplettgurt. <\/strong><\/p>\n<p><iframe loading=\"lazy\" title=\"Edelrid FLEX LITE, FLEX PRO &amp; FLEX PRO PLUS  Harnesses\" width=\"980\" height=\"551\" src=\"https:\/\/www.youtube.com\/embed\/cTBc2P0vtio?feature=oembed\" frameborder=\"0\" allow=\"accelerometer; autoplay; clipboard-write; encrypted-media; gyroscope; picture-in-picture; web-share\" referrerpolicy=\"strict-origin-when-cross-origin\" allowfullscreen><\/iframe><\/p>\n<h2>Alle Spezifikationen<\/h2>\n<ul>\n<li>Einfaches Anziehen und Anpassen an jede K\u00f6rpergr\u00f6\u00dfe dank des Jackensystems<\/li>\n<li>Integrierte, abnehmbare R\u00fcckenplatte f\u00fcr besseren Schutz, zum Beispiel beim Klettern in engen R\u00e4umen<\/li>\n<li>Textile Absturzsicherungs\u00f6sen (dorsal und zweiteilig sternal) gem\u00e4\u00df EN 361 bleiben unter Vorspannung offen und erm\u00f6glichen das einfache Anbringen eines weiteren Karabiners<\/li>\n<li>Sturzindikator in der R\u00fcckenpolsterung; ein rotes Etikett wird im Fenster der R\u00fcckenplatte nach einer Belastung von \u00fcber 6 kN sichtbar<\/li>\n<li>Alle tragenden Gurte sind mit einem Indikatorband ausgestattet; rote Fasern werden im Falle einer Besch\u00e4digung sichtbar<\/li>\n<li>Textilgelenke f\u00fcr eine optimale Anpassung an die Bewegungen, selbst wenn die Gurte straff gezogen sind<\/li>\n<li>Schulterpolster mit RFID-Tasche, Beschriftungsfeld und Befestigungsm\u00f6glichkeit f\u00fcr das kabellose Ger\u00e4t<\/li>\n<li>Easy Glider-Schnalle an den Schultergurten zum einfachen Einstellen, abnehmbare Gurthalterung zum sauberen Verstauen der Gurte<\/li>\n<li>Abnehmbare Beinpolsterung<\/li>\n<li>3D-Netz mit einer geschlossenen Oberfl\u00e4chenstruktur verhindert das Anhaften von Schmutz und Sp\u00e4nen und erm\u00f6glicht eine gute Luftzirkulation<\/li>\n<li>Triple Lock-Schnallen an den Beinen und H\u00fcften f\u00fcr zus\u00e4tzliche Sicherheit<\/li>\n<li>Zwei gro\u00dfe Aluminium-D-Ringe als seitliche \u00d6sen nach EN 358 bieten eine Arbeitsposition und eine Stand-by-Position zur Befestigung eines Lanyards<\/li>\n<li>Vier textile Materialschlaufen<\/li>\n<li>Vier Befestigungsm\u00f6glichkeiten f\u00fcr EDELRID Werkzeugtaschen (Belastung: 25 kg)<\/li>\n<li>Textile Absturzsicherungs\u00f6sen (dorsal und zweiteilig sternal) gem\u00e4\u00df EN 361 bleiben unter Vorspannung offen und erm\u00f6glichen das einfache Anbringen eines weiteren Karabiners<\/li>\n<li>Maximales Gewicht des Benutzers: 150 kg<\/li>\n<li>Zertifizierung : EN 361<\/li>\n<li>Zertifizierung : EN 358<\/li>\n<li>Zertifizierung : ANSI \/ ASSE Z359.11-2014<\/li>\n<li>Absturzsicherung \u00d6se Front<\/li>\n<li>Absturzsicherung \u00d6se R\u00fccken<\/li>\n<li>Seitliche \u00d6sen<\/li>\n<li>Verstellbare Beinschlaufen<\/li>\n<li>Bewegliches Schaumstoffpolster f\u00fcr die Taille<\/li>\n<\/ul>\n<h3 class=\"western\">\ud83d\udc49 Sie suchen einen bestimmten Edelrid-Artikel, der nicht im Shop gelistet ist? Wir vertreiben das komplette Portfolio f\u00fcr Abenteuer, Sport und Sicherheit. Bitte <strong><a href=\"https:\/\/thrillsyndicate.com\/de\/kontakt\/\">senden Sie<\/a><\/strong> uns eine E-Mail oder sehen Sie sich die vollst\u00e4ndige <strong><a href=\"https:\/\/thrillsyndicate.com\/edelrid-safety-price-list-2025\/\">Sicherheitspreisliste hier<\/a><\/strong>. \ud83d\udc48<\/h3>\n<p>&nbsp;<\/p>\n","protected":false},"excerpt":{"rendered":"<p>Edelrid FLEX PRO Komplettgurte: Sicherheit und Komfort in der H\u00f6he. Bequemer, praktischer Auffanggurt f\u00fcr Arbeiten in absturzgef\u00e4hrdeten Bereichen. Ausgestattet mit einem Sturzindikator und einer breiten R\u00fcckenpolsterung ist er angenehm zu tragen und passt sich perfekt an jede K\u00f6rperform an.  <\/p>\n","protected":false},"featured_media":12788,"template":"","meta":{"_coblocks_attr":"","_coblocks_dimensions":"","_coblocks_responsive_height":"","_coblocks_accordion_ie_support":"","wds_primary_product_brand":0,"wds_primary_product_cat":0},"product_brand":[659],"product_cat":[60,804,884],"product_tag":[93,800,877,64,67],"class_list":{"0":"post-17237","1":"product","2":"type-product","3":"status-publish","4":"has-post-thumbnail","6":"product_brand-edelrid-de","7":"product_cat-ropes-course-harnesses","8":"product_cat-work-safety-harnesses","9":"product_cat-professional-harnesses","10":"product_tag-descent-rescue","11":"product_tag-work-safety","12":"product_tag-scaffolding","13":"product_tag-full-body-harness","14":"product_tag-ppe","16":"first","17":"instock","18":"taxable","19":"shipping-taxable","20":"purchasable","21":"product-type-variable","22":"has-default-attributes"},"_links":{"self":[{"href":"https:\/\/thrillsyndicate.com\/de\/wp-json\/wp\/v2\/product\/17237","targetHints":{"allow":["GET"]}}],"collection":[{"href":"https:\/\/thrillsyndicate.com\/de\/wp-json\/wp\/v2\/product"}],"about":[{"href":"https:\/\/thrillsyndicate.com\/de\/wp-json\/wp\/v2\/types\/product"}],"wp:featuredmedia":[{"embeddable":true,"href":"https:\/\/thrillsyndicate.com\/de\/wp-json\/wp\/v2\/media\/12788"}],"wp:attachment":[{"href":"https:\/\/thrillsyndicate.com\/de\/wp-json\/wp\/v2\/media?parent=17237"}],"wp:term":[{"taxonomy":"product_brand","embeddable":true,"href":"https:\/\/thrillsyndicate.com\/de\/wp-json\/wp\/v2\/product_brand?post=17237"},{"taxonomy":"product_cat","embeddable":true,"href":"https:\/\/thrillsyndicate.com\/de\/wp-json\/wp\/v2\/product_cat?post=17237"},{"taxonomy":"product_tag","embeddable":true,"href":"https:\/\/thrillsyndicate.com\/de\/wp-json\/wp\/v2\/product_tag?post=17237"}],"curies":[{"name":"wp","href":"https:\/\/api.w.org\/{rel}","templated":true}]}}