{"id":17242,"date":"2024-03-21T12:09:22","date_gmt":"2024-03-21T11:09:22","guid":{"rendered":"https:\/\/thrillsyndicate.com\/shop\/edelrid-flex-pro-plus-ganzkorpergurt\/"},"modified":"2025-08-25T15:53:08","modified_gmt":"2025-08-25T13:53:08","slug":"edelrid-flex-pro-plus-ganzkorpergurt","status":"publish","type":"product","link":"https:\/\/thrillsyndicate.com\/de\/product\/edelrid-flex-pro-plus-ganzkorpergurt\/","title":{"rendered":"Edelrid FLEX PRO PLUS | Komplettgurt"},"content":{"rendered":"<p>Unser Allrounder-Gurt mit Absturzsicherung f\u00fcr alle Arbeiten und Bewegungen in absturzgef\u00e4hrdeten Bereichen ist einfach anzulegen und l\u00e4sst sich optimal an jede K\u00f6rperform anpassen. Ein Sturzindikator auf der R\u00fcckenpolsterung macht den Auffanggurt besonders sicher. <\/p>\n<h2 data-sourcepos=\"9:1-9:36\">Un\u00fcbertroffene Sicherheit, der Sie vertrauen k\u00f6nnen<\/h2>\n<ul data-sourcepos=\"11:1-14:0\">\n<li data-sourcepos=\"11:1-11:140\"><strong>Indikator f\u00fcr Absturzsicherung:<\/strong> Ein klarer visueller Indikator zeigt nach einer Absturzsicherung an, dass der Auffanggurt ordnungsgem\u00e4\u00df abgelegt wurde, um die Sicherheit zu gew\u00e4hrleisten.<\/li>\n<li data-sourcepos=\"12:1-12:159\"><strong>Mehrere Befestigungspunkte:<\/strong> Der FLEX PRO PLUS ist nach EN 361 und EN 358 zertifiziert und verf\u00fcgt \u00fcber verschiedene D-Ringe und Textil\u00f6sen zur Befestigung von Lanyards und Ausr\u00fcstung.<\/li>\n<li data-sourcepos=\"13:1-14:0\"><strong>Hochstabile Konstruktion:<\/strong> Langlebige Materialien und dreifach verschlie\u00dfbare Schnallen garantieren eine zuverl\u00e4ssige Leistung, auch in anspruchsvollen Situationen.<\/li>\n<\/ul>\n<h2 data-sourcepos=\"15:1-15:46\">Entwickelt f\u00fcr maximalen Komfort und Effizienz<\/h2>\n<ul data-sourcepos=\"17:1-20:0\">\n<li data-sourcepos=\"17:1-17:162\"><strong>Einfaches Anziehen und Anpassen:<\/strong> Das innovative Jackensystem erm\u00f6glicht ein m\u00fcheloses An- und Ausziehen, w\u00e4hrend die verstellbaren Tr\u00e4ger eine perfekte Passform f\u00fcr alle K\u00f6rpertypen gew\u00e4hrleisten.<\/li>\n<li data-sourcepos=\"18:1-18:150\"><strong>Au\u00dfergew\u00f6hnliche Atmungsaktivit\u00e4t:<\/strong> Das 3D-Mesh-Futter f\u00f6rdert die Luftzirkulation und verhindert einen Hitzestau, damit Sie den ganzen Arbeitstag \u00fcber k\u00fchl und komfortabel bleiben.<\/li>\n<li data-sourcepos=\"19:1-20:0\"><strong>Funktionelle Eigenschaften:<\/strong> Abnehmbare Beinpolsterung, RFID-Tasche und spezielle Befestigungspunkte f\u00fcr Werkzeuge optimieren Ihren Arbeitsalltag.<\/li>\n<\/ul>\n<h2 data-sourcepos=\"21:1-21:49\">Gebaut, um den h\u00e4rtesten Arbeitsumgebungen standzuhalten<\/h2>\n<ul data-sourcepos=\"23:1-26:0\">\n<li data-sourcepos=\"23:1-23:118\"><strong>Leichtes Design:<\/strong> Mit einem Gewicht von nur 2000 g bietet der FLEX PRO PLUS h\u00f6chsten Benutzerkomfort, ohne die Sicherheit zu beeintr\u00e4chtigen.<\/li>\n<li data-sourcepos=\"24:1-24:146\"><strong>Erkennung von Besch\u00e4digungen:<\/strong> Ein integrierter Abnutzungsanzeiger erm\u00f6glicht die einfache Erkennung m\u00f6glicher Besch\u00e4digungen des Gurtes und gew\u00e4hrleistet so die Sicherheit des Benutzers.<\/li>\n<li data-sourcepos=\"25:1-26:0\"><strong>Maximales Benutzergewicht:<\/strong> Mit einer Kapazit\u00e4t von 150 kg ist der FLEX PRO PLUS f\u00fcr eine Vielzahl von Benutzern geeignet.<\/li>\n<\/ul>\n<p data-sourcepos=\"27:1-27:183\">Der Edelrid FLEX PRO PLUS Komplettgurt ist die perfekte Wahl f\u00fcr Profis, die einen funktionsreichen, komfortablen und zuverl\u00e4ssigen Gurt f\u00fcr alle Arbeiten in der H\u00f6he suchen.<\/p>\n<p><iframe loading=\"lazy\" title=\"Edelrid FLEX LITE, FLEX PRO &amp; FLEX PRO PLUS  Harnesses\" width=\"980\" height=\"551\" src=\"https:\/\/www.youtube.com\/embed\/cTBc2P0vtio?feature=oembed\" frameborder=\"0\" allow=\"accelerometer; autoplay; clipboard-write; encrypted-media; gyroscope; picture-in-picture; web-share\" referrerpolicy=\"strict-origin-when-cross-origin\" allowfullscreen><\/iframe><\/p>\n<h2 data-sourcepos=\"27:1-27:183\">Merkmale und Spezifikationen<\/h2>\n<ul>\n<li>Einfaches Anziehen und Anpassen an jede K\u00f6rpergr\u00f6\u00dfe dank des Jackensystems<\/li>\n<li>Zwei gro\u00dfe Aluminium-D-Ringe als seitliche \u00d6sen nach EN 358 bieten eine Arbeitsposition und eine Stand-by-Position zur Befestigung eines Lanyards<\/li>\n<li>Bewegliche und geh\u00e4rtete Absturzsicherungs\u00f6sen aus Stahl gem\u00e4\u00df EN 361 in Verbindung mit EN 353-1<\/li>\n<li>Textile Absturzsicherungs\u00f6sen (dorsal und zweiteilig sternal) gem\u00e4\u00df EN 361 bleiben unter Vorspannung offen und erm\u00f6glichen das einfache Anbringen eines weiteren Karabiners<\/li>\n<li>Sturzindikator in der R\u00fcckenpolsterung; ein rotes Etikett wird im Fenster der R\u00fcckenplatte nach einer Belastung von \u00fcber 6 kN sichtbar<\/li>\n<li>Alle tragenden Gurte sind mit einem Indikatorband ausgestattet; rote Fasern werden im Falle einer Besch\u00e4digung sichtbar<\/li>\n<li>Textilgelenke f\u00fcr eine optimale Anpassung an die Bewegungen, selbst wenn die Gurte straff gezogen sind<\/li>\n<li>Schulterpolster mit RFID-Tasche, Beschriftungsfeld und Befestigungsm\u00f6glichkeit f\u00fcr das kabellose Ger\u00e4t<\/li>\n<li>Easy Glider-Schnalle an den Schultergurten zum einfachen Einstellen, abnehmbare Gurthalterung zum sauberen Verstauen der Gurte<\/li>\n<li>Abnehmbare Beinpolsterung<\/li>\n<li>3D-Netz mit einer geschlossenen Oberfl\u00e4chenstruktur verhindert das Anhaften von Schmutz und Sp\u00e4nen und erm\u00f6glicht eine gute Luftzirkulation<\/li>\n<li>Triple Lock-Schnallen an den Beinen und H\u00fcften f\u00fcr zus\u00e4tzliche Sicherheit<\/li>\n<li>Vier textile Materialschlaufen<\/li>\n<li>Vier Befestigungsm\u00f6glichkeiten f\u00fcr EDELRID Werkzeugtaschen (Belastung: 25 kg)<\/li>\n<li>Maximales Gewicht des Benutzers: 150 kg<\/li>\n<li>Zertifizierung : EN 361<\/li>\n<li>Zertifizierung : EN 358<\/li>\n<li>Zertifizierung : EN 813<\/li>\n<li>Absturzsicherung \u00d6se Front<\/li>\n<li>Absturzsicherung \u00d6se R\u00fccken<\/li>\n<li>Seitliche \u00d6sen<\/li>\n<li>Verstellbare Beinschlaufen<\/li>\n<\/ul>\n<h3 class=\"western\">\ud83d\udc49 Sie suchen einen bestimmten Edelrid-Artikel, der nicht im Shop gelistet ist? Wir vertreiben das komplette Portfolio f\u00fcr Abenteuer, Sport und Sicherheit. Bitte <strong><a href=\"https:\/\/thrillsyndicate.com\/de\/kontakt\/\">senden Sie<\/a><\/strong> uns eine E-Mail oder sehen Sie sich die vollst\u00e4ndige <strong><a href=\"https:\/\/thrillsyndicate.com\/edelrid-safety-price-list-2025\/\">Sicherheitspreisliste hier<\/a><\/strong>. \ud83d\udc48<\/h3>\n","protected":false},"excerpt":{"rendered":"<p>Der Edelrid FLEX PRO PLUS Komplettgurt ist der ultimative Begleiter f\u00fcr professionelle Anwender in der Abenteuer-, Outdoor-, Vergn\u00fcgungs- und Freizeitindustrie. Dieser einfach zu verstellende Gurt legt den Schwerpunkt auf Komfort und Sicherheit und eignet sich daher perfekt f\u00fcr lange Tragezeiten bei jeder Art von Arbeit in der H\u00f6he. <\/p>\n","protected":false},"featured_media":12748,"template":"","meta":{"_coblocks_attr":"","_coblocks_dimensions":"","_coblocks_responsive_height":"","_coblocks_accordion_ie_support":"","wds_primary_product_brand":0,"wds_primary_product_cat":0},"product_brand":[62],"product_cat":[60,804,884],"product_tag":[93,800,64,67],"class_list":{"0":"post-17242","1":"product","2":"type-product","3":"status-publish","4":"has-post-thumbnail","6":"product_brand-edelrid","7":"product_cat-ropes-course-harnesses","8":"product_cat-work-safety-harnesses","9":"product_cat-professional-harnesses","10":"product_tag-descent-rescue","11":"product_tag-work-safety","12":"product_tag-full-body-harness","13":"product_tag-ppe","15":"first","16":"instock","17":"taxable","18":"shipping-taxable","19":"purchasable","20":"product-type-variable","21":"has-default-attributes"},"_links":{"self":[{"href":"https:\/\/thrillsyndicate.com\/de\/wp-json\/wp\/v2\/product\/17242","targetHints":{"allow":["GET"]}}],"collection":[{"href":"https:\/\/thrillsyndicate.com\/de\/wp-json\/wp\/v2\/product"}],"about":[{"href":"https:\/\/thrillsyndicate.com\/de\/wp-json\/wp\/v2\/types\/product"}],"wp:featuredmedia":[{"embeddable":true,"href":"https:\/\/thrillsyndicate.com\/de\/wp-json\/wp\/v2\/media\/12748"}],"wp:attachment":[{"href":"https:\/\/thrillsyndicate.com\/de\/wp-json\/wp\/v2\/media?parent=17242"}],"wp:term":[{"taxonomy":"product_brand","embeddable":true,"href":"https:\/\/thrillsyndicate.com\/de\/wp-json\/wp\/v2\/product_brand?post=17242"},{"taxonomy":"product_cat","embeddable":true,"href":"https:\/\/thrillsyndicate.com\/de\/wp-json\/wp\/v2\/product_cat?post=17242"},{"taxonomy":"product_tag","embeddable":true,"href":"https:\/\/thrillsyndicate.com\/de\/wp-json\/wp\/v2\/product_tag?post=17242"}],"curies":[{"name":"wp","href":"https:\/\/api.w.org\/{rel}","templated":true}]}}