{"id":17246,"date":"2024-03-24T12:35:12","date_gmt":"2024-03-24T11:35:12","guid":{"rendered":"https:\/\/thrillsyndicate.com\/shop\/edelrid-ombilix-adjust-verstellbares-verbindungsmittel\/"},"modified":"2025-08-25T15:18:21","modified_gmt":"2025-08-25T13:18:21","slug":"edelrid-ombilix-adjust-verstellbares-verbindungsmittel","status":"publish","type":"product","link":"https:\/\/thrillsyndicate.com\/de\/product\/edelrid-ombilix-adjust-verstellbares-verbindungsmittel\/","title":{"rendered":"Edelrid OMBILIX ADJUST | Verstellbares Verbindungsmittel"},"content":{"rendered":"<p data-sourcepos=\"9:1-9:360\">Optimieren Sie Ihren Arbeitsalltag in der H\u00f6he mit dem Edelrid OMBILIX ADJUST, einem erstklassigen, verstellbaren Verbindungsmittel, das f\u00fcr Effizienz und Vertrauen entwickelt wurde. Dieses innovative Verbindungsmittel zeichnet sich durch ein benutzerfreundliches Design, erstklassige Sicherheitsmerkmale und eine robuste Konstruktion aus und ist damit die ideale Wahl f\u00fcr Profis in der Abenteuer-, Outdoor-, Unterhaltungs- und Freizeitindustrie. <\/p>\n<h2 data-sourcepos=\"11:1-11:71\">Un\u00fcbertroffene Einstellbarkeit f\u00fcr optimalen Komfort:<\/h2>\n<ul data-sourcepos=\"13:1-14:0\">\n<li data-sourcepos=\"13:1-14:0\"><strong>M\u00fchelose L\u00e4ngenkontrolle:<\/strong> Der OMBILIX ADJUST verf\u00fcgt \u00fcber eine einfach zu bedienende Seilklemme, mit der Sie Ihre Arbeitsposition den ganzen Tag \u00fcber schnell und pr\u00e4zise anpassen k\u00f6nnen. Keine l\u00e4stigen Knoten und keine Zeitverschwendung mehr! <\/li>\n<\/ul>\n<h2 data-sourcepos=\"15:1-15:60\">\u00dcberlegener Schutz l\u00e4sst Sie konzentriert bleiben:<\/h2>\n<ul data-sourcepos=\"17:1-19:0\">\n<li data-sourcepos=\"17:1-17:193\"><strong>Strapazierf\u00e4higes Kernmantelseil:<\/strong> Edelrid verwendet f\u00fcr den OMBILIX ADJUST ein \u00e4u\u00dferst robustes 12-mm-Kernmantelseil, das eine au\u00dfergew\u00f6hnliche Festigkeit und Abriebfestigkeit f\u00fcr eine lang anhaltende Leistung gew\u00e4hrleistet.<\/li>\n<li data-sourcepos=\"18:1-19:0\"><strong>Schutzh\u00fclle:<\/strong> Eine verstellbare Abdeckung sch\u00fctzt das Systemseil vor Abnutzung und verl\u00e4ngert so die Lebensdauer Ihrer wichtigen Ausr\u00fcstung.<\/li>\n<\/ul>\n<h2 data-sourcepos=\"20:1-20:66\">Vertrauen erweckende Sicherheitsmerkmale:<\/h2>\n<ul data-sourcepos=\"22:1-24:0\">\n<li data-sourcepos=\"22:1-22:165\"><strong>EN 358 zertifiziert:<\/strong> Seien Sie versichert, dass der OMBILIX ADJUST die strenge Norm EN 358 f\u00fcr Verbindungsmittel zur Arbeitsplatzpositionierung erf\u00fcllt und Ihre Sicherheit in der H\u00f6he garantiert.<\/li>\n<li data-sourcepos=\"23:1-24:0\"><strong>Leistungsstarke Karabiner:<\/strong> Dieses Verbindungsmittel ist mit dem zuverl\u00e4ssigen DSG TRITON Karabiner f\u00fcr intuitive Bedienung und dem robusten Oval Power 2500 Karabiner mit Dreifach-Verschluss f\u00fcr eine sichere Befestigung an Ihrem Gurt ausgestattet.<\/li>\n<\/ul>\n<h2 data-sourcepos=\"25:1-25:23\">Wichtige Spezifikationen:<\/h2>\n<ul data-sourcepos=\"27:1-30:0\">\n<li data-sourcepos=\"27:1-27:21\">Durchmesser des Seils: 12mm<\/li>\n<li data-sourcepos=\"28:1-28:14\">Gewicht: 900g<\/li>\n<li data-sourcepos=\"29:1-30:0\">Mindest-Bruchfestigkeit: 15kN<\/li>\n<li>Verstellbare Abdeckung zum Schutz des Systemseils<\/li>\n<li>\u00c4u\u00dferst robuste Kernmantelkonstruktion<\/li>\n<li>Enth\u00e4lt den DSG TRITON Karabiner mit intuitivem und sicherem Handfl\u00e4chen-Klemmmechanismus und den OVAL POWER 2500 Karabiner mit Triple Lock Verschlussmechanismus zur Befestigung am Gurt<\/li>\n<li>Seil kann bei Bedarf ersetzt werden<\/li>\n<li>Zertifizierung : EN 358<\/li>\n<\/ul>\n<p data-sourcepos=\"33:1-33:304\">Das Edelrid OMBILIX ADJUST ist der ultimative Begleiter f\u00fcr Profis, die ein zuverl\u00e4ssiges, verstellbares und sicheres Verbindungsmittel suchen. Mit seinem benutzerfreundlichen Design, den erstklassigen Sicherheitsmerkmalen und seiner au\u00dfergew\u00f6hnlichen Langlebigkeit erm\u00f6glicht es das OMBILIX ADJUST Ihnen, sich auf Ihre Aufgabe zu konzentrieren und nicht auf Ihre Ausr\u00fcstung. <\/p>\n<h3 class=\"western\">\ud83d\udc49 Sie suchen einen bestimmten Edelrid-Artikel, der nicht im Shop gelistet ist? Wir vertreiben das komplette Portfolio f\u00fcr Abenteuer, Sport und Sicherheit. Bitte <strong><a href=\"https:\/\/thrillsyndicate.com\/de\/kontakt\/\">senden Sie<\/a><\/strong> uns eine E-Mail oder sehen Sie sich die vollst\u00e4ndige <strong><a href=\"https:\/\/thrillsyndicate.com\/edelrid-safety-price-list-2025\/\">Sicherheitspreisliste hier<\/a><\/strong>. \ud83d\udc48<\/h3>\n","protected":false},"excerpt":{"rendered":"<p data-sourcepos=\"1:1-1:64\">M\u00fchelose Arbeitspositionierung in der H\u00f6he &#8211; Das Edelrid OMBILIX ADJUST ist ein verstellbares Verbindungsmittel, das f\u00fcr au\u00dfergew\u00f6hnlichen Komfort und Sicherheit bei der Arbeitspositionierung in der H\u00f6he entwickelt wurde.<\/p>\n","protected":false},"featured_media":12920,"template":"","meta":{"_coblocks_attr":"","_coblocks_dimensions":"","_coblocks_responsive_height":"","_coblocks_accordion_ie_support":"","wds_primary_product_brand":0,"wds_primary_product_cat":0},"product_brand":[659],"product_cat":[966],"product_tag":[911,547,568,548,906],"class_list":{"0":"post-17246","1":"product","2":"type-product","3":"status-publish","4":"has-post-thumbnail","6":"product_brand-edelrid-de","7":"product_cat-verbindungsmittel","8":"product_tag-gerustbau","9":"product_tag-lanyard-de","10":"product_tag-psa","11":"product_tag-verbinden","12":"product_tag-verstellbare-lanyards","14":"first","15":"instock","16":"taxable","17":"shipping-taxable","18":"purchasable","19":"product-type-variable","20":"has-default-attributes"},"_links":{"self":[{"href":"https:\/\/thrillsyndicate.com\/de\/wp-json\/wp\/v2\/product\/17246","targetHints":{"allow":["GET"]}}],"collection":[{"href":"https:\/\/thrillsyndicate.com\/de\/wp-json\/wp\/v2\/product"}],"about":[{"href":"https:\/\/thrillsyndicate.com\/de\/wp-json\/wp\/v2\/types\/product"}],"wp:featuredmedia":[{"embeddable":true,"href":"https:\/\/thrillsyndicate.com\/de\/wp-json\/wp\/v2\/media\/12920"}],"wp:attachment":[{"href":"https:\/\/thrillsyndicate.com\/de\/wp-json\/wp\/v2\/media?parent=17246"}],"wp:term":[{"taxonomy":"product_brand","embeddable":true,"href":"https:\/\/thrillsyndicate.com\/de\/wp-json\/wp\/v2\/product_brand?post=17246"},{"taxonomy":"product_cat","embeddable":true,"href":"https:\/\/thrillsyndicate.com\/de\/wp-json\/wp\/v2\/product_cat?post=17246"},{"taxonomy":"product_tag","embeddable":true,"href":"https:\/\/thrillsyndicate.com\/de\/wp-json\/wp\/v2\/product_tag?post=17246"}],"curies":[{"name":"wp","href":"https:\/\/api.w.org\/{rel}","templated":true}]}}