{"id":17253,"date":"2024-03-22T14:58:44","date_gmt":"2024-03-22T13:58:44","guid":{"rendered":"https:\/\/thrillsyndicate.com\/shop\/edelrid-shockstop-y-140-giant-ansi\/"},"modified":"2025-08-25T15:18:38","modified_gmt":"2025-08-25T13:18:38","slug":"edelrid-shockstop-y-140-giant-ansi","status":"publish","type":"product","link":"https:\/\/thrillsyndicate.com\/de\/product\/edelrid-shockstop-y-140-giant-ansi\/","title":{"rendered":"Edelrid Shockstop-Y 140 Giant Ansi"},"content":{"rendered":"<p data-sourcepos=\"9:1-9:223\">Bringen Sie die Absturzsicherung mit dem Edelrid Shockstop-Y 140 Giant Ansi auf die n\u00e4chste Stufe. Dieses <strong>ANSI-zertifizierte<\/strong> Verbindungsmittel wurde f\u00fcr Profis entwickelt, die in der Abenteuer-, Outdoor-, Vergn\u00fcgungs- und Freizeitindustrie in gro\u00dfen H\u00f6hen arbeiten. <\/p>\n<h2 data-sourcepos=\"11:1-11:53\">Unerreichte Sicherheit und Flexibilit\u00e4t:<\/h2>\n<ul data-sourcepos=\"13:1-16:0\">\n<li data-sourcepos=\"13:1-13:180\"><strong>Kompromissloser Schutz:<\/strong> Der Shockstop-Y 140 Giant Ansi ist mit einem integrierten Sto\u00dfd\u00e4mpfer und einer hohen Tragf\u00e4higkeit von 140 kg ausgestattet und bietet somit maximale Sicherheit im Falle eines Sturzes.<\/li>\n<li data-sourcepos=\"14:1-14:193\"><strong>M\u00fchelose Man\u00f6vrierf\u00e4higkeit:<\/strong> Elastische Arme und ein drehbarer Karabiner f\u00fcr die Gurtbefestigung sorgen f\u00fcr au\u00dfergew\u00f6hnliche Bewegungsfreiheit, so dass Sie mit Leichtigkeit durch Seile und Strukturen navigieren k\u00f6nnen.<\/li>\n<li data-sourcepos=\"15:1-16:0\"><strong>Strenge Tests:<\/strong> Der Shockstop-Y 140 Giant Ansi wurde an der Kante getestet und nach den Normen EN 355 und ANSI Z359.13 zertifiziert. Sie k\u00f6nnen sich also darauf verlassen, dass der Shockstop-Y 140 Giant Ansi auch in anspruchsvollen Umgebungen zuverl\u00e4ssig funktioniert.<\/li>\n<\/ul>\n<h2 data-sourcepos=\"17:1-17:54\">Entwickelt f\u00fcr Vertrauen:<\/h2>\n<ul data-sourcepos=\"19:1-23:0\">\n<li data-sourcepos=\"19:1-19:130\"><strong>Doppelte Sicherheit:<\/strong> Gro\u00dfe Aluminiumkarabiner mit einer 64 mm \u00d6ffnung bieten sichere Verbindungspunkte f\u00fcr zus\u00e4tzliche Sicherheit.<\/li>\n<li data-sourcepos=\"20:1-20:106\"><strong>Erweiterte Reichweite:<\/strong> Eine Falld\u00e4mpfer-Verl\u00e4ngerung von 160 cm bietet eine gro\u00dfe Reichweite f\u00fcr verschiedene Anwendungen.<\/li>\n<li data-sourcepos=\"21:1-23:0\"><strong>Vielseitigkeit f\u00fcr alle:<\/strong> Der Shockstop-Y 140 Giant Ansi ist f\u00fcr einen Gewichtsbereich von 60-140 kg zugelassen und eignet sich somit f\u00fcr eine Vielzahl von Benutzern.<\/li>\n<\/ul>\n<p data-sourcepos=\"24:1-24:174\">Investieren Sie in Ihre Sicherheit und in die Sicherheit Ihres Teams. Entscheiden Sie sich f\u00fcr das Edelrid Shockstop-Y 140 Giant Ansi f\u00fcr unvergleichlichen Fallschutz und Vertrauen bei Arbeiten in der H\u00f6he. <\/p>\n<h2 data-sourcepos=\"24:1-24:174\">Alle Spezifikationen:<\/h2>\n<ul>\n<li>ANSI-zertifiziert<\/li>\n<li>Verl\u00e4ngerung des Sto\u00dfd\u00e4mpfers: 160 cm<\/li>\n<li>Kantengepr\u00fcft nach RFU 11.075 und daher f\u00fcr den horizontalen Einsatz zugelassen<\/li>\n<li>Hohe maximale Tragf\u00e4higkeit (140 kg)<\/li>\n<li>Integrierter Swivel Karabiner f\u00fcr die Verbindung zum Gurtzeug<\/li>\n<li>Gro\u00dfer Aluminiumkarabiner mit einer \u00d6ffnungsweite von 64 mm<\/li>\n<li>Zugelassen f\u00fcr 60 &#8211; 140 kg<\/li>\n<li>Mindestbruchkraft: 15 kN<\/li>\n<li>Zertifizierung : EN 355<\/li>\n<li>Zertifizierung : ANSI Z359.13<\/li>\n<\/ul>\n<h3 class=\"western\">\ud83d\udc49 Sie suchen einen bestimmten Edelrid-Artikel, der nicht im Shop gelistet ist? Wir vertreiben das komplette Portfolio f\u00fcr Abenteuer, Sport und Sicherheit. Bitte <strong><a href=\"https:\/\/thrillsyndicate.com\/de\/kontakt\/\">senden Sie<\/a><\/strong> uns eine E-Mail oder sehen Sie sich die vollst\u00e4ndige <strong><a href=\"https:\/\/thrillsyndicate.com\/edelrid-safety-price-list-2025\/\">Sicherheitspreisliste hier<\/a><\/strong>. \ud83d\udc48<\/h3>\n","protected":false},"excerpt":{"rendered":"<p data-sourcepos=\"1:1-1:99\">Edelrid Shockstop-Y 140 Giant Ansi: Zertifizierte Absturzsicherung f\u00fcr Profis &#8211; Das Edelrid Shockstop-Y 140 Giant Ansi ist ein Y-Verbindungsmittel mit integriertem Falld\u00e4mpfer, das f\u00fcr eine au\u00dfergew\u00f6hnliche Absturzsicherung und Bewegungsfreiheit im professionellen Einsatz entwickelt wurde.<\/p>\n","protected":false},"featured_media":12899,"template":"","meta":{"_coblocks_attr":"","_coblocks_dimensions":"","_coblocks_responsive_height":"","_coblocks_accordion_ie_support":"","wds_primary_product_brand":0,"wds_primary_product_cat":0},"product_brand":[62],"product_cat":[846],"product_tag":[959,911,547,568,548,1030],"class_list":{"0":"post-17253","1":"product","2":"type-product","3":"status-publish","4":"has-post-thumbnail","6":"product_brand-edelrid","7":"product_cat-lanyards","8":"product_tag-energie-absorber","9":"product_tag-gerustbau","10":"product_tag-lanyard-de","11":"product_tag-psa","12":"product_tag-verbinden","13":"product_tag-y-verbindungsmittel","15":"first","16":"instock","17":"taxable","18":"shipping-taxable","19":"purchasable","20":"product-type-variable","21":"has-default-attributes"},"_links":{"self":[{"href":"https:\/\/thrillsyndicate.com\/de\/wp-json\/wp\/v2\/product\/17253","targetHints":{"allow":["GET"]}}],"collection":[{"href":"https:\/\/thrillsyndicate.com\/de\/wp-json\/wp\/v2\/product"}],"about":[{"href":"https:\/\/thrillsyndicate.com\/de\/wp-json\/wp\/v2\/types\/product"}],"wp:featuredmedia":[{"embeddable":true,"href":"https:\/\/thrillsyndicate.com\/de\/wp-json\/wp\/v2\/media\/12899"}],"wp:attachment":[{"href":"https:\/\/thrillsyndicate.com\/de\/wp-json\/wp\/v2\/media?parent=17253"}],"wp:term":[{"taxonomy":"product_brand","embeddable":true,"href":"https:\/\/thrillsyndicate.com\/de\/wp-json\/wp\/v2\/product_brand?post=17253"},{"taxonomy":"product_cat","embeddable":true,"href":"https:\/\/thrillsyndicate.com\/de\/wp-json\/wp\/v2\/product_cat?post=17253"},{"taxonomy":"product_tag","embeddable":true,"href":"https:\/\/thrillsyndicate.com\/de\/wp-json\/wp\/v2\/product_tag?post=17253"}],"curies":[{"name":"wp","href":"https:\/\/api.w.org\/{rel}","templated":true}]}}