{"id":17256,"date":"2024-03-22T14:16:44","date_gmt":"2024-03-22T13:16:44","guid":{"rendered":"https:\/\/thrillsyndicate.com\/shop\/edelrid-shockstop-lite-i-140-giant\/"},"modified":"2025-08-25T15:28:55","modified_gmt":"2025-08-25T13:28:55","slug":"edelrid-shockstop-lite-i-140-giant","status":"publish","type":"product","link":"https:\/\/thrillsyndicate.com\/de\/product\/edelrid-shockstop-lite-i-140-giant\/","title":{"rendered":"Edelrid Shockstop-Lite-I 140 Giant"},"content":{"rendered":"<p data-sourcepos=\"9:1-9:276\">Mit dem Edelrid SHOCKSTOP-LITE-I 140 GIANT bleiben Sie bei Ihrer Arbeit in der H\u00f6he sicher und effizient. Dieses professionelle Verbindungsmittel kombiniert einen zuverl\u00e4ssigen Sto\u00dfd\u00e4mpfer mit einem komfortablen Design und ist damit ideal f\u00fcr Profis in der Abenteuer-, Outdoor-, Vergn\u00fcgungs- und Freizeitbranche. <\/p>\n<h2>Unerreichte Sicherheit und Fallschutz:<\/h2>\n<ul>\n<li style=\"list-style-type: none;\">\n<ul data-sourcepos=\"14:3-15:85\">\n<li data-sourcepos=\"14:3-14:81\">Der integrierte Falld\u00e4mpfer reduziert die Aufprallkr\u00e4fte bei St\u00fcrzen und minimiert so das Verletzungsrisiko.<\/li>\n<li data-sourcepos=\"15:3-15:85\">Zertifiziert nach EN 355 zur Absturzsicherung, um die Einhaltung der Sicherheitsvorschriften zu gew\u00e4hrleisten.<\/li>\n<\/ul>\n<\/li>\n<\/ul>\n<h2>Erh\u00f6hte Bewegungsfreiheit:<\/h2>\n<ul>\n<li style=\"list-style-type: none;\">\n<ul data-sourcepos=\"17:3-18:93\">\n<li data-sourcepos=\"17:3-17:100\">Dehnbare Gurtb\u00e4nder und kompakte Falld\u00e4mpfer sorgen f\u00fcr uneingeschr\u00e4nkte Bewegungsfreiheit bei der Arbeit.<\/li>\n<li data-sourcepos=\"18:3-18:93\">Die gro\u00dfe 64-mm-\u00d6ffnung des Karabiners erm\u00f6glicht ein einfaches An- und Abkoppeln.<\/li>\n<\/ul>\n<\/li>\n<\/ul>\n<h2>F\u00fcr den professionellen Einsatz gebaut:<\/h2>\n<ul>\n<li style=\"list-style-type: none;\">\n<ul data-sourcepos=\"20:3-22:0\">\n<li data-sourcepos=\"20:3-20:90\">Die hohe maximale Tragf\u00e4higkeit von 140 kg eignet sich f\u00fcr verschiedene Benutzergewichte und Ausr\u00fcstungen.<\/li>\n<li data-sourcepos=\"21:3-22:0\">Kantengepr\u00fcft f\u00fcr den horizontalen Einsatz, was Ihre Arbeitsm\u00f6glichkeiten noch vielseitiger macht.<\/li>\n<\/ul>\n<\/li>\n<\/ul>\n<h2 data-sourcepos=\"23:1-23:37\">Spezifikationen:<\/h2>\n<ul data-sourcepos=\"25:1-27:173\">\n<li data-sourcepos=\"25:1-25:175\"><strong>Elastischer Arm &amp; gro\u00dfer Karabiner:<\/strong> Das dehnbare Gurtband und der gro\u00dfe Karabiner mit breiter \u00d6ffnung erm\u00f6glichen eine m\u00fchelose Verbindung und Handhabung, auch wenn Sie Handschuhe tragen.<\/li>\n<li data-sourcepos=\"26:1-26:150\"><strong>Kantengepr\u00fcft f\u00fcr horizontale Verwendung:<\/strong> Zugelassen f\u00fcr den Einsatz in horizontalen Anwendungen, was Ihnen zus\u00e4tzliche Flexibilit\u00e4t bei der Positionierung Ihrer Arbeit bietet.<\/li>\n<li data-sourcepos=\"27:1-27:173\"><strong>Langlebige &amp; leichte Konstruktion:<\/strong> Der SHOCKSTOP-LITE-I 140 GIANT ist aus hochwertigen Materialien gefertigt und bietet eine robuste Konstruktion bei einem benutzerfreundlichen Gewicht von 730 Gramm.<\/li>\n<\/ul>\n<h3 class=\"western\">\ud83d\udc49 Sie suchen einen bestimmten Edelrid-Artikel, der nicht im Shop gelistet ist? Wir vertreiben das komplette Portfolio f\u00fcr Abenteuer, Sport und Sicherheit. Bitte <strong><a href=\"https:\/\/thrillsyndicate.com\/de\/kontakt\/\">senden Sie<\/a><\/strong> uns eine E-Mail oder sehen Sie sich die vollst\u00e4ndige <strong><a href=\"https:\/\/thrillsyndicate.com\/edelrid-safety-price-list-2025\/\">Sicherheitspreisliste hier<\/a><\/strong>. \ud83d\udc48<\/h3>\n","protected":false},"excerpt":{"rendered":"<p data-sourcepos=\"1:1-1:95\">Edelrid SHOCKSTOP-LITE-I 140 GIANT: Sichere Arbeitspositionierung f\u00fcr Profis &#8211; Das Edelrid SHOCKSTOP-LITE-I 140 GIANT ist ein professionelles Verbindungsmittel mit integriertem Falld\u00e4mpfer, das au\u00dfergew\u00f6hnliche Sicherheit und Bewegungsfreiheit bei der Arbeitspositionierung in der H\u00f6he bietet.<\/p>\n","protected":false},"featured_media":12872,"template":"","meta":{"_coblocks_attr":"","_coblocks_dimensions":"","_coblocks_responsive_height":"","_coblocks_accordion_ie_support":"","wds_primary_product_brand":0,"wds_primary_product_cat":0},"product_brand":[62],"product_cat":[846],"product_tag":[805,877,57,67,176],"class_list":{"0":"post-17256","1":"product","2":"type-product","3":"status-publish","4":"has-post-thumbnail","6":"product_brand-edelrid","7":"product_cat-lanyards","8":"product_tag-energy-absorbers","9":"product_tag-scaffolding","10":"product_tag-lanyard","11":"product_tag-ppe","12":"product_tag-connecting","14":"first","15":"instock","16":"taxable","17":"shipping-taxable","18":"purchasable","19":"product-type-simple"},"_links":{"self":[{"href":"https:\/\/thrillsyndicate.com\/de\/wp-json\/wp\/v2\/product\/17256","targetHints":{"allow":["GET"]}}],"collection":[{"href":"https:\/\/thrillsyndicate.com\/de\/wp-json\/wp\/v2\/product"}],"about":[{"href":"https:\/\/thrillsyndicate.com\/de\/wp-json\/wp\/v2\/types\/product"}],"wp:featuredmedia":[{"embeddable":true,"href":"https:\/\/thrillsyndicate.com\/de\/wp-json\/wp\/v2\/media\/12872"}],"wp:attachment":[{"href":"https:\/\/thrillsyndicate.com\/de\/wp-json\/wp\/v2\/media?parent=17256"}],"wp:term":[{"taxonomy":"product_brand","embeddable":true,"href":"https:\/\/thrillsyndicate.com\/de\/wp-json\/wp\/v2\/product_brand?post=17256"},{"taxonomy":"product_cat","embeddable":true,"href":"https:\/\/thrillsyndicate.com\/de\/wp-json\/wp\/v2\/product_cat?post=17256"},{"taxonomy":"product_tag","embeddable":true,"href":"https:\/\/thrillsyndicate.com\/de\/wp-json\/wp\/v2\/product_tag?post=17256"}],"curies":[{"name":"wp","href":"https:\/\/api.w.org\/{rel}","templated":true}]}}