{"id":17257,"date":"2024-03-22T14:30:49","date_gmt":"2024-03-22T13:30:49","guid":{"rendered":"https:\/\/thrillsyndicate.com\/shop\/edelrid-shockstop-i-140-giant\/"},"modified":"2025-08-25T15:28:53","modified_gmt":"2025-08-25T13:28:53","slug":"edelrid-shockstop-i-140-giant","status":"publish","type":"product","link":"https:\/\/thrillsyndicate.com\/de\/product\/edelrid-shockstop-i-140-giant\/","title":{"rendered":"Edelrid Shockstop-I 140 Giant"},"content":{"rendered":"<p data-sourcepos=\"9:1-9:223\">F\u00fcr Profis, die in der Abenteuer-, Outdoor-, Vergn\u00fcgungs- und Freizeitindustrie in der H\u00f6he arbeiten, ist Sicherheit das A und O. Das Edelrid Shockstop-I 140 Giant Verbindungsmittel ist eine robuste und zuverl\u00e4ssige L\u00f6sung, mit der Sie sicher sind. <\/p>\n<h2 data-sourcepos=\"11:1-11:46\">Vertrauen erweckende Sicherheit<\/h2>\n<ul data-sourcepos=\"13:1-16:0\">\n<li data-sourcepos=\"13:1-13:186\"><strong>Unerreichte Gewichtskapazit\u00e4t:<\/strong> Mit <strong>einer Belast<\/strong>barkeit <strong>von 140 kg<\/strong> \u00fcbertrifft der Shockstop-I 140 Giant die Industriestandards und bietet au\u00dfergew\u00f6hnlichen Fallschutz f\u00fcr eine gr\u00f6\u00dfere Anzahl von Benutzern.<\/li>\n<li data-sourcepos=\"14:1-14:152\"><strong>Kantengepr\u00fcfte Leistung:<\/strong> <strong>\u00dcbertrifft RFU 11.075 f\u00fcr den horizontalen Einsatz<\/strong> und gew\u00e4hrleistet zuverl\u00e4ssige Leistung, selbst wenn Sie auf Balken oder unebenen Oberfl\u00e4chen arbeiten.<\/li>\n<li data-sourcepos=\"15:1-16:0\"><strong>Kompaktes Design, maximale Effizienz:<\/strong> Der <strong>integrierte Falld\u00e4mpfer<\/strong> ist klein und unauff\u00e4llig, w\u00e4hrend das <strong>dehnbare Verbindungsmittel<\/strong> optimale Bewegungsfreiheit bietet.<\/li>\n<\/ul>\n<h2 data-sourcepos=\"17:1-17:40\">Wichtige Spezifikationen &amp; Vorteile<\/h2>\n<ul data-sourcepos=\"19:1-22:0\">\n<li data-sourcepos=\"19:1-19:150\"><strong>Langlebige Konstruktion:<\/strong> <strong>Gro\u00dfer Aluminiumkarabiner<\/strong> mit breiter \u00d6ffnung (64 mm) f\u00fcr einfache Verbindung und Handhabung, auch mit Handschuhen.<\/li>\n<li data-sourcepos=\"20:1-20:121\"><strong>Verbesserte Man\u00f6vrierf\u00e4higkeit:<\/strong> <strong>Die 160 cm lange Verl\u00e4ngerung des Falld\u00e4mpfers<\/strong> erm\u00f6glicht eine gr\u00f6\u00dfere Reichweite und Flexibilit\u00e4t bei der Arbeit.<\/li>\n<li data-sourcepos=\"21:1-22:0\"><strong>Kompromisslose Sicherheit:<\/strong> <strong>EN 355-zertifiziert<\/strong> und mit einer Mindestbruchlast von 15kN, was die Einhaltung der h\u00f6chsten Sicherheitsstandards garantiert.<\/li>\n<\/ul>\n<p data-sourcepos=\"23:1-23:110\">Investieren Sie in Ihre Sicherheit und Ihren Seelenfrieden mit dem Edelrid Shockstop-I 140 Giant Verbindungsmittel. Bestellen Sie es noch heute! <\/p>\n<h2 data-sourcepos=\"23:1-23:110\">Alle Spezifikationen<\/h2>\n<ul>\n<li>Kantengepr\u00fcft nach RFU 11.075 und daher f\u00fcr den horizontalen Einsatz zugelassen<\/li>\n<li>Verl\u00e4ngerung des Sto\u00dfd\u00e4mpfers: 160 cm<\/li>\n<li>Dehnbarer Gurt und kleiner, kompakter Falld\u00e4mpfer f\u00fcr optimale Handhabung<\/li>\n<li>Gro\u00dfer Aluminiumkarabiner mit einer \u00d6ffnungsweite von 64 mm<\/li>\n<li>Hohe maximale Tragf\u00e4higkeit (140 kg)<\/li>\n<li>Mindestbruchkraft: 15 kN<\/li>\n<li>Zertifizierung : EN 355<\/li>\n<\/ul>\n<h3 class=\"western\">\ud83d\udc49 Sie suchen einen bestimmten Edelrid-Artikel, der nicht im Shop gelistet ist? Wir vertreiben das komplette Portfolio f\u00fcr Abenteuer, Sport und Sicherheit. Bitte <strong><a href=\"https:\/\/thrillsyndicate.com\/de\/kontakt\/\">senden Sie<\/a><\/strong> uns eine E-Mail oder sehen Sie sich die vollst\u00e4ndige <strong><a href=\"https:\/\/thrillsyndicate.com\/edelrid-safety-price-list-2025\/\">Sicherheitspreisliste hier<\/a><\/strong>. \ud83d\udc48<\/h3>\n","protected":false},"excerpt":{"rendered":"<p data-sourcepos=\"1:1-1:78\">Edelrid Shockstop-I 140 Giant: Sicherheit f\u00fcr Profis bei risikoreichen Arbeiten &#8211; Das Edelrid Shockstop-I 140 Giant ist ein Verbindungsmittel mit hoher Kapazit\u00e4t und integriertem Falld\u00e4mpfer, ideal f\u00fcr professionelle Anwender in der Abenteuer-, Outdoor-, Vergn\u00fcgungs- und Freizeitindustrie. Mit einer zertifizierten Tragf\u00e4higkeit von 140 kg sorgt es f\u00fcr maximale Sicherheit bei St\u00fcrzen. <\/p>\n","protected":false},"featured_media":12881,"template":"","meta":{"_coblocks_attr":"","_coblocks_dimensions":"","_coblocks_responsive_height":"","_coblocks_accordion_ie_support":"","wds_primary_product_brand":0,"wds_primary_product_cat":0},"product_brand":[659],"product_cat":[966],"product_tag":[959,911,547,568,548],"class_list":{"0":"post-17257","1":"product","2":"type-product","3":"status-publish","4":"has-post-thumbnail","6":"product_brand-edelrid-de","7":"product_cat-verbindungsmittel","8":"product_tag-energie-absorber","9":"product_tag-gerustbau","10":"product_tag-lanyard-de","11":"product_tag-psa","12":"product_tag-verbinden","14":"first","15":"instock","16":"taxable","17":"shipping-taxable","18":"purchasable","19":"product-type-simple"},"_links":{"self":[{"href":"https:\/\/thrillsyndicate.com\/de\/wp-json\/wp\/v2\/product\/17257","targetHints":{"allow":["GET"]}}],"collection":[{"href":"https:\/\/thrillsyndicate.com\/de\/wp-json\/wp\/v2\/product"}],"about":[{"href":"https:\/\/thrillsyndicate.com\/de\/wp-json\/wp\/v2\/types\/product"}],"wp:featuredmedia":[{"embeddable":true,"href":"https:\/\/thrillsyndicate.com\/de\/wp-json\/wp\/v2\/media\/12881"}],"wp:attachment":[{"href":"https:\/\/thrillsyndicate.com\/de\/wp-json\/wp\/v2\/media?parent=17257"}],"wp:term":[{"taxonomy":"product_brand","embeddable":true,"href":"https:\/\/thrillsyndicate.com\/de\/wp-json\/wp\/v2\/product_brand?post=17257"},{"taxonomy":"product_cat","embeddable":true,"href":"https:\/\/thrillsyndicate.com\/de\/wp-json\/wp\/v2\/product_cat?post=17257"},{"taxonomy":"product_tag","embeddable":true,"href":"https:\/\/thrillsyndicate.com\/de\/wp-json\/wp\/v2\/product_tag?post=17257"}],"curies":[{"name":"wp","href":"https:\/\/api.w.org\/{rel}","templated":true}]}}