{"id":17286,"date":"2024-06-05T16:04:05","date_gmt":"2024-06-05T14:04:05","guid":{"rendered":"https:\/\/thrillsyndicate.com\/shop\/tru-alert-hohen-sensor\/"},"modified":"2025-11-03T14:01:40","modified_gmt":"2025-11-03T13:01:40","slug":"tru-alert-hohen-sensor","status":"publish","type":"product","link":"https:\/\/thrillsyndicate.com\/de\/product\/tru-alert-hohen-sensor\/","title":{"rendered":"TRU-ALERT H\u00f6hensensor"},"content":{"rendered":"<p data-sourcepos=\"15:1-15:428\">Der <strong>TRU-ALERT H\u00f6hensensor<\/strong> ist eine innovative Sicherheitsl\u00f6sung, die entwickelt wurde, um eines der h\u00e4ufigsten und gef\u00e4hrlichsten Risiken bei der Selbstsicherung zu verhindern: ungesicherte Kletterer. Dieses kompakte Ger\u00e4t warnt Sie in den wichtigsten H\u00f6hen und sorgt so daf\u00fcr, dass sowohl Kletterer als auch Mitarbeiter auf potenzielle Gefahren aufmerksam gemacht werden, bevor es zu Unf\u00e4llen kommt. Da keine \u00c4nderungen an den W\u00e4nden oder teure Installationen erforderlich sind, ist es die perfekte Erg\u00e4nzung f\u00fcr jede Abenteuer- oder Freizeiteinrichtung, die die Sicherheit und das Vertrauen verbessern m\u00f6chte.  <\/p>\n<h2>Vorteile des TRU-ALERT H\u00f6hensensors<\/h2>\n<h3>Erh\u00f6hte Sicherheit f\u00fcr Kletterer<\/h3>\n<p>Der <strong>TRU-ALERT H\u00f6hensensor<\/strong> verbessert die Sicherheit beim Klettern erheblich, indem er erkennt, wenn Kletterer aufsteigen, ohne sich anzuschnallen. Das automatisierte System sorgt daf\u00fcr, dass Kletterer durch akustische und visuelle Warnungen bei kritischen H\u00f6hen gewarnt werden, selbst wenn das Personal abgelenkt ist. Dies gibt sowohl den Betreibern als auch den Kletterern eine zus\u00e4tzliche Sicherheit und reduziert das Risiko schwerer Unf\u00e4lle.  <\/p>\n<h3>Zuverl\u00e4ssige und st\u00e4ndige Wachsamkeit<\/h3>\n<p>Im Gegensatz zu manuellen Sicherheitskontrollen, die von der Aufmerksamkeit des Personals abh\u00e4ngen, ist das <strong>TRU-ALERT<\/strong> System immer wachsam. In dem Moment, in dem ein Kletterer 1,5 Meter erreicht, ohne sich einzuklinken, wird eine Warnung ausgel\u00f6st, und wenn er \u00fcber 2,5 Meter hinausgeht, ert\u00f6nt ein kontinuierlicher Alarm, bis ein Mitarbeiter eingreift. Diese st\u00e4ndige \u00dcberwachung ist eine unsch\u00e4tzbare Sicherheitsma\u00dfnahme, die gew\u00e4hrleistet, dass kein Fehler unbemerkt bleibt.  <\/p>\n<h3>Einfach zu installieren, kein Wartungsaufwand<\/h3>\n<p>Mit dem <strong>TRU-ALERT<\/strong> sind keine kostspieligen \u00c4nderungen an der Wand oder komplexe Installationsverfahren erforderlich. Es l\u00e4sst sich leicht an jedem Klettergurt befestigen und wird mit einem wiederaufladbaren Akku geliefert, was es zu einer m\u00fchelosen L\u00f6sung f\u00fcr die Betreiber macht. Dar\u00fcber hinaus ist das Ger\u00e4t \u00e4u\u00dferst langlebig, erfordert nur minimale Wartung und bietet eine zuverl\u00e4ssige Langzeitleistung.  <\/p>\n<p><iframe loading=\"lazy\" title=\"TRU CLIP Connector and TRU ALERT Height Sensor\" width=\"980\" height=\"551\" src=\"https:\/\/www.youtube.com\/embed\/s5c-bGy78Ro?feature=oembed\" frameborder=\"0\" allow=\"accelerometer; autoplay; clipboard-write; encrypted-media; gyroscope; picture-in-picture; web-share\" referrerpolicy=\"strict-origin-when-cross-origin\" allowfullscreen><\/iframe><\/p>\n<h2>Wichtige Spezifikationen und ihre Vorteile<\/h2>\n<h3>Kompaktes und leichtes Design<\/h3>\n<p>Der <strong>TRU-ALERT H\u00f6hensensor<\/strong> wurde f\u00fcr maximalen Komfort entwickelt, wiegt nur 46 Gramm und misst 79 mm x 46 mm x 17 mm. Seine kompakte Gr\u00f6\u00dfe gew\u00e4hrleistet, dass er die Leistung des Kletterers nicht beeintr\u00e4chtigt und gleichzeitig eine optimale Sicherheits\u00fcberwachung bietet. <\/p>\n<h3>Vielseitig und mit jedem Gurtzeug kombinierbar<\/h3>\n<p>Dieses Ger\u00e4t ist vollst\u00e4ndig kompatibel mit jedem Klettergurt und allen wichtigen sequenziellen Anschl\u00fcssen, so dass Sie nicht in zus\u00e4tzliche Ausr\u00fcstung investieren m\u00fcssen. Diese Vielseitigkeit macht es zu einer idealen L\u00f6sung f\u00fcr eine Vielzahl von Kletteranlagen und gew\u00e4hrleistet eine nahtlose Integration in Ihr bestehendes System. <\/p>\n<h3>Optionen f\u00fcr Remote- und manuellen Reset<\/h3>\n<p>Das <strong>TRU-ALERT<\/strong> bietet flexible R\u00fccksetzfunktionen. Das Personal kann das Ger\u00e4t manuell vor Ort zur\u00fccksetzen oder die Fernr\u00fccksetzungsoption nutzen, um Zeit und M\u00fche zu sparen. Dank dieser Funktion k\u00f6nnen die Bediener Alarme schnell beheben, damit die Kletterpartien reibungslos und sicher verlaufen.  <\/p>\n<hr>\n<h2>Vollst\u00e4ndige Produktspezifikationen<\/h2>\n<ul>\n<li><strong>Gewicht<\/strong>: 46g<\/li>\n<li><strong>L\u00e4nge<\/strong>: 79mm<\/li>\n<li><strong>Breite<\/strong>: 46mm<\/li>\n<li><strong>H\u00f6he<\/strong>: 17mm<\/li>\n<li><strong>Warnh\u00f6hen<\/strong>: Anfangsalarm bei 1,5 m, Daueralarm bei 2,5 m<\/li>\n<li><strong>Akku<\/strong>: Wiederaufladbar, USB-C Ladeanschluss<\/li>\n<li><strong>Kompatibilit\u00e4t<\/strong>: Kompatibel mit allen Klettergurten, keine \u00c4nderungen an der Wand erforderlich<\/li>\n<li><strong>Reset-Optionen<\/strong>: Manuelle und Fern-Reset-Funktionen verf\u00fcgbar<\/li>\n<\/ul>\n<p>F\u00fcr optimale Sicherheit wurden der <a href=\"https:\/\/thrillsyndicate.com\/shop\/tru-clip-connector\/\">TRU-CLIP Connector<\/a> und der TRU-ALERT H\u00f6hensensor so konzipiert, dass sie zusammenarbeiten. <a href=\"https:\/\/thrillsyndicate.com\/shop\/tru-clip-connector\/\">TRU-CLIP<\/a> verhindert Fehler bei der Selbstsicherung, w\u00e4hrend TRU-ALERT Benutzer sch\u00fctzt, die nicht angeschnallt sind.<\/p>\n<p data-sourcepos=\"30:1-30:87\"><img loading=\"lazy\" decoding=\"async\" class=\"alignnone wp-image-17538 size-full\" src=\"https:\/\/thrillsyndicate.com\/wp-content\/uploads\/2024\/06\/TRU-ALERT-Sell-Sheet-1.webp\" alt=\"Verhindern Sie mit TRU-ALERT H\u00f6hensensor Kletterunf\u00e4lle, bevor sie passieren. Unser innovatives, auf dem Klettergurt basierendes System warnt das Personal, wenn der Kletterer nicht angeschnallt ist. Entdecken Sie eine sicherere Selbstsicherung.\" width=\"1000\" height=\"1154\" srcset=\"https:\/\/thrillsyndicate.com\/wp-content\/uploads\/2024\/06\/TRU-ALERT-Sell-Sheet-1.webp 1000w, https:\/\/thrillsyndicate.com\/wp-content\/uploads\/2024\/06\/TRU-ALERT-Sell-Sheet-1-458x529.webp 458w, https:\/\/thrillsyndicate.com\/wp-content\/uploads\/2024\/06\/TRU-ALERT-Sell-Sheet-1-260x300.webp 260w, https:\/\/thrillsyndicate.com\/wp-content\/uploads\/2024\/06\/TRU-ALERT-Sell-Sheet-1-887x1024.webp 887w, https:\/\/thrillsyndicate.com\/wp-content\/uploads\/2024\/06\/TRU-ALERT-Sell-Sheet-1-768x886.webp 768w, https:\/\/thrillsyndicate.com\/wp-content\/uploads\/2024\/06\/TRU-ALERT-Sell-Sheet-1-100x115.webp 100w\" sizes=\"auto, (max-width: 1000px) 100vw, 1000px\" \/><\/p>\n<p><iframe loading=\"lazy\" title=\"TRU-CLIP Connector and TRU-ALERT Height Sensor\" width=\"980\" height=\"551\" src=\"https:\/\/www.youtube.com\/embed\/wHuYmy5OugA?feature=oembed\" frameborder=\"0\" allow=\"accelerometer; autoplay; clipboard-write; encrypted-media; gyroscope; picture-in-picture; web-share\" referrerpolicy=\"strict-origin-when-cross-origin\" allowfullscreen><\/iframe><\/p>\n","protected":false},"excerpt":{"rendered":"<p>Der <strong>TRU-ALERT H\u00f6hensensor<\/strong> ist ein Sicherheitssystem f\u00fcr Kletterer, das erkennt, wenn Benutzer klettern, ohne ordnungsgem\u00e4\u00df angeschnallt zu sein. Er gibt sofort ein akustisches und visuelles Warnsignal, um Unf\u00e4lle zu vermeiden. <\/p>\n","protected":false},"featured_media":17520,"template":"","meta":{"_coblocks_attr":"","_coblocks_dimensions":"","_coblocks_responsive_height":"","_coblocks_accordion_ie_support":"","wds_primary_product_brand":0,"wds_primary_product_cat":0},"product_brand":[666],"product_cat":[481,465],"product_tag":[568,425],"class_list":{"0":"post-17286","1":"product","2":"type-product","3":"status-publish","4":"has-post-thumbnail","6":"product_brand-head-rush-technologies-de","7":"product_cat-trublue-selbstsicherungszubehor","8":"product_cat-vertikale-selbstsicherungssysteme","9":"product_tag-psa","10":"product_tag-sicherungssysteme","12":"first","13":"instock","14":"taxable","15":"shipping-taxable","16":"purchasable","17":"product-type-variable"},"_links":{"self":[{"href":"https:\/\/thrillsyndicate.com\/de\/wp-json\/wp\/v2\/product\/17286","targetHints":{"allow":["GET"]}}],"collection":[{"href":"https:\/\/thrillsyndicate.com\/de\/wp-json\/wp\/v2\/product"}],"about":[{"href":"https:\/\/thrillsyndicate.com\/de\/wp-json\/wp\/v2\/types\/product"}],"wp:featuredmedia":[{"embeddable":true,"href":"https:\/\/thrillsyndicate.com\/de\/wp-json\/wp\/v2\/media\/17520"}],"wp:attachment":[{"href":"https:\/\/thrillsyndicate.com\/de\/wp-json\/wp\/v2\/media?parent=17286"}],"wp:term":[{"taxonomy":"product_brand","embeddable":true,"href":"https:\/\/thrillsyndicate.com\/de\/wp-json\/wp\/v2\/product_brand?post=17286"},{"taxonomy":"product_cat","embeddable":true,"href":"https:\/\/thrillsyndicate.com\/de\/wp-json\/wp\/v2\/product_cat?post=17286"},{"taxonomy":"product_tag","embeddable":true,"href":"https:\/\/thrillsyndicate.com\/de\/wp-json\/wp\/v2\/product_tag?post=17286"}],"curies":[{"name":"wp","href":"https:\/\/api.w.org\/{rel}","templated":true}]}}