{"id":17289,"date":"2024-05-24T09:29:20","date_gmt":"2024-05-24T07:29:20","guid":{"rendered":"https:\/\/thrillsyndicate.com\/shop\/tru-clip-verbinder\/"},"modified":"2025-11-03T14:01:53","modified_gmt":"2025-11-03T13:01:53","slug":"tru-clip-connector","status":"publish","type":"product","link":"https:\/\/thrillsyndicate.com\/de\/product\/tru-clip-connector\/","title":{"rendered":"TRU-CLIP Connector"},"content":{"rendered":"<p data-sourcepos=\"15:1-15:535\">Der TRU-CLIP Connector ist die ultimative L\u00f6sung f\u00fcr sicherheitsbewusste Abenteuerparks, Kletterhallen und Erholungszentren. Dieses innovative Verbindungsst\u00fcck wurde speziell f\u00fcr Selbstsicherungen beim Klettern entwickelt und eliminiert das Risiko von Fehlern beim Einh\u00e4ngen und Unf\u00e4llen. Sein intuitives Design erm\u00f6glicht es den Kletterern, sich selbst\u00e4ndig einzuklinken, wodurch die Beteiligung des Betreibers minimiert und der Personalbedarf verringert wird, w\u00e4hrend Betreiber und Kletterer gleicherma\u00dfen beruhigt sind.  <\/p>\n<p data-sourcepos=\"15:1-15:535\">Der TRU-CLIP Connector wird als Verbinder am Gurtband geliefert. Das bedeutet, dass Sie den TRU-CLIP Connector an jedem Trublue Selbstsicherungsger\u00e4t haben k\u00f6nnen. Bei neuen Ger\u00e4ten w\u00e4hlen Sie einfach den TRU-CLIP Connector als bevorzugten Gurtbandanschluss. Wenn Sie Ihre aktuellen Trublue Selbstsicherungen mit dem TRU-CLIP Connector nachr\u00fcsten m\u00f6chten, w\u00e4hlen Sie bitte unten Ihren Selbstsicherungstyp aus:   <\/p>\n<ul>\n<li data-sourcepos=\"15:1-15:535\"><a href=\"https:\/\/thrillsyndicate.com\/shop\/trublue-iq-replacement-webbing\/\"> TRUBLUE iQ Ersatz-Gurtband<\/a><\/li>\n<li data-sourcepos=\"15:1-15:535\"><a href=\"https:\/\/thrillsyndicate.com\/shop\/trublue-replacement-webbing\/\">TRUBLUE Ersatzgurtband<\/a><\/li>\n<li data-sourcepos=\"15:1-15:535\"><a href=\"https:\/\/thrillsyndicate.com\/shop\/trublue-speed-replacement-webbing\/\">TRUBLUE SPEED Ersatzgurtband<\/a><\/li>\n<li data-sourcepos=\"15:1-15:535\"><a href=\"https:\/\/thrillsyndicate.com\/shop\/trublue-xl-replacement-webbing\/\">TRUBLUE XL Ersatzgurtband<\/a><\/li>\n<\/ul>\n<h2>TRU-CLIP Zubeh\u00f6r<\/h2>\n<p>Bitte w\u00e4hlen Sie das TRU-CLIP Zubeh\u00f6r aus und f\u00fcgen Sie es zu Ihrer Bestellung von Ersatzgurten oder Trublue Selbstsicherung hinzu, wenn Sie den TRU-CLIP Connector ausw\u00e4hlen.<\/p>\n<ul>\n<li>Key Link (AKA Delta Link)<\/li>\n<li>Key Link Bulk Pack (10 Key Links, 10 Positionierungsriemen, 2mm 5mm Sechskantschl\u00fcssel, 3 Stellschrauben)<\/li>\n<li>Positionierungsriemen (20er Set)<\/li>\n<li>Ersatzpackung f\u00fcr Stellschrauben<\/li>\n<li><a href=\"https:\/\/thrillsyndicate.com\/shop\/tru-clip-climbing-gym-rig\/\">TRU-CLIP Kletterhalle Rig<\/a><\/li>\n<\/ul>\n<h2>Vorteile des TRU-CLIP Connectors<\/h2>\n<h3>Erh\u00f6hte Sicherheit mit Null Clipping-Fehlern<\/h3>\n<p>Der TRU-CLIP Connector beseitigt die M\u00f6glichkeit falscher Befestigungen, indem er eine sequentielle Verbindung verwendet, die nicht an den falschen Teil des Gurtes geklippt werden kann. Dadurch wird das Unfallrisiko drastisch reduziert und sichergestellt, dass der Kletterer jederzeit sicher angeschnallt ist. Einmal verbunden, kann der Kletterer sich nicht mehr l\u00f6sen, bis er sicher auf den Boden zur\u00fcckgekehrt ist.  <\/p>\n<h3>Verbesserte Effizienz bei geringerem \u00dcberwachungsbedarf<\/h3>\n<p>TRU-CLIP erm\u00f6glicht es den Kletterern, selbstst\u00e4ndig ein- und auszusteigen, ohne dass ein Bediener helfen muss. Dadurch kann das Personal gr\u00f6\u00dfere Gruppen beaufsichtigen, was den Betrieb rationalisiert und die Personalkosten senkt. Sein intuitives Design sorgt daf\u00fcr, dass Kletterer aller Alters- und K\u00f6nnensstufen ihn m\u00fchelos benutzen k\u00f6nnen.  <\/p>\n<h3>Kinderfreundliches und vom Bediener genehmigtes Design<\/h3>\n<p>Der TRU-CLIP Connector wiegt weniger als vergleichbare Verbindungselemente und ist speziell f\u00fcr Kinder ausgelegt, so dass er ein hervorragendes Benutzererlebnis bietet. Sein geringes Gewicht und sein flaches Design sorgen daf\u00fcr, dass er beim Klettern nicht im Weg ist. Der ferngesteuerte Swivel verhindert, dass sich das Gurtband verdreht, was die Benutzerfreundlichkeit weiter verbessert. <\/p>\n<p><iframe loading=\"lazy\" title=\"TRU CLIP Connector and TRU ALERT Height Sensor\" width=\"980\" height=\"551\" src=\"https:\/\/www.youtube.com\/embed\/s5c-bGy78Ro?feature=oembed\" frameborder=\"0\" allow=\"accelerometer; autoplay; clipboard-write; encrypted-media; gyroscope; picture-in-picture; web-share\" referrerpolicy=\"strict-origin-when-cross-origin\" allowfullscreen><\/iframe><\/p>\n<h2>Hauptmerkmale und Spezifikationen des TRU-CLIP Connectors<\/h2>\n<h3>Erschwinglich und wartungsarm<\/h3>\n<p>Der TRU-CLIP Connector ist nicht nur der preisg\u00fcnstigste sequenzierte Stecker auf dem Markt, sondern auch ohne Rezertifizierungsgeb\u00fchren, was ihn zu einer kosteng\u00fcnstigen L\u00f6sung f\u00fcr Abenteuerparks und Kletteranlagen macht. Nach dem Kauf ist keine zus\u00e4tzliche Einrichtung oder Installation erforderlich. <\/p>\n<h3>Langlebige Schl\u00fcsselanh\u00e4nger aus Edelstahl<\/h3>\n<p>Die Edelstahl-Schl\u00fcsselglieder bieten extrem haltbare Verbindungspunkte, die selbst in den anspruchsvollsten Umgebungen einer starken Beanspruchung standhalten. Diese Komponenten sind auf Langlebigkeit ausgelegt und gew\u00e4hrleisten eine zuverl\u00e4ssige Leistung bei jedem Aufstieg. <\/p>\n<h3>Vormontiert an TRUBLUE Selbstsicherungen f\u00fcr den sofortigen Einsatz<\/h3>\n<p>TRU-CLIP ist bereits an den TRUBLUE Selbstsicherungen angebracht, so dass eine komplexe Einrichtung nicht erforderlich ist. Diese Plug-and-Play-Funktionalit\u00e4t stellt sicher, dass Betreiber den Anschluss schnell und mit minimaler Ausfallzeit in ihren Betrieb integrieren k\u00f6nnen. <\/p>\n<h2>Vollst\u00e4ndige Liste der Spezifikationen<\/h2>\n<ul>\n<li><strong>Abmessungen des Anschlusses<\/strong>: 135 x 69 x 33mm (5.3 x 2.7 x 1.3in)<\/li>\n<li><strong>Connector Gewicht<\/strong>: 310g<\/li>\n<li><strong>Abmessungen des Schl\u00fcsselglieds<\/strong>: 55 x 67 x 21mm (2.2 x 2.6 x 0.8in)<\/li>\n<li><strong>Gewicht der Schl\u00fcsselverbindung<\/strong>: 96g<\/li>\n<li><strong>Gurtband Montage<\/strong>: Verbindungsst\u00fcck + Schl\u00fcsselglied + Gurtbandgriff + Swivel<\/li>\n<li><strong>Gesamtgewicht<\/strong>: 545g<\/li>\n<li><strong>Einhaltung der Normen<\/strong>: EN362:2004 (Klasse T) Steckverbinder<\/li>\n<\/ul>\n<p>Der TRU-CLIP Connector bietet eine nahtlose Mischung aus Sicherheit, Benutzerfreundlichkeit und Erschwinglichkeit und ist damit die perfekte Wahl f\u00fcr Abenteuer- und Freizeitanbieter, die die Sicherheit erh\u00f6hen und den Betrieb rationalisieren m\u00f6chten. F\u00fcr optimale Sicherheit wurden der TRU-CLIP Connector und der <a href=\"https:\/\/thrillsyndicate.com\/shop\/tru-alert-height-sensor\/\">TRU-ALERT H\u00f6hensensor<\/a> so konzipiert, dass sie Hand in Hand arbeiten. TRU-CLIP verhindert Fehler bei der Selbstsicherung, w\u00e4hrend <a href=\"https:\/\/thrillsyndicate.com\/shop\/tru-alert-height-sensor\/\">TRU-ALERT<\/a> Benutzer sch\u00fctzt, die nicht angeschnallt sind.  <\/p>\n<p><img loading=\"lazy\" decoding=\"async\" class=\"alignnone size-large wp-image-17418\" src=\"https:\/\/thrillsyndicate.com\/wp-content\/uploads\/2024\/05\/TRU-CLIP-Sell-Sheet-990x1024.webp\" alt=\"Beseitigen Sie Sicherheitsbedenken beim Klettern mit dem TRU-CLIP Connector - dem einzigen Verbindungsmittel zur Selbstsicherung, das jedes Mal eine perfekte Befestigung garantiert. Sehen Sie noch heute, wie es funktioniert!\" width=\"980\" height=\"1014\" srcset=\"https:\/\/thrillsyndicate.com\/wp-content\/uploads\/2024\/05\/TRU-CLIP-Sell-Sheet-990x1024.webp 990w, https:\/\/thrillsyndicate.com\/wp-content\/uploads\/2024\/05\/TRU-CLIP-Sell-Sheet-458x474.webp 458w, https:\/\/thrillsyndicate.com\/wp-content\/uploads\/2024\/05\/TRU-CLIP-Sell-Sheet-290x300.webp 290w, https:\/\/thrillsyndicate.com\/wp-content\/uploads\/2024\/05\/TRU-CLIP-Sell-Sheet-768x794.webp 768w, https:\/\/thrillsyndicate.com\/wp-content\/uploads\/2024\/05\/TRU-CLIP-Sell-Sheet-1485x1536.webp 1485w, https:\/\/thrillsyndicate.com\/wp-content\/uploads\/2024\/05\/TRU-CLIP-Sell-Sheet-1980x2048.webp 1980w, https:\/\/thrillsyndicate.com\/wp-content\/uploads\/2024\/05\/TRU-CLIP-Sell-Sheet-100x103.webp 100w\" sizes=\"auto, (max-width: 980px) 100vw, 980px\" \/><\/p>\n","protected":false},"excerpt":{"rendered":"<p>Der TRU-CLIP Connector garantiert jedes Mal den perfekten Clip, indem er menschliche Fehler w\u00e4hrend des Clipping-Prozesses verhindert. Er wurde f\u00fcr Selbstsicherungen beim Klettern entwickelt und bietet un\u00fcbertroffene Sicherheit und Benutzerfreundlichkeit. <\/p>\n","protected":false},"featured_media":17416,"template":"","meta":{"_coblocks_attr":"","_coblocks_dimensions":"","_coblocks_responsive_height":"","_coblocks_accordion_ie_support":"","wds_primary_product_brand":0,"wds_primary_product_cat":0},"product_brand":[666],"product_cat":[481,465],"product_tag":[568,425,548],"class_list":{"0":"post-17289","1":"product","2":"type-product","3":"status-publish","4":"has-post-thumbnail","6":"product_brand-head-rush-technologies-de","7":"product_cat-trublue-selbstsicherungszubehor","8":"product_cat-vertikale-selbstsicherungssysteme","9":"product_tag-psa","10":"product_tag-sicherungssysteme","11":"product_tag-verbinden","13":"first","14":"instock","15":"taxable","16":"shipping-taxable","17":"purchasable","18":"product-type-variable"},"_links":{"self":[{"href":"https:\/\/thrillsyndicate.com\/de\/wp-json\/wp\/v2\/product\/17289","targetHints":{"allow":["GET"]}}],"collection":[{"href":"https:\/\/thrillsyndicate.com\/de\/wp-json\/wp\/v2\/product"}],"about":[{"href":"https:\/\/thrillsyndicate.com\/de\/wp-json\/wp\/v2\/types\/product"}],"wp:featuredmedia":[{"embeddable":true,"href":"https:\/\/thrillsyndicate.com\/de\/wp-json\/wp\/v2\/media\/17416"}],"wp:attachment":[{"href":"https:\/\/thrillsyndicate.com\/de\/wp-json\/wp\/v2\/media?parent=17289"}],"wp:term":[{"taxonomy":"product_brand","embeddable":true,"href":"https:\/\/thrillsyndicate.com\/de\/wp-json\/wp\/v2\/product_brand?post=17289"},{"taxonomy":"product_cat","embeddable":true,"href":"https:\/\/thrillsyndicate.com\/de\/wp-json\/wp\/v2\/product_cat?post=17289"},{"taxonomy":"product_tag","embeddable":true,"href":"https:\/\/thrillsyndicate.com\/de\/wp-json\/wp\/v2\/product_tag?post=17289"}],"curies":[{"name":"wp","href":"https:\/\/api.w.org\/{rel}","templated":true}]}}