{"id":18341,"date":"2024-12-19T11:14:21","date_gmt":"2024-12-19T10:14:21","guid":{"rendered":"https:\/\/thrillsyndicate.com\/shop\/edelrid-tectum-air-work-safety-helmet\/"},"modified":"2025-08-24T16:13:04","modified_gmt":"2025-08-24T14:13:04","slug":"edelrid-tectum-air-work-safety-helmet","status":"publish","type":"product","link":"https:\/\/thrillsyndicate.com\/de\/product\/edelrid-tectum-air-work-safety-helmet\/","title":{"rendered":"Edelrid Tectum Air Arbeitsschutzhelm"},"content":{"rendered":"<p>Die Edelrid Tectum Air Helme werden <strong>ab Mitte M\u00e4rz erh\u00e4ltlich<\/strong> sein und k\u00f6nnen bereits vorbestellt werden.<\/p>\n<p>Der Edelrid Tectum Air Helm ist die ultimative Wahl f\u00fcr Profis, die Sicherheit suchen, ohne auf Komfort oder Stil zu verzichten. Mit einer leichten ABS-Schale und sto\u00dfabsorbierendem EPS-Material bietet dieser Helm au\u00dfergew\u00f6hnlichen Schutz und ist gleichzeitig vielseitig genug, um sich an verschiedene Arbeitsumgebungen anzupassen. Mit Zertifizierungen nach EN 12492, EN 397 (mit geschlossenen Bel\u00fcftungsschlitzen) und ANSI\/ISEA Z89.1 ist der Tectum Air f\u00fcr anspruchsvolle Bedingungen ausgelegt.  <\/p>\n<h2 class=\"mb-2 mt-6 text-lg first:mt-3\">Vorteile des Edelrid Tectum Air Helms<\/h2>\n<h3 class=\"mb-2 mt-6 text-lg first:mt-3\">Un\u00fcbertroffener Komfort und Passform<\/h3>\n<p>Der Tectum Air Helm verf\u00fcgt \u00fcber ein innovatives Wing Fit System mit einem hinteren Einstellrad, das einen sicheren und bequemen Sitz f\u00fcr Kopfgr\u00f6\u00dfen von 53 bis 63 cm gew\u00e4hrleistet. Sein verstaubares Design erm\u00f6glicht es dem Benutzer, den Helm an seine individuellen Bed\u00fcrfnisse anzupassen und gleichzeitig den ganzen Tag \u00fcber Komfort bei intensiven Aufgaben zu genie\u00dfen.  Werfen Sie auch einen Blick auf das komplette Angebot an <a href=\"https:\/\/thrillsyndicate.com\/de\/shop\/edelrid-tectum-helmet-accessories\/\">Tectum Helmzubeh\u00f6r<\/a>!<\/p>\n<h3 class=\"mb-2 mt-6 text-lg first:mt-3\">Anpassbar f\u00fcr jeden Auftrag<\/h3>\n<p>Ausgestattet mit integrierten Euroslots und vier robusten Stirnlampenclips ist dieser Helm bereit f\u00fcr die Aufnahme von Geh\u00f6rschutz, Visieren oder anderem Zubeh\u00f6r, das f\u00fcr bestimmte Aufgaben unerl\u00e4sslich ist. Ob Sie bei schlechten Lichtverh\u00e4ltnissen oder in lauten Umgebungen arbeiten, der Tectum Air passt sich nahtlos an. <\/p>\n<h3 class=\"mb-2 mt-6 text-lg first:mt-3\">Verbesserte Sicherheitsmerkmale<\/h3>\n<p>Mit gro\u00dfen, verschlie\u00dfbaren Bel\u00fcftungs\u00f6ffnungen, reflektierenden Aufklebern bei den HiVis-Modellen und austauschbaren Kinnriemen, die den EN-Normen entsprechen, stellt der Tectum Air die Sicherheit des Benutzers unter allen Bedingungen in den Vordergrund. Die integrierte NFC-Technologie sorgt f\u00fcr zus\u00e4tzliche Funktionalit\u00e4t. <\/p>\n<h2 class=\"mb-2 mt-6 text-lg first:mt-3\">Wichtige Spezifikationen und ihre Vorteile<\/h2>\n<h3 class=\"mb-2 mt-6 text-lg first:mt-3\">Leichte und dennoch robuste Konstruktion<\/h3>\n<p>Die ABS-Kunststoffschale des Helms sorgt f\u00fcr Sto\u00dffestigkeit, ohne unn\u00f6tiges Gewicht (450 g). In Kombination mit der EPS-Innenschale zur Sto\u00dfd\u00e4mpfung bietet dieses Design zuverl\u00e4ssigen Schutz, ohne die Mobilit\u00e4t einzuschr\u00e4nken. <\/p>\n<h3 class=\"mb-2 mt-6 text-lg first:mt-3\">Ventilation Anpassungsf\u00e4higkeit<\/h3>\n<p>Die verschlie\u00dfbaren Bel\u00fcftungs\u00f6ffnungen sorgen f\u00fcr eine hervorragende Luftzirkulation unter hei\u00dfen Bedingungen, w\u00e4hrend sie bei Bedarf kalte Luft oder Ablagerungen abdichten. Diese Anpassungsf\u00e4higkeit macht den Helm f\u00fcr verschiedene Umgebungen geeignet. <\/p>\n<h3 class=\"mb-2 mt-6 text-lg first:mt-3\">Zertifizierte Sicherheitsstandards<\/h3>\n<p>Der Tectum Air entspricht den Normen EN 12492, EN 397 (Bel\u00fcftung geschlossen) und ANSI Z89.1 Typ I Klasse C und garantiert damit erstklassigen Schutz in Branchen wie Bauwesen, Abenteuersport und Outdoor-Freizeitgestaltung.<\/p>\n<h2 class=\"mb-2 mt-6 text-lg first:mt-3\">Spezifikationen<\/h2>\n<ul class=\"marker:text-textOff list-disc pl-8\">\n<li><strong>Gewicht:<\/strong> 450g<\/li>\n<li><strong>Kopfgr\u00f6\u00dfenbereich:<\/strong> 53 &#8211; 63 cm<\/li>\n<li><strong>Material:<\/strong> ABS-Kunststoffschale mit EPS-Innenschale<\/li>\n<li><strong>Bel\u00fcftung:<\/strong> Gro\u00dfe verschlie\u00dfbare \u00d6ffnungen<\/li>\n<li><strong>Fit System:<\/strong> Wing Fit System mit hinterem Einstellrad<\/li>\n<li><strong>Kompatibles Zubeh\u00f6r:<\/strong> 30-mm-Euroschlitze f\u00fcr Geh\u00f6rsch\u00fctzer\/Visiere; vier Stirnlampenclips<\/li>\n<li><strong>Zertifizierungen:<\/strong> EN 12492, EN 397 (Bel\u00fcftung geschlossen), ANSI Z89.1 Typ I Klasse C<\/li>\n<li><strong>Zus\u00e4tzliche Merkmale:<\/strong> Auswechselbare Kinnriemenschnalle; waschbare Innenpolsterung; integrierte NFC-Technologie<\/li>\n<li><strong>HiVis Modell:<\/strong> Reflektierende Aufkleber und hochsichtbare Farbgebung<\/li>\n<\/ul>\n<p>Der Edelrid Tectum Air Helmet ist Ihr zuverl\u00e4ssiger Partner in Sachen Sicherheit und bietet unvergleichliche Vielseitigkeit und Leistung in jeder professionellen Umgebung. Werfen Sie auch einen Blick auf unser komplettes Angebot an <a href=\"https:\/\/thrillsyndicate.com\/de\/shop\/edelrid-tectum-helmet-accessories\/\">Tectum Helmzubeh\u00f6r<\/a>! <\/p>\n<h3>\ud83d\udc49 Sie suchen einen bestimmten Edelrid-Artikel, der nicht im Shop gelistet ist? Wir vertreiben das komplette Portfolio f\u00fcr Abenteuer, Sport und Sicherheit. Bitte <a href=\"https:\/\/thrillsyndicate.com\/de\/kontakt\/\">senden Sie<\/a> uns eine E-Mail oder sehen Sie sich <a href=\"https:\/\/thrillsyndicate.com\/edelrid-safety-price-list-2025\/\">hier die vollst\u00e4ndige Sicherheitspreisliste<\/a> an. \ud83d\udc48<\/h3>\n","protected":false},"excerpt":{"rendered":"<p>Der Edelrid Tectum Air Helmet kombiniert leichte Strapazierf\u00e4higkeit mit fortschrittlichen Sicherheitsmerkmalen und ist damit ideal f\u00fcr Profis im Outdoor- und Industriebereich. Sein anpassbares Design sorgt f\u00fcr Komfort, Anpassungsf\u00e4higkeit und erstklassigen Schutz. <\/p>\n","protected":false},"featured_media":18036,"template":"","meta":{"_coblocks_attr":"","_coblocks_dimensions":"","_coblocks_responsive_height":"","_coblocks_accordion_ie_support":"","wds_primary_product_brand":0,"wds_primary_product_cat":0},"product_brand":[659],"product_cat":[923,564],"product_tag":[1011,855,1008],"class_list":{"0":"post-18341","1":"product","2":"type-product","3":"status-publish","4":"has-post-thumbnail","6":"product_brand-edelrid-de","7":"product_cat-helme","8":"product_cat-helme-fur-hochseilgarten","9":"product_tag-arbeiten-in-der-hohe","10":"product_tag-arbeitssicherheit","11":"product_tag-professionell","13":"first","14":"instock","15":"taxable","16":"shipping-taxable","17":"purchasable","18":"product-type-variable","19":"has-default-attributes"},"_links":{"self":[{"href":"https:\/\/thrillsyndicate.com\/de\/wp-json\/wp\/v2\/product\/18341","targetHints":{"allow":["GET"]}}],"collection":[{"href":"https:\/\/thrillsyndicate.com\/de\/wp-json\/wp\/v2\/product"}],"about":[{"href":"https:\/\/thrillsyndicate.com\/de\/wp-json\/wp\/v2\/types\/product"}],"wp:featuredmedia":[{"embeddable":true,"href":"https:\/\/thrillsyndicate.com\/de\/wp-json\/wp\/v2\/media\/18036"}],"wp:attachment":[{"href":"https:\/\/thrillsyndicate.com\/de\/wp-json\/wp\/v2\/media?parent=18341"}],"wp:term":[{"taxonomy":"product_brand","embeddable":true,"href":"https:\/\/thrillsyndicate.com\/de\/wp-json\/wp\/v2\/product_brand?post=18341"},{"taxonomy":"product_cat","embeddable":true,"href":"https:\/\/thrillsyndicate.com\/de\/wp-json\/wp\/v2\/product_cat?post=18341"},{"taxonomy":"product_tag","embeddable":true,"href":"https:\/\/thrillsyndicate.com\/de\/wp-json\/wp\/v2\/product_tag?post=18341"}],"curies":[{"name":"wp","href":"https:\/\/api.w.org\/{rel}","templated":true}]}}