{"id":18859,"date":"2025-02-13T14:54:44","date_gmt":"2025-02-13T13:54:44","guid":{"rendered":"https:\/\/thrillsyndicate.com\/shop\/edelrid-flux-pulley\/"},"modified":"2025-08-24T16:10:03","modified_gmt":"2025-08-24T14:10:03","slug":"edelrid-flux-pulley","status":"publish","type":"product","link":"https:\/\/thrillsyndicate.com\/de\/product\/edelrid-flux-pulley\/","title":{"rendered":"Edelrid FLUX Seilrolle"},"content":{"rendered":"<p>Die Edelrid FLUX Seilrolle ist Ihre erste Wahl f\u00fcr effizientes Rigging in Flaschenzugsystemen oder Richtungsankern. Diese kompakte und dennoch leistungsstarke, leichte seilrolle ist mit Kugellagertechnologie f\u00fcr einen reibungslosen Betrieb ausgestattet und verf\u00fcgt \u00fcber flexible Seitenplatten f\u00fcr eine schnelle Installation. Sie ist f\u00fcr die m\u00fchelose Handhabung mittlerer Lasten ausgelegt und eignet sich perfekt f\u00fcr Profis in der Abenteuer-, Outdoor-, Unterhaltungs- und Freizeitindustrie.  <\/p>\n<h2>Edelrid FLUX Seilrolle<\/h2>\n<ul>\n<li><strong>M\u00fchelose Aufr\u00fcstung leicht gemacht: <\/strong>Die Edelrid FLUX Seilrolle verf\u00fcgt \u00fcber flexible Seitenplatten, die einen schnellen und einfachen Aufbau erm\u00f6glichen, ohne die Sicherheit zu beeintr\u00e4chtigen. Ganz gleich, ob Sie mit Richtungsankern oder Block-and-Tackle-Systemen arbeiten, dieses Design gew\u00e4hrleistet einen nahtlosen Betrieb in jedem Szenario. <\/li>\n<li><strong>Kompaktes und dennoch leistungsstarkes Design: <\/strong>Trotz ihrer leichten Bauweise ist die Edelrid FLUX Seilrolle f\u00fcr mittlere Lasten ausgelegt und hat eine Tragf\u00e4higkeit von 500 kg. Dank ihrer kompakten Gr\u00f6\u00dfe ist sie leicht zu transportieren und bietet gleichzeitig die St\u00e4rke, die Sie f\u00fcr anspruchsvolle Aufgaben ben\u00f6tigen. <\/li>\n<li><strong>Unerreichte Effizienz: <\/strong>Dank seines kugelgelagerten seilrolle Systems erreicht das Edelrid FLUX einen beeindruckenden Wirkungsgrad von 94%. Dies gew\u00e4hrleistet eine reibungslose Seilbewegung, reduziert die Reibung und maximiert die Leistung bei kritischen Eins\u00e4tzen. <\/li>\n<\/ul>\n<h2>Technische Daten der Edelrid FLUX Seilrolle<\/h2>\n<ul>\n<li><strong>Leistungsstarkes Kugellager-System: <\/strong>Die kugelgelagerte Walze sorgt f\u00fcr eine au\u00dfergew\u00f6hnliche Effizienz von 94 % und ist damit ideal f\u00fcr Profis, die bei jedem Einsatz einen reibungslosen und zuverl\u00e4ssigen Betrieb verlangen.<\/li>\n<li><strong>Langlebige Konstruktion aus eloxiertem Aluminium: <\/strong>Die aus eloxiertem Aluminium gefertigte Edelrid FLUX Seilrolle bietet Langlebigkeit, ohne Ihre Ausr\u00fcstung mit unn\u00f6tigem Gewicht zu belasten. Die robuste Konstruktion sorgt f\u00fcr eine lang anhaltende Leistung unter harten Bedingungen. <\/li>\n<li><strong>Breite Kompatibilit\u00e4t mit Seilen und Karabinern: <\/strong>Dieses seilrolle ist mit Seildurchmessern von 6-13 mm kompatibel und f\u00fcgt sich nahtlos in verschiedene Setups ein. Das gro\u00dfe Karabinerloch ist f\u00fcr alle Standard-EDELRID-Karabiner geeignet und sorgt f\u00fcr zus\u00e4tzliche Vielseitigkeit. <\/li>\n<\/ul>\n<h2>Liste der Spezifikationen<\/h2>\n<ul>\n<li><strong>H\u00f6he:<\/strong> 75 mm<\/li>\n<li><strong>Breite:<\/strong> 50 mm<\/li>\n<li><strong>Wirkungsgrad:<\/strong> 94%<\/li>\n<li><strong>Zul\u00e4ssige Arbeitslast:<\/strong> 500 kg<\/li>\n<li><strong>Mindest-Bruchfestigkeit:<\/strong> 26 kN<\/li>\n<li><strong>Zugelassener Seildurchmesser:<\/strong> 6 &#8211; 13 mm<\/li>\n<li><strong>Material:<\/strong> Eloxiertes Aluminium<\/li>\n<li><strong>Zertifizierung:<\/strong> EN 12278<\/li>\n<\/ul>\n","protected":false},"excerpt":{"rendered":"<p>Die <strong>Edelrid FLUX Seilrolle<\/strong> ist eine kompakte, kugelgelagerte seilrolle, die f\u00fcr Flaschenzugsysteme und Richtungsanker entwickelt wurde. Die leichte Konstruktion und die flexiblen Seitenteile sorgen f\u00fcr ein schnelles Aufriggen und zuverl\u00e4ssige Leistung. <\/p>\n","protected":false},"featured_media":18843,"template":"","meta":{"_coblocks_attr":"","_coblocks_dimensions":"","_coblocks_responsive_height":"","_coblocks_accordion_ie_support":"","wds_primary_product_brand":0,"wds_primary_product_cat":0},"product_brand":[659],"product_cat":[537],"product_tag":[541],"class_list":{"0":"post-18859","1":"product","2":"type-product","3":"status-publish","4":"has-post-thumbnail","6":"product_brand-edelrid-de","7":"product_cat-seilrollen","8":"product_tag-rolle","10":"first","11":"instock","12":"taxable","13":"shipping-taxable","14":"purchasable","15":"product-type-simple"},"_links":{"self":[{"href":"https:\/\/thrillsyndicate.com\/de\/wp-json\/wp\/v2\/product\/18859","targetHints":{"allow":["GET"]}}],"collection":[{"href":"https:\/\/thrillsyndicate.com\/de\/wp-json\/wp\/v2\/product"}],"about":[{"href":"https:\/\/thrillsyndicate.com\/de\/wp-json\/wp\/v2\/types\/product"}],"wp:featuredmedia":[{"embeddable":true,"href":"https:\/\/thrillsyndicate.com\/de\/wp-json\/wp\/v2\/media\/18843"}],"wp:attachment":[{"href":"https:\/\/thrillsyndicate.com\/de\/wp-json\/wp\/v2\/media?parent=18859"}],"wp:term":[{"taxonomy":"product_brand","embeddable":true,"href":"https:\/\/thrillsyndicate.com\/de\/wp-json\/wp\/v2\/product_brand?post=18859"},{"taxonomy":"product_cat","embeddable":true,"href":"https:\/\/thrillsyndicate.com\/de\/wp-json\/wp\/v2\/product_cat?post=18859"},{"taxonomy":"product_tag","embeddable":true,"href":"https:\/\/thrillsyndicate.com\/de\/wp-json\/wp\/v2\/product_tag?post=18859"}],"curies":[{"name":"wp","href":"https:\/\/api.w.org\/{rel}","templated":true}]}}