{"id":19084,"date":"2024-04-10T16:39:26","date_gmt":"2024-04-10T14:39:26","guid":{"rendered":"https:\/\/thrillsyndicate.com\/shop\/edelrid-oval-power-captive\/"},"modified":"2025-08-25T11:09:22","modified_gmt":"2025-08-25T09:09:22","slug":"edelrid-oval-power-captive","status":"publish","type":"product","link":"https:\/\/thrillsyndicate.com\/de\/product\/edelrid-oval-power-captive\/","title":{"rendered":"Edelrid OVAL POWER CAPTIVE"},"content":{"rendered":"<p data-sourcepos=\"17:1-17:448\">Eine unsachgem\u00e4\u00dfe Ausrichtung der Karabiner kann zu Querbelastungen f\u00fchren, die f\u00fcr Kletterer gef\u00e4hrlich werden k\u00f6nnen. Der Edelrid Oval Power Captive bietet eine einfache und effektive L\u00f6sung. Dieses leichte Zubeh\u00f6rteil l\u00e4sst sich mit einer einzigen Schraube an Ihrem <a href=\"https:\/\/thrillsyndicate.com\/de\/tag-de\/ovale-karabinerhaken\/\">Edelrid Oval Power Steel oder Oval Power 2500 Karabiner<\/a> befestigen. Einmal befestigt, verhindert der Oval Power Captive ein Verdrehen des Karabiners, sorgt f\u00fcr eine optimale Positionierung und reduziert das Risiko einer Querbelastung.   <\/p>\n<h2 data-sourcepos=\"19:1-19:61\">Maximieren Sie die Sicherheit, minimieren Sie das Risiko:<\/h2>\n<ul data-sourcepos=\"21:1-24:0\">\n<li data-sourcepos=\"21:1-21:165\"><strong>Verhindert Querverladung:<\/strong> Der Edelrid Oval Power Captive h\u00e4lt Ihren Karabiner in einer geraden Linie, reduziert das Risiko von Querbelastungen und f\u00f6rdert sichere Kletterpraktiken.<\/li>\n<li data-sourcepos=\"22:1-22:174\"><strong>Optimiert die Leistung des Karabiners:<\/strong> Der Oval Power Captive verhindert ein Verdrehen und sorgt daf\u00fcr, dass Ihr Karabiner auf seiner Hauptachse belastet wird, um optimale St\u00e4rke und Leistung zu gew\u00e4hrleisten.<\/li>\n<li data-sourcepos=\"23:1-24:0\"><strong>Einfache Handhabung:<\/strong> Dieses leichte Zubeh\u00f6rteil l\u00e4sst sich schnell und einfach mit einer einzigen Schraube befestigen und abnehmen und erm\u00f6glicht so effiziente Anpassungen beim Klettern.<\/li>\n<\/ul>\n<h2 data-sourcepos=\"25:1-25:70\">Eigenschaften f\u00fcr sicheres Klettern:<\/h2>\n<ul data-sourcepos=\"27:1-30:0\">\n<li data-sourcepos=\"27:1-27:108\"><strong>Leichtes Design:<\/strong> Mit einem Gewicht von nur 6 Gramm erh\u00f6ht das Oval Power Captive das Gewicht Ihres Gurtzeugs auf ein Minimum.<\/li>\n<li data-sourcepos=\"28:1-28:106\"><strong>Schnelle und einfache Anbringung:<\/strong> Wird mit einer einzigen Schraube befestigt und wieder abgenommen, so dass Sie es beim Klettern nahtlos verwenden k\u00f6nnen.<\/li>\n<li data-sourcepos=\"29:1-30:0\"><strong>Kompatibilit\u00e4t:<\/strong> Speziell entwickelt f\u00fcr Edelrid Oval Power Steel und Oval Power 2500 Karabiner.<\/li>\n<\/ul>\n<h2 data-sourcepos=\"31:1-31:90\">Edelrid Oval Power Captive &#8211; Technische Details:<\/h2>\n<ul data-sourcepos=\"33:1-34:26\">\n<li data-sourcepos=\"33:1-33:13\">Gewicht: 6 g<\/li>\n<\/ul>\n<h3 class=\"western\">\ud83d\udc49 Sie suchen einen bestimmten Edelrid-Artikel, der nicht im Shop gelistet ist? Wir vertreiben das komplette Portfolio f\u00fcr Abenteuer, Sport und Sicherheit. Bitte <strong><a href=\"https:\/\/thrillsyndicate.com\/de\/kontakt\/\">senden Sie<\/a><\/strong> uns eine E-Mail oder sehen Sie sich die vollst\u00e4ndige <strong><a href=\"https:\/\/thrillsyndicate.com\/edelrid-safety-price-list-2025\/\">Sicherheitspreisliste hier<\/a><\/strong>. \ud83d\udc48<\/h3>\n","protected":false},"excerpt":{"rendered":"<p>Der Edelrid Oval Power Captive ist ein <strong>leichtes und unverzichtbares<\/strong> Karabiner-Zubeh\u00f6r, das ein Verdrehen verhindert und eine optimale Positionierung gew\u00e4hrleistet. Diese einfache Schraubbefestigung h\u00e4lt Ihre Edelrid Oval Power Steel- oder Oval Power 2500-Karabiner in einer Linie und reduziert so das Risiko einer gef\u00e4hrlichen Querbelastung beim Klettern. <\/p>\n","protected":false},"featured_media":14772,"template":"","meta":{"_coblocks_attr":"","_coblocks_dimensions":"","_coblocks_responsive_height":"","_coblocks_accordion_ie_support":"","wds_primary_product_brand":0,"wds_primary_product_cat":0},"product_brand":[62],"product_cat":[813,843],"product_tag":[175,873,176,860],"class_list":{"0":"post-19084","1":"product","2":"type-product","3":"status-publish","4":"has-post-thumbnail","6":"product_brand-edelrid","7":"product_cat-carabiners","8":"product_cat-connectors","9":"product_tag-carabiner","10":"product_tag-oval-carabiners","11":"product_tag-connecting","12":"product_tag-accessories","14":"first","15":"instock","16":"taxable","17":"shipping-taxable","18":"purchasable","19":"product-type-simple"},"_links":{"self":[{"href":"https:\/\/thrillsyndicate.com\/de\/wp-json\/wp\/v2\/product\/19084","targetHints":{"allow":["GET"]}}],"collection":[{"href":"https:\/\/thrillsyndicate.com\/de\/wp-json\/wp\/v2\/product"}],"about":[{"href":"https:\/\/thrillsyndicate.com\/de\/wp-json\/wp\/v2\/types\/product"}],"wp:featuredmedia":[{"embeddable":true,"href":"https:\/\/thrillsyndicate.com\/de\/wp-json\/wp\/v2\/media\/14772"}],"wp:attachment":[{"href":"https:\/\/thrillsyndicate.com\/de\/wp-json\/wp\/v2\/media?parent=19084"}],"wp:term":[{"taxonomy":"product_brand","embeddable":true,"href":"https:\/\/thrillsyndicate.com\/de\/wp-json\/wp\/v2\/product_brand?post=19084"},{"taxonomy":"product_cat","embeddable":true,"href":"https:\/\/thrillsyndicate.com\/de\/wp-json\/wp\/v2\/product_cat?post=19084"},{"taxonomy":"product_tag","embeddable":true,"href":"https:\/\/thrillsyndicate.com\/de\/wp-json\/wp\/v2\/product_tag?post=19084"}],"curies":[{"name":"wp","href":"https:\/\/api.w.org\/{rel}","templated":true}]}}