{"id":19140,"date":"2024-03-26T16:14:13","date_gmt":"2024-03-26T15:14:13","guid":{"rendered":"https:\/\/thrillsyndicate.com\/shop\/edelrid-hms-bulletproof-screw-carabiner\/"},"modified":"2025-08-25T14:28:18","modified_gmt":"2025-08-25T12:28:18","slug":"edelrid-hms-bulletproof-screw-carabiner","status":"publish","type":"product","link":"https:\/\/thrillsyndicate.com\/de\/product\/edelrid-hms-bulletproof-screw-carabiner\/","title":{"rendered":"Edelrid HMS BULLETPROOF SCREW Karabiner"},"content":{"rendered":"<p data-sourcepos=\"9:1-9:237\">Professionelle Kletterer, Bergsteiger und Rettungsteams verlangen die beste Ausr\u00fcstung. Der Edelrid HMS BULLETPROOF SCREW Karabiner antwortet darauf mit einem revolution\u00e4ren Design, das un\u00fcbertroffene St\u00e4rke mit unglaublichen Gewichtseinsparungen kombiniert. <\/p>\n<h2 data-sourcepos=\"11:1-11:31\">F\u00fcr die Ewigkeit gebaut:<\/h2>\n<ul data-sourcepos=\"13:1-16:0\">\n<li data-sourcepos=\"13:1-13:192\"><strong>Unzerst\u00f6rbare Leistung:<\/strong> Ein Stahleinsatz am Scheitelpunkt sch\u00fctzt vor Abnutzung durch Seilreibung und Bolzenaufh\u00e4ngungen, verl\u00e4ngert die Lebensdauer des Karabiners und gew\u00e4hrleistet unersch\u00fctterliche Zuverl\u00e4ssigkeit.<\/li>\n<li data-sourcepos=\"14:1-14:156\"><strong>Leichter Champion:<\/strong> Durch die innovative Verwendung von Aluminium wird das Gewicht auf ein Minimum reduziert, ohne dabei an St\u00e4rke einzub\u00fc\u00dfen, was jede Bewegung beim Aufstieg erleichtert.<\/li>\n<li data-sourcepos=\"15:1-16:0\"><strong>Nahtlose Handhabung:<\/strong> Das Keylock-Verschlusssystem am oberen Karabiner erm\u00f6glicht ein m\u00fcheloses Ein- und Ausklinken, selbst wenn Sie Handschuhe tragen.<\/li>\n<\/ul>\n<h2 data-sourcepos=\"17:1-17:48\">Gebaut mit Pr\u00e4zision, entwickelt f\u00fcr Sicherheit:<\/h2>\n<ul data-sourcepos=\"19:1-22:0\">\n<li data-sourcepos=\"19:1-19:94\"><strong>HMS-Design:<\/strong> Die HMS-Form bietet reichlich Platz f\u00fcr Seilman\u00f6ver und Sicherungsger\u00e4te.<\/li>\n<li data-sourcepos=\"20:1-20:153\"><strong>Zertifizierte Sicherheit:<\/strong> Die Zertifizierungen nach EN 12275 und EN 362 garantieren, dass der Karabiner die strengsten Sicherheitsstandards beim Klettern und Bergsteigen erf\u00fcllt.<\/li>\n<li data-sourcepos=\"21:1-22:0\"><strong>Mehrere Toroptionen:<\/strong> W\u00e4hlen Sie zwischen dem klassischen Schraubtor oder dem Triple Lock Modell f\u00fcr eine zus\u00e4tzliche Sicherheitsstufe.<\/li>\n<\/ul>\n<p data-sourcepos=\"23:1-23:170\"><strong>Der Edelrid HMS BULLETPROOF SCREW Karabiner ist die ultimative Wahl f\u00fcr Profis, die einen Karabiner suchen, der unersch\u00fctterliche St\u00e4rke bietet, ohne an Gewicht zu verlieren.<\/strong><\/p>\n<p data-sourcepos=\"23:1-23:170\">Alle Spezifikationen<\/p>\n<ul>\n<li>Keylock-Verschlusssystem am oberen Karabiner f\u00fcr optimale Handhabung beim Ein- und Ausklinken<\/li>\n<li>Die H-Profil-Konstruktion sorgt f\u00fcr bestm\u00f6gliche Materialausnutzung und minimales Gewicht<\/li>\n<li>Stahleinsatz verhindert vorzeitige Abnutzung durch Seilreibung oder Bolzenaufh\u00e4ngungen<\/li>\n<li>Erh\u00e4ltlich als Schraubverschluss oder Triple Lock Modell<\/li>\n<li>Breite: 89 mm<\/li>\n<li>L\u00e4nge: 110 mm<\/li>\n<li>Tor\u00f6ffnung: 24 mm<\/li>\n<li>Fmax. Hauptachse: 25 kN<\/li>\n<li>Fmax. Nebenachse : 9 kN<\/li>\n<li>Fmax. ge\u00f6ffnet : 9 kN<\/li>\n<li>Zertifizierung: EN 12275<\/li>\n<li>Zertifizierung: EN 362<\/li>\n<li>Material : Aluminium\/Stahl<\/li>\n<li>Kugelsicher<\/li>\n<li>Verschluss : Schraube<\/li>\n<li>Karabiner Form : HMS<\/li>\n<\/ul>\n<h3 class=\"western\">\ud83d\udc49 Sie suchen einen bestimmten Edelrid-Artikel, der nicht im Shop gelistet ist? Wir vertreiben das komplette Portfolio f\u00fcr Abenteuer, Sport und Sicherheit. Bitte <strong><a href=\"https:\/\/thrillsyndicate.com\/de\/kontakt\/\">senden Sie<\/a><\/strong> uns eine E-Mail oder sehen Sie sich die vollst\u00e4ndige <strong><a href=\"https:\/\/thrillsyndicate.com\/edelrid-safety-price-list-2025\/\">Sicherheitspreisliste hier<\/a><\/strong>. \ud83d\udc48<\/h3>\n","protected":false},"excerpt":{"rendered":"<p data-sourcepos=\"1:1-1:90\">Unzerst\u00f6rbare Leistung, leichtes Design &#8211; Der Edelrid HMS BULLETPROOF SCREW Karabiner bietet unvergleichliche Haltbarkeit mit einem Stahleinsatz und au\u00dfergew\u00f6hnliche Leichtigkeit dank seines Aluminiumk\u00f6rpers.<\/p>\n","protected":false},"featured_media":13555,"template":"","meta":{"_coblocks_attr":"","_coblocks_dimensions":"","_coblocks_responsive_height":"","_coblocks_accordion_ie_support":"","wds_primary_product_brand":0,"wds_primary_product_cat":0},"product_brand":[62],"product_cat":[160,813,843],"product_tag":[833,175,869,176,831],"class_list":{"0":"post-19140","1":"product","2":"type-product","3":"status-publish","4":"has-post-thumbnail","6":"product_brand-edelrid","7":"product_cat-ropes-carabiners","8":"product_cat-carabiners","9":"product_cat-connectors","10":"product_tag-hms","11":"product_tag-carabiner","12":"product_tag-screw-carabiner","13":"product_tag-connecting","14":"product_tag-locking-carabiner","16":"first","17":"instock","18":"taxable","19":"shipping-taxable","20":"purchasable","21":"product-type-simple"},"_links":{"self":[{"href":"https:\/\/thrillsyndicate.com\/de\/wp-json\/wp\/v2\/product\/19140","targetHints":{"allow":["GET"]}}],"collection":[{"href":"https:\/\/thrillsyndicate.com\/de\/wp-json\/wp\/v2\/product"}],"about":[{"href":"https:\/\/thrillsyndicate.com\/de\/wp-json\/wp\/v2\/types\/product"}],"wp:featuredmedia":[{"embeddable":true,"href":"https:\/\/thrillsyndicate.com\/de\/wp-json\/wp\/v2\/media\/13555"}],"wp:attachment":[{"href":"https:\/\/thrillsyndicate.com\/de\/wp-json\/wp\/v2\/media?parent=19140"}],"wp:term":[{"taxonomy":"product_brand","embeddable":true,"href":"https:\/\/thrillsyndicate.com\/de\/wp-json\/wp\/v2\/product_brand?post=19140"},{"taxonomy":"product_cat","embeddable":true,"href":"https:\/\/thrillsyndicate.com\/de\/wp-json\/wp\/v2\/product_cat?post=19140"},{"taxonomy":"product_tag","embeddable":true,"href":"https:\/\/thrillsyndicate.com\/de\/wp-json\/wp\/v2\/product_tag?post=19140"}],"curies":[{"name":"wp","href":"https:\/\/api.w.org\/{rel}","templated":true}]}}