{"id":19904,"date":"2024-05-16T13:18:52","date_gmt":"2024-05-16T11:18:52","guid":{"rendered":"https:\/\/thrillsyndicate.com\/shop\/edelrid-dynamite-dynamic-rope-11-mm\/"},"modified":"2025-08-25T10:10:53","modified_gmt":"2025-08-25T08:10:53","slug":"edelrid-dynamite-dynamic-rope-11-mm","status":"publish","type":"product","link":"https:\/\/thrillsyndicate.com\/de\/product\/edelrid-dynamite-dynamic-rope-11-mm\/","title":{"rendered":"Edelrid DYNAMITE Dynamikseil | 11,0 mm"},"content":{"rendered":"<p data-sourcepos=\"17:1-17:452\">F\u00fcr professionelle Anwender in der Industrie und in Abenteuerparks ist die Gew\u00e4hrleistung der Sicherheit das Wichtigste. Das Edelrid DYNAMITE 11.0MM dynamische Seil ist die Antwort. Dieses zertifizierte Seil bietet eine au\u00dfergew\u00f6hnliche Festigkeit mit einer zertifizierten Fallleistung von 15 St\u00fcrzen und einen sicheren Halt dank seines strukturierten Mantels. Au\u00dferdem ist es erstaunlich leicht und l\u00e4sst sich einfach handhaben, was es zu einer vielseitigen Wahl f\u00fcr Absturzsicherungssysteme, Verbindungsmittel und verschiedene Seilsysteme macht.   <\/p>\n<h2 data-sourcepos=\"19:1-19:72\">Unerreichte Sicherheit, au\u00dfergew\u00f6hnliche Leistung:<\/h2>\n<ul data-sourcepos=\"21:1-24:0\">\n<li data-sourcepos=\"21:1-21:175\"><strong>Zertifiziert f\u00fcr Sicherheit:<\/strong> Das Edelrid DYNAMITE ist nach EN 892 zertifiziert und garantiert damit die Einhaltung der h\u00f6chsten Sicherheitsstandards f\u00fcr den professionellen Einsatz in Absturzsicherungssystemen.<\/li>\n<li data-sourcepos=\"22:1-22:176\"><strong>Au\u00dfergew\u00f6hnliche St\u00e4rke:<\/strong> Dieses dynamische Seil verf\u00fcgt \u00fcber eine beeindruckende Sturzfestigkeit von 15 St\u00fcrzen und eine Aufprallkraft von 8,8 kN und bietet somit zuverl\u00e4ssigen Schutz in anspruchsvollen Situationen.<\/li>\n<li data-sourcepos=\"23:1-24:0\"><strong>Sicherer Griff:<\/strong> Die strukturierte H\u00fclle sorgt f\u00fcr einen sicheren Griff, selbst wenn sie nass ist, und verbessert so die Handhabung und die Sicherheit des Benutzers.<\/li>\n<\/ul>\n<h2 data-sourcepos=\"25:1-25:81\">Gebaut, um den h\u00e4rtesten Bedingungen standzuhalten:<\/h2>\n<ul data-sourcepos=\"27:1-31:0\">\n<li data-sourcepos=\"27:1-27:134\"><strong>Leichtes Design (78 g\/m):<\/strong> Bietet au\u00dfergew\u00f6hnliche St\u00e4rke f\u00fcr anspruchsvolle Aufgaben und minimiert gleichzeitig das Gewicht f\u00fcr optimale Tragbarkeit.<\/li>\n<li data-sourcepos=\"28:1-28:99\"><strong>Thermo Shield Behandlung:<\/strong> Sorgt f\u00fcr eine angenehme Handhabung und verbesserte Haltbarkeit bei l\u00e4ngerem Gebrauch.<\/li>\n<li data-sourcepos=\"29:1-29:117\"><strong>Angenehme Handhabung:<\/strong> Die strukturierte H\u00fclle bietet einen angenehmen Griff, selbst wenn sie nass ist, und sorgt so f\u00fcr ein besseres Benutzererlebnis.<\/li>\n<li data-sourcepos=\"30:1-31:0\"><strong>Vielseitig einsetzbar:<\/strong> Ideal f\u00fcr verschiedene Anwendungen in der Industrie und in Abenteuerparks, einschlie\u00dflich Absturzsicherung, Verbindungsmittel und Seilsysteme.<\/li>\n<\/ul>\n<h2 data-sourcepos=\"32:1-32:87\">Edelrid DYNAMITE 11.0MM &#8211; Technische Details:<\/h2>\n<ul data-sourcepos=\"34:1-43:20\">\n<li data-sourcepos=\"34:1-34:23\"><span class=\"citation-0\">Durchmesser: 11 mm<\/span><\/li>\n<li data-sourcepos=\"35:1-35:21\"><span class=\"citation-0\">Anzahl der St\u00fcrze: 15<\/span><\/li>\n<li data-sourcepos=\"36:1-36:22\"><span class=\"citation-0\">Aufprallkraft: 8,8 kN<\/span><\/li>\n<li data-sourcepos=\"37:1-37:25\"><span class=\"citation-0\">Mantelanteil: 37 %<\/span><\/li>\n<li data-sourcepos=\"38:1-38:26\"><span class=\"citation-0\">Gewicht pro Meter: 78 g\/m<\/span><\/li>\n<li data-sourcepos=\"39:1-39:26\"><span class=\"citation-0\">Statische Dehnung: 7,7 %<\/span><\/li>\n<li data-sourcepos=\"40:1-40:26\"><span class=\"citation-0\">Dynamische Dehnung: 31 %<\/span><\/li>\n<li data-sourcepos=\"41:1-41:23\"><span class=\"citation-0\">Zertifizierung: EN 892<\/span><\/li>\n<li data-sourcepos=\"42:1-42:21\"><span class=\"citation-0\">Material: Polyamid<\/span><\/li>\n<li data-sourcepos=\"43:1-43:20\"><span class=\"citation-0 citation-end-0\">Einzelseil<\/span><\/li>\n<\/ul>\n<h3>\ud83d\udc49 Sie suchen einen bestimmten Edelrid-Artikel, der nicht im Shop gelistet ist? Wir vertreiben das komplette Portfolio f\u00fcr Abenteuer, Sport und Sicherheit. Bitte <a href=\"https:\/\/thrillsyndicate.com\/de\/kontakt\/\">senden Sie<\/a> uns eine E-Mail oder sehen Sie sich <a href=\"https:\/\/thrillsyndicate.com\/edelrid-safety-price-list-2025\/\">hier die vollst\u00e4ndige Sicherheitspreisliste<\/a> an. \ud83d\udc48<\/h3>\n","protected":false},"excerpt":{"rendered":"<p>Das Edelrid DYNAMITE 11.0MM ist ein <strong>zertifiziertes<\/strong> dynamisches Seil mit einer <strong>au\u00dfergew\u00f6hnlichen Festigkeit (15 St\u00fcrze) und einem sicheren Griff<\/strong>. Dieses <strong>leichte<\/strong> Seil (78 g\/m) liegt dank der Thermo Shield-Behandlung <strong>angenehm in der Hand<\/strong> und ist ideal f\u00fcr Absturzsicherungen, Verbindungsmittel und Seilsysteme in der Industrie und in Abenteuerparks. <\/p>\n","protected":false},"featured_media":15660,"template":"","meta":{"_coblocks_attr":"","_coblocks_dimensions":"","_coblocks_responsive_height":"","_coblocks_accordion_ie_support":"","wds_primary_product_brand":0,"wds_primary_product_cat":0},"product_brand":[659],"product_cat":[936,935],"product_tag":[539,1048,937],"class_list":{"0":"post-19904","1":"product","2":"type-product","3":"status-publish","4":"has-post-thumbnail","6":"product_brand-edelrid-de","7":"product_cat-seile-de","8":"product_cat-seile","9":"product_tag-abstieg-rettung","10":"product_tag-dynamisches-seil","11":"product_tag-seile","13":"first","14":"instock","15":"taxable","16":"shipping-taxable","17":"purchasable","18":"product-type-variable","19":"has-default-attributes"},"_links":{"self":[{"href":"https:\/\/thrillsyndicate.com\/de\/wp-json\/wp\/v2\/product\/19904","targetHints":{"allow":["GET"]}}],"collection":[{"href":"https:\/\/thrillsyndicate.com\/de\/wp-json\/wp\/v2\/product"}],"about":[{"href":"https:\/\/thrillsyndicate.com\/de\/wp-json\/wp\/v2\/types\/product"}],"wp:featuredmedia":[{"embeddable":true,"href":"https:\/\/thrillsyndicate.com\/de\/wp-json\/wp\/v2\/media\/15660"}],"wp:attachment":[{"href":"https:\/\/thrillsyndicate.com\/de\/wp-json\/wp\/v2\/media?parent=19904"}],"wp:term":[{"taxonomy":"product_brand","embeddable":true,"href":"https:\/\/thrillsyndicate.com\/de\/wp-json\/wp\/v2\/product_brand?post=19904"},{"taxonomy":"product_cat","embeddable":true,"href":"https:\/\/thrillsyndicate.com\/de\/wp-json\/wp\/v2\/product_cat?post=19904"},{"taxonomy":"product_tag","embeddable":true,"href":"https:\/\/thrillsyndicate.com\/de\/wp-json\/wp\/v2\/product_tag?post=19904"}],"curies":[{"name":"wp","href":"https:\/\/api.w.org\/{rel}","templated":true}]}}