{"id":19925,"date":"2024-05-02T16:34:59","date_gmt":"2024-05-02T14:34:59","guid":{"rendered":"https:\/\/thrillsyndicate.com\/shop\/edelrid-switch-double-adjust-adjustable-lanyard\/"},"modified":"2025-08-25T10:10:54","modified_gmt":"2025-08-25T08:10:54","slug":"edelrid-switch-double-adjust-adjustable-lanyard","status":"publish","type":"product","link":"https:\/\/thrillsyndicate.com\/de\/product\/edelrid-switch-double-adjust-adjustable-lanyard\/","title":{"rendered":"Edelrid Switch Double Adjust | Verstellbares Verbindungsmittel"},"content":{"rendered":"<p data-sourcepos=\"17:1-17:436\">F\u00fcr professionelle Anwender in der Abenteuer-, Outdoor-, Unterhaltungs- und Freizeitindustrie sind Effizienz und Vielseitigkeit entscheidend. Das Edelrid SWITCH DOUBLE ADJUST ist ein multifunktionales Verbindungsmittel, das die Verwaltung von Anschlagpunkten vereinfacht. Mit einer dynamischen Seilkonstruktion und einem integrierten KIWI SCREW Karabiner erm\u00f6glicht dieses innovative Verbindungsmittel eine einfache Anpassung unter Last und ist damit ideal f\u00fcr die Arbeitspositionierung, den Aufstieg am Seil und das Abseilen.  <\/p>\n<h2 data-sourcepos=\"19:1-19:75\">Unerreichte Vielseitigkeit, m\u00fchelose Effizienz<\/h2>\n<ul data-sourcepos=\"21:1-22:20\">\n<li data-sourcepos=\"21:1-21:160\"><strong>Hochgradig anpassbar:<\/strong> Der SWITCH DOUBLE ADJUST erm\u00f6glicht eine m\u00fchelose L\u00e4ngenanpassung unter Last und gew\u00e4hrleistet eine perfekte Passform f\u00fcr verschiedene Aufgaben und Situationen.<\/li>\n<li data-sourcepos=\"22:1-22:20\"><strong>Multifunktionales Design:<\/strong> Dieses einzigartige Verbindungsmittel kombiniert ein dynamisches Seil mit einem integrierten Karabiner und bietet Funktionalit\u00e4t f\u00fcr die Arbeitspositionierung, das Abseilen und den Aufstieg am Seil.<\/li>\n<li data-sourcepos=\"23:1-24:0\"><strong>Sichere Verbindung:<\/strong> Der integrierte KIWI SCREW Karabiner bietet einen sicheren und zuverl\u00e4ssigen Befestigungspunkt am Anker.<\/li>\n<\/ul>\n<h2 data-sourcepos=\"25:1-25:76\">Gebaut f\u00fcr Leistung und Verl\u00e4sslichkeit<\/h2>\n<ul data-sourcepos=\"27:1-31:0\">\n<li data-sourcepos=\"27:1-27:141\"><strong>Dynamische Seilkonstruktion (SWIFT 48 PRO DRY 8.9 MM):<\/strong> Absorbiert Aufprallkr\u00e4fte und sorgt f\u00fcr Komfort bei der Arbeitspositionierung und beim Abseilen.<\/li>\n<li data-sourcepos=\"28:1-28:120\"><strong>Integrierter KIWI SCREW Karabiner:<\/strong> Bietet einen sicheren Verbindungspunkt mit einem Schraubverschluss f\u00fcr zus\u00e4tzliche Sicherheit.<\/li>\n<li data-sourcepos=\"29:1-29:119\"><strong>Unter Last l\u00e4ngenverstellbar (15-120 cm):<\/strong> Erm\u00f6glicht eine einfache Anpassung an verschiedene Aufgaben und Benutzerpr\u00e4ferenzen.<\/li>\n<li data-sourcepos=\"30:1-31:0\"><strong>Kurzer Arm (45 cm):<\/strong> Ideal zum Anbringen von Abseilger\u00e4ten.<\/li>\n<\/ul>\n<h2 data-sourcepos=\"32:1-32:39\">Edelrid SWITCH DOUBLE ADJUST &#8211; Technische Details<\/h2>\n<ul data-sourcepos=\"34:1-38:52\">\n<li data-sourcepos=\"34:1-34:15\">Gewicht: 268 g<\/li>\n<li data-sourcepos=\"35:1-35:61\">Material: Seil (SWIFT 48 PRO DRY 8.9 MM), Stahl (Karabiner)<\/li>\n<li data-sourcepos=\"36:1-36:31\">Verschluss: Karabiner mit Schraubverschluss<\/li>\n<li data-sourcepos=\"37:1-37:42\">Zertifizierungen: UIAA, EN 12275, EN 17520<\/li>\n<li data-sourcepos=\"38:1-38:52\">Bitte beachten Sie: darf nicht als Klettersteigset verwendet werden<\/li>\n<\/ul>\n<h3><span data-doc-id=\"-1\" data-doc-type=\"writer\">\ud83d\udc49 Sie suchen einen bestimmten Edelrid-Artikel, der nicht im Shop gelistet ist? Wir vertreiben das komplette Portfolio f\u00fcr Abenteuer, Sport und Sicherheit. Bitte <\/span><a href=\"https:\/\/thrillsyndicate.com\/de\/kontakt\/\">Senden Sie<\/a> uns eine E-Mail oder sehen Sie sich <a href=\"https:\/\/thrillsyndicate.com\/edelrid-safety-price-list-2025\/\">hier die vollst\u00e4ndige Preisliste f\u00fcr Sicherheit<\/a> an. \ud83d\udc48<span data-range-char-type=\"start\" data-bookmark-info=\"{\"type\":\"bookmark\",\"id\":\"toc_8qk3o4w7itvk\",\"name\":\"_Toca3iviqahxlt0\"}\" data-bookmark-id=\"toc_8qk3o4w7itvk\"> <\/span><span data-range-char-type=\"end\" data-bookmark-info=\"{\"type\":\"bookmark\",\"id\":\"toc_8qk3o4w7itvk\",\"name\":\"_Toca3iviqahxlt0\"}\" data-bookmark-id=\"toc_8qk3o4w7itvk\"> <\/span><span data-range-char-type=\"end\" data-bookmark-info=\"{\"type\":\"bookmark\",\"id\":\"toc_4g7p1tu5wqid\"}\" data-bookmark-id=\"toc_4g7p1tu5wqid\"> <\/span><\/h3>\n","protected":false},"excerpt":{"rendered":"<p>Das Edelrid SWITCH DOUBLE ADJUST ist ein <strong>vielseitiges<\/strong> verstellbares Verbindungsmittel mit einem <strong>dynamischen Seil<\/strong> und einem integrierten <strong>KIWI SCREW Karabiner<\/strong>. Dieses innovative Verbindungsmittel erm\u00f6glicht die <strong>Einstellung unter Last<\/strong> und verf\u00fcgt \u00fcber einen <strong>k\u00fcrzeren Arm<\/strong>, der ideal f\u00fcr Abseilger\u00e4te ist. Perfekt f\u00fcr die Arbeitspositionierung, Seilaufstiege und verschiedene Verankerungsanwendungen.  <\/p>\n","protected":false},"featured_media":15605,"template":"","meta":{"_coblocks_attr":"","_coblocks_dimensions":"","_coblocks_responsive_height":"","_coblocks_accordion_ie_support":"","wds_primary_product_brand":0,"wds_primary_product_cat":0},"product_brand":[659],"product_cat":[546],"product_tag":[547,568,548,906,1030],"class_list":{"0":"post-19925","1":"product","2":"type-product","3":"status-publish","4":"has-post-thumbnail","6":"product_brand-edelrid-de","7":"product_cat-verbindungsmittel-lanyards-wirbel","8":"product_tag-lanyard-de","9":"product_tag-psa","10":"product_tag-verbinden","11":"product_tag-verstellbare-lanyards","12":"product_tag-y-verbindungsmittel","14":"first","15":"instock","16":"taxable","17":"shipping-taxable","18":"purchasable","19":"product-type-simple"},"_links":{"self":[{"href":"https:\/\/thrillsyndicate.com\/de\/wp-json\/wp\/v2\/product\/19925","targetHints":{"allow":["GET"]}}],"collection":[{"href":"https:\/\/thrillsyndicate.com\/de\/wp-json\/wp\/v2\/product"}],"about":[{"href":"https:\/\/thrillsyndicate.com\/de\/wp-json\/wp\/v2\/types\/product"}],"wp:featuredmedia":[{"embeddable":true,"href":"https:\/\/thrillsyndicate.com\/de\/wp-json\/wp\/v2\/media\/15605"}],"wp:attachment":[{"href":"https:\/\/thrillsyndicate.com\/de\/wp-json\/wp\/v2\/media?parent=19925"}],"wp:term":[{"taxonomy":"product_brand","embeddable":true,"href":"https:\/\/thrillsyndicate.com\/de\/wp-json\/wp\/v2\/product_brand?post=19925"},{"taxonomy":"product_cat","embeddable":true,"href":"https:\/\/thrillsyndicate.com\/de\/wp-json\/wp\/v2\/product_cat?post=19925"},{"taxonomy":"product_tag","embeddable":true,"href":"https:\/\/thrillsyndicate.com\/de\/wp-json\/wp\/v2\/product_tag?post=19925"}],"curies":[{"name":"wp","href":"https:\/\/api.w.org\/{rel}","templated":true}]}}