{"id":19928,"date":"2024-04-13T14:00:30","date_gmt":"2024-04-13T12:00:30","guid":{"rendered":"https:\/\/thrillsyndicate.com\/shop\/edelrid-clip-scissors\/"},"modified":"2025-08-25T10:45:18","modified_gmt":"2025-08-25T08:45:18","slug":"edelrid-clip-scissors","status":"publish","type":"product","link":"https:\/\/thrillsyndicate.com\/de\/product\/edelrid-clip-scissors\/","title":{"rendered":"Edelrid CLIP-Schere"},"content":{"rendered":"<p data-sourcepos=\"17:1-17:313\">F\u00fcr professionelle Anwender im Rettungswesen, bei Arbeiten in der H\u00f6he und in anderen anspruchsvollen Umgebungen ist ein schnelles und effizientes Schneiden von Seilen unerl\u00e4sslich. Die Edelrid CLIP SCISSORS sind die perfekte L\u00f6sung. Diese robuste Schere verf\u00fcgt \u00fcber einen sicheren Verriegelungsmechanismus, der ein versehentliches \u00d6ffnen verhindert und ein sicheres und kontrolliertes Schneiden gew\u00e4hrleistet.  <\/p>\n<h2 data-sourcepos=\"19:1-19:68\">Unerreichte Effizienz, verbesserte Sicherheit:<\/h2>\n<ul data-sourcepos=\"21:1-24:0\">\n<li data-sourcepos=\"21:1-21:152\"><strong>Schnelles und m\u00fcheloses Schneiden:<\/strong> Die scharfen Klingen erm\u00f6glichen ein schnelles und einfaches Schneiden von Seilen und Gurten, ideal f\u00fcr verschiedene Arbeits- und Rettungssituationen.<\/li>\n<li data-sourcepos=\"22:1-22:139\"><strong>Sicherer Verriegelungsmechanismus:<\/strong> Der integrierte Verriegelungsmechanismus verhindert ein versehentliches \u00d6ffnen und gew\u00e4hrleistet einen sicheren Betrieb und den Schutz des Benutzers.<\/li>\n<li data-sourcepos=\"23:1-24:0\"><strong>Immer griffbereit:<\/strong> Das eingebaute Retraktorsystem minimiert das Risiko, die Schere zu verlieren, w\u00e4hrend das mitgelieferte Holster einen bequemen Zugang f\u00fcr schnelle Hilfe bietet.<\/li>\n<\/ul>\n<h2 data-sourcepos=\"25:1-25:78\">Gebaut f\u00fcr Verl\u00e4sslichkeit und Bequemlichkeit:<\/h2>\n<ul data-sourcepos=\"27:1-31:0\">\n<li data-sourcepos=\"27:1-27:114\"><strong>Leichtes Design (200 g):<\/strong> Minimales Gewicht f\u00fcr optimale Tragbarkeit ohne Kompromisse bei der Schneidleistung.<\/li>\n<li data-sourcepos=\"28:1-28:84\"><strong>Langlebige Konstruktion:<\/strong> Gebaut, um dem anspruchsvollen Einsatz in rauen Umgebungen standzuhalten.<\/li>\n<li data-sourcepos=\"29:1-29:109\"><strong>Integriertes Retraktor-System:<\/strong> Verhindert den Verlust und sorgt daf\u00fcr, dass die Schere bei Bedarf schnell zur Hand ist.<\/li>\n<li data-sourcepos=\"30:1-31:0\"><strong>Praktisches Holster:<\/strong> Bietet einfachen Zugang und sichere Aufbewahrung f\u00fcr die Schere.<\/li>\n<\/ul>\n<h2 data-sourcepos=\"32:1-32:85\">Edelrid CLIP SCISSORS &#8211; Technische Details:<\/h2>\n<ul data-sourcepos=\"34:1-37:19\">\n<li data-sourcepos=\"34:1-34:15\">Gewicht: 200 g<\/li>\n<li data-sourcepos=\"35:1-35:26\">Material: Nicht angegeben<\/li>\n<li data-sourcepos=\"36:1-36:28\">Verschluss: Verriegelungsmechanismus<\/li>\n<li data-sourcepos=\"37:1-37:19\">Enth\u00e4lt: Holster<\/li>\n<\/ul>\n<h3><span data-doc-id=\"-1\" data-doc-type=\"writer\">\ud83d\udc49 Sie suchen einen bestimmten Edelrid-Artikel, der nicht im Shop gelistet ist? Wir vertreiben das komplette Portfolio f\u00fcr Abenteuer, Sport und Sicherheit. Bitte <\/span><a href=\"https:\/\/thrillsyndicate.com\/de\/kontakt\/\">Senden Sie<\/a> uns eine E-Mail oder sehen Sie sich <a href=\"https:\/\/thrillsyndicate.com\/edelrid-safety-price-list-2025\/\">hier die vollst\u00e4ndige Preisliste f\u00fcr Sicherheit<\/a> an. \ud83d\udc48<span data-range-char-type=\"start\" data-bookmark-info=\"{\"type\":\"bookmark\",\"id\":\"toc_8qk3o4w7itvk\",\"name\":\"_Toca3iviqahxlt0\"}\" data-bookmark-id=\"toc_8qk3o4w7itvk\"> <\/span><span data-range-char-type=\"end\" data-bookmark-info=\"{\"type\":\"bookmark\",\"id\":\"toc_8qk3o4w7itvk\",\"name\":\"_Toca3iviqahxlt0\"}\" data-bookmark-id=\"toc_8qk3o4w7itvk\"> <\/span><span data-range-char-type=\"end\" data-bookmark-info=\"{\"type\":\"bookmark\",\"id\":\"toc_4g7p1tu5wqid\"}\" data-bookmark-id=\"toc_4g7p1tu5wqid\"> <\/span><\/h3>\n","protected":false},"excerpt":{"rendered":"<p>Die Edelrid CLIP SCISSORS ist eine <strong>vielseitige<\/strong> Rettungs- und Arbeitsschere mit einem <strong>sicheren Verriegelungsmechanismus<\/strong> f\u00fcr sicheres Schneiden. Diese leichte (200 g) Schere verf\u00fcgt \u00fcber ein <strong>integriertes Retraktorsystem<\/strong>, das ein Verlieren verhindert, und ein <strong>Holster<\/strong> f\u00fcr den einfachen Zugriff in kritischen Situationen. <\/p>\n","protected":false},"featured_media":15135,"template":"","meta":{"_coblocks_attr":"","_coblocks_dimensions":"","_coblocks_responsive_height":"","_coblocks_accordion_ie_support":"","wds_primary_product_brand":0,"wds_primary_product_cat":0},"product_brand":[659],"product_cat":[609],"product_tag":[],"class_list":{"0":"post-19928","1":"product","2":"type-product","3":"status-publish","4":"has-post-thumbnail","6":"product_brand-edelrid-de","7":"product_cat-abstiegs-und-rettungsgerate","9":"first","10":"instock","11":"taxable","12":"shipping-taxable","13":"purchasable","14":"product-type-simple"},"_links":{"self":[{"href":"https:\/\/thrillsyndicate.com\/de\/wp-json\/wp\/v2\/product\/19928","targetHints":{"allow":["GET"]}}],"collection":[{"href":"https:\/\/thrillsyndicate.com\/de\/wp-json\/wp\/v2\/product"}],"about":[{"href":"https:\/\/thrillsyndicate.com\/de\/wp-json\/wp\/v2\/types\/product"}],"wp:featuredmedia":[{"embeddable":true,"href":"https:\/\/thrillsyndicate.com\/de\/wp-json\/wp\/v2\/media\/15135"}],"wp:attachment":[{"href":"https:\/\/thrillsyndicate.com\/de\/wp-json\/wp\/v2\/media?parent=19928"}],"wp:term":[{"taxonomy":"product_brand","embeddable":true,"href":"https:\/\/thrillsyndicate.com\/de\/wp-json\/wp\/v2\/product_brand?post=19928"},{"taxonomy":"product_cat","embeddable":true,"href":"https:\/\/thrillsyndicate.com\/de\/wp-json\/wp\/v2\/product_cat?post=19928"},{"taxonomy":"product_tag","embeddable":true,"href":"https:\/\/thrillsyndicate.com\/de\/wp-json\/wp\/v2\/product_tag?post=19928"}],"curies":[{"name":"wp","href":"https:\/\/api.w.org\/{rel}","templated":true}]}}