{"id":19941,"date":"2024-03-25T20:07:47","date_gmt":"2024-03-25T19:07:47","guid":{"rendered":"https:\/\/thrillsyndicate.com\/shop\/edelrid-beaker-toolbag\/"},"modified":"2025-08-25T14:28:00","modified_gmt":"2025-08-25T12:28:00","slug":"edelrid-beaker-toolbag","status":"publish","type":"product","link":"https:\/\/thrillsyndicate.com\/de\/product\/edelrid-beaker-toolbag\/","title":{"rendered":"Edelrid BEAKER | Werkzeugtasche"},"content":{"rendered":"<p data-sourcepos=\"15:1-15:298\">Haben Sie es satt, in den kritischsten Momenten nach Werkzeugen zu fummeln? Die Edelrid BEAKER Werkzeugtasche ist Ihre L\u00f6sung! Diese Tasche wurde mit Blick auf die Bed\u00fcrfnisse von Profis in der Abenteuer-, Outdoor-, Freizeit- und Erholungsbranche entwickelt und bietet au\u00dfergew\u00f6hnliche Organisation und einfachen Zugriff auf Ihre wichtige Ausr\u00fcstung.  <\/p>\n<h2 data-sourcepos=\"17:1-17:34\">Vorteile:<\/h2>\n<ul>\n<li data-sourcepos=\"19:3-19:252\"><strong>Unerreichte Vielseitigkeit:<\/strong> Das einzigartige <strong>, wendbare Design<\/strong> des BEAKER erm\u00f6glicht es Ihnen, je nach Bedarf zwischen den Innentaschen und den externen Seitentaschen zu wechseln. Dies bietet ultimative Flexibilit\u00e4t f\u00fcr die Organisation einer Vielzahl von Werkzeugen und Ausr\u00fcstung. <\/li>\n<li data-sourcepos=\"21:3-21:237\"><strong>Langlebig:<\/strong> Die BEAKER ist aus <strong>abriebfestem Segeltuch<\/strong> gefertigt und h\u00e4lt der Abnutzung in anspruchsvollen Umgebungen stand. Egal, ob Sie eine Felswand erklimmen oder einen belebten Vergn\u00fcgungspark managen, diese Tasche h\u00e4lt alles aus. <\/li>\n<li data-sourcepos=\"23:3-23:224\"><strong>M\u00fchelose Zug\u00e4nglichkeit:<\/strong> Der <strong>breite Deckel mit sicherem Magnetverschluss<\/strong> erm\u00f6glicht einen schnellen und einfachen Zugriff auf Ihre Werkzeuge, selbst bei Wind. Verschwenden Sie keine wertvolle Zeit mehr mit Rei\u00dfverschl\u00fcssen oder komplizierten Verschl\u00fcssen. <\/li>\n<\/ul>\n<h2 data-sourcepos=\"25:1-25:38\">Spezifikationen:<\/h2>\n<ul>\n<li data-sourcepos=\"27:3-27:203\"><strong>Strapazierf\u00e4hige Canvas-Konstruktion:<\/strong> Die BEAKER ist aus hochwertigem Canvas gefertigt, das f\u00fcr seine St\u00e4rke und Abriebfestigkeit bekannt ist. So ist sichergestellt, dass Ihre Tasche den Strapazen des t\u00e4glichen Gebrauchs standh\u00e4lt. <\/li>\n<li data-sourcepos=\"29:3-29:210\"><strong>Ger\u00e4umiges 9L Fassungsverm\u00f6gen:<\/strong> Mit einem gro\u00dfz\u00fcgigen Fassungsverm\u00f6gen von 9 Litern bietet der BEAKER reichlich Platz f\u00fcr all Ihre wichtigen Werkzeuge und Ger\u00e4te. Halten Sie alles organisiert und leicht zug\u00e4nglich an einem praktischen Ort. <\/li>\n<li data-sourcepos=\"31:3-31:199\"><strong>Kompatibilit\u00e4t mit Gurtzeugen:<\/strong> Der BEAKER l\u00e4sst sich nahtlos in die kleinen Ausr\u00fcstungsschlaufen der VECTOR- und VERTIC-Gurtzeuge von Edelrid integrieren, so dass Sie Ihr Werkzeug unterwegs immer in Reichweite haben.<\/li>\n<\/ul>\n<p data-sourcepos=\"33:1-33:218\">Indem Sie diese Abschnitte einbeziehen und sich auf die Vorteile f\u00fcr den Benutzer konzentrieren, haben Sie eine \u00fcberzeugende Produktbeschreibung erstellt, die Fachleute in abenteuerbezogenen Branchen dazu verleitet, den Edelrid BEAKER Toolbag in Betracht zu ziehen.<\/p>\n<ul>\n<li>Kann an die kleinen Getriebeschleifen der VECTOR- und VERTIC-Kabelb\u00e4ume angeschlossen werden<\/li>\n<li>Fassungsverm\u00f6gen: 9 l<\/li>\n<li>Der breite, leicht zug\u00e4ngliche Deckel ist mit einem eingebetteten Magneten ausgestattet, der ihn auch in windigen Situationen sicher h\u00e4lt.<\/li>\n<li>Umkehrbares Design<\/li>\n<\/ul>\n<h3 class=\"western\">\ud83d\udc49 Sie suchen einen bestimmten Edelrid-Artikel, der nicht im Shop gelistet ist? Wir vertreiben das komplette Portfolio f\u00fcr Abenteuer, Sport und Sicherheit. Bitte <strong><a href=\"https:\/\/thrillsyndicate.com\/de\/kontakt\/\">senden Sie<\/a><\/strong> uns eine E-Mail oder sehen Sie sich die vollst\u00e4ndige <strong><a href=\"https:\/\/thrillsyndicate.com\/edelrid-safety-price-list-2025\/\">Sicherheitspreisliste hier<\/a><\/strong>. \ud83d\udc48<\/h3>\n","protected":false},"excerpt":{"rendered":"<p data-sourcepos=\"1:1-1:63\">Der ultimative Gear Organizer f\u00fcr Profis &#8211; Die Edelrid BEAKER Toolbag ist eine robuste Canvas-Tasche f\u00fcr Profis. Ihr wendbares Design und der leicht zug\u00e4ngliche Deckel mit Magnetverschluss machen sie perfekt f\u00fcr die Organisation und den Transport Ihrer wichtigen Ausr\u00fcstung. <\/p>\n","protected":false},"featured_media":13490,"template":"","meta":{"_coblocks_attr":"","_coblocks_dimensions":"","_coblocks_responsive_height":"","_coblocks_accordion_ie_support":"","wds_primary_product_brand":0,"wds_primary_product_cat":0},"product_brand":[62],"product_cat":[817,845],"product_tag":[1056],"class_list":{"0":"post-19941","1":"product","2":"type-product","3":"status-publish","4":"has-post-thumbnail","6":"product_brand-edelrid","7":"product_cat-gear-bags","8":"product_cat-transport-sacks-bags","9":"product_tag-gear-bags","11":"first","12":"instock","13":"taxable","14":"shipping-taxable","15":"purchasable","16":"product-type-simple"},"_links":{"self":[{"href":"https:\/\/thrillsyndicate.com\/de\/wp-json\/wp\/v2\/product\/19941","targetHints":{"allow":["GET"]}}],"collection":[{"href":"https:\/\/thrillsyndicate.com\/de\/wp-json\/wp\/v2\/product"}],"about":[{"href":"https:\/\/thrillsyndicate.com\/de\/wp-json\/wp\/v2\/types\/product"}],"wp:featuredmedia":[{"embeddable":true,"href":"https:\/\/thrillsyndicate.com\/de\/wp-json\/wp\/v2\/media\/13490"}],"wp:attachment":[{"href":"https:\/\/thrillsyndicate.com\/de\/wp-json\/wp\/v2\/media?parent=19941"}],"wp:term":[{"taxonomy":"product_brand","embeddable":true,"href":"https:\/\/thrillsyndicate.com\/de\/wp-json\/wp\/v2\/product_brand?post=19941"},{"taxonomy":"product_cat","embeddable":true,"href":"https:\/\/thrillsyndicate.com\/de\/wp-json\/wp\/v2\/product_cat?post=19941"},{"taxonomy":"product_tag","embeddable":true,"href":"https:\/\/thrillsyndicate.com\/de\/wp-json\/wp\/v2\/product_tag?post=19941"}],"curies":[{"name":"wp","href":"https:\/\/api.w.org\/{rel}","templated":true}]}}