{"id":19946,"date":"2024-03-25T14:42:34","date_gmt":"2024-03-25T13:42:34","guid":{"rendered":"https:\/\/thrillsyndicate.com\/shop\/edelrid-cask-55-rope-bag\/"},"modified":"2025-08-25T15:06:54","modified_gmt":"2025-08-25T13:06:54","slug":"edelrid-cask-55-rope-bag","status":"publish","type":"product","link":"https:\/\/thrillsyndicate.com\/de\/product\/edelrid-cask-55-rope-bag\/","title":{"rendered":"Edelrid CASK 55 | Seiltasche"},"content":{"rendered":"<p data-sourcepos=\"9:1-9:234\">F\u00fcr professionelle Kletterer und Anwender in der Abenteuerindustrie ist der Schutz ihrer Seile von gr\u00f6\u00dfter Bedeutung. Die Edelrid CASK 55 Seiltasche bietet eine au\u00dfergew\u00f6hnliche L\u00f6sung, die kompromisslose Haltbarkeit mit funktionellem Design kombiniert. <\/p>\n<h2 data-sourcepos=\"11:1-11:50\">Die Edelrid CASK 55 Seiltasche:<\/h2>\n<ul>\n<li data-sourcepos=\"13:3-13:167\"><strong>Langlebig:<\/strong> Der CASK 55 ist aus <strong>strapazierf\u00e4higer Plane<\/strong> gefertigt und widersteht Abnutzung und Verschlei\u00df, so dass Ihr Seilsack auch den anspruchsvollsten Umgebungen standh\u00e4lt.<\/li>\n<li data-sourcepos=\"15:3-15:179\"><strong>M\u00fchelose Handhabung der Seile:<\/strong> Die <strong>starre Konstruktion<\/strong> des CASK 55 erm\u00f6glicht ein <strong>einfaches Auf- und Abwickeln<\/strong> Ihrer Seile, wodurch Sie beim Auf- und Abbau wertvolle Zeit sparen.<\/li>\n<li data-sourcepos=\"17:3-17:260\"><strong>Unerreichte Kapazit\u00e4t:<\/strong> Mit seinem <strong>gro\u00dfz\u00fcgigen Volumen von 55 Litern<\/strong> bietet der CASK 55 bequem Platz f\u00fcr bis zu <strong>100 Meter Baumkletterseil<\/strong> oder unglaubliche <strong>190 Meter statisches Seil<\/strong> und ist damit perfekt f\u00fcr eine Vielzahl von Kletteranwendungen geeignet.<\/li>\n<\/ul>\n<h2 data-sourcepos=\"19:1-19:39\">Wichtige Spezifikationen und Merkmale:<\/h2>\n<ul>\n<li data-sourcepos=\"21:3-21:94\"><strong>Material:<\/strong> Tarpaulin \/ Polyester &#8211; Bietet eine Mischung aus <strong>St\u00e4rke<\/strong> und <strong>Flexibilit\u00e4t<\/strong>.<\/li>\n<li data-sourcepos=\"23:3-23:94\"><strong>Ger\u00e4umiger Innenraum:<\/strong> Das Fassungsverm\u00f6gen von 55 Litern bietet selbst f\u00fcr die l\u00e4ngsten Seile ausreichend Platz.<\/li>\n<li data-sourcepos=\"25:3-25:124\"><strong>Stapelbares Design:<\/strong> In den CASK 55 k\u00f6nnen Sie einen kleineren CASK 28 stapeln, um eine <strong>kompakte Aufbewahrungsl\u00f6sung<\/strong> zu erhalten.<\/li>\n<li data-sourcepos=\"27:3-27:138\"><strong>Flexibilit\u00e4t beim \u00dcberpacken:<\/strong> Die integrierte Sch\u00fcrze des CASK 55 bietet zus\u00e4tzlichen Platz f\u00fcr die F\u00e4lle, in denen Sie zus\u00e4tzliche Ausr\u00fcstung einpacken m\u00fcssen.<\/li>\n<li data-sourcepos=\"29:3-29:118\"><strong>Sichere Befestigung oben:<\/strong> Ein zus\u00e4tzliches Seil kann f\u00fcr den einfachen Transport bequem oben an der Tasche befestigt werden.<\/li>\n<\/ul>\n<p data-sourcepos=\"31:1-31:156\">Investieren Sie in die Edelrid CASK 55 Seiltasche und genie\u00dfen Sie die Gewissheit, dass Ihre wichtigen Kletterseile gesch\u00fctzt und einfach zu handhaben sind.<\/p>\n<h2 data-sourcepos=\"31:1-31:156\">Alle Spezifikationen<\/h2>\n<ul>\n<li>Hergestellt aus robuster Plane<\/li>\n<li>Ein weiteres Seil kann oben befestigt werden<\/li>\n<li>CASK 28 passt in CASK 55 f\u00fcr ein kompaktes System<\/li>\n<li>Rock auf CASK 55, um Umverpacken zu erm\u00f6glichen<\/li>\n<li>Volumen: 55 l<\/li>\n<li>Material : Plane \/ Polyester<\/li>\n<\/ul>\n<h3 class=\"western\">\ud83d\udc49 Sie suchen einen bestimmten Edelrid-Artikel, der nicht im Shop gelistet ist? Wir vertreiben das komplette Portfolio f\u00fcr Abenteuer, Sport und Sicherheit. Bitte <strong><a href=\"https:\/\/thrillsyndicate.com\/de\/kontakt\/\">senden Sie<\/a><\/strong> uns eine E-Mail oder sehen Sie sich die vollst\u00e4ndige <strong><a href=\"https:\/\/thrillsyndicate.com\/edelrid-safety-price-list-2025\/\">Sicherheitspreisliste hier<\/a><\/strong>. \ud83d\udc48<\/h3>\n","protected":false},"excerpt":{"rendered":"<p data-sourcepos=\"1:1-1:88\">Langlebiger Schutz f\u00fcr Ihre Kletterseile &#8211; Der Edelrid CASK 55 Rope Bag ist eine robuste und ger\u00e4umige L\u00f6sung f\u00fcr die Aufbewahrung und den Transport von Kletterseilen. Sie besteht aus einer robusten Plane und hat ein Fassungsverm\u00f6gen von 55 Litern. Damit ist sie ideal f\u00fcr professionelle Anwender in der Abenteuer-, Outdoor-, Vergn\u00fcgungs- und Freizeitindustrie. <\/p>\n","protected":false},"featured_media":13350,"template":"","meta":{"_coblocks_attr":"","_coblocks_dimensions":"","_coblocks_responsive_height":"","_coblocks_accordion_ie_support":"","wds_primary_product_brand":0,"wds_primary_product_cat":0},"product_brand":[62],"product_cat":[817,845],"product_tag":[818,67,820,823,819],"class_list":{"0":"post-19946","1":"product","2":"type-product","3":"status-publish","4":"has-post-thumbnail","6":"product_brand-edelrid","7":"product_cat-gear-bags","8":"product_cat-transport-sacks-bags","9":"product_tag-gear-bag","10":"product_tag-ppe","11":"product_tag-backpack","12":"product_tag-rope-bag","13":"product_tag-transport","15":"first","16":"instock","17":"taxable","18":"shipping-taxable","19":"purchasable","20":"product-type-simple"},"_links":{"self":[{"href":"https:\/\/thrillsyndicate.com\/de\/wp-json\/wp\/v2\/product\/19946","targetHints":{"allow":["GET"]}}],"collection":[{"href":"https:\/\/thrillsyndicate.com\/de\/wp-json\/wp\/v2\/product"}],"about":[{"href":"https:\/\/thrillsyndicate.com\/de\/wp-json\/wp\/v2\/types\/product"}],"wp:featuredmedia":[{"embeddable":true,"href":"https:\/\/thrillsyndicate.com\/de\/wp-json\/wp\/v2\/media\/13350"}],"wp:attachment":[{"href":"https:\/\/thrillsyndicate.com\/de\/wp-json\/wp\/v2\/media?parent=19946"}],"wp:term":[{"taxonomy":"product_brand","embeddable":true,"href":"https:\/\/thrillsyndicate.com\/de\/wp-json\/wp\/v2\/product_brand?post=19946"},{"taxonomy":"product_cat","embeddable":true,"href":"https:\/\/thrillsyndicate.com\/de\/wp-json\/wp\/v2\/product_cat?post=19946"},{"taxonomy":"product_tag","embeddable":true,"href":"https:\/\/thrillsyndicate.com\/de\/wp-json\/wp\/v2\/product_tag?post=19946"}],"curies":[{"name":"wp","href":"https:\/\/api.w.org\/{rel}","templated":true}]}}