{"id":19948,"date":"2024-03-25T14:26:17","date_gmt":"2024-03-25T13:26:17","guid":{"rendered":"https:\/\/thrillsyndicate.com\/shop\/edelrid-cask-28-rope-bag\/"},"modified":"2025-08-25T15:06:52","modified_gmt":"2025-08-25T13:06:52","slug":"edelrid-cask-28-rope-bag","status":"publish","type":"product","link":"https:\/\/thrillsyndicate.com\/de\/product\/edelrid-cask-28-rope-bag\/","title":{"rendered":"Edelrid CASK 28 | Seiltasche"},"content":{"rendered":"<p data-sourcepos=\"9:1-9:345\">Die Edelrid CASK 28 Seiltasche ist der ultimative Begleiter f\u00fcr professionelle Kletterer, Baumpfleger und alle, die sich auf ihre Seile verlassen, um H\u00f6chstleistungen zu erzielen. Diese strapazierf\u00e4hige Tasche ist aus robustem Tarpaulin gefertigt und damit widerstandsf\u00e4hig gegen Abnutzung &#8211; ideal f\u00fcr die anspruchsvollen Umgebungen beim Klettern, H\u00f6hlenwandern und anderen Outdoor-Aktivit\u00e4ten. <\/p>\n<h2 data-sourcepos=\"11:1-11:57\">F\u00fcr die Ewigkeit gebaut: Unerreichte Langlebigkeit f\u00fcr den anspruchsvollen Einsatz<\/h2>\n<ul>\n<li data-sourcepos=\"13:3-13:279\"><strong>Robuste Plankenkonstruktion:<\/strong> Das CASK 28 verf\u00fcgt \u00fcber eine robuste Au\u00dfenhaut aus Plane, die eine au\u00dfergew\u00f6hnliche Widerstandsf\u00e4higkeit gegen Abrieb, Einstiche und die Elemente gew\u00e4hrleistet. Dieses hochwertige Material sch\u00fctzt Ihre Seile vor Besch\u00e4digungen w\u00e4hrend des Transports und der Lagerung, selbst unter rauen Au\u00dfenbedingungen. <\/li>\n<li data-sourcepos=\"15:3-15:283\"><strong>Steifes Design f\u00fcr einfache Handhabung:<\/strong> Das CASK 28 verf\u00fcgt \u00fcber ein halbstarres Design, das seine Form beibeh\u00e4lt, so dass Sie Ihre Seile m\u00fchelos ein- und auspacken k\u00f6nnen. Diese innovative Struktur erm\u00f6glicht ein effizientes Aufrollen und verhindert ein Verheddern, wodurch Sie wertvolle Zeit am Fels oder auf der Baustelle sparen. <\/li>\n<\/ul>\n<h2 data-sourcepos=\"17:1-17:65\">Maximieren Sie die Effizienz: Funktionen f\u00fcr eine optimierte Seilverwaltung<\/h2>\n<ul>\n<li data-sourcepos=\"19:3-19:291\"><strong>Ger\u00e4umiges Fassungsverm\u00f6gen:<\/strong> Mit einem gro\u00dfz\u00fcgigen Volumen von 28 Litern bietet der CASK 28 bequem Platz f\u00fcr ein 60 Meter langes Baumkletterseil oder ein 80 Meter langes statisches Seil. Dieser gro\u00dfz\u00fcgige Stauraum sorgt daf\u00fcr, dass Sie genug Platz f\u00fcr Ihre wichtige Kletterausr\u00fcstung haben und Ihre Ausr\u00fcstung organisiert und leicht zug\u00e4nglich bleibt. <\/li>\n<li data-sourcepos=\"21:3-21:288\"><strong>Sichere Aufbewahrung eines zus\u00e4tzlichen Seils:<\/strong> Die CASK 28 verf\u00fcgt \u00fcber einen speziellen Bereich auf der Oberseite der Tasche, in dem Sie ein weiteres Seil befestigen k\u00f6nnen &#8211; perfekt f\u00fcr den Transport einer Zugleine oder eines k\u00fcrzeren Kletterseils. Dadurch wird eine separate Tasche \u00fcberfl\u00fcssig, was Ihren Transport vereinfacht und das Gesamtvolumen reduziert. <\/li>\n<li data-sourcepos=\"23:3-23:311\"><strong>Integrierte CASK 55 Kompatibilit\u00e4t:<\/strong> F\u00fcr diejenigen, die noch mehr Stauraum ben\u00f6tigen, ist der CASK 28 so konzipiert, dass er nahtlos in die gr\u00f6\u00dfere Edelrid CASK 55 Tasche passt. Dieses Verschachtelungssystem schafft eine kompakte und organisierte Transportl\u00f6sung, ideal f\u00fcr den Transport von mehreren Seilen und Kletterausr\u00fcstung auf ausgedehnten Expeditionen. <\/li>\n<\/ul>\n<h2>Alle Spezifikationen<\/h2>\n<ul>\n<li>Hergestellt aus robuster Plane<\/li>\n<li>Ein weiteres Seil kann oben befestigt werden<\/li>\n<li>CASK 28 passt in CASK 55 f\u00fcr ein kompaktes System<\/li>\n<li>Rock auf CASK 55, um Umverpacken zu erm\u00f6glichen<\/li>\n<li>Volumen: 28 l<\/li>\n<li>Material : Plane \/ Polyester<\/li>\n<\/ul>\n<h3 class=\"western\">\ud83d\udc49 Sie suchen einen bestimmten Edelrid-Artikel, der nicht im Shop gelistet ist? Wir vertreiben das komplette Portfolio f\u00fcr Abenteuer, Sport und Sicherheit. Bitte <strong><a href=\"https:\/\/thrillsyndicate.com\/de\/kontakt\/\">senden Sie<\/a><\/strong> uns eine E-Mail oder sehen Sie sich die vollst\u00e4ndige <strong><a href=\"https:\/\/thrillsyndicate.com\/edelrid-safety-price-list-2025\/\">Sicherheitspreisliste hier<\/a><\/strong>. \ud83d\udc48<\/h3>\n","protected":false},"excerpt":{"rendered":"<p data-sourcepos=\"1:1-1:64\">Sch\u00fctzen Sie Ihr Kletterseil mit Stil &#8211; Die Edelrid CASK 28 Seiltasche ist eine robuste und ger\u00e4umige Seiltasche f\u00fcr den professionellen Einsatz beim Klettern, in der Baumpflege und in der Freizeit. Er ist aus strapazierf\u00e4higer Plane gefertigt, bietet eine ausgezeichnete Haltbarkeit und sch\u00fctzt Ihr Seil w\u00e4hrend des Transports und der Lagerung. <\/p>\n","protected":false},"featured_media":13321,"template":"","meta":{"_coblocks_attr":"","_coblocks_dimensions":"","_coblocks_responsive_height":"","_coblocks_accordion_ie_support":"","wds_primary_product_brand":0,"wds_primary_product_cat":0},"product_brand":[62],"product_cat":[817,845],"product_tag":[818,67,820,823,819],"class_list":{"0":"post-19948","1":"product","2":"type-product","3":"status-publish","4":"has-post-thumbnail","6":"product_brand-edelrid","7":"product_cat-gear-bags","8":"product_cat-transport-sacks-bags","9":"product_tag-gear-bag","10":"product_tag-ppe","11":"product_tag-backpack","12":"product_tag-rope-bag","13":"product_tag-transport","15":"first","16":"instock","17":"taxable","18":"shipping-taxable","19":"purchasable","20":"product-type-simple"},"_links":{"self":[{"href":"https:\/\/thrillsyndicate.com\/de\/wp-json\/wp\/v2\/product\/19948","targetHints":{"allow":["GET"]}}],"collection":[{"href":"https:\/\/thrillsyndicate.com\/de\/wp-json\/wp\/v2\/product"}],"about":[{"href":"https:\/\/thrillsyndicate.com\/de\/wp-json\/wp\/v2\/types\/product"}],"wp:featuredmedia":[{"embeddable":true,"href":"https:\/\/thrillsyndicate.com\/de\/wp-json\/wp\/v2\/media\/13321"}],"wp:attachment":[{"href":"https:\/\/thrillsyndicate.com\/de\/wp-json\/wp\/v2\/media?parent=19948"}],"wp:term":[{"taxonomy":"product_brand","embeddable":true,"href":"https:\/\/thrillsyndicate.com\/de\/wp-json\/wp\/v2\/product_brand?post=19948"},{"taxonomy":"product_cat","embeddable":true,"href":"https:\/\/thrillsyndicate.com\/de\/wp-json\/wp\/v2\/product_cat?post=19948"},{"taxonomy":"product_tag","embeddable":true,"href":"https:\/\/thrillsyndicate.com\/de\/wp-json\/wp\/v2\/product_tag?post=19948"}],"curies":[{"name":"wp","href":"https:\/\/api.w.org\/{rel}","templated":true}]}}