{"id":20131,"date":"2024-03-25T13:44:48","date_gmt":"2024-03-25T12:44:48","guid":{"rendered":"https:\/\/thrillsyndicate.com\/shop\/edelrid-kurt-haulbag-55\/"},"modified":"2025-08-25T15:06:54","modified_gmt":"2025-08-25T13:06:54","slug":"edelrid-kurt-haulbag-55","status":"publish","type":"product","link":"https:\/\/thrillsyndicate.com\/de\/product\/edelrid-kurt-haulbag-55\/","title":{"rendered":"Edelrid KURT HAULBAG 55"},"content":{"rendered":"<p data-sourcepos=\"9:1-9:346\">Das Schleppen von Ausr\u00fcstung f\u00fcr gro\u00dfe Abenteuer sollte kein Hindernis sein. Hier kommt die Edelrid KURT HAULBAG 55 ins Spiel, ein Arbeitstier mit vielen Funktionen, das Ihre h\u00e4rtesten Transporte mit Leichtigkeit meistert. Dieser riesige 55-Liter-Seesack verf\u00fcgt \u00fcber ein revolution\u00e4res, abnehmbares Rucksacksystem, das ihn in Sekundenschnelle von einem Flaschenzug-System in einen bequemen Rucksack verwandelt, selbst wenn er voll beladen ist.  <\/p>\n<h2 data-sourcepos=\"11:1-11:50\">Erobern Sie Komfort und Bequemlichkeit<\/h2>\n<ul data-sourcepos=\"13:1-16:0\">\n<li data-sourcepos=\"13:1-13:267\"><strong>M\u00fchelose Bef\u00f6rderung:<\/strong> Das geniale, abnehmbare Rucksacksystem des KURT erm\u00f6glicht es Ihnen, das Gurtzeug zum Ziehen schnell abzunehmen und es dann zum bequemen Tragen wieder anzubringen. Dank dieses innovativen Designs m\u00fcssen Sie nicht mehr zwischen einfachem Ziehen und bequemem Tragen w\u00e4hlen. <\/li>\n<li data-sourcepos=\"14:1-14:253\"><strong>\u00dcberlegene Lastverteilung:<\/strong> Die ergonomisch geformten, gepolsterten Schultergurte und der verstellbare H\u00fcftgurt sorgen f\u00fcr eine optimale Gewichtsverteilung, auch bei schweren Lasten. Die abnehmbare R\u00fcckenpolsterung bietet zus\u00e4tzlichen Komfort, wenn Sie den Rucksack \u00fcber einen l\u00e4ngeren Zeitraum tragen. <\/li>\n<li data-sourcepos=\"15:1-16:0\"><strong>Unerreichte Zug\u00e4nglichkeit:<\/strong> Der extragro\u00dfe Frontrei\u00dfverschluss mit Abriebschutz erm\u00f6glicht einen einfachen Zugriff auf Ihre Ausr\u00fcstung. Diese gro\u00dfe \u00d6ffnung macht den KURT ideal f\u00fcr die Verwendung als Ausr\u00fcstungstasche in Kletterparks oder f\u00fcr Arbeiten in der H\u00f6he. <\/li>\n<\/ul>\n<h2 data-sourcepos=\"17:1-17:41\">Spezifikationen Gebaut f\u00fcr Abenteuer<\/h2>\n<ul data-sourcepos=\"19:1-21:208\">\n<li data-sourcepos=\"19:1-19:221\"><strong>Langlebige Konstruktion:<\/strong> Die KURT HAULBAG 55 ist aus robustem Planenmaterial gefertigt, das den Strapazen des Outdoor-Einsatzes standh\u00e4lt. Dieses abriebfeste Material sorgt daf\u00fcr, dass Ihre Ausr\u00fcstung unter allen Bedingungen gesch\u00fctzt bleibt. <\/li>\n<li data-sourcepos=\"20:1-20:208\"><strong>Schlankes Schleppen:<\/strong> Zwei seitliche Kompressionsgurte stabilisieren Ihre Ladung und minimieren das Gewicht beim Transportieren. Vier Befestigungsschlaufen am Boden erm\u00f6glichen es Ihnen, zus\u00e4tzliche Ausr\u00fcstung f\u00fcr einen effizienten Transport zu befestigen. <\/li>\n<li data-sourcepos=\"21:1-21:208\"><strong>Ger\u00e4umiges Fassungsverm\u00f6gen:<\/strong> Mit einem riesigen Fassungsverm\u00f6gen von 55 Litern bietet die KURT HAULBAG reichlich Stauraum f\u00fcr all Ihre wichtigen Ausr\u00fcstungsgegenst\u00e4nde und ist damit der perfekte Begleiter f\u00fcr ausgedehnte Abenteuer oder gro\u00df angelegte Eins\u00e4tze.<\/li>\n<\/ul>\n<h2>Alle Spezifikationen<\/h2>\n<ul>\n<li>Hergestellt aus robuster Plane<\/li>\n<li>Rucksacksystem einfach und schnell abnehmbar<\/li>\n<li>Zwei seitliche Kompressionsriemen<\/li>\n<li>Vier Materialschlaufen an der Basis zur Befestigung zus\u00e4tzlicher Ausr\u00fcstung<\/li>\n<li>Volumen: 55 l<\/li>\n<\/ul>\n<h3 class=\"western\">\ud83d\udc49 Sie suchen einen bestimmten Edelrid-Artikel, der nicht im Shop gelistet ist? Wir vertreiben das komplette Portfolio f\u00fcr Abenteuer, Sport und Sicherheit. Bitte <strong><a href=\"https:\/\/thrillsyndicate.com\/de\/kontakt\/\">senden Sie<\/a><\/strong> uns eine E-Mail oder sehen Sie sich die vollst\u00e4ndige <strong><a href=\"https:\/\/thrillsyndicate.com\/edelrid-safety-price-list-2025\/\">Sicherheitspreisliste hier<\/a><\/strong>. \ud83d\udc48<\/h3>\n","protected":false},"excerpt":{"rendered":"<p data-sourcepos=\"1:1-1:82\">M\u00fcheloses Schleppen f\u00fcr gro\u00dfe Abenteuer &#8211; Die Edelrid KURT HAULBAG 55 ist eine super gro\u00dfe 55-Liter-Schlepptasche mit einem abnehmbaren Flaschenzug-System f\u00fcr den bequemen Transport und das komfortable Tragen schwerer Lasten.<\/p>\n","protected":false},"featured_media":13284,"template":"","meta":{"_coblocks_attr":"","_coblocks_dimensions":"","_coblocks_responsive_height":"","_coblocks_accordion_ie_support":"","wds_primary_product_brand":0,"wds_primary_product_cat":0},"product_brand":[62],"product_cat":[817,845],"product_tag":[818,67,820,819],"class_list":{"0":"post-20131","1":"product","2":"type-product","3":"status-publish","4":"has-post-thumbnail","6":"product_brand-edelrid","7":"product_cat-gear-bags","8":"product_cat-transport-sacks-bags","9":"product_tag-gear-bag","10":"product_tag-ppe","11":"product_tag-backpack","12":"product_tag-transport","14":"first","15":"instock","16":"taxable","17":"shipping-taxable","18":"purchasable","19":"product-type-simple"},"_links":{"self":[{"href":"https:\/\/thrillsyndicate.com\/de\/wp-json\/wp\/v2\/product\/20131","targetHints":{"allow":["GET"]}}],"collection":[{"href":"https:\/\/thrillsyndicate.com\/de\/wp-json\/wp\/v2\/product"}],"about":[{"href":"https:\/\/thrillsyndicate.com\/de\/wp-json\/wp\/v2\/types\/product"}],"wp:featuredmedia":[{"embeddable":true,"href":"https:\/\/thrillsyndicate.com\/de\/wp-json\/wp\/v2\/media\/13284"}],"wp:attachment":[{"href":"https:\/\/thrillsyndicate.com\/de\/wp-json\/wp\/v2\/media?parent=20131"}],"wp:term":[{"taxonomy":"product_brand","embeddable":true,"href":"https:\/\/thrillsyndicate.com\/de\/wp-json\/wp\/v2\/product_brand?post=20131"},{"taxonomy":"product_cat","embeddable":true,"href":"https:\/\/thrillsyndicate.com\/de\/wp-json\/wp\/v2\/product_cat?post=20131"},{"taxonomy":"product_tag","embeddable":true,"href":"https:\/\/thrillsyndicate.com\/de\/wp-json\/wp\/v2\/product_tag?post=20131"}],"curies":[{"name":"wp","href":"https:\/\/api.w.org\/{rel}","templated":true}]}}