{"id":20270,"date":"2025-06-16T15:40:54","date_gmt":"2025-06-16T13:40:54","guid":{"rendered":"https:\/\/thrillsyndicate.com\/shop\/zipline-tyro-sit-harness\/"},"modified":"2025-12-01T10:37:30","modified_gmt":"2025-12-01T09:37:30","slug":"zipline-tyro-sit-harness","status":"publish","type":"product","link":"https:\/\/thrillsyndicate.com\/de\/product\/zipline-tyro-sit-harness\/","title":{"rendered":"Seilbahn TYRO Sitzgurt"},"content":{"rendered":"<p data-sourcepos=\"7:1-7:468\">Der TYRO-Sitzgurt f\u00fcr Seilbahnen ist die erste Wahl f\u00fcr Betreiber von Abenteuer-, Outdoor- und Vergn\u00fcgungsparks, die eine spezielle L\u00f6sung f\u00fcr ihre Attraktionen suchen. Als pers\u00f6nliche Schutzausr\u00fcstung (PSA) der Kategorie III wurde er speziell f\u00fcr akrobatische Kurse in der H\u00f6he entwickelt, insbesondere f\u00fcr Giant und Curved Zip Lines. Dieses Gurtzeug kombiniert innovatives Design mit robusten Materialien, um ein Produkt zu liefern, das das Erlebnis f\u00fcr die G\u00e4ste verbessert und gleichzeitig Ihre Abl\u00e4ufe rationalisiert.  <\/p>\n<h3 data-sourcepos=\"9:1-9:50\">Entwickelt f\u00fcr \u00fcberragenden Komfort und Durchsatz<\/h3>\n<p data-sourcepos=\"11:1-12:464\"><strong>Un\u00fcbertroffener Benutzerkomfort<\/strong> Der Zipline TYRO Sitzgurt wurde f\u00fcr eine bequeme Sitzposition entwickelt, die ideal f\u00fcr lange oder schnelle Seilbahnen ist. Gepolsterte Verst\u00e4rkungen an den Oberschenkeln und Rippen verhindern Druckstellen, w\u00e4hrend die verstellbaren Schultergurte es dem Benutzer erm\u00f6glichen, seine Sitzposition individuell und sicher zu bestimmen. Dank der leichten Konstruktion k\u00f6nnen die Teilnehmer zwischen den Aktivit\u00e4ten bequem durch den Park laufen, was das Gesamterlebnis deutlich verbessert.  <\/p>\n<p data-sourcepos=\"14:1-15:478\"><strong>Optimierte Arbeitsabl\u00e4ufe f\u00fcr maximale Effizienz<\/strong> Der Zipline TYRO Sitzgurt wurde mit Blick auf den Benutzer entwickelt und vereinfacht den Ausr\u00fcstungsprozess. Eine schnelle und sichere automatische Schnalle am Gurt sorgt f\u00fcr ein schnelles Anlegen, w\u00e4hrend das einfache System mit zwei Gr\u00f6\u00dfen (farbcodiert zur sofortigen Identifizierung) f\u00fcr eine Vielzahl von Teilnehmern geeignet ist, von 1,35 m K\u00f6rpergr\u00f6\u00dfe bis zu Erwachsenen mit einem Gewicht von bis zu 130 kg. Diese Effizienz verk\u00fcrzt die Wartezeiten, erh\u00f6ht den Durchsatz und erm\u00f6glicht es Ihren Mitarbeitern, sich auf ein erstklassiges G\u00e4steerlebnis zu konzentrieren.  <\/p>\n<h3 data-sourcepos=\"17:1-17:39\">Robustes Design, kompromisslose Sicherheit<\/h3>\n<p data-sourcepos=\"19:1-20:439\"><strong>Fortschrittliche Materialien und Befestigungspunkte<\/strong> Der Zipline TYRO Sitzgurt ist so konstruiert, dass er den harten Anforderungen einer kommerziellen Umgebung standh\u00e4lt. Er besteht aus strapazierf\u00e4higen Polyester- und Polyamid-Gewebeb\u00e4ndern und verf\u00fcgt \u00fcber zwei verst\u00e4rkte seitliche Verankerungspunkte f\u00fcr die prim\u00e4re Verbindung. Der H\u00fcftgurt wird mit einer hochfesten Automatikschnalle aus einer 7075-Aluminiumlegierung gesichert, und die Schultergurte werden mit robusten Stahlschnallen eingestellt, was absolute Zuverl\u00e4ssigkeit und eine lange Lebensdauer gew\u00e4hrleistet.  <\/p>\n<p data-sourcepos=\"22:1-23:450\"><strong>Integrierte Sicherheits- und Evakuierungssysteme<\/strong> Sicherheit steht an erster Stelle, und der Zipline TYRO Sitzgurt entspricht vollst\u00e4ndig der EN 12277:2015+A1:2018 und ist gem\u00e4\u00df der PSA-Verordnung (EU) 2016\/425 zertifiziert. Er verf\u00fcgt \u00fcber spezielle seitliche und dorsale Evakuierungsankerpunkte, die vielseitige und zug\u00e4ngliche Optionen f\u00fcr Rettungsszenarien bieten. Ein durchdacht platzierter seilrolle Halter auf der R\u00fcckseite erm\u00f6glicht die organisierte Aufbewahrung von Ausr\u00fcstung mit einem Karabiner, so dass wichtige Ausr\u00fcstungsgegenst\u00e4nde nicht im Weg sind, aber schnell zur Hand sind.  <\/p>\n<h3 data-sourcepos=\"25:1-25:18\">Spezifikationen<\/h3>\n<ul data-sourcepos=\"27:1-39:0\">\n<li data-sourcepos=\"27:1-27:44\"><strong>Produktname:<\/strong> Seilbahn TYRO Sitzgurt<\/li>\n<li data-sourcepos=\"28:1-28:77\"><strong>Produkttyp:<\/strong> Kategorie III PSA, Komplettgurt f\u00fcr Abenteuerkurse<\/li>\n<li data-sourcepos=\"29:1-29:60\"><strong>Verwendungszweck:<\/strong> Giant und Curved Zip Lines, Hochseilg\u00e4rten<\/li>\n<li data-sourcepos=\"30:1-32:91\"><strong>Die Gr\u00f6\u00dfe:<\/strong>\n<ul data-sourcepos=\"31:5-32:91\">\n<li data-sourcepos=\"31:5-31:73\">Gr\u00f6\u00dfe T1 (XS-S): 1,35 m bis 1,50 m (4 ft 5 in bis 4 ft 11 in) &#8211; Orange<\/li>\n<li data-sourcepos=\"32:5-32:91\">Gr\u00f6\u00dfe T2 (M-L): &gt;1,50 m (&gt;4 ft 11 in), bis zu 130 kg (286 lbs) maximales Benutzergewicht &#8211; Gelb<\/li>\n<\/ul>\n<\/li>\n<li data-sourcepos=\"33:1-33:113\"><strong>Materialien:<\/strong> Polyester- und Polyamid-Gurtb\u00e4nder, automatische Schnalle aus 7075 Aluminiumlegierung, Einstellschnallen aus Stahl<\/li>\n<li data-sourcepos=\"34:1-34:56\"><strong>Befestigungspunkte:<\/strong> 2 verst\u00e4rkte seitliche Ankerpunkte<\/li>\n<li data-sourcepos=\"35:1-35:66\"><strong>Evakuierungspunkte:<\/strong> 2 seitliche Gurtbandschlaufen und 1 dorsale Schlaufe<\/li>\n<li data-sourcepos=\"36:1-36:77\"><strong>Zertifizierungen:<\/strong> CE, PSA-Verordnung (EU) 2016\/425, EN 12277:2015+A1:2018<\/li>\n<li data-sourcepos=\"37:1-37:98\"><strong>Maximale Lebensdauer:<\/strong> 13 Jahre ab dem Herstellungsdatum (3 Jahre Lagerung + 10 Jahre Nutzung)<\/li>\n<li data-sourcepos=\"38:1-39:0\"><strong>Optionales Zubeh\u00f6r:<\/strong> Abnehmbare Rei\u00dfverschlusstasche, Evacuation STRAP \/ Individuelles eingesticktes Logo<\/li>\n<\/ul>\n<table>\n<tbody>\n<tr>\n<td>\n  <strong>Optionen<\/strong>\n<\/td>\n<td>\n  <strong>Preis<\/strong>\n<\/td>\n<\/tr>\n<tr>\n<td>Abnehmbare Rei\u00dfverschlusstasche (M oder L), um die Habseligkeiten der Kunden am Gurtzeug zu befestigen<\/td>\n<td>\u20ac13,00<\/td>\n<\/tr>\n<tr>\n<td>Individuelles Logo (Mindestens 20 St\u00fcck)<\/td>\n<td>\u20ac17,00<\/td>\n<\/tr>\n<tr>\n<td>Evacuation STRAP \/ Y Verbindungsmittel 40cm (Erm\u00f6glicht die Verbindung der 2 Br\u00fccken und des Evakuierungssystems)<\/td>\n<td>\u20ac21,00<\/td>\n<\/tr>\n<\/tbody>\n<\/table>\n<p>&nbsp;<\/p>\n","protected":false},"excerpt":{"rendered":"<p class=\"ai-optimize-50 ai-optimize-introduction\">Erleben Sie unvergleichlichen Komfort und Sicherheit mit dem <strong>Zipline TYRO Sitzgurt<\/strong>, der ultimativen L\u00f6sung f\u00fcr professionelle Abenteuerparks. Er wurde f\u00fcr Riesen-Seilrutschen und Hochseilg\u00e4rten entwickelt und sorgt mit seinem intuitiven Design f\u00fcr maximalen Benutzerkomfort und betriebliche Effizienz. <\/p>\n","protected":false},"featured_media":20260,"template":"","meta":{"_coblocks_attr":"","_coblocks_dimensions":"","_coblocks_responsive_height":"","_coblocks_accordion_ie_support":"","wds_primary_product_brand":0,"wds_primary_product_cat":0},"product_brand":[663],"product_cat":[594],"product_tag":[575,568,436,595],"class_list":{"0":"post-20270","1":"product","2":"type-product","3":"status-publish","4":"has-post-thumbnail","6":"product_brand-thrill-syndicate-de","7":"product_cat-zipline-gurte","8":"product_tag-komplettgurt","9":"product_tag-psa","10":"product_tag-seilrutsche","11":"product_tag-zipline-gurt","13":"first","14":"outofstock","15":"taxable","16":"shipping-taxable","17":"purchasable","18":"product-type-variable"},"_links":{"self":[{"href":"https:\/\/thrillsyndicate.com\/de\/wp-json\/wp\/v2\/product\/20270","targetHints":{"allow":["GET"]}}],"collection":[{"href":"https:\/\/thrillsyndicate.com\/de\/wp-json\/wp\/v2\/product"}],"about":[{"href":"https:\/\/thrillsyndicate.com\/de\/wp-json\/wp\/v2\/types\/product"}],"wp:featuredmedia":[{"embeddable":true,"href":"https:\/\/thrillsyndicate.com\/de\/wp-json\/wp\/v2\/media\/20260"}],"wp:attachment":[{"href":"https:\/\/thrillsyndicate.com\/de\/wp-json\/wp\/v2\/media?parent=20270"}],"wp:term":[{"taxonomy":"product_brand","embeddable":true,"href":"https:\/\/thrillsyndicate.com\/de\/wp-json\/wp\/v2\/product_brand?post=20270"},{"taxonomy":"product_cat","embeddable":true,"href":"https:\/\/thrillsyndicate.com\/de\/wp-json\/wp\/v2\/product_cat?post=20270"},{"taxonomy":"product_tag","embeddable":true,"href":"https:\/\/thrillsyndicate.com\/de\/wp-json\/wp\/v2\/product_tag?post=20270"}],"curies":[{"name":"wp","href":"https:\/\/api.w.org\/{rel}","templated":true}]}}