{"id":20315,"date":"2024-05-31T12:39:35","date_gmt":"2024-05-31T10:39:35","guid":{"rendered":"https:\/\/thrillsyndicate.com\/shop\/edelrid-hard-line-6mm-accessory-cord\/"},"modified":"2025-08-25T10:11:14","modified_gmt":"2025-08-25T08:11:14","slug":"edelrid-hard-line-6mm-accessory-cord","status":"publish","type":"product","link":"https:\/\/thrillsyndicate.com\/de\/product\/edelrid-hard-line-6mm-accessory-cord\/","title":{"rendered":"Edelrid HARD LINE 6mm | Zubeh\u00f6rkabel"},"content":{"rendered":"<p data-sourcepos=\"17:1-17:480\">Professionelle Anwender in der Abenteuer-, Outdoor-, Vergn\u00fcgungs- und Freizeitindustrie ben\u00f6tigen eine zuverl\u00e4ssige Ausr\u00fcstung, die verschiedene Aufgaben bew\u00e4ltigen kann. Die Edelrid HARD LINE 6MM ist die Antwort darauf. Diese vielseitige Zubeh\u00f6rschnur bietet eine au\u00dfergew\u00f6hnliche St\u00e4rke (23 kN) und ein geringes Gewicht (24 g\/m) f\u00fcr eine einfache Handhabung. Der sch\u00fctzende Polyestermantel bietet einen bequemen Griff und eine erh\u00f6hte Knotenfestigkeit, so dass sie sich ideal f\u00fcr den Bau von Sicherungsstationen, die Herstellung von Schlingen und das Anlegen von Prusikschlingen eignet.   <\/p>\n<h2 data-sourcepos=\"19:1-19:77\">Unerreichte Vielseitigkeit, au\u00dfergew\u00f6hnliche Leistung:<\/h2>\n<ul data-sourcepos=\"21:1-24:0\">\n<li data-sourcepos=\"21:1-21:189\"><strong>\u00c4u\u00dferst vielseitig:<\/strong> Die Edelrid HARD LINE 6MM ist ein wahres Multitalent. Verwenden Sie sie zum Bau von Standpl\u00e4tzen, zum Abseilen, zum Herstellen von Schlingen, Prusikschlingen und vielen anderen Anwendungen. <\/li>\n<li data-sourcepos=\"22:1-22:146\"><strong>Au\u00dfergew\u00f6hnliche St\u00e4rke:<\/strong> Diese 6 mm dicke Kordel hat eine beeindruckende Bruchfestigkeit von 23 kN, die eine zuverl\u00e4ssige Leistung in anspruchsvollen Situationen gew\u00e4hrleistet.<\/li>\n<li data-sourcepos=\"23:1-24:0\"><strong>Verbesserte Handhabung:<\/strong> Die sch\u00fctzende Polyesterh\u00fclle bietet einen komfortablen Griff, selbst wenn sie nass ist, und sorgt so f\u00fcr eine bessere Handhabung und mehr Sicherheit f\u00fcr den Benutzer.<\/li>\n<\/ul>\n<h2 data-sourcepos=\"25:1-25:81\">Gebaut, um den h\u00e4rtesten Bedingungen standzuhalten:<\/h2>\n<ul data-sourcepos=\"27:1-31:0\">\n<li data-sourcepos=\"27:1-27:134\"><strong>Leichtes Design (24 g\/m):<\/strong> Bietet au\u00dfergew\u00f6hnliche St\u00e4rke f\u00fcr anspruchsvolle Aufgaben und minimiert gleichzeitig das Gewicht f\u00fcr optimale Tragbarkeit.<\/li>\n<li data-sourcepos=\"28:1-28:98\"><strong>Langlebiger HMPE-Kern:<\/strong> Bietet eine beeindruckende Schnittfestigkeit f\u00fcr den l\u00e4ngeren Einsatz in rauen Umgebungen.<\/li>\n<li data-sourcepos=\"29:1-29:109\"><strong>Sch\u00fctzende Polyester-H\u00fclle:<\/strong> Verbessert die Griffigkeit und Knotenfestigkeit und sch\u00fctzt gleichzeitig den Kern vor den Elementen.<\/li>\n<li data-sourcepos=\"30:1-31:0\"><strong>Zertifizierte Sicherheit (EN 564):<\/strong> Garantiert die Einhaltung der h\u00f6chsten Sicherheitsstandards f\u00fcr den professionellen Einsatz.<\/li>\n<\/ul>\n<h2 data-sourcepos=\"32:1-32:85\">Edelrid HARD LINE 6MM &#8211; Technische Details:<\/h2>\n<ul data-sourcepos=\"34:1-39:24\">\n<li data-sourcepos=\"34:1-34:22\"><span class=\"citation-0\">Durchmesser: 6 mm<\/span><\/li>\n<li data-sourcepos=\"35:1-35:26\"><span class=\"citation-0\">Gewicht pro Meter: 24 g\/m<\/span><\/li>\n<li data-sourcepos=\"36:1-36:34\"><span class=\"citation-0\">Mindestbruchkraft: 23 kN<\/span><\/li>\n<li data-sourcepos=\"37:1-37:23\"><span class=\"citation-0\">Zertifizierung: EN 564<\/span><\/li>\n<li data-sourcepos=\"38:1-38:28\"><span class=\"citation-0\">Material: Polyester \/ HMPE<\/span><\/li>\n<li data-sourcepos=\"39:1-39:24\"><span class=\"citation-0 citation-end-0\">Seiltyp: Kordel<\/span><\/li>\n<\/ul>\n<h3>\ud83d\udc49 Sie suchen einen bestimmten Edelrid-Artikel, der nicht im Shop gelistet ist? Wir vertreiben das komplette Portfolio f\u00fcr Abenteuer, Sport und Sicherheit. Bitte <a href=\"https:\/\/thrillsyndicate.com\/de\/kontakt\/\">senden Sie<\/a> uns eine E-Mail oder sehen Sie sich <a href=\"https:\/\/thrillsyndicate.com\/edelrid-safety-price-list-2025\/\">hier die vollst\u00e4ndige Sicherheitspreisliste<\/a> an. \ud83d\udc48<\/h3>\n","protected":false},"excerpt":{"rendered":"<p>Die Edelrid HARD LINE 6MM ist eine <strong>vielseitige<\/strong> und <strong>ultrastarke<\/strong> Zubeh\u00f6rschnur, die sich f\u00fcr verschiedene Anwendungen eignet. Diese <strong>leichte<\/strong> Schnur (24 g\/m) verf\u00fcgt \u00fcber einen <strong>Schutzmantel<\/strong> f\u00fcr einfachen Halt und Knotenfestigkeit, wodurch sie sich perfekt f\u00fcr Sicherungsstationen, Schlingen, Prusikschlingen und mehr eignet. <\/p>\n","protected":false},"featured_media":15823,"template":"","meta":{"_coblocks_attr":"","_coblocks_dimensions":"","_coblocks_responsive_height":"","_coblocks_accordion_ie_support":"","wds_primary_product_brand":0,"wds_primary_product_cat":0},"product_brand":[659],"product_cat":[936,935,498],"product_tag":[937,1089],"class_list":{"0":"post-20315","1":"product","2":"type-product","3":"status-publish","4":"has-post-thumbnail","6":"product_brand-edelrid-de","7":"product_cat-seile-de","8":"product_cat-seile","9":"product_cat-zipstop-zubehor","10":"product_tag-seile","11":"product_tag-zubehorkabel","13":"first","14":"instock","15":"taxable","16":"shipping-taxable","17":"purchasable","18":"product-type-variable","19":"has-default-attributes"},"_links":{"self":[{"href":"https:\/\/thrillsyndicate.com\/de\/wp-json\/wp\/v2\/product\/20315","targetHints":{"allow":["GET"]}}],"collection":[{"href":"https:\/\/thrillsyndicate.com\/de\/wp-json\/wp\/v2\/product"}],"about":[{"href":"https:\/\/thrillsyndicate.com\/de\/wp-json\/wp\/v2\/types\/product"}],"wp:featuredmedia":[{"embeddable":true,"href":"https:\/\/thrillsyndicate.com\/de\/wp-json\/wp\/v2\/media\/15823"}],"wp:attachment":[{"href":"https:\/\/thrillsyndicate.com\/de\/wp-json\/wp\/v2\/media?parent=20315"}],"wp:term":[{"taxonomy":"product_brand","embeddable":true,"href":"https:\/\/thrillsyndicate.com\/de\/wp-json\/wp\/v2\/product_brand?post=20315"},{"taxonomy":"product_cat","embeddable":true,"href":"https:\/\/thrillsyndicate.com\/de\/wp-json\/wp\/v2\/product_cat?post=20315"},{"taxonomy":"product_tag","embeddable":true,"href":"https:\/\/thrillsyndicate.com\/de\/wp-json\/wp\/v2\/product_tag?post=20315"}],"curies":[{"name":"wp","href":"https:\/\/api.w.org\/{rel}","templated":true}]}}